{"id":9551,"date":"2025-10-13T20:34:13","date_gmt":"2025-10-13T18:34:13","guid":{"rendered":"https:\/\/www.patrim.net\/pyrenoteca\/proyectos\/"},"modified":"2025-10-14T13:23:15","modified_gmt":"2025-10-14T11:23:15","slug":"proyectos","status":"publish","type":"page","link":"https:\/\/www.patrim.net\/pyrenoteca\/fr\/proyectos\/","title":{"rendered":"Projects"},"content":{"rendered":"\t\t<div data-elementor-type=\"wp-post\" data-elementor-id=\"9551\" class=\"elementor elementor-9551 elementor-9447\">\n\t\t\t\t\t\t<section class=\"elementor-section elementor-top-section elementor-element elementor-element-b645a0a elementor-section-boxed elementor-section-height-default elementor-section-height-default\" data-id=\"b645a0a\" data-element_type=\"section\">\n\t\t\t\t\t\t<div class=\"elementor-container elementor-column-gap-extended\">\n\t\t\t\t\t<div class=\"elementor-column elementor-col-50 elementor-top-column elementor-element elementor-element-c5c267f sc_inner_width_none sc_content_align_inherit sc_layouts_column_icons_position_left\" data-id=\"c5c267f\" data-element_type=\"column\">\n\t\t\t<div class=\"elementor-widget-wrap elementor-element-populated\">\n\t\t\t\t\t\t<div class=\"elementor-element elementor-element-7828e4c elementor-align-right elementor-mobile-align-center animation_type_block sc_fly_static elementor-widget elementor-widget-button\" data-id=\"7828e4c\" data-element_type=\"widget\" data-widget_type=\"button.default\">\n\t\t\t\t<div class=\"elementor-widget-container\">\n\t\t\t\t\t\t\t\t\t<div class=\"elementor-button-wrapper\">\n\t\t\t\t\t<a class=\"elementor-button elementor-button-link elementor-size-sm\" href=\"https:\/\/www.patrim.net\/pyrenoteca\/categ\/proyectos-plus\">\n\t\t\t\t\t\t<span class=\"elementor-button-content-wrapper\">\n\t\t\t\t\t\t\t\t\t<span class=\"elementor-button-text\">Proyectos+<\/span>\n\t\t\t\t\t<\/span>\n\t\t\t\t\t<\/a>\n\t\t\t\t<\/div>\n\t\t\t\t\t\t\t\t<\/div>\n\t\t\t\t<\/div>\n\t\t\t\t\t<\/div>\n\t\t<\/div>\n\t\t\t\t<div class=\"elementor-column elementor-col-50 elementor-top-column elementor-element elementor-element-db0d318 sc_layouts_column_align_right sc_layouts_column sc_inner_width_none sc_content_align_inherit sc_layouts_column_icons_position_left\" data-id=\"db0d318\" data-element_type=\"column\">\n\t\t\t<div class=\"elementor-widget-wrap elementor-element-populated\">\n\t\t\t\t\t\t<div class=\"elementor-element elementor-element-14a8ebf elementor-align-left elementor-mobile-align-center animation_type_block sc_fly_static elementor-widget elementor-widget-button\" data-id=\"14a8ebf\" data-element_type=\"widget\" data-widget_type=\"button.default\">\n\t\t\t\t<div class=\"elementor-widget-container\">\n\t\t\t\t\t\t\t\t\t<div class=\"elementor-button-wrapper\">\n\t\t\t\t\t<a class=\"elementor-button elementor-button-link elementor-size-sm\" href=\"https:\/\/www.patrim.net\/pyrenoteca\/categ\/proyectos-4-0\">\n\t\t\t\t\t\t<span class=\"elementor-button-content-wrapper\">\n\t\t\t\t\t\t\t\t\t<span class=\"elementor-button-text\">Proyectos 4.0<\/span>\n\t\t\t\t\t<\/span>\n\t\t\t\t\t<\/a>\n\t\t\t\t<\/div>\n\t\t\t\t\t\t\t\t<\/div>\n\t\t\t\t<\/div>\n\t\t\t\t\t<\/div>\n\t\t<\/div>\n\t\t\t\t\t<\/div>\n\t\t<\/section>\n\t\t\t\t<section class=\"elementor-section elementor-top-section elementor-element elementor-element-1c949ed elementor-section-boxed elementor-section-height-default elementor-section-height-default\" data-id=\"1c949ed\" data-element_type=\"section\">\n\t\t\t\t\t\t<div class=\"elementor-container elementor-column-gap-extended\">\n\t\t\t\t\t<div class=\"elementor-column elementor-col-100 elementor-top-column elementor-element elementor-element-0a5643a sc_inner_width_none sc_content_align_inherit sc_layouts_column_icons_position_left\" data-id=\"0a5643a\" data-element_type=\"column\">\n\t\t\t<div class=\"elementor-widget-wrap elementor-element-populated\">\n\t\t\t\t\t\t<div class=\"elementor-element elementor-element-9a732a7 elementor-widget-divider--view-line animation_type_block sc_fly_static elementor-widget elementor-widget-divider\" data-id=\"9a732a7\" data-element_type=\"widget\" data-widget_type=\"divider.default\">\n\t\t\t\t<div class=\"elementor-widget-container\">\n\t\t\t\t\t\t\t<div class=\"elementor-divider\">\n\t\t\t<span class=\"elementor-divider-separator\">\n\t\t\t\t\t\t<\/span>\n\t\t<\/div>\n\t\t\t\t\t\t<\/div>\n\t\t\t\t<\/div>\n\t\t\t\t\t<\/div>\n\t\t<\/div>\n\t\t\t\t\t<\/div>\n\t\t<\/section>\n\t\t\t\t<section class=\"elementor-section elementor-top-section elementor-element elementor-element-e5c9d79 elementor-section-boxed elementor-section-height-default elementor-section-height-default\" data-id=\"e5c9d79\" data-element_type=\"section\" data-settings=\"{&quot;background_background&quot;:&quot;classic&quot;}\">\n\t\t\t\t\t\t<div class=\"elementor-container elementor-column-gap-extended\">\n\t\t\t\t\t<div class=\"elementor-column elementor-col-33 elementor-top-column elementor-element elementor-element-7d6e2bd sc_inner_width_none sc_content_align_inherit sc_layouts_column_icons_position_left\" data-id=\"7d6e2bd\" data-element_type=\"column\" data-settings=\"{&quot;background_background&quot;:&quot;classic&quot;}\">\n\t\t\t<div class=\"elementor-widget-wrap elementor-element-populated\">\n\t\t\t\t\t\t<div class=\"elementor-element elementor-element-88d9eab animation_type_block sc_fly_static elementor-widget elementor-widget-text-editor\" data-id=\"88d9eab\" data-element_type=\"widget\" data-widget_type=\"text-editor.default\">\n\t\t\t\t<div class=\"elementor-widget-container\">\n\t\t\t\t\t\t\t\t\t<p>Cet espace pr\u00e9sente les <strong>projets d\u00e9velopp\u00e9s dans le cadre du r\u00e9seau PATRIM<\/strong>, port\u00e9s par les mus\u00e9es et centres qui font partie de Pyrenoteca.<\/p>\t\t\t\t\t\t\t\t<\/div>\n\t\t\t\t<\/div>\n\t\t\t\t\t<\/div>\n\t\t<\/div>\n\t\t\t\t<div class=\"elementor-column elementor-col-33 elementor-top-column elementor-element elementor-element-396ae18 sc_inner_width_none sc_content_align_inherit sc_layouts_column_icons_position_left\" data-id=\"396ae18\" data-element_type=\"column\">\n\t\t\t<div class=\"elementor-widget-wrap elementor-element-populated\">\n\t\t\t\t\t\t<div class=\"elementor-element elementor-element-4ff806c animation_type_block sc_fly_static elementor-widget elementor-widget-text-editor\" data-id=\"4ff806c\" data-element_type=\"widget\" data-widget_type=\"text-editor.default\">\n\t\t\t\t<div class=\"elementor-widget-container\">\n\t\t\t\t\t\t\t\t\t<p>Vous y trouverez des <strong>expositions, activit\u00e9s, rencontres et autres initiatives<\/strong> qui refl\u00e8tent la diversit\u00e9 et la vitalit\u00e9 du patrimoine pyr\u00e9n\u00e9en.<\/p>\t\t\t\t\t\t\t\t<\/div>\n\t\t\t\t<\/div>\n\t\t\t\t\t<\/div>\n\t\t<\/div>\n\t\t\t\t<div class=\"elementor-column elementor-col-33 elementor-top-column elementor-element elementor-element-d1a7f04 sc_inner_width_none sc_content_align_inherit sc_layouts_column_icons_position_left\" data-id=\"d1a7f04\" data-element_type=\"column\">\n\t\t\t<div class=\"elementor-widget-wrap elementor-element-populated\">\n\t\t\t\t\t\t<div class=\"elementor-element elementor-element-fdc7426 animation_type_block sc_fly_static elementor-widget elementor-widget-text-editor\" data-id=\"fdc7426\" data-element_type=\"widget\" data-widget_type=\"text-editor.default\">\n\t\t\t\t<div class=\"elementor-widget-container\">\n\t\t\t\t\t\t\t\t\t<p>Un espace pour <strong>partager des exp\u00e9riences, valoriser les initiatives<\/strong> et renforcer la collaboration entre les diff\u00e9rents territoires et \u00e9tablissements du r\u00e9seau.<\/p>\t\t\t\t\t\t\t\t<\/div>\n\t\t\t\t<\/div>\n\t\t\t\t\t<\/div>\n\t\t<\/div>\n\t\t\t\t\t<\/div>\n\t\t<\/section>\n\t\t\t\t<section class=\"elementor-section elementor-top-section elementor-element elementor-element-7f7f99d elementor-section-boxed elementor-section-height-default elementor-section-height-default\" data-id=\"7f7f99d\" data-element_type=\"section\">\n\t\t\t\t\t\t<div class=\"elementor-container elementor-column-gap-extended\">\n\t\t\t\t\t<div class=\"elementor-column elementor-col-100 elementor-top-column elementor-element elementor-element-9ae9f12 sc_inner_width_none sc_content_align_inherit sc_layouts_column_icons_position_left\" data-id=\"9ae9f12\" data-element_type=\"column\">\n\t\t\t<div class=\"elementor-widget-wrap elementor-element-populated\">\n\t\t\t\t\t\t<div class=\"elementor-element elementor-element-eda35dc elementor-widget-divider--view-line animation_type_block sc_fly_static elementor-widget elementor-widget-divider\" data-id=\"eda35dc\" data-element_type=\"widget\" data-widget_type=\"divider.default\">\n\t\t\t\t<div class=\"elementor-widget-container\">\n\t\t\t\t\t\t\t<div class=\"elementor-divider\">\n\t\t\t<span class=\"elementor-divider-separator\">\n\t\t\t\t\t\t<\/span>\n\t\t<\/div>\n\t\t\t\t\t\t<\/div>\n\t\t\t\t<\/div>\n\t\t\t\t\t<\/div>\n\t\t<\/div>\n\t\t\t\t\t<\/div>\n\t\t<\/section>\n\t\t\t\t<section class=\"elementor-section elementor-top-section elementor-element elementor-element-bd5cc26 elementor-section-boxed elementor-section-height-default elementor-section-height-default\" data-id=\"bd5cc26\" data-element_type=\"section\">\n\t\t\t\t\t\t<div class=\"elementor-container elementor-column-gap-extended\">\n\t\t\t\t\t<div class=\"elementor-column elementor-col-100 elementor-top-column elementor-element elementor-element-f2c5bdf sc_inner_width_none sc_content_align_inherit sc_layouts_column_icons_position_left\" data-id=\"f2c5bdf\" data-element_type=\"column\">\n\t\t\t<div class=\"elementor-widget-wrap elementor-element-populated\">\n\t\t\t\t\t\t<div class=\"elementor-element elementor-element-42758a1 animation_type_sequental sc_fly_static elementor-invisible elementor-widget elementor-widget-trx_sc_blogger\" data-id=\"42758a1\" data-element_type=\"widget\" data-settings=\"{&quot;_animation&quot;:&quot;fadeIn&quot;,&quot;_animation_delay&quot;:200}\" data-widget_type=\"trx_sc_blogger.default\">\n\t\t\t\t<div class=\"elementor-widget-container\">\n\t\t\t\t\t<div  id=\"trx_sc_blogger_924424559\"\t\tclass=\"sc_blogger sc_blogger_masonry sc_blogger_masonry_default\"><div class=\"sc_blogger_content sc_item_content sc_item_posts_container posts_container masonry_wrap masonry_3\"><div class=\"masonry_item masonry_item-1_3\"><article id=\"post-12272\" data-post-id=\"12272\"\n\tclass=\"post_item post_format_standard post_layout_classic post_layout_classic_3 post_layout_masonry post_layout_masonry_3 post-12272 post type-post status-publish format-standard has-post-thumbnail hentry category-proyectos-4-0\">\n\t<div class=\"post_featured with_thumb hover_view\"><img fetchpriority=\"high\" decoding=\"async\" width=\"370\" height=\"254\" src=\"https:\/\/www.patrim.net\/pyrenoteca\/wp-content\/uploads\/2025\/12\/Cocina-Igartubeiti-2-Familia-1-370x254.jpg\" class=\"attachment-ozeum-thumb-masonry size-ozeum-thumb-masonry wp-post-image\" alt=\"\" srcset=\"https:\/\/www.patrim.net\/pyrenoteca\/wp-content\/uploads\/2025\/12\/Cocina-Igartubeiti-2-Familia-1-370x254.jpg 370w, https:\/\/www.patrim.net\/pyrenoteca\/wp-content\/uploads\/2025\/12\/Cocina-Igartubeiti-2-Familia-1-300x206.jpg 300w, https:\/\/www.patrim.net\/pyrenoteca\/wp-content\/uploads\/2025\/12\/Cocina-Igartubeiti-2-Familia-1-768x528.jpg 768w, https:\/\/www.patrim.net\/pyrenoteca\/wp-content\/uploads\/2025\/12\/Cocina-Igartubeiti-2-Familia-1-770x529.jpg 770w, https:\/\/www.patrim.net\/pyrenoteca\/wp-content\/uploads\/2025\/12\/Cocina-Igartubeiti-2-Familia-1-600x413.jpg 600w, https:\/\/www.patrim.net\/pyrenoteca\/wp-content\/uploads\/2025\/12\/Cocina-Igartubeiti-2-Familia-1.jpg 800w\" sizes=\"(max-width: 370px) 100vw, 370px\" \/>\t\t\t\t\t\t<div class=\"mask\"><\/div>\n\t\t\t\t\t\t            <a href=\"https:\/\/www.patrim.net\/pyrenoteca\/fr\/exposicion-virtual-disponible-en-la-pagina-web-de-igartubeiti\/\"  aria-hidden=\"true\" class=\"view\"><span>View<\/span><\/a>\n            <\/div>\t\t<div class=\"post_header entry-header\">\n\t\t\t<h4 class=\"post_title entry-title\"><a href=\"https:\/\/www.patrim.net\/pyrenoteca\/fr\/exposicion-virtual-disponible-en-la-pagina-web-de-igartubeiti\/\" rel=\"bookmark\">Exposici\u00f3n virtual disponible en la p\u00e1gina web de Igartubeiti<\/a><\/h4>\t\t<div class=\"post_meta\">\n\t\t\t<span class=\"post_meta_item post_categories\"><a href=\"https:\/\/www.patrim.net\/pyrenoteca\/fr\/categ\/proyectos-4-0\/\" rel=\"category tag\">-Proyectos 4.0<\/a><\/span>\t\t<\/div><!-- .post_meta -->\n\t\t\t\t<\/div><!-- .entry-header -->\n\t\t\n<\/article><\/div><div class=\"masonry_item masonry_item-1_3\"><article id=\"post-7752\" data-post-id=\"7752\"\n\tclass=\"post_item post_format_standard post_layout_classic post_layout_classic_3 post_layout_masonry post_layout_masonry_3 post-7752 post type-post status-publish format-standard has-post-thumbnail hentry category-proyectos-plus category-artes-y-ciencias category-entorno-paisaje category-flora-y-fauna category-historia-cultura category-mitos-leyendas-y-creencias category-sociedad-vida-cotidiana\">\n\t<div class=\"post_featured with_thumb hover_view\"><img decoding=\"async\" width=\"370\" height=\"278\" src=\"https:\/\/www.patrim.net\/pyrenoteca\/wp-content\/uploads\/2022\/02\/1.-Entrada-Exposicio\u0301-1-370x278.jpg\" class=\"attachment-ozeum-thumb-masonry size-ozeum-thumb-masonry wp-post-image\" alt=\"\" srcset=\"https:\/\/www.patrim.net\/pyrenoteca\/wp-content\/uploads\/2022\/02\/1.-Entrada-Exposicio\u0301-1-370x278.jpg 370w, https:\/\/www.patrim.net\/pyrenoteca\/wp-content\/uploads\/2022\/02\/1.-Entrada-Exposicio\u0301-1-600x450.jpg 600w, https:\/\/www.patrim.net\/pyrenoteca\/wp-content\/uploads\/2022\/02\/1.-Entrada-Exposicio\u0301-1-300x225.jpg 300w, https:\/\/www.patrim.net\/pyrenoteca\/wp-content\/uploads\/2022\/02\/1.-Entrada-Exposicio\u0301-1-1024x768.jpg 1024w, https:\/\/www.patrim.net\/pyrenoteca\/wp-content\/uploads\/2022\/02\/1.-Entrada-Exposicio\u0301-1-768x576.jpg 768w, https:\/\/www.patrim.net\/pyrenoteca\/wp-content\/uploads\/2022\/02\/1.-Entrada-Exposicio\u0301-1-770x578.jpg 770w, https:\/\/www.patrim.net\/pyrenoteca\/wp-content\/uploads\/2022\/02\/1.-Entrada-Exposicio\u0301-1.jpg 1400w\" sizes=\"(max-width: 370px) 100vw, 370px\" \/>\t\t\t\t\t\t<div class=\"mask\"><\/div>\n\t\t\t\t\t\t            <a href=\"https:\/\/www.patrim.net\/pyrenoteca\/fr\/exposicio-sen-parlave-i-nhi-havie-bruixeria-a-les-terres-de-ponent-i-pirineu\/\"  aria-hidden=\"true\" class=\"view\"><span>View<\/span><\/a>\n            <\/div>\t\t<div class=\"post_header entry-header\">\n\t\t\t<h4 class=\"post_title entry-title\"><a href=\"https:\/\/www.patrim.net\/pyrenoteca\/fr\/exposicio-sen-parlave-i-nhi-havie-bruixeria-a-les-terres-de-ponent-i-pirineu\/\" rel=\"bookmark\">Exposici\u00f3 Se\u2019n parlave\u2026 &#8216;i n\u2019hi havie&#8217;. Bruixeria a les terres de Ponent i Pirineu.<\/a><\/h4>\t\t<div class=\"post_meta\">\n\t\t\t<span class=\"post_meta_item post_categories\"><a href=\"https:\/\/www.patrim.net\/pyrenoteca\/fr\/categ\/proyectos-plus\/\" rel=\"category tag\">-Proyectos+<\/a>, <a href=\"https:\/\/www.patrim.net\/pyrenoteca\/fr\/categ\/artes-y-ciencias\/\" rel=\"category tag\">Artes y ciencias<\/a>, <a href=\"https:\/\/www.patrim.net\/pyrenoteca\/fr\/categ\/entorno-paisaje\/\" rel=\"category tag\">Entorno - paisaje<\/a>, <a href=\"https:\/\/www.patrim.net\/pyrenoteca\/fr\/categ\/flora-y-fauna\/\" rel=\"category tag\">Flora y fauna<\/a>, <a href=\"https:\/\/www.patrim.net\/pyrenoteca\/fr\/categ\/historia-cultura\/\" rel=\"category tag\">Historia - cultura<\/a>, <a href=\"https:\/\/www.patrim.net\/pyrenoteca\/fr\/categ\/mitos-leyendas-y-creencias\/\" rel=\"category tag\">Mitos, leyendas y creencias<\/a>, <a href=\"https:\/\/www.patrim.net\/pyrenoteca\/fr\/categ\/sociedad-vida-cotidiana\/\" rel=\"category tag\">Sociedad - vida cotidiana<\/a><\/span>\t\t<\/div><!-- .post_meta -->\n\t\t\t\t<\/div><!-- .entry-header -->\n\t\t\n<\/article><\/div><div class=\"masonry_item masonry_item-1_3\"><article id=\"post-5813\" data-post-id=\"5813\"\n\tclass=\"post_item post_format_standard post_layout_classic post_layout_classic_3 post_layout_masonry post_layout_masonry_3 post-5813 post type-post status-publish format-standard has-post-thumbnail hentry category-proyectos-plus category-figuras category-historia-cultura category-sin-categoria\">\n\t<div class=\"post_featured with_thumb hover_view\"><img decoding=\"async\" width=\"370\" height=\"254\" src=\"https:\/\/www.patrim.net\/pyrenoteca\/wp-content\/uploads\/2022\/01\/Igartubeiti-K6-Ezkio-Itsaso-y-su-entorno-Miradas-de-ayer-y-de-hoy-01-Vista-general-de-Ezkio-370x254.png\" class=\"attachment-ozeum-thumb-masonry size-ozeum-thumb-masonry wp-post-image\" alt=\"\" srcset=\"https:\/\/www.patrim.net\/pyrenoteca\/wp-content\/uploads\/2022\/01\/Igartubeiti-K6-Ezkio-Itsaso-y-su-entorno-Miradas-de-ayer-y-de-hoy-01-Vista-general-de-Ezkio-370x254.png 370w, https:\/\/www.patrim.net\/pyrenoteca\/wp-content\/uploads\/2022\/01\/Igartubeiti-K6-Ezkio-Itsaso-y-su-entorno-Miradas-de-ayer-y-de-hoy-01-Vista-general-de-Ezkio-600x412.png 600w, https:\/\/www.patrim.net\/pyrenoteca\/wp-content\/uploads\/2022\/01\/Igartubeiti-K6-Ezkio-Itsaso-y-su-entorno-Miradas-de-ayer-y-de-hoy-01-Vista-general-de-Ezkio-300x206.png 300w, https:\/\/www.patrim.net\/pyrenoteca\/wp-content\/uploads\/2022\/01\/Igartubeiti-K6-Ezkio-Itsaso-y-su-entorno-Miradas-de-ayer-y-de-hoy-01-Vista-general-de-Ezkio-768x527.png 768w, https:\/\/www.patrim.net\/pyrenoteca\/wp-content\/uploads\/2022\/01\/Igartubeiti-K6-Ezkio-Itsaso-y-su-entorno-Miradas-de-ayer-y-de-hoy-01-Vista-general-de-Ezkio-770x528.png 770w, https:\/\/www.patrim.net\/pyrenoteca\/wp-content\/uploads\/2022\/01\/Igartubeiti-K6-Ezkio-Itsaso-y-su-entorno-Miradas-de-ayer-y-de-hoy-01-Vista-general-de-Ezkio.png 1000w\" sizes=\"(max-width: 370px) 100vw, 370px\" \/>\t\t\t\t\t\t<div class=\"mask\"><\/div>\n\t\t\t\t\t\t            <a href=\"https:\/\/www.patrim.net\/pyrenoteca\/fr\/exposicion-fotografica-ezkio-itsaso-y-su-entorno-miradas-de-ayer-y-de-hoy\/\"  aria-hidden=\"true\" class=\"view\"><span>View<\/span><\/a>\n            <\/div>\t\t<div class=\"post_header entry-header\">\n\t\t\t<h4 class=\"post_title entry-title\"><a href=\"https:\/\/www.patrim.net\/pyrenoteca\/fr\/exposicion-fotografica-ezkio-itsaso-y-su-entorno-miradas-de-ayer-y-de-hoy\/\" rel=\"bookmark\">Exposici\u00f3n fotogr\u00e1fica \u00abEzkio-Itsaso y su entorno. Miradas de ayer y de hoy\u00bb<\/a><\/h4>\t\t<div class=\"post_meta\">\n\t\t\t<span class=\"post_meta_item post_categories\"><a href=\"https:\/\/www.patrim.net\/pyrenoteca\/fr\/categ\/proyectos-plus\/\" rel=\"category tag\">-Proyectos+<\/a>, <a href=\"https:\/\/www.patrim.net\/pyrenoteca\/fr\/categ\/figuras\/\" rel=\"category tag\">Figuras<\/a>, <a href=\"https:\/\/www.patrim.net\/pyrenoteca\/fr\/categ\/historia-cultura\/\" rel=\"category tag\">Historia - cultura<\/a>, <a href=\"https:\/\/www.patrim.net\/pyrenoteca\/fr\/categ\/sin-categoria\/\" rel=\"category tag\">Sin categor\u00eda<\/a><\/span>\t\t<\/div><!-- .post_meta -->\n\t\t\t\t<\/div><!-- .entry-header -->\n\t\t\n<\/article><\/div><div class=\"masonry_item masonry_item-1_3\"><article id=\"post-5808\" data-post-id=\"5808\"\n\tclass=\"post_item post_format_standard post_layout_classic post_layout_classic_3 post_layout_masonry post_layout_masonry_3 post-5808 post type-post status-publish format-standard has-post-thumbnail hentry category-proyectos-plus category-sin-categoria\">\n\t<div class=\"post_featured with_thumb hover_view\"><img loading=\"lazy\" decoding=\"async\" width=\"370\" height=\"523\" src=\"https:\/\/www.patrim.net\/pyrenoteca\/wp-content\/uploads\/2021\/06\/PATRIM-Pirineos-ayer-y-hoy-370x523.jpg\" class=\"attachment-ozeum-thumb-masonry size-ozeum-thumb-masonry wp-post-image\" alt=\"\" srcset=\"https:\/\/www.patrim.net\/pyrenoteca\/wp-content\/uploads\/2021\/06\/PATRIM-Pirineos-ayer-y-hoy-370x523.jpg 370w, https:\/\/www.patrim.net\/pyrenoteca\/wp-content\/uploads\/2021\/06\/PATRIM-Pirineos-ayer-y-hoy-212x300.jpg 212w, https:\/\/www.patrim.net\/pyrenoteca\/wp-content\/uploads\/2021\/06\/PATRIM-Pirineos-ayer-y-hoy.jpg 595w\" sizes=\"(max-width: 370px) 100vw, 370px\" \/>\t\t\t\t\t\t<div class=\"mask\"><\/div>\n\t\t\t\t\t\t            <a href=\"https:\/\/www.patrim.net\/pyrenoteca\/fr\/los-pirineos-de-ayer-y-hoy-un-encuentro-de-miradas\/\"  aria-hidden=\"true\" class=\"view\"><span>View<\/span><\/a>\n            <\/div>\t\t<div class=\"post_header entry-header\">\n\t\t\t<h4 class=\"post_title entry-title\"><a href=\"https:\/\/www.patrim.net\/pyrenoteca\/fr\/los-pirineos-de-ayer-y-hoy-un-encuentro-de-miradas\/\" rel=\"bookmark\">Los Pirineos de ayer y hoy, un encuentro de miradas<\/a><\/h4>\t\t<div class=\"post_meta\">\n\t\t\t<span class=\"post_meta_item post_categories\"><a href=\"https:\/\/www.patrim.net\/pyrenoteca\/fr\/categ\/proyectos-plus\/\" rel=\"category tag\">-Proyectos+<\/a>, <a href=\"https:\/\/www.patrim.net\/pyrenoteca\/fr\/categ\/sin-categoria\/\" rel=\"category tag\">Sin categor\u00eda<\/a><\/span>\t\t<\/div><!-- .post_meta -->\n\t\t\t\t<\/div><!-- .entry-header -->\n\t\t\n<\/article><\/div><div class=\"masonry_item masonry_item-1_3\"><article id=\"post-5801\" data-post-id=\"5801\"\n\tclass=\"post_item post_format_standard post_layout_classic post_layout_classic_3 post_layout_masonry post_layout_masonry_3 post-5801 post type-post status-publish format-standard has-post-thumbnail hentry category-proyectos-plus category-entorno-paisaje category-historia-cultura\">\n\t<div class=\"post_featured with_thumb hover_view\"><img loading=\"lazy\" decoding=\"async\" width=\"370\" height=\"253\" src=\"https:\/\/www.patrim.net\/pyrenoteca\/wp-content\/uploads\/2021\/06\/Expo_Graus_revisitado-370x253.jpg\" class=\"attachment-ozeum-thumb-masonry size-ozeum-thumb-masonry wp-post-image\" alt=\"\" srcset=\"https:\/\/www.patrim.net\/pyrenoteca\/wp-content\/uploads\/2021\/06\/Expo_Graus_revisitado-370x253.jpg 370w, https:\/\/www.patrim.net\/pyrenoteca\/wp-content\/uploads\/2021\/06\/Expo_Graus_revisitado-600x410.jpg 600w, https:\/\/www.patrim.net\/pyrenoteca\/wp-content\/uploads\/2021\/06\/Expo_Graus_revisitado-300x205.jpg 300w, https:\/\/www.patrim.net\/pyrenoteca\/wp-content\/uploads\/2021\/06\/Expo_Graus_revisitado-768x525.jpg 768w, https:\/\/www.patrim.net\/pyrenoteca\/wp-content\/uploads\/2021\/06\/Expo_Graus_revisitado-770x526.jpg 770w, https:\/\/www.patrim.net\/pyrenoteca\/wp-content\/uploads\/2021\/06\/Expo_Graus_revisitado.jpg 1024w\" sizes=\"(max-width: 370px) 100vw, 370px\" \/>\t\t\t\t\t\t<div class=\"mask\"><\/div>\n\t\t\t\t\t\t            <a href=\"https:\/\/www.patrim.net\/pyrenoteca\/fr\/los-pirineos-de-ayer-y-hoy\/\"  aria-hidden=\"true\" class=\"view\"><span>View<\/span><\/a>\n            <\/div>\t\t<div class=\"post_header entry-header\">\n\t\t\t<h4 class=\"post_title entry-title\"><a href=\"https:\/\/www.patrim.net\/pyrenoteca\/fr\/los-pirineos-de-ayer-y-hoy\/\" rel=\"bookmark\">Los Pirineos de ayer y hoy<\/a><\/h4>\t\t<div class=\"post_meta\">\n\t\t\t<span class=\"post_meta_item post_categories\"><a href=\"https:\/\/www.patrim.net\/pyrenoteca\/fr\/categ\/proyectos-plus\/\" rel=\"category tag\">-Proyectos+<\/a>, <a href=\"https:\/\/www.patrim.net\/pyrenoteca\/fr\/categ\/entorno-paisaje\/\" rel=\"category tag\">Entorno - paisaje<\/a>, <a href=\"https:\/\/www.patrim.net\/pyrenoteca\/fr\/categ\/historia-cultura\/\" rel=\"category tag\">Historia - cultura<\/a><\/span>\t\t<\/div><!-- .post_meta -->\n\t\t\t\t<\/div><!-- .entry-header -->\n\t\t\n<\/article><\/div><\/div><\/div>\t\t\t\t<\/div>\n\t\t\t\t<\/div>\n\t\t\t\t<div class=\"elementor-element elementor-element-e87bba9 animation_type_block sc_fly_static elementor-widget elementor-widget-spacer\" data-id=\"e87bba9\" data-element_type=\"widget\" data-widget_type=\"spacer.default\">\n\t\t\t\t<div class=\"elementor-widget-container\">\n\t\t\t\t\t\t\t<div class=\"elementor-spacer\">\n\t\t\t<div class=\"elementor-spacer-inner\"><\/div>\n\t\t<\/div>\n\t\t\t\t\t\t<\/div>\n\t\t\t\t<\/div>\n\t\t\t\t\t<\/div>\n\t\t<\/div>\n\t\t\t\t\t<\/div>\n\t\t<\/section>\n\t\t\t\t<section class=\"elementor-section elementor-top-section elementor-element elementor-element-853e223 elementor-section-boxed elementor-section-height-default elementor-section-height-default\" data-id=\"853e223\" data-element_type=\"section\">\n\t\t\t\t\t\t<div class=\"elementor-container elementor-column-gap-extended\">\n\t\t\t\t\t<div class=\"elementor-column elementor-col-100 elementor-top-column elementor-element elementor-element-1e4eae7 sc_inner_width_none sc_content_align_inherit sc_layouts_column_icons_position_left\" data-id=\"1e4eae7\" data-element_type=\"column\">\n\t\t\t<div class=\"elementor-widget-wrap elementor-element-populated\">\n\t\t\t\t\t\t<div class=\"elementor-element elementor-element-7963c1c animation_type_block sc_fly_static elementor-widget elementor-widget-spacer\" data-id=\"7963c1c\" data-element_type=\"widget\" data-widget_type=\"spacer.default\">\n\t\t\t\t<div class=\"elementor-widget-container\">\n\t\t\t\t\t\t\t<div class=\"elementor-spacer\">\n\t\t\t<div class=\"elementor-spacer-inner\"><\/div>\n\t\t<\/div>\n\t\t\t\t\t\t<\/div>\n\t\t\t\t<\/div>\n\t\t\t\t\t<\/div>\n\t\t<\/div>\n\t\t\t\t\t<\/div>\n\t\t<\/section>\n\t\t\t\t<\/div>\n\t\t","protected":false},"excerpt":{"rendered":"<p>Proyectos+ Proyectos 4.0 Cet espace pr\u00e9sente les projets d\u00e9velopp\u00e9s dans le cadre du&hellip;<\/p>\n","protected":false},"author":1,"featured_media":0,"parent":0,"menu_order":0,"comment_status":"closed","ping_status":"closed","template":"","meta":{"footnotes":""},"class_list":["post-9551","page","type-page","status-publish","hentry"],"_links":{"self":[{"href":"https:\/\/www.patrim.net\/pyrenoteca\/fr\/wp-json\/wp\/v2\/pages\/9551","targetHints":{"allow":["GET"]}}],"collection":[{"href":"https:\/\/www.patrim.net\/pyrenoteca\/fr\/wp-json\/wp\/v2\/pages"}],"about":[{"href":"https:\/\/www.patrim.net\/pyrenoteca\/fr\/wp-json\/wp\/v2\/types\/page"}],"author":[{"embeddable":true,"href":"https:\/\/www.patrim.net\/pyrenoteca\/fr\/wp-json\/wp\/v2\/users\/1"}],"replies":[{"embeddable":true,"href":"https:\/\/www.patrim.net\/pyrenoteca\/fr\/wp-json\/wp\/v2\/comments?post=9551"}],"version-history":[{"count":4,"href":"https:\/\/www.patrim.net\/pyrenoteca\/fr\/wp-json\/wp\/v2\/pages\/9551\/revisions"}],"predecessor-version":[{"id":9565,"href":"https:\/\/www.patrim.net\/pyrenoteca\/fr\/wp-json\/wp\/v2\/pages\/9551\/revisions\/9565"}],"wp:attachment":[{"href":"https:\/\/www.patrim.net\/pyrenoteca\/fr\/wp-json\/wp\/v2\/media?parent=9551"}],"curies":[{"name":"wp","href":"https:\/\/api.w.org\/{rel}","templated":true}]}}