{"id":714,"date":"2015-08-25T16:41:03","date_gmt":"2015-08-25T15:41:03","guid":{"rendered":"http:\/\/www.patrim.net\/?page_id=714"},"modified":"2022-02-10T18:49:38","modified_gmt":"2022-02-10T17:49:38","slug":"nueno","status":"publish","type":"page","link":"https:\/\/www.patrim.net\/fr\/les-centres\/espaces-naturels\/nueno\/","title":{"rendered":"Espace Salto de Rold\u00e1n"},"content":{"rendered":"<div id='gallery-1' class='gallery galleryid-714 gallery-columns-3 gallery-size-large'><figure class='gallery-item'>\n\t\t\t<div class='gallery-icon landscape'>\n\t\t\t\t<a href='https:\/\/www.patrim.net\/fr\/los-centros\/espacios-naturales\/espacio-salto-de-roldan\/img_1604r-miguel-ortega\/'><img fetchpriority=\"high\" decoding=\"async\" width=\"800\" height=\"533\" src=\"https:\/\/www.patrim.net\/wp-content\/uploads\/2017\/09\/IMG_1604r-Miguel-Ortega.jpg\" class=\"attachment-large size-large\" alt=\"\" srcset=\"https:\/\/www.patrim.net\/wp-content\/uploads\/2017\/09\/IMG_1604r-Miguel-Ortega.jpg 800w, https:\/\/www.patrim.net\/wp-content\/uploads\/2017\/09\/IMG_1604r-Miguel-Ortega-600x400.jpg 600w, https:\/\/www.patrim.net\/wp-content\/uploads\/2017\/09\/IMG_1604r-Miguel-Ortega-300x200.jpg 300w, https:\/\/www.patrim.net\/wp-content\/uploads\/2017\/09\/IMG_1604r-Miguel-Ortega-768x512.jpg 768w, https:\/\/www.patrim.net\/wp-content\/uploads\/2017\/09\/IMG_1604r-Miguel-Ortega-230x153.jpg 230w, https:\/\/www.patrim.net\/wp-content\/uploads\/2017\/09\/IMG_1604r-Miguel-Ortega-350x233.jpg 350w, https:\/\/www.patrim.net\/wp-content\/uploads\/2017\/09\/IMG_1604r-Miguel-Ortega-480x320.jpg 480w\" sizes=\"(max-width: 800px) 100vw, 800px\" \/><\/a>\n\t\t\t<\/div><\/figure><figure class='gallery-item'>\n\t\t\t<div class='gallery-icon landscape'>\n\t\t\t\t<a href='https:\/\/www.patrim.net\/fr\/los-centros\/espacios-naturales\/espacio-salto-de-roldan\/olympus-digital-camera-10\/'><img decoding=\"async\" width=\"1024\" height=\"768\" src=\"https:\/\/www.patrim.net\/wp-content\/uploads\/2017\/09\/PA160327-1024x768.jpg\" class=\"attachment-large size-large\" alt=\"\" srcset=\"https:\/\/www.patrim.net\/wp-content\/uploads\/2017\/09\/PA160327-1024x768.jpg 1024w, https:\/\/www.patrim.net\/wp-content\/uploads\/2017\/09\/PA160327-600x450.jpg 600w, https:\/\/www.patrim.net\/wp-content\/uploads\/2017\/09\/PA160327-300x225.jpg 300w, https:\/\/www.patrim.net\/wp-content\/uploads\/2017\/09\/PA160327-768x576.jpg 768w, https:\/\/www.patrim.net\/wp-content\/uploads\/2017\/09\/PA160327-830x623.jpg 830w, https:\/\/www.patrim.net\/wp-content\/uploads\/2017\/09\/PA160327-230x173.jpg 230w, https:\/\/www.patrim.net\/wp-content\/uploads\/2017\/09\/PA160327-350x263.jpg 350w, https:\/\/www.patrim.net\/wp-content\/uploads\/2017\/09\/PA160327-480x360.jpg 480w, https:\/\/www.patrim.net\/wp-content\/uploads\/2017\/09\/PA160327.jpg 1280w\" sizes=\"(max-width: 1024px) 100vw, 1024px\" \/><\/a>\n\t\t\t<\/div><\/figure><figure class='gallery-item'>\n\t\t\t<div class='gallery-icon landscape'>\n\t\t\t\t<a href='https:\/\/www.patrim.net\/fr\/los-centros\/espacios-naturales\/espacio-salto-de-roldan\/pg352_30-sans-cadre\/'><img decoding=\"async\" width=\"1024\" height=\"680\" src=\"https:\/\/www.patrim.net\/wp-content\/uploads\/2017\/09\/PG352_30-sans-cadre-1024x680.jpg\" class=\"attachment-large size-large\" alt=\"\" srcset=\"https:\/\/www.patrim.net\/wp-content\/uploads\/2017\/09\/PG352_30-sans-cadre-1024x680.jpg 1024w, https:\/\/www.patrim.net\/wp-content\/uploads\/2017\/09\/PG352_30-sans-cadre-600x398.jpg 600w, https:\/\/www.patrim.net\/wp-content\/uploads\/2017\/09\/PG352_30-sans-cadre-300x199.jpg 300w, https:\/\/www.patrim.net\/wp-content\/uploads\/2017\/09\/PG352_30-sans-cadre-768x510.jpg 768w, https:\/\/www.patrim.net\/wp-content\/uploads\/2017\/09\/PG352_30-sans-cadre-830x551.jpg 830w, https:\/\/www.patrim.net\/wp-content\/uploads\/2017\/09\/PG352_30-sans-cadre-230x153.jpg 230w, https:\/\/www.patrim.net\/wp-content\/uploads\/2017\/09\/PG352_30-sans-cadre-350x232.jpg 350w, https:\/\/www.patrim.net\/wp-content\/uploads\/2017\/09\/PG352_30-sans-cadre-480x319.jpg 480w, https:\/\/www.patrim.net\/wp-content\/uploads\/2017\/09\/PG352_30-sans-cadre.jpg 1555w\" sizes=\"(max-width: 1024px) 100vw, 1024px\" \/><\/a>\n\t\t\t<\/div><\/figure><figure class='gallery-item'>\n\t\t\t<div class='gallery-icon landscape'>\n\t\t\t\t<a href='https:\/\/www.patrim.net\/fr\/los-centros\/espacios-naturales\/espacio-salto-de-roldan\/cara-norte-de-gura-2\/'><img loading=\"lazy\" decoding=\"async\" width=\"1000\" height=\"669\" src=\"https:\/\/www.patrim.net\/wp-content\/uploads\/2017\/09\/Cara-norte-de-Gura-.jpg\" class=\"attachment-large size-large\" alt=\"\" srcset=\"https:\/\/www.patrim.net\/wp-content\/uploads\/2017\/09\/Cara-norte-de-Gura-.jpg 1000w, https:\/\/www.patrim.net\/wp-content\/uploads\/2017\/09\/Cara-norte-de-Gura--600x401.jpg 600w, https:\/\/www.patrim.net\/wp-content\/uploads\/2017\/09\/Cara-norte-de-Gura--300x201.jpg 300w, https:\/\/www.patrim.net\/wp-content\/uploads\/2017\/09\/Cara-norte-de-Gura--768x514.jpg 768w, https:\/\/www.patrim.net\/wp-content\/uploads\/2017\/09\/Cara-norte-de-Gura--830x555.jpg 830w, https:\/\/www.patrim.net\/wp-content\/uploads\/2017\/09\/Cara-norte-de-Gura--230x154.jpg 230w, https:\/\/www.patrim.net\/wp-content\/uploads\/2017\/09\/Cara-norte-de-Gura--350x234.jpg 350w, https:\/\/www.patrim.net\/wp-content\/uploads\/2017\/09\/Cara-norte-de-Gura--480x321.jpg 480w\" sizes=\"(max-width: 1000px) 100vw, 1000px\" \/><\/a>\n\t\t\t<\/div><\/figure><figure class='gallery-item'>\n\t\t\t<div class='gallery-icon landscape'>\n\t\t\t\t<a href='https:\/\/www.patrim.net\/fr\/los-centros\/espacios-naturales\/espacio-salto-de-roldan\/guara-desde-el-cabezo-mgp8494-m-ortega-r-2\/'><img loading=\"lazy\" decoding=\"async\" width=\"996\" height=\"667\" src=\"https:\/\/www.patrim.net\/wp-content\/uploads\/2017\/09\/Guara-desde-el-Cabezo-MGP8494-M-Ortega-r-.jpg\" class=\"attachment-large size-large\" alt=\"\" srcset=\"https:\/\/www.patrim.net\/wp-content\/uploads\/2017\/09\/Guara-desde-el-Cabezo-MGP8494-M-Ortega-r-.jpg 996w, https:\/\/www.patrim.net\/wp-content\/uploads\/2017\/09\/Guara-desde-el-Cabezo-MGP8494-M-Ortega-r--600x402.jpg 600w, https:\/\/www.patrim.net\/wp-content\/uploads\/2017\/09\/Guara-desde-el-Cabezo-MGP8494-M-Ortega-r--300x201.jpg 300w, https:\/\/www.patrim.net\/wp-content\/uploads\/2017\/09\/Guara-desde-el-Cabezo-MGP8494-M-Ortega-r--768x514.jpg 768w, https:\/\/www.patrim.net\/wp-content\/uploads\/2017\/09\/Guara-desde-el-Cabezo-MGP8494-M-Ortega-r--830x556.jpg 830w, https:\/\/www.patrim.net\/wp-content\/uploads\/2017\/09\/Guara-desde-el-Cabezo-MGP8494-M-Ortega-r--230x154.jpg 230w, https:\/\/www.patrim.net\/wp-content\/uploads\/2017\/09\/Guara-desde-el-Cabezo-MGP8494-M-Ortega-r--350x234.jpg 350w, https:\/\/www.patrim.net\/wp-content\/uploads\/2017\/09\/Guara-desde-el-Cabezo-MGP8494-M-Ortega-r--480x321.jpg 480w\" sizes=\"(max-width: 996px) 100vw, 996px\" \/><\/a>\n\t\t\t<\/div><\/figure><figure class='gallery-item'>\n\t\t\t<div class='gallery-icon landscape'>\n\t\t\t\t<a href='https:\/\/www.patrim.net\/fr\/los-centros\/espacios-naturales\/espacio-salto-de-roldan\/salto-de-roldan-miguel-ortega-r-r-copia-7\/'><img loading=\"lazy\" decoding=\"async\" width=\"600\" height=\"311\" src=\"https:\/\/www.patrim.net\/wp-content\/uploads\/2017\/09\/Salto-de-Roldan-Miguel-Ortega-R-r-copia.jpg\" class=\"attachment-large size-large\" alt=\"\" srcset=\"https:\/\/www.patrim.net\/wp-content\/uploads\/2017\/09\/Salto-de-Roldan-Miguel-Ortega-R-r-copia.jpg 600w, https:\/\/www.patrim.net\/wp-content\/uploads\/2017\/09\/Salto-de-Roldan-Miguel-Ortega-R-r-copia-300x156.jpg 300w, https:\/\/www.patrim.net\/wp-content\/uploads\/2017\/09\/Salto-de-Roldan-Miguel-Ortega-R-r-copia-230x119.jpg 230w, https:\/\/www.patrim.net\/wp-content\/uploads\/2017\/09\/Salto-de-Roldan-Miguel-Ortega-R-r-copia-350x181.jpg 350w, https:\/\/www.patrim.net\/wp-content\/uploads\/2017\/09\/Salto-de-Roldan-Miguel-Ortega-R-r-copia-480x249.jpg 480w\" sizes=\"(max-width: 600px) 100vw, 600px\" \/><\/a>\n\t\t\t<\/div><\/figure>\n\t\t<\/div>\n\n<p>L\u2019espace Salto de Roldan est situ\u00e9 dans le village de Sabayes, dans la commune de Nueno. Du point de vue g\u00e9ographique, il se situe au pied de la sierra, dans la zone de contact entre les somontanos de la vall\u00e9e de l&#8217;\u00c8bre et les contreforts les plus m\u00e9ridionaux des Pyr\u00e9n\u00e9es que constitue la sierra de Guara. Son objectif est de faire conna\u00eetre le territoire par le biais des plantes, pour d\u00e9livrer des informations sur leurs relations avec l\u2019\u00e9levage, l&#8217;activit\u00e9 humaine et le climat, entre autres sujets, \u00e0 travers une exposition permanente, un jardin, des ateliers et des sorties comment\u00e9es dans la nature.<\/p>\n","protected":false},"excerpt":{"rendered":"<p>L\u2019espace Salto de Roldan est situ\u00e9 dans le village de Sabayes, dans la commune de Nueno. Du point de vue g\u00e9ographique, il se situe au pied de la sierra, dans la zone de contact entre les somontanos de la vall\u00e9e de l&#8217;\u00c8bre et les contreforts les plus m\u00e9ridionaux des Pyr\u00e9n\u00e9es que constitue la sierra de Guara. Son objectif est de faire conna\u00eetre le territoire par le biais des plantes, pour d\u00e9livrer des informations sur leurs relations avec l\u2019\u00e9levage, l&#8217;activit\u00e9 humaine et le climat, entre autres sujets, \u00e0 travers une exposition permanente, un jardin, des ateliers et des sorties comment\u00e9es dans la nature.<\/p>\n","protected":false},"author":1,"featured_media":0,"parent":1036,"menu_order":11,"comment_status":"closed","ping_status":"closed","template":"","meta":{"site-sidebar-layout":"default","site-content-layout":"","ast-site-content-layout":"default","site-content-style":"default","site-sidebar-style":"default","ast-global-header-display":"","ast-banner-title-visibility":"","ast-main-header-display":"","ast-hfb-above-header-display":"","ast-hfb-below-header-display":"","ast-hfb-mobile-header-display":"","site-post-title":"","ast-breadcrumbs-content":"","ast-featured-img":"","footer-sml-layout":"","theme-transparent-header-meta":"","adv-header-id-meta":"","stick-header-meta":"","header-above-stick-meta":"","header-main-stick-meta":"","header-below-stick-meta":"","astra-migrate-meta-layouts":"default","ast-page-background-enabled":"default","ast-page-background-meta":{"desktop":{"background-color":"var(--ast-global-color-5)","background-image":"","background-repeat":"repeat","background-position":"center center","background-size":"auto","background-attachment":"scroll","background-type":"","background-media":"","overlay-type":"","overlay-color":"","overlay-opacity":"","overlay-gradient":""},"tablet":{"background-color":"","background-image":"","background-repeat":"repeat","background-position":"center center","background-size":"auto","background-attachment":"scroll","background-type":"","background-media":"","overlay-type":"","overlay-color":"","overlay-opacity":"","overlay-gradient":""},"mobile":{"background-color":"","background-image":"","background-repeat":"repeat","background-position":"center center","background-size":"auto","background-attachment":"scroll","background-type":"","background-media":"","overlay-type":"","overlay-color":"","overlay-opacity":"","overlay-gradient":""}},"ast-content-background-meta":{"desktop":{"background-color":"var(--ast-global-color-4)","background-image":"","background-repeat":"repeat","background-position":"center center","background-size":"auto","background-attachment":"scroll","background-type":"","background-media":"","overlay-type":"","overlay-color":"","overlay-opacity":"","overlay-gradient":""},"tablet":{"background-color":"var(--ast-global-color-4)","background-image":"","background-repeat":"repeat","background-position":"center center","background-size":"auto","background-attachment":"scroll","background-type":"","background-media":"","overlay-type":"","overlay-color":"","overlay-opacity":"","overlay-gradient":""},"mobile":{"background-color":"var(--ast-global-color-4)","background-image":"","background-repeat":"repeat","background-position":"center center","background-size":"auto","background-attachment":"scroll","background-type":"","background-media":"","overlay-type":"","overlay-color":"","overlay-opacity":"","overlay-gradient":""}},"footnotes":""},"class_list":["post-714","page","type-page","status-publish","hentry"],"_links":{"self":[{"href":"https:\/\/www.patrim.net\/fr\/wp-json\/wp\/v2\/pages\/714","targetHints":{"allow":["GET"]}}],"collection":[{"href":"https:\/\/www.patrim.net\/fr\/wp-json\/wp\/v2\/pages"}],"about":[{"href":"https:\/\/www.patrim.net\/fr\/wp-json\/wp\/v2\/types\/page"}],"author":[{"embeddable":true,"href":"https:\/\/www.patrim.net\/fr\/wp-json\/wp\/v2\/users\/1"}],"replies":[{"embeddable":true,"href":"https:\/\/www.patrim.net\/fr\/wp-json\/wp\/v2\/comments?post=714"}],"version-history":[{"count":2,"href":"https:\/\/www.patrim.net\/fr\/wp-json\/wp\/v2\/pages\/714\/revisions"}],"predecessor-version":[{"id":1490,"href":"https:\/\/www.patrim.net\/fr\/wp-json\/wp\/v2\/pages\/714\/revisions\/1490"}],"up":[{"embeddable":true,"href":"https:\/\/www.patrim.net\/fr\/wp-json\/wp\/v2\/pages\/1036"}],"wp:attachment":[{"href":"https:\/\/www.patrim.net\/fr\/wp-json\/wp\/v2\/media?parent=714"}],"curies":[{"name":"wp","href":"https:\/\/api.w.org\/{rel}","templated":true}]}}