{"id":712,"date":"2015-08-25T16:40:39","date_gmt":"2015-08-25T15:40:39","guid":{"rendered":"http:\/\/www.patrim.net\/?page_id=712"},"modified":"2022-02-10T18:49:16","modified_gmt":"2022-02-10T17:49:16","slug":"musee-larrey","status":"publish","type":"page","link":"https:\/\/www.patrim.net\/fr\/les-centres\/histoire-et-societe\/musee-larrey\/","title":{"rendered":"Mus\u00e9e Larrey"},"content":{"rendered":"<div id='gallery-1' class='gallery galleryid-712 gallery-columns-3 gallery-size-large'><figure class='gallery-item'>\n\t\t\t<div class='gallery-icon landscape'>\n\t\t\t\t<a href='https:\/\/www.patrim.net\/fr\/les-centres\/histoire-et-societe\/musee-larrey\/img_6598enfants-ecran\/'><img fetchpriority=\"high\" decoding=\"async\" width=\"1024\" height=\"768\" src=\"https:\/\/www.patrim.net\/wp-content\/uploads\/2015\/08\/IMG_6598ENFANTS-ECRAN-1024x768.jpg\" class=\"attachment-large size-large\" alt=\"\" srcset=\"https:\/\/www.patrim.net\/wp-content\/uploads\/2015\/08\/IMG_6598ENFANTS-ECRAN-1024x768.jpg 1024w, https:\/\/www.patrim.net\/wp-content\/uploads\/2015\/08\/IMG_6598ENFANTS-ECRAN-scaled-600x450.jpg 600w, https:\/\/www.patrim.net\/wp-content\/uploads\/2015\/08\/IMG_6598ENFANTS-ECRAN-300x225.jpg 300w, https:\/\/www.patrim.net\/wp-content\/uploads\/2015\/08\/IMG_6598ENFANTS-ECRAN-768x576.jpg 768w, https:\/\/www.patrim.net\/wp-content\/uploads\/2015\/08\/IMG_6598ENFANTS-ECRAN-830x623.jpg 830w, https:\/\/www.patrim.net\/wp-content\/uploads\/2015\/08\/IMG_6598ENFANTS-ECRAN-230x173.jpg 230w, https:\/\/www.patrim.net\/wp-content\/uploads\/2015\/08\/IMG_6598ENFANTS-ECRAN-350x263.jpg 350w, https:\/\/www.patrim.net\/wp-content\/uploads\/2015\/08\/IMG_6598ENFANTS-ECRAN-480x360.jpg 480w\" sizes=\"(max-width: 1024px) 100vw, 1024px\" \/><\/a>\n\t\t\t<\/div><\/figure><figure class='gallery-item'>\n\t\t\t<div class='gallery-icon landscape'>\n\t\t\t\t<a href='https:\/\/www.patrim.net\/fr\/les-centres\/histoire-et-societe\/musee-larrey\/2014-292\/'><img decoding=\"async\" width=\"1024\" height=\"768\" src=\"https:\/\/www.patrim.net\/wp-content\/uploads\/2015\/08\/2014-292-1024x768.jpg\" class=\"attachment-large size-large\" alt=\"\" srcset=\"https:\/\/www.patrim.net\/wp-content\/uploads\/2015\/08\/2014-292-1024x768.jpg 1024w, https:\/\/www.patrim.net\/wp-content\/uploads\/2015\/08\/2014-292-scaled-600x450.jpg 600w, https:\/\/www.patrim.net\/wp-content\/uploads\/2015\/08\/2014-292-300x225.jpg 300w, https:\/\/www.patrim.net\/wp-content\/uploads\/2015\/08\/2014-292-768x576.jpg 768w, https:\/\/www.patrim.net\/wp-content\/uploads\/2015\/08\/2014-292-830x623.jpg 830w, https:\/\/www.patrim.net\/wp-content\/uploads\/2015\/08\/2014-292-230x173.jpg 230w, https:\/\/www.patrim.net\/wp-content\/uploads\/2015\/08\/2014-292-350x263.jpg 350w, https:\/\/www.patrim.net\/wp-content\/uploads\/2015\/08\/2014-292-480x360.jpg 480w\" sizes=\"(max-width: 1024px) 100vw, 1024px\" \/><\/a>\n\t\t\t<\/div><\/figure><figure class='gallery-item'>\n\t\t\t<div class='gallery-icon landscape'>\n\t\t\t\t<a href='https:\/\/www.patrim.net\/fr\/les-centres\/histoire-et-societe\/musee-larrey\/ambulance-de-la-garde-par-j-blade\/'><img decoding=\"async\" width=\"1024\" height=\"681\" src=\"https:\/\/www.patrim.net\/wp-content\/uploads\/2015\/08\/Ambulance-de-la-Garde-par-J.-Blad\u00e9-1024x681.jpg\" class=\"attachment-large size-large\" alt=\"\" srcset=\"https:\/\/www.patrim.net\/wp-content\/uploads\/2015\/08\/Ambulance-de-la-Garde-par-J.-Blad\u00e9-1024x681.jpg 1024w, https:\/\/www.patrim.net\/wp-content\/uploads\/2015\/08\/Ambulance-de-la-Garde-par-J.-Blad\u00e9-600x399.jpg 600w, https:\/\/www.patrim.net\/wp-content\/uploads\/2015\/08\/Ambulance-de-la-Garde-par-J.-Blad\u00e9-300x199.jpg 300w, https:\/\/www.patrim.net\/wp-content\/uploads\/2015\/08\/Ambulance-de-la-Garde-par-J.-Blad\u00e9-768x511.jpg 768w, https:\/\/www.patrim.net\/wp-content\/uploads\/2015\/08\/Ambulance-de-la-Garde-par-J.-Blad\u00e9-830x552.jpg 830w, https:\/\/www.patrim.net\/wp-content\/uploads\/2015\/08\/Ambulance-de-la-Garde-par-J.-Blad\u00e9-230x153.jpg 230w, https:\/\/www.patrim.net\/wp-content\/uploads\/2015\/08\/Ambulance-de-la-Garde-par-J.-Blad\u00e9-350x233.jpg 350w, https:\/\/www.patrim.net\/wp-content\/uploads\/2015\/08\/Ambulance-de-la-Garde-par-J.-Blad\u00e9-480x319.jpg 480w, https:\/\/www.patrim.net\/wp-content\/uploads\/2015\/08\/Ambulance-de-la-Garde-par-J.-Blad\u00e9.jpg 1438w\" sizes=\"(max-width: 1024px) 100vw, 1024px\" \/><\/a>\n\t\t\t<\/div><\/figure><figure class='gallery-item'>\n\t\t\t<div class='gallery-icon landscape'>\n\t\t\t\t<a href='https:\/\/www.patrim.net\/fr\/les-centres\/histoire-et-societe\/musee-larrey\/img_6653beaudean-vue-generale3-2\/'><img loading=\"lazy\" decoding=\"async\" width=\"1024\" height=\"768\" src=\"https:\/\/www.patrim.net\/wp-content\/uploads\/2015\/08\/IMG_6653BEAUDEAN-VUE-GENERALE3-1024x768.jpg\" class=\"attachment-large size-large\" alt=\"\" srcset=\"https:\/\/www.patrim.net\/wp-content\/uploads\/2015\/08\/IMG_6653BEAUDEAN-VUE-GENERALE3-1024x768.jpg 1024w, https:\/\/www.patrim.net\/wp-content\/uploads\/2015\/08\/IMG_6653BEAUDEAN-VUE-GENERALE3-scaled-600x450.jpg 600w, https:\/\/www.patrim.net\/wp-content\/uploads\/2015\/08\/IMG_6653BEAUDEAN-VUE-GENERALE3-300x225.jpg 300w, https:\/\/www.patrim.net\/wp-content\/uploads\/2015\/08\/IMG_6653BEAUDEAN-VUE-GENERALE3-768x576.jpg 768w, https:\/\/www.patrim.net\/wp-content\/uploads\/2015\/08\/IMG_6653BEAUDEAN-VUE-GENERALE3-830x623.jpg 830w, https:\/\/www.patrim.net\/wp-content\/uploads\/2015\/08\/IMG_6653BEAUDEAN-VUE-GENERALE3-230x173.jpg 230w, https:\/\/www.patrim.net\/wp-content\/uploads\/2015\/08\/IMG_6653BEAUDEAN-VUE-GENERALE3-350x263.jpg 350w, https:\/\/www.patrim.net\/wp-content\/uploads\/2015\/08\/IMG_6653BEAUDEAN-VUE-GENERALE3-480x360.jpg 480w\" sizes=\"(max-width: 1024px) 100vw, 1024px\" \/><\/a>\n\t\t\t<\/div><\/figure><figure class='gallery-item'>\n\t\t\t<div class='gallery-icon landscape'>\n\t\t\t\t<a href='https:\/\/www.patrim.net\/fr\/les-centres\/histoire-et-societe\/musee-larrey\/rimg0126\/'><img loading=\"lazy\" decoding=\"async\" width=\"1024\" height=\"768\" src=\"https:\/\/www.patrim.net\/wp-content\/uploads\/2015\/08\/RIMG0126-1024x768.jpg\" class=\"attachment-large size-large\" alt=\"\" srcset=\"https:\/\/www.patrim.net\/wp-content\/uploads\/2015\/08\/RIMG0126-1024x768.jpg 1024w, https:\/\/www.patrim.net\/wp-content\/uploads\/2015\/08\/RIMG0126-scaled-600x450.jpg 600w, https:\/\/www.patrim.net\/wp-content\/uploads\/2015\/08\/RIMG0126-300x225.jpg 300w, https:\/\/www.patrim.net\/wp-content\/uploads\/2015\/08\/RIMG0126-768x576.jpg 768w, https:\/\/www.patrim.net\/wp-content\/uploads\/2015\/08\/RIMG0126-830x623.jpg 830w, https:\/\/www.patrim.net\/wp-content\/uploads\/2015\/08\/RIMG0126-230x173.jpg 230w, https:\/\/www.patrim.net\/wp-content\/uploads\/2015\/08\/RIMG0126-350x263.jpg 350w, https:\/\/www.patrim.net\/wp-content\/uploads\/2015\/08\/RIMG0126-480x360.jpg 480w\" sizes=\"(max-width: 1024px) 100vw, 1024px\" \/><\/a>\n\t\t\t<\/div><\/figure><figure class='gallery-item'>\n\t\t\t<div class='gallery-icon landscape'>\n\t\t\t\t<a href='https:\/\/www.patrim.net\/fr\/les-centres\/histoire-et-societe\/musee-larrey\/attachment\/00022\/'><img loading=\"lazy\" decoding=\"async\" width=\"1024\" height=\"768\" src=\"https:\/\/www.patrim.net\/wp-content\/uploads\/2015\/08\/00022-1024x768.jpg\" class=\"attachment-large size-large\" alt=\"\" srcset=\"https:\/\/www.patrim.net\/wp-content\/uploads\/2015\/08\/00022-1024x768.jpg 1024w, https:\/\/www.patrim.net\/wp-content\/uploads\/2015\/08\/00022-600x450.jpg 600w, https:\/\/www.patrim.net\/wp-content\/uploads\/2015\/08\/00022-300x225.jpg 300w, https:\/\/www.patrim.net\/wp-content\/uploads\/2015\/08\/00022-768x576.jpg 768w, https:\/\/www.patrim.net\/wp-content\/uploads\/2015\/08\/00022-830x623.jpg 830w, https:\/\/www.patrim.net\/wp-content\/uploads\/2015\/08\/00022-230x173.jpg 230w, https:\/\/www.patrim.net\/wp-content\/uploads\/2015\/08\/00022-350x263.jpg 350w, https:\/\/www.patrim.net\/wp-content\/uploads\/2015\/08\/00022-480x360.jpg 480w, https:\/\/www.patrim.net\/wp-content\/uploads\/2015\/08\/00022.jpg 1600w\" sizes=\"(max-width: 1024px) 100vw, 1024px\" \/><\/a>\n\t\t\t<\/div><\/figure>\n\t\t<\/div>\n\n<p class=\"Textbody\" style=\"text-align: justify;\"><span style=\"font-size: 12.0pt; line-height: 105%; font-family: 'Times New Roman',serif;\">Le Mus\u00e9e Larrey \u00e0 Beaud\u00e9an propose une \u00e9vocation de la vie d\u2019un des plus fameux fils de la Bigorre. C\u00e9l\u00e8bre chirurgien des Arm\u00e9es de Napol\u00e9on, op\u00e9rateur d\u2019une dext\u00e9rit\u00e9 remarquable, Dominique Larrey s\u2019est distingu\u00e9 sur tous les champs de bataille. Esprit visionnaire, il fut le cr\u00e9ateur des \u00ab\u00a0ambulances volantes\u00a0\u00bb et le pr\u00e9curseur de la Croix-Rouge, soignant tous les bless\u00e9s quelle que soit leur nationalit\u00e9.<span style=\"color: #141823; background: white;\">\u00a0<\/span><\/span><\/p>\n<p class=\"Textbody\" style=\"text-align: justify;\"><span style=\"font-size: 12.0pt; line-height: 105%; font-family: 'Times New Roman',serif; color: #141823; background: white;\">L\u2019\u00e9pop\u00e9e fabuleuse de cet humaniste, fait baron d\u2019Empire par Napol\u00e9on, est retrac\u00e9e en son, vid\u00e9o et lumi\u00e8re. La maison natale de Larrey est un lieu o\u00f9 apprendre devient un jeu pour les petits et pour les grands !<\/span><\/p>\n<p class=\"Textbody\" style=\"text-align: justify;\"><span style=\"font-size: 12.0pt; line-height: 105%; font-family: 'Times New Roman',serif; color: #141823; background: white;\">Le mus\u00e9e d\u00e9veloppe \u00e9galement plusieurs th\u00e8mes li\u00e9s \u00e0 l&#8217;histoire de la vall\u00e9e de Campan et propose, toute l&#8217;ann\u00e9e, des expositions temporaires de peinture et de sculpture. La visite se termine par une promenade confidentielle dans le village de Beaud\u00e9an, \u00e0 la d\u00e9couverte du ch\u00e2teau, de l\u2019\u00e9glise, de l\u2019habitat pyr\u00e9n\u00e9en et des \u00ab\u00a0carrerots\u00a0\u00bb longeant vergers et potagers.<\/span><\/p>\n","protected":false},"excerpt":{"rendered":"<p>Le Mus\u00e9e Larrey \u00e0 Beaud\u00e9an propose une \u00e9vocation de la vie d\u2019un des plus fameux fils de la Bigorre. C\u00e9l\u00e8bre chirurgien des Arm\u00e9es de Napol\u00e9on, op\u00e9rateur d\u2019une dext\u00e9rit\u00e9 remarquable, Dominique Larrey s\u2019est distingu\u00e9 sur tous les champs de bataille. Esprit visionnaire, il fut le cr\u00e9ateur des \u00ab\u00a0ambulances volantes\u00a0\u00bb et le pr\u00e9curseur de la Croix-Rouge, soignant tous les bless\u00e9s quelle que soit leur nationalit\u00e9.\u00a0 L\u2019\u00e9pop\u00e9e fabuleuse de cet humaniste, fait baron d\u2019Empire par Napol\u00e9on, est retrac\u00e9e en son, vid\u00e9o et lumi\u00e8re. La maison natale de Larrey est un lieu o\u00f9 apprendre devient un jeu pour les petits et pour les grands ! Le mus\u00e9e d\u00e9veloppe \u00e9galement plusieurs th\u00e8mes li\u00e9s \u00e0 l&#8217;histoire de la vall\u00e9e de Campan et propose, toute l&#8217;ann\u00e9e, des expositions temporaires de peinture et de sculpture. La visite se termine par une promenade confidentielle dans le village de Beaud\u00e9an, \u00e0 la d\u00e9couverte du ch\u00e2teau, de l\u2019\u00e9glise, de l\u2019habitat pyr\u00e9n\u00e9en et des \u00ab\u00a0carrerots\u00a0\u00bb longeant vergers et potagers.<\/p>\n","protected":false},"author":1,"featured_media":0,"parent":1032,"menu_order":10,"comment_status":"closed","ping_status":"closed","template":"","meta":{"site-sidebar-layout":"default","site-content-layout":"","ast-site-content-layout":"default","site-content-style":"default","site-sidebar-style":"default","ast-global-header-display":"","ast-banner-title-visibility":"","ast-main-header-display":"","ast-hfb-above-header-display":"","ast-hfb-below-header-display":"","ast-hfb-mobile-header-display":"","site-post-title":"","ast-breadcrumbs-content":"","ast-featured-img":"","footer-sml-layout":"","theme-transparent-header-meta":"","adv-header-id-meta":"","stick-header-meta":"","header-above-stick-meta":"","header-main-stick-meta":"","header-below-stick-meta":"","astra-migrate-meta-layouts":"default","ast-page-background-enabled":"default","ast-page-background-meta":{"desktop":{"background-color":"var(--ast-global-color-5)","background-image":"","background-repeat":"repeat","background-position":"center center","background-size":"auto","background-attachment":"scroll","background-type":"","background-media":"","overlay-type":"","overlay-color":"","overlay-opacity":"","overlay-gradient":""},"tablet":{"background-color":"","background-image":"","background-repeat":"repeat","background-position":"center center","background-size":"auto","background-attachment":"scroll","background-type":"","background-media":"","overlay-type":"","overlay-color":"","overlay-opacity":"","overlay-gradient":""},"mobile":{"background-color":"","background-image":"","background-repeat":"repeat","background-position":"center center","background-size":"auto","background-attachment":"scroll","background-type":"","background-media":"","overlay-type":"","overlay-color":"","overlay-opacity":"","overlay-gradient":""}},"ast-content-background-meta":{"desktop":{"background-color":"var(--ast-global-color-4)","background-image":"","background-repeat":"repeat","background-position":"center center","background-size":"auto","background-attachment":"scroll","background-type":"","background-media":"","overlay-type":"","overlay-color":"","overlay-opacity":"","overlay-gradient":""},"tablet":{"background-color":"var(--ast-global-color-4)","background-image":"","background-repeat":"repeat","background-position":"center center","background-size":"auto","background-attachment":"scroll","background-type":"","background-media":"","overlay-type":"","overlay-color":"","overlay-opacity":"","overlay-gradient":""},"mobile":{"background-color":"var(--ast-global-color-4)","background-image":"","background-repeat":"repeat","background-position":"center center","background-size":"auto","background-attachment":"scroll","background-type":"","background-media":"","overlay-type":"","overlay-color":"","overlay-opacity":"","overlay-gradient":""}},"footnotes":""},"class_list":["post-712","page","type-page","status-publish","hentry"],"_links":{"self":[{"href":"https:\/\/www.patrim.net\/fr\/wp-json\/wp\/v2\/pages\/712","targetHints":{"allow":["GET"]}}],"collection":[{"href":"https:\/\/www.patrim.net\/fr\/wp-json\/wp\/v2\/pages"}],"about":[{"href":"https:\/\/www.patrim.net\/fr\/wp-json\/wp\/v2\/types\/page"}],"author":[{"embeddable":true,"href":"https:\/\/www.patrim.net\/fr\/wp-json\/wp\/v2\/users\/1"}],"replies":[{"embeddable":true,"href":"https:\/\/www.patrim.net\/fr\/wp-json\/wp\/v2\/comments?post=712"}],"version-history":[{"count":4,"href":"https:\/\/www.patrim.net\/fr\/wp-json\/wp\/v2\/pages\/712\/revisions"}],"predecessor-version":[{"id":1413,"href":"https:\/\/www.patrim.net\/fr\/wp-json\/wp\/v2\/pages\/712\/revisions\/1413"}],"up":[{"embeddable":true,"href":"https:\/\/www.patrim.net\/fr\/wp-json\/wp\/v2\/pages\/1032"}],"wp:attachment":[{"href":"https:\/\/www.patrim.net\/fr\/wp-json\/wp\/v2\/media?parent=712"}],"curies":[{"name":"wp","href":"https:\/\/api.w.org\/{rel}","templated":true}]}}