{"id":704,"date":"2015-08-25T16:39:03","date_gmt":"2015-08-25T15:39:03","guid":{"rendered":"http:\/\/www.patrim.net\/?page_id=704"},"modified":"2022-02-10T21:01:15","modified_gmt":"2022-02-10T20:01:15","slug":"espacio-pirineos-graus","status":"publish","type":"page","link":"https:\/\/www.patrim.net\/fr\/les-centres\/histoire-et-societe\/espacio-pirineos-graus\/","title":{"rendered":"Espacio Pirineos &#8211; centre de cr\u00e9ation et de culture des Pyr\u00e9n\u00e9es"},"content":{"rendered":"<div id='gallery-1' class='gallery galleryid-704 gallery-columns-3 gallery-size-large'><figure class='gallery-item'>\n\t\t\t<div class='gallery-icon landscape'>\n\t\t\t\t<a href='https:\/\/www.patrim.net\/fr\/les-centres\/histoire-et-societe\/espacio-pirineos-graus\/vista-graus-y-virgen-de-la-pena\/'><img fetchpriority=\"high\" decoding=\"async\" width=\"1024\" height=\"768\" src=\"https:\/\/www.patrim.net\/wp-content\/uploads\/2015\/08\/Vista-Graus-y-Virgen-de-la-Pe\u00f1a-1024x768.jpg\" class=\"attachment-large size-large\" alt=\"\" srcset=\"https:\/\/www.patrim.net\/wp-content\/uploads\/2015\/08\/Vista-Graus-y-Virgen-de-la-Pe\u00f1a-1024x768.jpg 1024w, https:\/\/www.patrim.net\/wp-content\/uploads\/2015\/08\/Vista-Graus-y-Virgen-de-la-Pe\u00f1a-600x450.jpg 600w, https:\/\/www.patrim.net\/wp-content\/uploads\/2015\/08\/Vista-Graus-y-Virgen-de-la-Pe\u00f1a-300x225.jpg 300w, https:\/\/www.patrim.net\/wp-content\/uploads\/2015\/08\/Vista-Graus-y-Virgen-de-la-Pe\u00f1a-768x576.jpg 768w, https:\/\/www.patrim.net\/wp-content\/uploads\/2015\/08\/Vista-Graus-y-Virgen-de-la-Pe\u00f1a-830x623.jpg 830w, https:\/\/www.patrim.net\/wp-content\/uploads\/2015\/08\/Vista-Graus-y-Virgen-de-la-Pe\u00f1a-230x173.jpg 230w, https:\/\/www.patrim.net\/wp-content\/uploads\/2015\/08\/Vista-Graus-y-Virgen-de-la-Pe\u00f1a-350x263.jpg 350w, https:\/\/www.patrim.net\/wp-content\/uploads\/2015\/08\/Vista-Graus-y-Virgen-de-la-Pe\u00f1a-480x360.jpg 480w, https:\/\/www.patrim.net\/wp-content\/uploads\/2015\/08\/Vista-Graus-y-Virgen-de-la-Pe\u00f1a.jpg 2048w\" sizes=\"(max-width: 1024px) 100vw, 1024px\" \/><\/a>\n\t\t\t<\/div><\/figure><figure class='gallery-item'>\n\t\t\t<div class='gallery-icon landscape'>\n\t\t\t\t<a href='https:\/\/www.patrim.net\/fr\/les-centres\/histoire-et-societe\/espacio-pirineos-graus\/espacio-pirineos-foto-de-eduardo-lecina-3\/'><img decoding=\"async\" width=\"1024\" height=\"940\" src=\"https:\/\/www.patrim.net\/wp-content\/uploads\/2015\/08\/Espacio-Pirineos.-Foto-de-Eduardo-Lecina-1-1024x940.jpg\" class=\"attachment-large size-large\" alt=\"\" srcset=\"https:\/\/www.patrim.net\/wp-content\/uploads\/2015\/08\/Espacio-Pirineos.-Foto-de-Eduardo-Lecina-1-1024x940.jpg 1024w, https:\/\/www.patrim.net\/wp-content\/uploads\/2015\/08\/Espacio-Pirineos.-Foto-de-Eduardo-Lecina-1-e1505473292161-600x551.jpg 600w, https:\/\/www.patrim.net\/wp-content\/uploads\/2015\/08\/Espacio-Pirineos.-Foto-de-Eduardo-Lecina-1-300x276.jpg 300w, https:\/\/www.patrim.net\/wp-content\/uploads\/2015\/08\/Espacio-Pirineos.-Foto-de-Eduardo-Lecina-1-768x705.jpg 768w, https:\/\/www.patrim.net\/wp-content\/uploads\/2015\/08\/Espacio-Pirineos.-Foto-de-Eduardo-Lecina-1-830x762.jpg 830w, https:\/\/www.patrim.net\/wp-content\/uploads\/2015\/08\/Espacio-Pirineos.-Foto-de-Eduardo-Lecina-1-230x211.jpg 230w, https:\/\/www.patrim.net\/wp-content\/uploads\/2015\/08\/Espacio-Pirineos.-Foto-de-Eduardo-Lecina-1-350x321.jpg 350w, https:\/\/www.patrim.net\/wp-content\/uploads\/2015\/08\/Espacio-Pirineos.-Foto-de-Eduardo-Lecina-1-480x441.jpg 480w, https:\/\/www.patrim.net\/wp-content\/uploads\/2015\/08\/Espacio-Pirineos.-Foto-de-Eduardo-Lecina-1-e1505473292161.jpg 1200w\" sizes=\"(max-width: 1024px) 100vw, 1024px\" \/><\/a>\n\t\t\t<\/div><\/figure><figure class='gallery-item'>\n\t\t\t<div class='gallery-icon landscape'>\n\t\t\t\t<a href='https:\/\/www.patrim.net\/fr\/les-centres\/histoire-et-societe\/espacio-pirineos-graus\/_elp3593-2\/'><img decoding=\"async\" width=\"1024\" height=\"682\" src=\"https:\/\/www.patrim.net\/wp-content\/uploads\/2015\/08\/ELP3593-1024x682.jpg\" class=\"attachment-large size-large\" alt=\"\" srcset=\"https:\/\/www.patrim.net\/wp-content\/uploads\/2015\/08\/ELP3593.jpg 1024w, https:\/\/www.patrim.net\/wp-content\/uploads\/2015\/08\/ELP3593-600x400.jpg 600w, https:\/\/www.patrim.net\/wp-content\/uploads\/2015\/08\/ELP3593-300x200.jpg 300w, https:\/\/www.patrim.net\/wp-content\/uploads\/2015\/08\/ELP3593-768x512.jpg 768w, https:\/\/www.patrim.net\/wp-content\/uploads\/2015\/08\/ELP3593-830x553.jpg 830w, https:\/\/www.patrim.net\/wp-content\/uploads\/2015\/08\/ELP3593-230x153.jpg 230w, https:\/\/www.patrim.net\/wp-content\/uploads\/2015\/08\/ELP3593-350x233.jpg 350w, https:\/\/www.patrim.net\/wp-content\/uploads\/2015\/08\/ELP3593-480x320.jpg 480w\" sizes=\"(max-width: 1024px) 100vw, 1024px\" \/><\/a>\n\t\t\t<\/div><\/figure><figure class='gallery-item'>\n\t\t\t<div class='gallery-icon landscape'>\n\t\t\t\t<a href='https:\/\/www.patrim.net\/fr\/les-centres\/histoire-et-societe\/espacio-pirineos-graus\/espaciopirineos-3-4\/'><img loading=\"lazy\" decoding=\"async\" width=\"1024\" height=\"646\" src=\"https:\/\/www.patrim.net\/wp-content\/uploads\/2015\/08\/EspacioPirineos-3-1-1024x646.jpg\" class=\"attachment-large size-large\" alt=\"\" srcset=\"https:\/\/www.patrim.net\/wp-content\/uploads\/2015\/08\/EspacioPirineos-3-1-1024x646.jpg 1024w, https:\/\/www.patrim.net\/wp-content\/uploads\/2015\/08\/EspacioPirineos-3-1-scaled-600x379.jpg 600w, https:\/\/www.patrim.net\/wp-content\/uploads\/2015\/08\/EspacioPirineos-3-1-300x189.jpg 300w, https:\/\/www.patrim.net\/wp-content\/uploads\/2015\/08\/EspacioPirineos-3-1-768x485.jpg 768w, https:\/\/www.patrim.net\/wp-content\/uploads\/2015\/08\/EspacioPirineos-3-1-830x524.jpg 830w, https:\/\/www.patrim.net\/wp-content\/uploads\/2015\/08\/EspacioPirineos-3-1-230x145.jpg 230w, https:\/\/www.patrim.net\/wp-content\/uploads\/2015\/08\/EspacioPirineos-3-1-350x221.jpg 350w, https:\/\/www.patrim.net\/wp-content\/uploads\/2015\/08\/EspacioPirineos-3-1-480x303.jpg 480w\" sizes=\"(max-width: 1024px) 100vw, 1024px\" \/><\/a>\n\t\t\t<\/div><\/figure><figure class='gallery-item'>\n\t\t\t<div class='gallery-icon landscape'>\n\t\t\t\t<a href='https:\/\/www.patrim.net\/fr\/les-centres\/histoire-et-societe\/espacio-pirineos-graus\/_elp3707\/'><img loading=\"lazy\" decoding=\"async\" width=\"1024\" height=\"681\" src=\"https:\/\/www.patrim.net\/wp-content\/uploads\/2015\/08\/ELP3707-1024x681.jpg\" class=\"attachment-large size-large\" alt=\"\" srcset=\"https:\/\/www.patrim.net\/wp-content\/uploads\/2015\/08\/ELP3707.jpg 1024w, https:\/\/www.patrim.net\/wp-content\/uploads\/2015\/08\/ELP3707-600x399.jpg 600w, https:\/\/www.patrim.net\/wp-content\/uploads\/2015\/08\/ELP3707-300x200.jpg 300w, https:\/\/www.patrim.net\/wp-content\/uploads\/2015\/08\/ELP3707-768x511.jpg 768w, https:\/\/www.patrim.net\/wp-content\/uploads\/2015\/08\/ELP3707-830x552.jpg 830w, https:\/\/www.patrim.net\/wp-content\/uploads\/2015\/08\/ELP3707-230x153.jpg 230w, https:\/\/www.patrim.net\/wp-content\/uploads\/2015\/08\/ELP3707-350x233.jpg 350w, https:\/\/www.patrim.net\/wp-content\/uploads\/2015\/08\/ELP3707-480x319.jpg 480w\" sizes=\"(max-width: 1024px) 100vw, 1024px\" \/><\/a>\n\t\t\t<\/div><\/figure><figure class='gallery-item'>\n\t\t\t<div class='gallery-icon landscape'>\n\t\t\t\t<a href='https:\/\/www.patrim.net\/fr\/les-centres\/histoire-et-societe\/espacio-pirineos-graus\/plaza-nocturna\/'><img loading=\"lazy\" decoding=\"async\" width=\"1024\" height=\"683\" src=\"https:\/\/www.patrim.net\/wp-content\/uploads\/2015\/08\/plaza-nocturna-1024x683.jpg\" class=\"attachment-large size-large\" alt=\"\" srcset=\"https:\/\/www.patrim.net\/wp-content\/uploads\/2015\/08\/plaza-nocturna-1024x683.jpg 1024w, https:\/\/www.patrim.net\/wp-content\/uploads\/2015\/08\/plaza-nocturna-e1505471222550-600x400.jpg 600w, https:\/\/www.patrim.net\/wp-content\/uploads\/2015\/08\/plaza-nocturna-300x200.jpg 300w, https:\/\/www.patrim.net\/wp-content\/uploads\/2015\/08\/plaza-nocturna-768x512.jpg 768w, https:\/\/www.patrim.net\/wp-content\/uploads\/2015\/08\/plaza-nocturna-830x553.jpg 830w, https:\/\/www.patrim.net\/wp-content\/uploads\/2015\/08\/plaza-nocturna-230x153.jpg 230w, https:\/\/www.patrim.net\/wp-content\/uploads\/2015\/08\/plaza-nocturna-350x233.jpg 350w, https:\/\/www.patrim.net\/wp-content\/uploads\/2015\/08\/plaza-nocturna-480x320.jpg 480w, https:\/\/www.patrim.net\/wp-content\/uploads\/2015\/08\/plaza-nocturna-e1505471222550.jpg 1500w\" sizes=\"(max-width: 1024px) 100vw, 1024px\" \/><\/a>\n\t\t\t<\/div><\/figure>\n\t\t<\/div>\n\n<p>Situ\u00e9 dans l\u2019ancienne \u00e9glise des J\u00e9suites de Graus, l\u2019Espacio Pirineos a ouvert ses portes en 2006\u00a0: c\u2019est un centre ax\u00e9 sur la connaissance et le partage des Pyr\u00e9n\u00e9es et de leurs valeurs.<\/p>\n<p>Il pr\u00e9sente une spectaculaire exposition permanente, avec une large place accord\u00e9e aux dispositifs audiovisuels, entre lesquels se d\u00e9tachent la <em>Grande fresque de la Biodiversit\u00e9<\/em> ou le diaporama <em>Pyr\u00e9n\u00e9es.<\/em><\/p>\n<p>L\u2019exposition est compl\u00e9t\u00e9e par un petit mus\u00e9e municipal d\u2019histoire\u00a0; le chercheur peut aussi \u00e9toffer ses connaissances dans le Centre de Ressources Pyr\u00e9n\u00e9ennes\u00a0 \u00ab\u00a0Ignacio de Heredia\u00a0\u00bb et dans les Archives Historiques Municipales.<\/p>\n<p>Le centre d\u00e9veloppe en m\u00eame temps une intense activit\u00e9 culturelle\u00a0 centr\u00e9e sur trois axes\u00a0: le patrimoine, la contemporan\u00e9it\u00e9 et le territoire pyr\u00e9n\u00e9en, avec des programmes de recherches, des expositions ou la participation \u00e0 des projets de coop\u00e9ration culturelle.<\/p>\n","protected":false},"excerpt":{"rendered":"<p>Situ\u00e9 dans l\u2019ancienne \u00e9glise des J\u00e9suites de Graus, l\u2019Espacio Pirineos a ouvert ses portes en 2006\u00a0: c\u2019est un centre ax\u00e9 sur la connaissance et le partage des Pyr\u00e9n\u00e9es et de leurs valeurs. Il pr\u00e9sente une spectaculaire exposition permanente, avec une large place accord\u00e9e aux dispositifs audiovisuels, entre lesquels se d\u00e9tachent la Grande fresque de la Biodiversit\u00e9 ou le diaporama Pyr\u00e9n\u00e9es. L\u2019exposition est compl\u00e9t\u00e9e par un petit mus\u00e9e municipal d\u2019histoire\u00a0; le chercheur peut aussi \u00e9toffer ses connaissances dans le Centre de Ressources Pyr\u00e9n\u00e9ennes\u00a0 \u00ab\u00a0Ignacio de Heredia\u00a0\u00bb et dans les Archives Historiques Municipales. Le centre d\u00e9veloppe en m\u00eame temps une intense activit\u00e9 culturelle\u00a0 centr\u00e9e sur trois axes\u00a0: le patrimoine, la contemporan\u00e9it\u00e9 et le territoire pyr\u00e9n\u00e9en, avec des programmes de recherches, des expositions ou la participation \u00e0 des projets de coop\u00e9ration culturelle.<\/p>\n","protected":false},"author":1,"featured_media":0,"parent":1032,"menu_order":6,"comment_status":"closed","ping_status":"closed","template":"","meta":{"site-sidebar-layout":"default","site-content-layout":"","ast-site-content-layout":"default","site-content-style":"default","site-sidebar-style":"default","ast-global-header-display":"","ast-banner-title-visibility":"","ast-main-header-display":"","ast-hfb-above-header-display":"","ast-hfb-below-header-display":"","ast-hfb-mobile-header-display":"","site-post-title":"","ast-breadcrumbs-content":"","ast-featured-img":"","footer-sml-layout":"","theme-transparent-header-meta":"","adv-header-id-meta":"","stick-header-meta":"","header-above-stick-meta":"","header-main-stick-meta":"","header-below-stick-meta":"","astra-migrate-meta-layouts":"default","ast-page-background-enabled":"default","ast-page-background-meta":{"desktop":{"background-color":"var(--ast-global-color-5)","background-image":"","background-repeat":"repeat","background-position":"center center","background-size":"auto","background-attachment":"scroll","background-type":"","background-media":"","overlay-type":"","overlay-color":"","overlay-opacity":"","overlay-gradient":""},"tablet":{"background-color":"","background-image":"","background-repeat":"repeat","background-position":"center center","background-size":"auto","background-attachment":"scroll","background-type":"","background-media":"","overlay-type":"","overlay-color":"","overlay-opacity":"","overlay-gradient":""},"mobile":{"background-color":"","background-image":"","background-repeat":"repeat","background-position":"center center","background-size":"auto","background-attachment":"scroll","background-type":"","background-media":"","overlay-type":"","overlay-color":"","overlay-opacity":"","overlay-gradient":""}},"ast-content-background-meta":{"desktop":{"background-color":"var(--ast-global-color-4)","background-image":"","background-repeat":"repeat","background-position":"center center","background-size":"auto","background-attachment":"scroll","background-type":"","background-media":"","overlay-type":"","overlay-color":"","overlay-opacity":"","overlay-gradient":""},"tablet":{"background-color":"var(--ast-global-color-4)","background-image":"","background-repeat":"repeat","background-position":"center center","background-size":"auto","background-attachment":"scroll","background-type":"","background-media":"","overlay-type":"","overlay-color":"","overlay-opacity":"","overlay-gradient":""},"mobile":{"background-color":"var(--ast-global-color-4)","background-image":"","background-repeat":"repeat","background-position":"center center","background-size":"auto","background-attachment":"scroll","background-type":"","background-media":"","overlay-type":"","overlay-color":"","overlay-opacity":"","overlay-gradient":""}},"footnotes":""},"class_list":["post-704","page","type-page","status-publish","hentry"],"_links":{"self":[{"href":"https:\/\/www.patrim.net\/fr\/wp-json\/wp\/v2\/pages\/704","targetHints":{"allow":["GET"]}}],"collection":[{"href":"https:\/\/www.patrim.net\/fr\/wp-json\/wp\/v2\/pages"}],"about":[{"href":"https:\/\/www.patrim.net\/fr\/wp-json\/wp\/v2\/types\/page"}],"author":[{"embeddable":true,"href":"https:\/\/www.patrim.net\/fr\/wp-json\/wp\/v2\/users\/1"}],"replies":[{"embeddable":true,"href":"https:\/\/www.patrim.net\/fr\/wp-json\/wp\/v2\/comments?post=704"}],"version-history":[{"count":3,"href":"https:\/\/www.patrim.net\/fr\/wp-json\/wp\/v2\/pages\/704\/revisions"}],"predecessor-version":[{"id":1440,"href":"https:\/\/www.patrim.net\/fr\/wp-json\/wp\/v2\/pages\/704\/revisions\/1440"}],"up":[{"embeddable":true,"href":"https:\/\/www.patrim.net\/fr\/wp-json\/wp\/v2\/pages\/1032"}],"wp:attachment":[{"href":"https:\/\/www.patrim.net\/fr\/wp-json\/wp\/v2\/media?parent=704"}],"curies":[{"name":"wp","href":"https:\/\/api.w.org\/{rel}","templated":true}]}}