{"id":702,"date":"2015-08-25T16:38:26","date_gmt":"2015-08-25T15:38:26","guid":{"rendered":"http:\/\/www.patrim.net\/?page_id=702"},"modified":"2022-02-15T19:07:45","modified_gmt":"2022-02-15T18:07:45","slug":"ecomuseu-de-les-valls-daneu","status":"publish","type":"page","link":"https:\/\/www.patrim.net\/fr\/les-centres\/histoire-et-societe\/ecomuseu-de-les-valls-daneu\/","title":{"rendered":"Ecomuseu de les Valls d\u2019\u00c0neu"},"content":{"rendered":"<div id='gallery-1' class='gallery galleryid-702 gallery-columns-3 gallery-size-large'><figure class='gallery-item'>\n\t\t\t<div class='gallery-icon landscape'>\n\t\t\t\t<a href='https:\/\/www.patrim.net\/fr\/ekipamenduak\/historia-eta-gizartea\/ecomuseu-de-les-valls-daneu\/dsc_0754-2\/'><img fetchpriority=\"high\" decoding=\"async\" width=\"1024\" height=\"681\" src=\"https:\/\/www.patrim.net\/wp-content\/uploads\/2017\/09\/DSC_0754-1024x681.jpg\" class=\"attachment-large size-large\" alt=\"\" srcset=\"https:\/\/www.patrim.net\/wp-content\/uploads\/2017\/09\/DSC_0754-1024x681.jpg 1024w, https:\/\/www.patrim.net\/wp-content\/uploads\/2017\/09\/DSC_0754-scaled-600x399.jpg 600w, https:\/\/www.patrim.net\/wp-content\/uploads\/2017\/09\/DSC_0754-300x199.jpg 300w, https:\/\/www.patrim.net\/wp-content\/uploads\/2017\/09\/DSC_0754-768x511.jpg 768w, https:\/\/www.patrim.net\/wp-content\/uploads\/2017\/09\/DSC_0754-830x552.jpg 830w, https:\/\/www.patrim.net\/wp-content\/uploads\/2017\/09\/DSC_0754-230x153.jpg 230w, https:\/\/www.patrim.net\/wp-content\/uploads\/2017\/09\/DSC_0754-350x233.jpg 350w, https:\/\/www.patrim.net\/wp-content\/uploads\/2017\/09\/DSC_0754-480x319.jpg 480w\" sizes=\"(max-width: 1024px) 100vw, 1024px\" \/><\/a>\n\t\t\t<\/div><\/figure><figure class='gallery-item'>\n\t\t\t<div class='gallery-icon landscape'>\n\t\t\t\t<a href='https:\/\/www.patrim.net\/fr\/ekipamenduak\/historia-eta-gizartea\/ecomuseu-de-les-valls-daneu\/fotoesterri\/'><img decoding=\"async\" width=\"1024\" height=\"873\" src=\"https:\/\/www.patrim.net\/wp-content\/uploads\/2017\/09\/fotoesterri-1024x873.jpg\" class=\"attachment-large size-large\" alt=\"\" srcset=\"https:\/\/www.patrim.net\/wp-content\/uploads\/2017\/09\/fotoesterri-1024x873.jpg 1024w, https:\/\/www.patrim.net\/wp-content\/uploads\/2017\/09\/fotoesterri-scaled-600x511.jpg 600w, https:\/\/www.patrim.net\/wp-content\/uploads\/2017\/09\/fotoesterri-300x256.jpg 300w, https:\/\/www.patrim.net\/wp-content\/uploads\/2017\/09\/fotoesterri-768x655.jpg 768w, https:\/\/www.patrim.net\/wp-content\/uploads\/2017\/09\/fotoesterri-830x708.jpg 830w, https:\/\/www.patrim.net\/wp-content\/uploads\/2017\/09\/fotoesterri-230x196.jpg 230w, https:\/\/www.patrim.net\/wp-content\/uploads\/2017\/09\/fotoesterri-350x298.jpg 350w, https:\/\/www.patrim.net\/wp-content\/uploads\/2017\/09\/fotoesterri-480x409.jpg 480w\" sizes=\"(max-width: 1024px) 100vw, 1024px\" \/><\/a>\n\t\t\t<\/div><\/figure><figure class='gallery-item'>\n\t\t\t<div class='gallery-icon landscape'>\n\t\t\t\t<a href='https:\/\/www.patrim.net\/fr\/ekipamenduak\/historia-eta-gizartea\/ecomuseu-de-les-valls-daneu\/ecomuseu-la-chambre\/'><img decoding=\"async\" width=\"1024\" height=\"768\" src=\"https:\/\/www.patrim.net\/wp-content\/uploads\/2017\/09\/Ecomuseu-la-chambre-1024x768.jpg\" class=\"attachment-large size-large\" alt=\"\" srcset=\"https:\/\/www.patrim.net\/wp-content\/uploads\/2017\/09\/Ecomuseu-la-chambre-1024x768.jpg 1024w, https:\/\/www.patrim.net\/wp-content\/uploads\/2017\/09\/Ecomuseu-la-chambre-600x450.jpg 600w, https:\/\/www.patrim.net\/wp-content\/uploads\/2017\/09\/Ecomuseu-la-chambre-300x225.jpg 300w, https:\/\/www.patrim.net\/wp-content\/uploads\/2017\/09\/Ecomuseu-la-chambre-768x576.jpg 768w, https:\/\/www.patrim.net\/wp-content\/uploads\/2017\/09\/Ecomuseu-la-chambre-830x623.jpg 830w, https:\/\/www.patrim.net\/wp-content\/uploads\/2017\/09\/Ecomuseu-la-chambre-230x173.jpg 230w, https:\/\/www.patrim.net\/wp-content\/uploads\/2017\/09\/Ecomuseu-la-chambre-350x263.jpg 350w, https:\/\/www.patrim.net\/wp-content\/uploads\/2017\/09\/Ecomuseu-la-chambre-480x360.jpg 480w\" sizes=\"(max-width: 1024px) 100vw, 1024px\" \/><\/a>\n\t\t\t<\/div><\/figure><figure class='gallery-item'>\n\t\t\t<div class='gallery-icon landscape'>\n\t\t\t\t<a href='https:\/\/www.patrim.net\/fr\/ekipamenduak\/historia-eta-gizartea\/ecomuseu-de-les-valls-daneu\/_1010196-2\/'><img loading=\"lazy\" decoding=\"async\" width=\"1024\" height=\"768\" src=\"https:\/\/www.patrim.net\/wp-content\/uploads\/2017\/09\/1010196-1024x768.jpg\" class=\"attachment-large size-large\" alt=\"\" srcset=\"https:\/\/www.patrim.net\/wp-content\/uploads\/2017\/09\/1010196-1024x768.jpg 1024w, https:\/\/www.patrim.net\/wp-content\/uploads\/2017\/09\/1010196-scaled-600x450.jpg 600w, https:\/\/www.patrim.net\/wp-content\/uploads\/2017\/09\/1010196-300x225.jpg 300w, https:\/\/www.patrim.net\/wp-content\/uploads\/2017\/09\/1010196-768x576.jpg 768w, https:\/\/www.patrim.net\/wp-content\/uploads\/2017\/09\/1010196-830x623.jpg 830w, https:\/\/www.patrim.net\/wp-content\/uploads\/2017\/09\/1010196-230x173.jpg 230w, https:\/\/www.patrim.net\/wp-content\/uploads\/2017\/09\/1010196-350x263.jpg 350w, https:\/\/www.patrim.net\/wp-content\/uploads\/2017\/09\/1010196-480x360.jpg 480w\" sizes=\"(max-width: 1024px) 100vw, 1024px\" \/><\/a>\n\t\t\t<\/div><\/figure><figure class='gallery-item'>\n\t\t\t<div class='gallery-icon landscape'>\n\t\t\t\t<a href='https:\/\/www.patrim.net\/fr\/ekipamenduak\/historia-eta-gizartea\/ecomuseu-de-les-valls-daneu\/ecomuseu-de-les-valls-daneu-la-salle-a-manger\/'><img loading=\"lazy\" decoding=\"async\" width=\"1024\" height=\"768\" src=\"https:\/\/www.patrim.net\/wp-content\/uploads\/2017\/09\/Ecomuseu-de-les-valls-dAneu-La-salle-\u00e0-manger-1024x768.jpg\" class=\"attachment-large size-large\" alt=\"\" srcset=\"https:\/\/www.patrim.net\/wp-content\/uploads\/2017\/09\/Ecomuseu-de-les-valls-dAneu-La-salle-\u00e0-manger-1024x768.jpg 1024w, https:\/\/www.patrim.net\/wp-content\/uploads\/2017\/09\/Ecomuseu-de-les-valls-dAneu-La-salle-\u00e0-manger-600x450.jpg 600w, https:\/\/www.patrim.net\/wp-content\/uploads\/2017\/09\/Ecomuseu-de-les-valls-dAneu-La-salle-\u00e0-manger-300x225.jpg 300w, https:\/\/www.patrim.net\/wp-content\/uploads\/2017\/09\/Ecomuseu-de-les-valls-dAneu-La-salle-\u00e0-manger-768x576.jpg 768w, https:\/\/www.patrim.net\/wp-content\/uploads\/2017\/09\/Ecomuseu-de-les-valls-dAneu-La-salle-\u00e0-manger-830x623.jpg 830w, https:\/\/www.patrim.net\/wp-content\/uploads\/2017\/09\/Ecomuseu-de-les-valls-dAneu-La-salle-\u00e0-manger-230x173.jpg 230w, https:\/\/www.patrim.net\/wp-content\/uploads\/2017\/09\/Ecomuseu-de-les-valls-dAneu-La-salle-\u00e0-manger-350x263.jpg 350w, https:\/\/www.patrim.net\/wp-content\/uploads\/2017\/09\/Ecomuseu-de-les-valls-dAneu-La-salle-\u00e0-manger-480x360.jpg 480w\" sizes=\"(max-width: 1024px) 100vw, 1024px\" \/><\/a>\n\t\t\t<\/div><\/figure><figure class='gallery-item'>\n\t\t\t<div class='gallery-icon landscape'>\n\t\t\t\t<a href='https:\/\/www.patrim.net\/fr\/ekipamenduak\/historia-eta-gizartea\/ecomuseu-de-les-valls-daneu\/esterri1\/'><img loading=\"lazy\" decoding=\"async\" width=\"1024\" height=\"676\" src=\"https:\/\/www.patrim.net\/wp-content\/uploads\/2017\/09\/esterri1-1024x676.jpg\" class=\"attachment-large size-large\" alt=\"\" srcset=\"https:\/\/www.patrim.net\/wp-content\/uploads\/2017\/09\/esterri1-1024x676.jpg 1024w, https:\/\/www.patrim.net\/wp-content\/uploads\/2017\/09\/esterri1-scaled-600x396.jpg 600w, https:\/\/www.patrim.net\/wp-content\/uploads\/2017\/09\/esterri1-300x198.jpg 300w, https:\/\/www.patrim.net\/wp-content\/uploads\/2017\/09\/esterri1-768x507.jpg 768w, https:\/\/www.patrim.net\/wp-content\/uploads\/2017\/09\/esterri1-830x548.jpg 830w, https:\/\/www.patrim.net\/wp-content\/uploads\/2017\/09\/esterri1-230x152.jpg 230w, https:\/\/www.patrim.net\/wp-content\/uploads\/2017\/09\/esterri1-350x231.jpg 350w, https:\/\/www.patrim.net\/wp-content\/uploads\/2017\/09\/esterri1-480x317.jpg 480w\" sizes=\"(max-width: 1024px) 100vw, 1024px\" \/><\/a>\n\t\t\t<\/div><\/figure>\n\t\t<\/div>\n\n<p>L&#8217;<strong>Ecomuseu<\/strong> permet de mieux conna\u00eetre la r\u00e9alit\u00e9 naturelle et culturelle du territoire de l\u2019\u00c0neu et les transformations survenues pendant ces derni\u00e8res ann\u00e9es. Nous donnons aux visiteurs une information compl\u00e8te sur le pass\u00e9 et le pr\u00e9sent de la r\u00e9gion, tout en les invitant \u00e0 r\u00e9fl\u00e9chir sur les possibilit\u00e9s futures. De fa\u00e7on diff\u00e9rente des mus\u00e9es traditionnels, l\u2019<strong>Ecomuseu<\/strong> ne reste pas enferm\u00e9 dans un seul b\u00e2timent. Casa Gassia, \u00e9glises romanes, scierie, fromagerie, ch\u00e2teaux\u2026 Il se distribue dans les villages de la vall\u00e9e d\u2019\u00c0neu, pour mieux expliquer la vie de ses habitants.<\/p>\n<p>Actuellement nous offrons \u00e0 la visite une ample vari\u00e9t\u00e9 de sites\u00a0:<\/p>\n<ul>\n<li><a href=\"http:\/\/www.ecomuseu.com\/cast\/gassia.asp\">Casa Gassia<\/a><\/li>\n<li><a href=\"http:\/\/www.ecomuseu.com\/cast\/r_Isil.asp\">Sant Joan de Isil<\/a><\/li>\n<li><a href=\"http:\/\/www.ecomuseu.com\/cast\/r_unarre.asp\">Sant Juli\u00e0 de Unarre<\/a><\/li>\n<li><a href=\"http:\/\/www.ecomuseu.com\/cast\/r_sorpe.asp\">Sant Pere de Sorpe<\/a><\/li>\n<li><a href=\"http:\/\/www.ecomuseu.com\/cast\/r_burgal.asp\">Sant Pere del Burgal<\/a><\/li>\n<li><a href=\"http:\/\/www.ecomuseu.com\/cast\/r_aneu.asp\">Santa Maria de \u00c0neu<\/a><\/li>\n<li><a href=\"http:\/\/www.ecomuseu.com\/cast\/r_alos.asp\">Scierie de Al\u00f3s<\/a><\/li>\n<li><a href=\"http:\/\/www.ecomuseu.com\/cast\/r_roseta.asp\">Fromagerie la Roseta de Gav\u00e0s<\/a><\/li>\n<li><a href=\"http:\/\/www.ecomuseu.com\/cast\/r_son.asp\">Ensemble Monumental de Son<\/a><\/li>\n<li><a href=\"http:\/\/www.ecomuseu.com\/cast\/r_llort.asp\">Ch\u00e2teau De Llort<\/a><\/li>\n<li><a href=\"http:\/\/www.ecomuseu.com\/cast\/r_vaneu.asp\">Ch\u00e2teau de Val\u00e8ncia de \u00c0neu<\/a><\/li>\n<li><a href=\"http:\/\/www.ecomuseu.com\/cast\/r_guingueta.asp\">Les bunkers de la Guingueta de \u00c0neu<\/a><\/li>\n<\/ul>\n<p>&nbsp;<\/p>\n","protected":false},"excerpt":{"rendered":"<p>L&#8217;Ecomuseu permet de mieux conna\u00eetre la r\u00e9alit\u00e9 naturelle et culturelle du territoire de l\u2019\u00c0neu et les transformations survenues pendant ces derni\u00e8res ann\u00e9es. Nous donnons aux visiteurs une information compl\u00e8te sur le pass\u00e9 et le pr\u00e9sent de la r\u00e9gion, tout en les invitant \u00e0 r\u00e9fl\u00e9chir sur les possibilit\u00e9s futures. De fa\u00e7on diff\u00e9rente des mus\u00e9es traditionnels, l\u2019Ecomuseu ne reste pas enferm\u00e9 dans un seul b\u00e2timent. Casa Gassia, \u00e9glises romanes, scierie, fromagerie, ch\u00e2teaux\u2026 Il se distribue dans les villages de la vall\u00e9e d\u2019\u00c0neu, pour mieux expliquer la vie de ses habitants. Actuellement nous offrons \u00e0 la visite une ample vari\u00e9t\u00e9 de sites\u00a0: Casa Gassia Sant Joan de Isil Sant Juli\u00e0 de Unarre Sant Pere de Sorpe Sant Pere del Burgal Santa Maria de \u00c0neu Scierie de Al\u00f3s Fromagerie la Roseta de Gav\u00e0s Ensemble Monumental de Son Ch\u00e2teau De Llort Ch\u00e2teau de Val\u00e8ncia de \u00c0neu Les bunkers de la Guingueta de \u00c0neu &nbsp;<\/p>\n","protected":false},"author":1,"featured_media":0,"parent":1032,"menu_order":5,"comment_status":"closed","ping_status":"closed","template":"","meta":{"site-sidebar-layout":"default","site-content-layout":"","ast-site-content-layout":"default","site-content-style":"default","site-sidebar-style":"default","ast-global-header-display":"","ast-banner-title-visibility":"","ast-main-header-display":"","ast-hfb-above-header-display":"","ast-hfb-below-header-display":"","ast-hfb-mobile-header-display":"","site-post-title":"","ast-breadcrumbs-content":"","ast-featured-img":"","footer-sml-layout":"","theme-transparent-header-meta":"","adv-header-id-meta":"","stick-header-meta":"","header-above-stick-meta":"","header-main-stick-meta":"","header-below-stick-meta":"","astra-migrate-meta-layouts":"default","ast-page-background-enabled":"default","ast-page-background-meta":{"desktop":{"background-color":"var(--ast-global-color-5)","background-image":"","background-repeat":"repeat","background-position":"center center","background-size":"auto","background-attachment":"scroll","background-type":"","background-media":"","overlay-type":"","overlay-color":"","overlay-opacity":"","overlay-gradient":""},"tablet":{"background-color":"","background-image":"","background-repeat":"repeat","background-position":"center center","background-size":"auto","background-attachment":"scroll","background-type":"","background-media":"","overlay-type":"","overlay-color":"","overlay-opacity":"","overlay-gradient":""},"mobile":{"background-color":"","background-image":"","background-repeat":"repeat","background-position":"center center","background-size":"auto","background-attachment":"scroll","background-type":"","background-media":"","overlay-type":"","overlay-color":"","overlay-opacity":"","overlay-gradient":""}},"ast-content-background-meta":{"desktop":{"background-color":"var(--ast-global-color-4)","background-image":"","background-repeat":"repeat","background-position":"center center","background-size":"auto","background-attachment":"scroll","background-type":"","background-media":"","overlay-type":"","overlay-color":"","overlay-opacity":"","overlay-gradient":""},"tablet":{"background-color":"var(--ast-global-color-4)","background-image":"","background-repeat":"repeat","background-position":"center center","background-size":"auto","background-attachment":"scroll","background-type":"","background-media":"","overlay-type":"","overlay-color":"","overlay-opacity":"","overlay-gradient":""},"mobile":{"background-color":"var(--ast-global-color-4)","background-image":"","background-repeat":"repeat","background-position":"center center","background-size":"auto","background-attachment":"scroll","background-type":"","background-media":"","overlay-type":"","overlay-color":"","overlay-opacity":"","overlay-gradient":""}},"footnotes":""},"class_list":["post-702","page","type-page","status-publish","hentry"],"_links":{"self":[{"href":"https:\/\/www.patrim.net\/fr\/wp-json\/wp\/v2\/pages\/702","targetHints":{"allow":["GET"]}}],"collection":[{"href":"https:\/\/www.patrim.net\/fr\/wp-json\/wp\/v2\/pages"}],"about":[{"href":"https:\/\/www.patrim.net\/fr\/wp-json\/wp\/v2\/types\/page"}],"author":[{"embeddable":true,"href":"https:\/\/www.patrim.net\/fr\/wp-json\/wp\/v2\/users\/1"}],"replies":[{"embeddable":true,"href":"https:\/\/www.patrim.net\/fr\/wp-json\/wp\/v2\/comments?post=702"}],"version-history":[{"count":2,"href":"https:\/\/www.patrim.net\/fr\/wp-json\/wp\/v2\/pages\/702\/revisions"}],"predecessor-version":[{"id":1381,"href":"https:\/\/www.patrim.net\/fr\/wp-json\/wp\/v2\/pages\/702\/revisions\/1381"}],"up":[{"embeddable":true,"href":"https:\/\/www.patrim.net\/fr\/wp-json\/wp\/v2\/pages\/1032"}],"wp:attachment":[{"href":"https:\/\/www.patrim.net\/fr\/wp-json\/wp\/v2\/media?parent=702"}],"curies":[{"name":"wp","href":"https:\/\/api.w.org\/{rel}","templated":true}]}}