{"id":700,"date":"2015-08-25T16:37:33","date_gmt":"2015-08-25T15:37:33","guid":{"rendered":"http:\/\/www.patrim.net\/?page_id=700"},"modified":"2022-02-10T18:47:54","modified_gmt":"2022-02-10T17:47:54","slug":"comarca-du-somontano","status":"publish","type":"page","link":"https:\/\/www.patrim.net\/fr\/les-centres\/prehistoire\/comarca-du-somontano\/","title":{"rendered":"Parc Culturel du R\u00edo Vero &#8211; Centre d&#8217;art rupestre"},"content":{"rendered":"<div id='gallery-1' class='gallery galleryid-700 gallery-columns-2 gallery-size-large'><figure class='gallery-item'>\n\t\t\t<div class='gallery-icon landscape'>\n\t\t\t\t<a href='https:\/\/www.patrim.net\/fr\/c-i-colungo-00259\/'><img fetchpriority=\"high\" decoding=\"async\" width=\"1024\" height=\"683\" src=\"https:\/\/www.patrim.net\/wp-content\/uploads\/2015\/08\/C.I.-Colungo-00259-1024x683.jpg\" class=\"attachment-large size-large\" alt=\"\" srcset=\"https:\/\/www.patrim.net\/wp-content\/uploads\/2015\/08\/C.I.-Colungo-00259-1024x683.jpg 1024w, https:\/\/www.patrim.net\/wp-content\/uploads\/2015\/08\/C.I.-Colungo-00259-e1505468026260-600x400.jpg 600w, https:\/\/www.patrim.net\/wp-content\/uploads\/2015\/08\/C.I.-Colungo-00259-300x200.jpg 300w, https:\/\/www.patrim.net\/wp-content\/uploads\/2015\/08\/C.I.-Colungo-00259-768x512.jpg 768w, https:\/\/www.patrim.net\/wp-content\/uploads\/2015\/08\/C.I.-Colungo-00259-1080x720.jpg 1080w, https:\/\/www.patrim.net\/wp-content\/uploads\/2015\/08\/C.I.-Colungo-00259-e1505468026260.jpg 1200w\" sizes=\"(max-width: 1024px) 100vw, 1024px\" \/><\/a>\n\t\t\t<\/div><\/figure><figure class='gallery-item'>\n\t\t\t<div class='gallery-icon landscape'>\n\t\t\t\t<a href='https:\/\/www.patrim.net\/fr\/les-centres\/prehistoire\/comarca-du-somontano\/_dsc0700\/'><img decoding=\"async\" width=\"1024\" height=\"680\" src=\"https:\/\/www.patrim.net\/wp-content\/uploads\/2015\/08\/DSC0700-1024x680.jpg\" class=\"attachment-large size-large\" alt=\"\" srcset=\"https:\/\/www.patrim.net\/wp-content\/uploads\/2015\/08\/DSC0700-1024x680.jpg 1024w, https:\/\/www.patrim.net\/wp-content\/uploads\/2015\/08\/DSC0700-e1505467984446-600x399.jpg 600w, https:\/\/www.patrim.net\/wp-content\/uploads\/2015\/08\/DSC0700-300x199.jpg 300w, https:\/\/www.patrim.net\/wp-content\/uploads\/2015\/08\/DSC0700-768x510.jpg 768w, https:\/\/www.patrim.net\/wp-content\/uploads\/2015\/08\/DSC0700-830x551.jpg 830w, https:\/\/www.patrim.net\/wp-content\/uploads\/2015\/08\/DSC0700-230x153.jpg 230w, https:\/\/www.patrim.net\/wp-content\/uploads\/2015\/08\/DSC0700-350x232.jpg 350w, https:\/\/www.patrim.net\/wp-content\/uploads\/2015\/08\/DSC0700-480x319.jpg 480w, https:\/\/www.patrim.net\/wp-content\/uploads\/2015\/08\/DSC0700-e1505467984446.jpg 1200w\" sizes=\"(max-width: 1024px) 100vw, 1024px\" \/><\/a>\n\t\t\t<\/div><\/figure><figure class='gallery-item'>\n\t\t\t<div class='gallery-icon landscape'>\n\t\t\t\t<a href='https:\/\/www.patrim.net\/fr\/les-centres\/prehistoire\/comarca-du-somontano\/rupestre-00474-2\/'><img decoding=\"async\" width=\"1024\" height=\"683\" src=\"https:\/\/www.patrim.net\/wp-content\/uploads\/2015\/08\/Rupestre-00474-1024x683.jpg\" class=\"attachment-large size-large\" alt=\"\" srcset=\"https:\/\/www.patrim.net\/wp-content\/uploads\/2015\/08\/Rupestre-00474-1024x683.jpg 1024w, https:\/\/www.patrim.net\/wp-content\/uploads\/2015\/08\/Rupestre-00474-e1505468003409-600x400.jpg 600w, https:\/\/www.patrim.net\/wp-content\/uploads\/2015\/08\/Rupestre-00474-300x200.jpg 300w, https:\/\/www.patrim.net\/wp-content\/uploads\/2015\/08\/Rupestre-00474-768x512.jpg 768w, https:\/\/www.patrim.net\/wp-content\/uploads\/2015\/08\/Rupestre-00474-830x553.jpg 830w, https:\/\/www.patrim.net\/wp-content\/uploads\/2015\/08\/Rupestre-00474-230x153.jpg 230w, https:\/\/www.patrim.net\/wp-content\/uploads\/2015\/08\/Rupestre-00474-350x233.jpg 350w, https:\/\/www.patrim.net\/wp-content\/uploads\/2015\/08\/Rupestre-00474-480x320.jpg 480w, https:\/\/www.patrim.net\/wp-content\/uploads\/2015\/08\/Rupestre-00474-e1505468003409.jpg 1200w\" sizes=\"(max-width: 1024px) 100vw, 1024px\" \/><\/a>\n\t\t\t<\/div><\/figure><figure class='gallery-item'>\n\t\t\t<div class='gallery-icon landscape'>\n\t\t\t\t<a href='https:\/\/www.patrim.net\/fr\/rupestre-00574-3\/'><img loading=\"lazy\" decoding=\"async\" width=\"1024\" height=\"682\" src=\"https:\/\/www.patrim.net\/wp-content\/uploads\/2017\/09\/Rupestre-00574-1-1024x682.jpg\" class=\"attachment-large size-large\" alt=\"\" srcset=\"https:\/\/www.patrim.net\/wp-content\/uploads\/2017\/09\/Rupestre-00574-1-1024x682.jpg 1024w, https:\/\/www.patrim.net\/wp-content\/uploads\/2017\/09\/Rupestre-00574-1-600x400.jpg 600w, https:\/\/www.patrim.net\/wp-content\/uploads\/2017\/09\/Rupestre-00574-1-300x200.jpg 300w, https:\/\/www.patrim.net\/wp-content\/uploads\/2017\/09\/Rupestre-00574-1-768x512.jpg 768w, https:\/\/www.patrim.net\/wp-content\/uploads\/2017\/09\/Rupestre-00574-1-830x553.jpg 830w, https:\/\/www.patrim.net\/wp-content\/uploads\/2017\/09\/Rupestre-00574-1-230x153.jpg 230w, https:\/\/www.patrim.net\/wp-content\/uploads\/2017\/09\/Rupestre-00574-1-350x233.jpg 350w, https:\/\/www.patrim.net\/wp-content\/uploads\/2017\/09\/Rupestre-00574-1-480x320.jpg 480w, https:\/\/www.patrim.net\/wp-content\/uploads\/2017\/09\/Rupestre-00574-1.jpg 1600w\" sizes=\"(max-width: 1024px) 100vw, 1024px\" \/><\/a>\n\t\t\t<\/div><\/figure>\n\t\t<\/div>\n\n<p>Dans le village de Colungo, le Centre propose des informations et des activit\u00e9s exp\u00e9rimentales sur l\u2019art rupestre et les soci\u00e9t\u00e9s qui l\u2019ont cr\u00e9\u00e9.<\/p>\n<p>Reproductions, dioramas, audivisuels et voyages virtuels \u00e0 travers le territoire nous rapprochent du monde de la Pr\u00e9histoire. Le centre propose plusieurs espaces: la <em>Maison Mus\u00e9e<\/em>, zone de r\u00e9ception du public, pr\u00e9sente l\u2019art rupestre dans le contexte universel et \u00e9volutif de l\u2019\u00eatre humain, comme dans le Parc Culturel du R\u00edo Vero. <em>L\u2019Espace Caverne, Source du Trucho<\/em> nous transporte dans le site pal\u00e9olithique. Et le <em>Parc Arch\u00e9ologique<\/em>, qui accueille des ateliers, montre des reconstitutions de huttes n\u00e9olithiques et de dolmens.<\/p>\n<p>Le centre est le point de d\u00e9part des visites guid\u00e9es pour les abris orn\u00e9s d\u2019art rupestre, class\u00e9s au Patrimoine Mondial par l\u2019UNESCO.<\/p>\n<p>&nbsp;<\/p>\n","protected":false},"excerpt":{"rendered":"<p>Dans le village de Colungo, le Centre propose des informations et des activit\u00e9s exp\u00e9rimentales sur l\u2019art rupestre et les soci\u00e9t\u00e9s qui l\u2019ont cr\u00e9\u00e9. Reproductions, dioramas, audivisuels et voyages virtuels \u00e0 travers le territoire nous rapprochent du monde de la Pr\u00e9histoire. Le centre propose plusieurs espaces: la Maison Mus\u00e9e, zone de r\u00e9ception du public, pr\u00e9sente l\u2019art rupestre dans le contexte universel et \u00e9volutif de l\u2019\u00eatre humain, comme dans le Parc Culturel du R\u00edo Vero. L\u2019Espace Caverne, Source du Trucho nous transporte dans le site pal\u00e9olithique. Et le Parc Arch\u00e9ologique, qui accueille des ateliers, montre des reconstitutions de huttes n\u00e9olithiques et de dolmens. Le centre est le point de d\u00e9part des visites guid\u00e9es pour les abris orn\u00e9s d\u2019art rupestre, class\u00e9s au Patrimoine Mondial par l\u2019UNESCO. &nbsp;<\/p>\n","protected":false},"author":1,"featured_media":0,"parent":1034,"menu_order":0,"comment_status":"closed","ping_status":"closed","template":"","meta":{"site-sidebar-layout":"default","site-content-layout":"","ast-site-content-layout":"default","site-content-style":"default","site-sidebar-style":"default","ast-global-header-display":"","ast-banner-title-visibility":"","ast-main-header-display":"","ast-hfb-above-header-display":"","ast-hfb-below-header-display":"","ast-hfb-mobile-header-display":"","site-post-title":"","ast-breadcrumbs-content":"","ast-featured-img":"","footer-sml-layout":"","theme-transparent-header-meta":"","adv-header-id-meta":"","stick-header-meta":"","header-above-stick-meta":"","header-main-stick-meta":"","header-below-stick-meta":"","astra-migrate-meta-layouts":"default","ast-page-background-enabled":"default","ast-page-background-meta":{"desktop":{"background-color":"var(--ast-global-color-5)","background-image":"","background-repeat":"repeat","background-position":"center center","background-size":"auto","background-attachment":"scroll","background-type":"","background-media":"","overlay-type":"","overlay-color":"","overlay-opacity":"","overlay-gradient":""},"tablet":{"background-color":"","background-image":"","background-repeat":"repeat","background-position":"center center","background-size":"auto","background-attachment":"scroll","background-type":"","background-media":"","overlay-type":"","overlay-color":"","overlay-opacity":"","overlay-gradient":""},"mobile":{"background-color":"","background-image":"","background-repeat":"repeat","background-position":"center center","background-size":"auto","background-attachment":"scroll","background-type":"","background-media":"","overlay-type":"","overlay-color":"","overlay-opacity":"","overlay-gradient":""}},"ast-content-background-meta":{"desktop":{"background-color":"var(--ast-global-color-4)","background-image":"","background-repeat":"repeat","background-position":"center center","background-size":"auto","background-attachment":"scroll","background-type":"","background-media":"","overlay-type":"","overlay-color":"","overlay-opacity":"","overlay-gradient":""},"tablet":{"background-color":"var(--ast-global-color-4)","background-image":"","background-repeat":"repeat","background-position":"center center","background-size":"auto","background-attachment":"scroll","background-type":"","background-media":"","overlay-type":"","overlay-color":"","overlay-opacity":"","overlay-gradient":""},"mobile":{"background-color":"var(--ast-global-color-4)","background-image":"","background-repeat":"repeat","background-position":"center center","background-size":"auto","background-attachment":"scroll","background-type":"","background-media":"","overlay-type":"","overlay-color":"","overlay-opacity":"","overlay-gradient":""}},"footnotes":""},"class_list":["post-700","page","type-page","status-publish","hentry"],"_links":{"self":[{"href":"https:\/\/www.patrim.net\/fr\/wp-json\/wp\/v2\/pages\/700","targetHints":{"allow":["GET"]}}],"collection":[{"href":"https:\/\/www.patrim.net\/fr\/wp-json\/wp\/v2\/pages"}],"about":[{"href":"https:\/\/www.patrim.net\/fr\/wp-json\/wp\/v2\/types\/page"}],"author":[{"embeddable":true,"href":"https:\/\/www.patrim.net\/fr\/wp-json\/wp\/v2\/users\/1"}],"replies":[{"embeddable":true,"href":"https:\/\/www.patrim.net\/fr\/wp-json\/wp\/v2\/comments?post=700"}],"version-history":[{"count":3,"href":"https:\/\/www.patrim.net\/fr\/wp-json\/wp\/v2\/pages\/700\/revisions"}],"predecessor-version":[{"id":1420,"href":"https:\/\/www.patrim.net\/fr\/wp-json\/wp\/v2\/pages\/700\/revisions\/1420"}],"up":[{"embeddable":true,"href":"https:\/\/www.patrim.net\/fr\/wp-json\/wp\/v2\/pages\/1034"}],"wp:attachment":[{"href":"https:\/\/www.patrim.net\/fr\/wp-json\/wp\/v2\/media?parent=700"}],"curies":[{"name":"wp","href":"https:\/\/api.w.org\/{rel}","templated":true}]}}