{"id":698,"date":"2015-08-25T16:37:03","date_gmt":"2015-08-25T15:37:03","guid":{"rendered":"http:\/\/www.patrim.net\/?page_id=698"},"modified":"2022-02-10T20:50:46","modified_gmt":"2022-02-10T19:50:46","slug":"chateau-de-seix","status":"publish","type":"page","link":"https:\/\/www.patrim.net\/fr\/les-centres\/histoire-et-societe\/chateau-de-seix\/","title":{"rendered":"Ch\u00e2teau de Seix &#8211; Patrimoine et cr\u00e9ation en Couserans"},"content":{"rendered":"<div id='gallery-1' class='gallery galleryid-698 gallery-columns-3 gallery-size-large'><figure class='gallery-item'>\n\t\t\t<div class='gallery-icon landscape'>\n\t\t\t\t<a href='https:\/\/www.patrim.net\/fr\/les-centres\/histoire-et-societe\/chateau-de-seix\/blason-chateau-de-seix-3\/'><img fetchpriority=\"high\" decoding=\"async\" width=\"1024\" height=\"768\" src=\"https:\/\/www.patrim.net\/wp-content\/uploads\/2015\/08\/Blason-Ch\u00e2teau-de-Seix-1-1024x768.jpg\" class=\"attachment-large size-large\" alt=\"\" srcset=\"https:\/\/www.patrim.net\/wp-content\/uploads\/2015\/08\/Blason-Ch\u00e2teau-de-Seix-1-1024x768.jpg 1024w, https:\/\/www.patrim.net\/wp-content\/uploads\/2015\/08\/Blason-Ch\u00e2teau-de-Seix-1-scaled-600x450.jpg 600w, https:\/\/www.patrim.net\/wp-content\/uploads\/2015\/08\/Blason-Ch\u00e2teau-de-Seix-1-300x225.jpg 300w, https:\/\/www.patrim.net\/wp-content\/uploads\/2015\/08\/Blason-Ch\u00e2teau-de-Seix-1-768x576.jpg 768w, https:\/\/www.patrim.net\/wp-content\/uploads\/2015\/08\/Blason-Ch\u00e2teau-de-Seix-1-830x623.jpg 830w, https:\/\/www.patrim.net\/wp-content\/uploads\/2015\/08\/Blason-Ch\u00e2teau-de-Seix-1-230x173.jpg 230w, https:\/\/www.patrim.net\/wp-content\/uploads\/2015\/08\/Blason-Ch\u00e2teau-de-Seix-1-350x263.jpg 350w, https:\/\/www.patrim.net\/wp-content\/uploads\/2015\/08\/Blason-Ch\u00e2teau-de-Seix-1-480x360.jpg 480w\" sizes=\"(max-width: 1024px) 100vw, 1024px\" \/><\/a>\n\t\t\t<\/div><\/figure><figure class='gallery-item'>\n\t\t\t<div class='gallery-icon landscape'>\n\t\t\t\t<a href='https:\/\/www.patrim.net\/fr\/les-centres\/histoire-et-societe\/chateau-de-seix\/entree-jardin\/'><img decoding=\"async\" width=\"1024\" height=\"768\" src=\"https:\/\/www.patrim.net\/wp-content\/uploads\/2015\/08\/entr\u00e9e-jardin-1024x768.jpg\" class=\"attachment-large size-large\" alt=\"\" srcset=\"https:\/\/www.patrim.net\/wp-content\/uploads\/2015\/08\/entr\u00e9e-jardin-1024x768.jpg 1024w, https:\/\/www.patrim.net\/wp-content\/uploads\/2015\/08\/entr\u00e9e-jardin-scaled-600x450.jpg 600w, https:\/\/www.patrim.net\/wp-content\/uploads\/2015\/08\/entr\u00e9e-jardin-300x225.jpg 300w, https:\/\/www.patrim.net\/wp-content\/uploads\/2015\/08\/entr\u00e9e-jardin-768x576.jpg 768w, https:\/\/www.patrim.net\/wp-content\/uploads\/2015\/08\/entr\u00e9e-jardin-830x623.jpg 830w, https:\/\/www.patrim.net\/wp-content\/uploads\/2015\/08\/entr\u00e9e-jardin-230x173.jpg 230w, https:\/\/www.patrim.net\/wp-content\/uploads\/2015\/08\/entr\u00e9e-jardin-350x263.jpg 350w, https:\/\/www.patrim.net\/wp-content\/uploads\/2015\/08\/entr\u00e9e-jardin-480x360.jpg 480w\" sizes=\"(max-width: 1024px) 100vw, 1024px\" \/><\/a>\n\t\t\t<\/div><\/figure><figure class='gallery-item'>\n\t\t\t<div class='gallery-icon landscape'>\n\t\t\t\t<a href='https:\/\/www.patrim.net\/fr\/les-centres\/histoire-et-societe\/chateau-de-seix\/le-chateau-de-seix-centre-dinterpretation-du-patrimoine-des-vallees-du-haut-salat-photo-cccoust-2\/'><img decoding=\"async\" width=\"1024\" height=\"826\" src=\"https:\/\/www.patrim.net\/wp-content\/uploads\/2015\/08\/Le-Ch\u00e2teau-de-Seix-centre-dinterpr\u00e9tation-du-patrimoine-des-vall\u00e9es-du-Haut-Salat.-Photo-CCCOust-1-1024x826.jpg\" class=\"attachment-large size-large\" alt=\"\" srcset=\"https:\/\/www.patrim.net\/wp-content\/uploads\/2015\/08\/Le-Ch\u00e2teau-de-Seix-centre-dinterpr\u00e9tation-du-patrimoine-des-vall\u00e9es-du-Haut-Salat.-Photo-CCCOust-1-1024x826.jpg 1024w, https:\/\/www.patrim.net\/wp-content\/uploads\/2015\/08\/Le-Ch\u00e2teau-de-Seix-centre-dinterpr\u00e9tation-du-patrimoine-des-vall\u00e9es-du-Haut-Salat.-Photo-CCCOust-1-scaled-600x484.jpg 600w, https:\/\/www.patrim.net\/wp-content\/uploads\/2015\/08\/Le-Ch\u00e2teau-de-Seix-centre-dinterpr\u00e9tation-du-patrimoine-des-vall\u00e9es-du-Haut-Salat.-Photo-CCCOust-1-300x242.jpg 300w, https:\/\/www.patrim.net\/wp-content\/uploads\/2015\/08\/Le-Ch\u00e2teau-de-Seix-centre-dinterpr\u00e9tation-du-patrimoine-des-vall\u00e9es-du-Haut-Salat.-Photo-CCCOust-1-768x619.jpg 768w, https:\/\/www.patrim.net\/wp-content\/uploads\/2015\/08\/Le-Ch\u00e2teau-de-Seix-centre-dinterpr\u00e9tation-du-patrimoine-des-vall\u00e9es-du-Haut-Salat.-Photo-CCCOust-1-830x669.jpg 830w, https:\/\/www.patrim.net\/wp-content\/uploads\/2015\/08\/Le-Ch\u00e2teau-de-Seix-centre-dinterpr\u00e9tation-du-patrimoine-des-vall\u00e9es-du-Haut-Salat.-Photo-CCCOust-1-230x186.jpg 230w, https:\/\/www.patrim.net\/wp-content\/uploads\/2015\/08\/Le-Ch\u00e2teau-de-Seix-centre-dinterpr\u00e9tation-du-patrimoine-des-vall\u00e9es-du-Haut-Salat.-Photo-CCCOust-1-350x282.jpg 350w, https:\/\/www.patrim.net\/wp-content\/uploads\/2015\/08\/Le-Ch\u00e2teau-de-Seix-centre-dinterpr\u00e9tation-du-patrimoine-des-vall\u00e9es-du-Haut-Salat.-Photo-CCCOust-1-480x387.jpg 480w\" sizes=\"(max-width: 1024px) 100vw, 1024px\" \/><\/a>\n\t\t\t<\/div><\/figure><figure class='gallery-item'>\n\t\t\t<div class='gallery-icon landscape'>\n\t\t\t\t<a href='https:\/\/www.patrim.net\/fr\/les-centres\/histoire-et-societe\/chateau-de-seix\/olympus-digital-camera-7\/'><img loading=\"lazy\" decoding=\"async\" width=\"1024\" height=\"768\" src=\"https:\/\/www.patrim.net\/wp-content\/uploads\/2015\/08\/CCCO-salle-ethno-Ch\u00e2teau-de-Seix-Photo-Herv\u00e9-Rieu-1-1024x768.jpg\" class=\"attachment-large size-large\" alt=\"\" srcset=\"https:\/\/www.patrim.net\/wp-content\/uploads\/2015\/08\/CCCO-salle-ethno-Ch\u00e2teau-de-Seix-Photo-Herv\u00e9-Rieu-1-1024x768.jpg 1024w, https:\/\/www.patrim.net\/wp-content\/uploads\/2015\/08\/CCCO-salle-ethno-Ch\u00e2teau-de-Seix-Photo-Herv\u00e9-Rieu-1-scaled-600x450.jpg 600w, https:\/\/www.patrim.net\/wp-content\/uploads\/2015\/08\/CCCO-salle-ethno-Ch\u00e2teau-de-Seix-Photo-Herv\u00e9-Rieu-1-300x225.jpg 300w, https:\/\/www.patrim.net\/wp-content\/uploads\/2015\/08\/CCCO-salle-ethno-Ch\u00e2teau-de-Seix-Photo-Herv\u00e9-Rieu-1-768x576.jpg 768w, https:\/\/www.patrim.net\/wp-content\/uploads\/2015\/08\/CCCO-salle-ethno-Ch\u00e2teau-de-Seix-Photo-Herv\u00e9-Rieu-1-830x623.jpg 830w, https:\/\/www.patrim.net\/wp-content\/uploads\/2015\/08\/CCCO-salle-ethno-Ch\u00e2teau-de-Seix-Photo-Herv\u00e9-Rieu-1-230x173.jpg 230w, https:\/\/www.patrim.net\/wp-content\/uploads\/2015\/08\/CCCO-salle-ethno-Ch\u00e2teau-de-Seix-Photo-Herv\u00e9-Rieu-1-350x263.jpg 350w, https:\/\/www.patrim.net\/wp-content\/uploads\/2015\/08\/CCCO-salle-ethno-Ch\u00e2teau-de-Seix-Photo-Herv\u00e9-Rieu-1-480x360.jpg 480w\" sizes=\"(max-width: 1024px) 100vw, 1024px\" \/><\/a>\n\t\t\t<\/div><\/figure><figure class='gallery-item'>\n\t\t\t<div class='gallery-icon landscape'>\n\t\t\t\t<a href='https:\/\/www.patrim.net\/fr\/les-centres\/histoire-et-societe\/chateau-de-seix\/concert-chateau-de-seix-11-09-2010-25-3\/'><img loading=\"lazy\" decoding=\"async\" width=\"1024\" height=\"683\" src=\"https:\/\/www.patrim.net\/wp-content\/uploads\/2015\/08\/Concert-Ch\u00e2teau-de-Seix-11-09-2010.-25-1-1024x683.jpg\" class=\"attachment-large size-large\" alt=\"\" srcset=\"https:\/\/www.patrim.net\/wp-content\/uploads\/2015\/08\/Concert-Ch\u00e2teau-de-Seix-11-09-2010.-25-1-1024x683.jpg 1024w, https:\/\/www.patrim.net\/wp-content\/uploads\/2015\/08\/Concert-Ch\u00e2teau-de-Seix-11-09-2010.-25-1-scaled-600x400.jpg 600w, https:\/\/www.patrim.net\/wp-content\/uploads\/2015\/08\/Concert-Ch\u00e2teau-de-Seix-11-09-2010.-25-1-300x200.jpg 300w, https:\/\/www.patrim.net\/wp-content\/uploads\/2015\/08\/Concert-Ch\u00e2teau-de-Seix-11-09-2010.-25-1-768x512.jpg 768w, https:\/\/www.patrim.net\/wp-content\/uploads\/2015\/08\/Concert-Ch\u00e2teau-de-Seix-11-09-2010.-25-1-830x553.jpg 830w, https:\/\/www.patrim.net\/wp-content\/uploads\/2015\/08\/Concert-Ch\u00e2teau-de-Seix-11-09-2010.-25-1-230x153.jpg 230w, https:\/\/www.patrim.net\/wp-content\/uploads\/2015\/08\/Concert-Ch\u00e2teau-de-Seix-11-09-2010.-25-1-350x233.jpg 350w, https:\/\/www.patrim.net\/wp-content\/uploads\/2015\/08\/Concert-Ch\u00e2teau-de-Seix-11-09-2010.-25-1-480x320.jpg 480w\" sizes=\"(max-width: 1024px) 100vw, 1024px\" \/><\/a>\n\t\t\t<\/div><\/figure><figure class='gallery-item'>\n\t\t\t<div class='gallery-icon landscape'>\n\t\t\t\t<a href='https:\/\/www.patrim.net\/fr\/les-centres\/histoire-et-societe\/chateau-de-seix\/olympus-digital-camera-8\/'><img loading=\"lazy\" decoding=\"async\" width=\"1024\" height=\"768\" src=\"https:\/\/www.patrim.net\/wp-content\/uploads\/2015\/08\/maquette-du-Ch\u00e2teau-de-Seix-photo-Herv\u00e9-Rieu-1024x768.jpg\" class=\"attachment-large size-large\" alt=\"\" srcset=\"https:\/\/www.patrim.net\/wp-content\/uploads\/2015\/08\/maquette-du-Ch\u00e2teau-de-Seix-photo-Herv\u00e9-Rieu-1024x768.jpg 1024w, https:\/\/www.patrim.net\/wp-content\/uploads\/2015\/08\/maquette-du-Ch\u00e2teau-de-Seix-photo-Herv\u00e9-Rieu-scaled-600x450.jpg 600w, https:\/\/www.patrim.net\/wp-content\/uploads\/2015\/08\/maquette-du-Ch\u00e2teau-de-Seix-photo-Herv\u00e9-Rieu-300x225.jpg 300w, https:\/\/www.patrim.net\/wp-content\/uploads\/2015\/08\/maquette-du-Ch\u00e2teau-de-Seix-photo-Herv\u00e9-Rieu-768x576.jpg 768w, https:\/\/www.patrim.net\/wp-content\/uploads\/2015\/08\/maquette-du-Ch\u00e2teau-de-Seix-photo-Herv\u00e9-Rieu-830x623.jpg 830w, https:\/\/www.patrim.net\/wp-content\/uploads\/2015\/08\/maquette-du-Ch\u00e2teau-de-Seix-photo-Herv\u00e9-Rieu-230x173.jpg 230w, https:\/\/www.patrim.net\/wp-content\/uploads\/2015\/08\/maquette-du-Ch\u00e2teau-de-Seix-photo-Herv\u00e9-Rieu-350x263.jpg 350w, https:\/\/www.patrim.net\/wp-content\/uploads\/2015\/08\/maquette-du-Ch\u00e2teau-de-Seix-photo-Herv\u00e9-Rieu-480x360.jpg 480w\" sizes=\"(max-width: 1024px) 100vw, 1024px\" \/><\/a>\n\t\t\t<\/div><\/figure>\n\t\t<\/div>\n\n<p><strong>D\u00e9couvrez le patrimoine des Pyr\u00e9n\u00e9es centrales\u00a0!<\/strong><\/p>\n<p>Poussez la porte du Ch\u00e2teau de Seix, Monument Historique du XVIe si\u00e8cle, et d\u00e9couvrez le centre d\u2019interpr\u00e9tation du patrimoine des vall\u00e9es du Couserans\u00a0:<\/p>\n<p>pilotez un h\u00e9licopt\u00e8re virtuel au-dessus des Pyr\u00e9n\u00e9es sur la maquette multim\u00e9dia,<br \/>\nassistez \u00e0 la formation de la montagne et rep\u00e9rez-vous dans cette mosa\u00efque de roches,<br \/>\nd\u00e9celez les atouts et les exigences de la vie dans une vall\u00e9e glaciaire,<br \/>\nplongez dans une histoire mouvement\u00e9e, de l\u2019\u00e9poque gallo-romaine jusqu\u2019\u00e0 nos jours,<br \/>\nadmirez les petites \u00e9glises romanes,<br \/>\nmarchez dans les pas des montreurs d\u2019ours, des passeurs et des bergers sans fronti\u00e8res\u2026<\/p>\n<p>Au fil des salles, partagez un peu de la vie des hommes et des femmes de ces montagnes\u00a0!<\/p>\n","protected":false},"excerpt":{"rendered":"<p>D\u00e9couvrez le patrimoine des Pyr\u00e9n\u00e9es centrales\u00a0! Poussez la porte du Ch\u00e2teau de Seix, Monument Historique du XVIe si\u00e8cle, et d\u00e9couvrez le centre d\u2019interpr\u00e9tation du patrimoine des vall\u00e9es du Couserans\u00a0: pilotez un h\u00e9licopt\u00e8re virtuel au-dessus des Pyr\u00e9n\u00e9es sur la maquette multim\u00e9dia, assistez \u00e0 la formation de la montagne et rep\u00e9rez-vous dans cette mosa\u00efque de roches, d\u00e9celez les atouts et les exigences de la vie dans une vall\u00e9e glaciaire, plongez dans une histoire mouvement\u00e9e, de l\u2019\u00e9poque gallo-romaine jusqu\u2019\u00e0 nos jours, admirez les petites \u00e9glises romanes, marchez dans les pas des montreurs d\u2019ours, des passeurs et des bergers sans fronti\u00e8res\u2026 Au fil des salles, partagez un peu de la vie des hommes et des femmes de ces montagnes\u00a0!<\/p>\n","protected":false},"author":1,"featured_media":1048,"parent":1032,"menu_order":0,"comment_status":"closed","ping_status":"closed","template":"","meta":{"site-sidebar-layout":"default","site-content-layout":"","ast-site-content-layout":"default","site-content-style":"default","site-sidebar-style":"default","ast-global-header-display":"","ast-banner-title-visibility":"","ast-main-header-display":"","ast-hfb-above-header-display":"","ast-hfb-below-header-display":"","ast-hfb-mobile-header-display":"","site-post-title":"","ast-breadcrumbs-content":"","ast-featured-img":"","footer-sml-layout":"","theme-transparent-header-meta":"","adv-header-id-meta":"","stick-header-meta":"","header-above-stick-meta":"","header-main-stick-meta":"","header-below-stick-meta":"","astra-migrate-meta-layouts":"default","ast-page-background-enabled":"default","ast-page-background-meta":{"desktop":{"background-color":"var(--ast-global-color-5)","background-image":"","background-repeat":"repeat","background-position":"center center","background-size":"auto","background-attachment":"scroll","background-type":"","background-media":"","overlay-type":"","overlay-color":"","overlay-opacity":"","overlay-gradient":""},"tablet":{"background-color":"","background-image":"","background-repeat":"repeat","background-position":"center center","background-size":"auto","background-attachment":"scroll","background-type":"","background-media":"","overlay-type":"","overlay-color":"","overlay-opacity":"","overlay-gradient":""},"mobile":{"background-color":"","background-image":"","background-repeat":"repeat","background-position":"center center","background-size":"auto","background-attachment":"scroll","background-type":"","background-media":"","overlay-type":"","overlay-color":"","overlay-opacity":"","overlay-gradient":""}},"ast-content-background-meta":{"desktop":{"background-color":"var(--ast-global-color-4)","background-image":"","background-repeat":"repeat","background-position":"center center","background-size":"auto","background-attachment":"scroll","background-type":"","background-media":"","overlay-type":"","overlay-color":"","overlay-opacity":"","overlay-gradient":""},"tablet":{"background-color":"var(--ast-global-color-4)","background-image":"","background-repeat":"repeat","background-position":"center center","background-size":"auto","background-attachment":"scroll","background-type":"","background-media":"","overlay-type":"","overlay-color":"","overlay-opacity":"","overlay-gradient":""},"mobile":{"background-color":"var(--ast-global-color-4)","background-image":"","background-repeat":"repeat","background-position":"center center","background-size":"auto","background-attachment":"scroll","background-type":"","background-media":"","overlay-type":"","overlay-color":"","overlay-opacity":"","overlay-gradient":""}},"footnotes":""},"class_list":["post-698","page","type-page","status-publish","has-post-thumbnail","hentry"],"_links":{"self":[{"href":"https:\/\/www.patrim.net\/fr\/wp-json\/wp\/v2\/pages\/698","targetHints":{"allow":["GET"]}}],"collection":[{"href":"https:\/\/www.patrim.net\/fr\/wp-json\/wp\/v2\/pages"}],"about":[{"href":"https:\/\/www.patrim.net\/fr\/wp-json\/wp\/v2\/types\/page"}],"author":[{"embeddable":true,"href":"https:\/\/www.patrim.net\/fr\/wp-json\/wp\/v2\/users\/1"}],"replies":[{"embeddable":true,"href":"https:\/\/www.patrim.net\/fr\/wp-json\/wp\/v2\/comments?post=698"}],"version-history":[{"count":13,"href":"https:\/\/www.patrim.net\/fr\/wp-json\/wp\/v2\/pages\/698\/revisions"}],"predecessor-version":[{"id":4268,"href":"https:\/\/www.patrim.net\/fr\/wp-json\/wp\/v2\/pages\/698\/revisions\/4268"}],"up":[{"embeddable":true,"href":"https:\/\/www.patrim.net\/fr\/wp-json\/wp\/v2\/pages\/1032"}],"wp:featuredmedia":[{"embeddable":true,"href":"https:\/\/www.patrim.net\/fr\/wp-json\/wp\/v2\/media\/1048"}],"wp:attachment":[{"href":"https:\/\/www.patrim.net\/fr\/wp-json\/wp\/v2\/media?parent=698"}],"curies":[{"name":"wp","href":"https:\/\/api.w.org\/{rel}","templated":true}]}}