{"id":696,"date":"2015-08-25T16:36:37","date_gmt":"2015-08-25T15:36:37","guid":{"rendered":"http:\/\/www.patrim.net\/?page_id=696"},"modified":"2022-02-15T19:08:23","modified_gmt":"2022-02-15T18:08:23","slug":"centro-de-interpretacion-ramon-y-cajal","status":"publish","type":"page","link":"https:\/\/www.patrim.net\/fr\/les-centres\/histoire-et-societe\/centro-de-interpretacion-ramon-y-cajal\/","title":{"rendered":"Centre d&#8217;interpr\u00e9tation Ram\u00f3n y Cajal"},"content":{"rendered":"<div id='gallery-1' class='gallery galleryid-696 gallery-columns-3 gallery-size-large'><figure class='gallery-item'>\n\t\t\t<div class='gallery-icon landscape'>\n\t\t\t\t<a href='https:\/\/www.patrim.net\/fr\/les-centres\/histoire-et-societe\/centro-de-interpretacion-ramon-y-cajal\/p1050474\/'><img fetchpriority=\"high\" decoding=\"async\" width=\"1024\" height=\"768\" src=\"https:\/\/www.patrim.net\/wp-content\/uploads\/2015\/08\/P1050474-1024x768.jpg\" class=\"attachment-large size-large\" alt=\"\" srcset=\"https:\/\/www.patrim.net\/wp-content\/uploads\/2015\/08\/P1050474-1024x768.jpg 1024w, https:\/\/www.patrim.net\/wp-content\/uploads\/2015\/08\/P1050474-600x450.jpg 600w, https:\/\/www.patrim.net\/wp-content\/uploads\/2015\/08\/P1050474-300x225.jpg 300w, https:\/\/www.patrim.net\/wp-content\/uploads\/2015\/08\/P1050474-768x576.jpg 768w, https:\/\/www.patrim.net\/wp-content\/uploads\/2015\/08\/P1050474-830x623.jpg 830w, https:\/\/www.patrim.net\/wp-content\/uploads\/2015\/08\/P1050474-230x173.jpg 230w, https:\/\/www.patrim.net\/wp-content\/uploads\/2015\/08\/P1050474-350x263.jpg 350w, https:\/\/www.patrim.net\/wp-content\/uploads\/2015\/08\/P1050474-480x360.jpg 480w\" sizes=\"(max-width: 1024px) 100vw, 1024px\" \/><\/a>\n\t\t\t<\/div><\/figure><figure class='gallery-item'>\n\t\t\t<div class='gallery-icon landscape'>\n\t\t\t\t<a href='https:\/\/www.patrim.net\/fr\/les-centres\/histoire-et-societe\/centro-de-interpretacion-ramon-y-cajal\/p1050472\/'><img decoding=\"async\" width=\"1024\" height=\"768\" src=\"https:\/\/www.patrim.net\/wp-content\/uploads\/2015\/08\/P1050472-1024x768.jpg\" class=\"attachment-large size-large\" alt=\"\" srcset=\"https:\/\/www.patrim.net\/wp-content\/uploads\/2015\/08\/P1050472-1024x768.jpg 1024w, https:\/\/www.patrim.net\/wp-content\/uploads\/2015\/08\/P1050472-600x450.jpg 600w, https:\/\/www.patrim.net\/wp-content\/uploads\/2015\/08\/P1050472-300x225.jpg 300w, https:\/\/www.patrim.net\/wp-content\/uploads\/2015\/08\/P1050472-768x576.jpg 768w, https:\/\/www.patrim.net\/wp-content\/uploads\/2015\/08\/P1050472-830x623.jpg 830w, https:\/\/www.patrim.net\/wp-content\/uploads\/2015\/08\/P1050472-230x173.jpg 230w, https:\/\/www.patrim.net\/wp-content\/uploads\/2015\/08\/P1050472-350x263.jpg 350w, https:\/\/www.patrim.net\/wp-content\/uploads\/2015\/08\/P1050472-480x360.jpg 480w\" sizes=\"(max-width: 1024px) 100vw, 1024px\" \/><\/a>\n\t\t\t<\/div><\/figure><figure class='gallery-item'>\n\t\t\t<div class='gallery-icon landscape'>\n\t\t\t\t<a href='https:\/\/www.patrim.net\/fr\/les-centres\/histoire-et-societe\/centro-de-interpretacion-ramon-y-cajal\/ayerbe-centro-santiago-ramon-y-cajal\/'><img decoding=\"async\" width=\"1024\" height=\"768\" src=\"https:\/\/www.patrim.net\/wp-content\/uploads\/2015\/08\/Ayerbe-Centro-Santiago-Ramon-y-Cajal-1024x768.jpg\" class=\"attachment-large size-large\" alt=\"\" srcset=\"https:\/\/www.patrim.net\/wp-content\/uploads\/2015\/08\/Ayerbe-Centro-Santiago-Ramon-y-Cajal-1024x768.jpg 1024w, https:\/\/www.patrim.net\/wp-content\/uploads\/2015\/08\/Ayerbe-Centro-Santiago-Ramon-y-Cajal-600x450.jpg 600w, https:\/\/www.patrim.net\/wp-content\/uploads\/2015\/08\/Ayerbe-Centro-Santiago-Ramon-y-Cajal-300x225.jpg 300w, https:\/\/www.patrim.net\/wp-content\/uploads\/2015\/08\/Ayerbe-Centro-Santiago-Ramon-y-Cajal-768x576.jpg 768w, https:\/\/www.patrim.net\/wp-content\/uploads\/2015\/08\/Ayerbe-Centro-Santiago-Ramon-y-Cajal-830x623.jpg 830w, https:\/\/www.patrim.net\/wp-content\/uploads\/2015\/08\/Ayerbe-Centro-Santiago-Ramon-y-Cajal-230x173.jpg 230w, https:\/\/www.patrim.net\/wp-content\/uploads\/2015\/08\/Ayerbe-Centro-Santiago-Ramon-y-Cajal-350x263.jpg 350w, https:\/\/www.patrim.net\/wp-content\/uploads\/2015\/08\/Ayerbe-Centro-Santiago-Ramon-y-Cajal-480x360.jpg 480w\" sizes=\"(max-width: 1024px) 100vw, 1024px\" \/><\/a>\n\t\t\t<\/div><\/figure><figure class='gallery-item'>\n\t\t\t<div class='gallery-icon landscape'>\n\t\t\t\t<a href='https:\/\/www.patrim.net\/fr\/les-centres\/histoire-et-societe\/centro-de-interpretacion-ramon-y-cajal\/ayerbe-4\/'><img loading=\"lazy\" decoding=\"async\" width=\"1024\" height=\"768\" src=\"https:\/\/www.patrim.net\/wp-content\/uploads\/2015\/08\/Ayerbe-1-1024x768.jpg\" class=\"attachment-large size-large\" alt=\"\" srcset=\"https:\/\/www.patrim.net\/wp-content\/uploads\/2015\/08\/Ayerbe-1-1024x768.jpg 1024w, https:\/\/www.patrim.net\/wp-content\/uploads\/2015\/08\/Ayerbe-1-600x450.jpg 600w, https:\/\/www.patrim.net\/wp-content\/uploads\/2015\/08\/Ayerbe-1-300x225.jpg 300w, https:\/\/www.patrim.net\/wp-content\/uploads\/2015\/08\/Ayerbe-1-768x576.jpg 768w, https:\/\/www.patrim.net\/wp-content\/uploads\/2015\/08\/Ayerbe-1-830x623.jpg 830w, https:\/\/www.patrim.net\/wp-content\/uploads\/2015\/08\/Ayerbe-1-230x173.jpg 230w, https:\/\/www.patrim.net\/wp-content\/uploads\/2015\/08\/Ayerbe-1-350x263.jpg 350w, https:\/\/www.patrim.net\/wp-content\/uploads\/2015\/08\/Ayerbe-1-480x360.jpg 480w\" sizes=\"(max-width: 1024px) 100vw, 1024px\" \/><\/a>\n\t\t\t<\/div><\/figure><figure class='gallery-item'>\n\t\t\t<div class='gallery-icon landscape'>\n\t\t\t\t<a href='https:\/\/www.patrim.net\/fr\/les-centres\/histoire-et-societe\/centro-de-interpretacion-ramon-y-cajal\/mision-neurolab-a-copia\/'><img loading=\"lazy\" decoding=\"async\" width=\"1024\" height=\"768\" src=\"https:\/\/www.patrim.net\/wp-content\/uploads\/2015\/08\/Misi\u00f3n-Neurolab-a-copia-1024x768.jpg\" class=\"attachment-large size-large\" alt=\"\" srcset=\"https:\/\/www.patrim.net\/wp-content\/uploads\/2015\/08\/Misi\u00f3n-Neurolab-a-copia-1024x768.jpg 1024w, https:\/\/www.patrim.net\/wp-content\/uploads\/2015\/08\/Misi\u00f3n-Neurolab-a-copia-600x450.jpg 600w, https:\/\/www.patrim.net\/wp-content\/uploads\/2015\/08\/Misi\u00f3n-Neurolab-a-copia-300x225.jpg 300w, https:\/\/www.patrim.net\/wp-content\/uploads\/2015\/08\/Misi\u00f3n-Neurolab-a-copia-768x576.jpg 768w, https:\/\/www.patrim.net\/wp-content\/uploads\/2015\/08\/Misi\u00f3n-Neurolab-a-copia-830x623.jpg 830w, https:\/\/www.patrim.net\/wp-content\/uploads\/2015\/08\/Misi\u00f3n-Neurolab-a-copia-230x173.jpg 230w, https:\/\/www.patrim.net\/wp-content\/uploads\/2015\/08\/Misi\u00f3n-Neurolab-a-copia-350x263.jpg 350w, https:\/\/www.patrim.net\/wp-content\/uploads\/2015\/08\/Misi\u00f3n-Neurolab-a-copia-480x360.jpg 480w, https:\/\/www.patrim.net\/wp-content\/uploads\/2015\/08\/Misi\u00f3n-Neurolab-a-copia.jpg 1600w\" sizes=\"(max-width: 1024px) 100vw, 1024px\" \/><\/a>\n\t\t\t<\/div><\/figure><figure class='gallery-item'>\n\t\t\t<div class='gallery-icon landscape'>\n\t\t\t\t<a href='https:\/\/www.patrim.net\/fr\/les-centres\/histoire-et-societe\/centro-de-interpretacion-ramon-y-cajal\/imgp7496\/'><img loading=\"lazy\" decoding=\"async\" width=\"1024\" height=\"768\" src=\"https:\/\/www.patrim.net\/wp-content\/uploads\/2015\/08\/IMGP7496-1024x768.jpg\" class=\"attachment-large size-large\" alt=\"\" srcset=\"https:\/\/www.patrim.net\/wp-content\/uploads\/2015\/08\/IMGP7496.jpg 1024w, https:\/\/www.patrim.net\/wp-content\/uploads\/2015\/08\/IMGP7496-600x450.jpg 600w, https:\/\/www.patrim.net\/wp-content\/uploads\/2015\/08\/IMGP7496-300x225.jpg 300w, https:\/\/www.patrim.net\/wp-content\/uploads\/2015\/08\/IMGP7496-768x576.jpg 768w, https:\/\/www.patrim.net\/wp-content\/uploads\/2015\/08\/IMGP7496-830x623.jpg 830w, https:\/\/www.patrim.net\/wp-content\/uploads\/2015\/08\/IMGP7496-230x173.jpg 230w, https:\/\/www.patrim.net\/wp-content\/uploads\/2015\/08\/IMGP7496-350x263.jpg 350w, https:\/\/www.patrim.net\/wp-content\/uploads\/2015\/08\/IMGP7496-480x360.jpg 480w\" sizes=\"(max-width: 1024px) 100vw, 1024px\" \/><\/a>\n\t\t\t<\/div><\/figure>\n\t\t<\/div>\n\n<p style=\"text-align: justify;\">C&#8217;est dans la commune d&#8217;Ayerbe que se trouve la maison dans laquelle Ram\u00f3n y Cajal passa son enfance, de 1860 \u00e0 1869. Elle est aujourd&#8217;hui am\u00e9nag\u00e9e en un Centre d&#8217;Interpr\u00e9tation d\u2019o\u00f9 le visiteur sort avec une id\u00e9e assez claire de ce que fut sa vie et de l&#8217;importance de son legs scientifique.<\/p>\n<p style=\"text-align: justify;\">Le Centre, inaugur\u00e9 en 1999, r\u00e9unit une grande partie de ce legs. La pr\u00e9sentation, claire et didactique, tire le meilleur parti d&#8217;un \u00e9difice long et \u00e9troit avec le souci de pr\u00e9server la structure originelle. On peut d\u00e9couvrir les nombreuses facettes de ce scientifique, prix Nobel de m\u00e9decine, qui fut aussi \u00e9crivain, photographe, dessinateur, amateur d&#8217;astronomie, politicien \u00e0 l&#8217;occasion, etc.<\/p>\n<p style=\"text-align: justify;\">Le rez-de-chauss\u00e9e offre un r\u00e9sum\u00e9 de sa biographie de m\u00eame que des \u00e9chantillons de son travail de photographe, peu connu, alors qu&#8217;il fut un des pionniers dans le domaine de la photographie en couleur et en relief. Le premier \u00e9tage est centr\u00e9 sur son enfance et sa jeunesse, ses \u00e9tudes, ses lectures, ses souvenirs scolaires, ses jeux, les \u00e9tudes de m\u00e9decine, ses d\u00e9buts dans le monde du dessin et de la peinture. Sa participation, en tant que m\u00e9decin, \u00e0 la guerre de Cuba fait l&#8217;objet d&#8217;une animation audiovisuelle. Le parcours scientifique de Cajal est retrac\u00e9 au second \u00e9tage o\u00f9 l&#8217;on peut admirer des objets authentiques, ses dessins et des planches anatomiques, principalement des huiles, qui surprennent le visiteur par leur qualit\u00e9 picturale. Un second sc\u00e9nario audiovisuel tente d&#8217;expliquer, sous une forme didactique, les principales d\u00e9couvertes faites par Cajal dans son domaine de recherche. Est \u00e9galement expos\u00e9e une s\u00e9rie de microscopes acquis aux Etats-Unis, identiques \u00e0 ceux qu&#8217;il utilisait. La visite se termine au dernier \u00e9tage par des panneaux qui mettent en avant les honneurs et distinctions obtenus par Cajal et ses disciples, la modernit\u00e9 de son oeuvre, et sa facette d&#8217;\u00e9crivain.<\/p>\n<p style=\"text-align: justify;\">Le centre est dot\u00e9 d&#8217;une boutique o\u00f9 l&#8217;on peut acheter divers articles relatifs au savant, entre autres, quatre de ses ouvrages r\u00e9\u00e9dit\u00e9s r\u00e9cemment.<\/p>\n","protected":false},"excerpt":{"rendered":"<p>C&#8217;est dans la commune d&#8217;Ayerbe que se trouve la maison dans laquelle Ram\u00f3n y Cajal passa son enfance, de 1860 \u00e0 1869. Elle est aujourd&#8217;hui am\u00e9nag\u00e9e en un Centre d&#8217;Interpr\u00e9tation d\u2019o\u00f9 le visiteur sort avec une id\u00e9e assez claire de ce que fut sa vie et de l&#8217;importance de son legs scientifique. Le Centre, inaugur\u00e9 en 1999, r\u00e9unit une grande partie de ce legs. La pr\u00e9sentation, claire et didactique, tire le meilleur parti d&#8217;un \u00e9difice long et \u00e9troit avec le souci de pr\u00e9server la structure originelle. On peut d\u00e9couvrir les nombreuses facettes de ce scientifique, prix Nobel de m\u00e9decine, qui fut aussi \u00e9crivain, photographe, dessinateur, amateur d&#8217;astronomie, politicien \u00e0 l&#8217;occasion, etc. Le rez-de-chauss\u00e9e offre un r\u00e9sum\u00e9 de sa biographie de m\u00eame que des \u00e9chantillons de son travail de photographe, peu connu, alors qu&#8217;il fut un des pionniers dans le domaine de la photographie en couleur et en relief. Le premier \u00e9tage est centr\u00e9 sur son enfance et sa jeunesse, ses \u00e9tudes, ses lectures, ses souvenirs scolaires, ses jeux, les \u00e9tudes de m\u00e9decine, ses d\u00e9buts dans le monde du dessin et de la peinture. Sa participation, en tant que m\u00e9decin, \u00e0 la guerre de Cuba fait l&#8217;objet d&#8217;une animation audiovisuelle. Le parcours scientifique de Cajal est retrac\u00e9 au second \u00e9tage o\u00f9 l&#8217;on peut admirer des objets authentiques, ses dessins et des planches anatomiques, principalement des huiles, qui surprennent le visiteur par leur qualit\u00e9 picturale. Un second sc\u00e9nario audiovisuel tente d&#8217;expliquer, sous une forme didactique, les principales d\u00e9couvertes faites par Cajal dans son domaine de recherche. Est \u00e9galement expos\u00e9e une s\u00e9rie de microscopes acquis aux Etats-Unis, identiques \u00e0 ceux qu&#8217;il utilisait. La visite se termine au dernier \u00e9tage par des panneaux qui mettent en avant les honneurs et distinctions obtenus par Cajal et ses disciples, la modernit\u00e9 de son oeuvre, et sa facette d&#8217;\u00e9crivain. Le centre est dot\u00e9 d&#8217;une boutique o\u00f9 l&#8217;on peut acheter divers articles relatifs au savant, entre autres, quatre de ses ouvrages r\u00e9\u00e9dit\u00e9s r\u00e9cemment.<\/p>\n","protected":false},"author":1,"featured_media":0,"parent":1032,"menu_order":0,"comment_status":"closed","ping_status":"closed","template":"","meta":{"site-sidebar-layout":"default","site-content-layout":"","ast-site-content-layout":"default","site-content-style":"default","site-sidebar-style":"default","ast-global-header-display":"","ast-banner-title-visibility":"","ast-main-header-display":"","ast-hfb-above-header-display":"","ast-hfb-below-header-display":"","ast-hfb-mobile-header-display":"","site-post-title":"","ast-breadcrumbs-content":"","ast-featured-img":"","footer-sml-layout":"","theme-transparent-header-meta":"","adv-header-id-meta":"","stick-header-meta":"","header-above-stick-meta":"","header-main-stick-meta":"","header-below-stick-meta":"","astra-migrate-meta-layouts":"default","ast-page-background-enabled":"default","ast-page-background-meta":{"desktop":{"background-color":"var(--ast-global-color-5)","background-image":"","background-repeat":"repeat","background-position":"center center","background-size":"auto","background-attachment":"scroll","background-type":"","background-media":"","overlay-type":"","overlay-color":"","overlay-opacity":"","overlay-gradient":""},"tablet":{"background-color":"","background-image":"","background-repeat":"repeat","background-position":"center center","background-size":"auto","background-attachment":"scroll","background-type":"","background-media":"","overlay-type":"","overlay-color":"","overlay-opacity":"","overlay-gradient":""},"mobile":{"background-color":"","background-image":"","background-repeat":"repeat","background-position":"center center","background-size":"auto","background-attachment":"scroll","background-type":"","background-media":"","overlay-type":"","overlay-color":"","overlay-opacity":"","overlay-gradient":""}},"ast-content-background-meta":{"desktop":{"background-color":"var(--ast-global-color-4)","background-image":"","background-repeat":"repeat","background-position":"center center","background-size":"auto","background-attachment":"scroll","background-type":"","background-media":"","overlay-type":"","overlay-color":"","overlay-opacity":"","overlay-gradient":""},"tablet":{"background-color":"var(--ast-global-color-4)","background-image":"","background-repeat":"repeat","background-position":"center center","background-size":"auto","background-attachment":"scroll","background-type":"","background-media":"","overlay-type":"","overlay-color":"","overlay-opacity":"","overlay-gradient":""},"mobile":{"background-color":"var(--ast-global-color-4)","background-image":"","background-repeat":"repeat","background-position":"center center","background-size":"auto","background-attachment":"scroll","background-type":"","background-media":"","overlay-type":"","overlay-color":"","overlay-opacity":"","overlay-gradient":""}},"footnotes":""},"class_list":["post-696","page","type-page","status-publish","hentry"],"_links":{"self":[{"href":"https:\/\/www.patrim.net\/fr\/wp-json\/wp\/v2\/pages\/696","targetHints":{"allow":["GET"]}}],"collection":[{"href":"https:\/\/www.patrim.net\/fr\/wp-json\/wp\/v2\/pages"}],"about":[{"href":"https:\/\/www.patrim.net\/fr\/wp-json\/wp\/v2\/types\/page"}],"author":[{"embeddable":true,"href":"https:\/\/www.patrim.net\/fr\/wp-json\/wp\/v2\/users\/1"}],"replies":[{"embeddable":true,"href":"https:\/\/www.patrim.net\/fr\/wp-json\/wp\/v2\/comments?post=696"}],"version-history":[{"count":3,"href":"https:\/\/www.patrim.net\/fr\/wp-json\/wp\/v2\/pages\/696\/revisions"}],"predecessor-version":[{"id":1393,"href":"https:\/\/www.patrim.net\/fr\/wp-json\/wp\/v2\/pages\/696\/revisions\/1393"}],"up":[{"embeddable":true,"href":"https:\/\/www.patrim.net\/fr\/wp-json\/wp\/v2\/pages\/1032"}],"wp:attachment":[{"href":"https:\/\/www.patrim.net\/fr\/wp-json\/wp\/v2\/media?parent=696"}],"curies":[{"name":"wp","href":"https:\/\/api.w.org\/{rel}","templated":true}]}}