{"id":593,"date":"2015-08-25T10:23:45","date_gmt":"2015-08-25T09:23:45","guid":{"rendered":"http:\/\/www.patrim.net\/?page_id=593"},"modified":"2021-11-05T10:45:33","modified_gmt":"2021-11-05T09:45:33","slug":"mentions-legales","status":"publish","type":"page","link":"https:\/\/www.patrim.net\/fr\/mentions-legales\/","title":{"rendered":"Mentions l\u00e9gales"},"content":{"rendered":"<div id=\"pl-593\"  class=\"panel-layout\" ><div id=\"pg-593-0\"  class=\"panel-grid panel-no-style\" ><div id=\"pgc-593-0-0\"  class=\"panel-grid-cell\" ><div id=\"panel-593-0-0-0\" class=\"so-panel widget widget_sow-editor panel-first-child panel-last-child\" data-index=\"0\" ><div\n\t\t\t\n\t\t\tclass=\"so-widget-sow-editor so-widget-sow-editor-base\"\n\t\t\t\n\t\t>\n<div class=\"siteorigin-widget-tinymce textwidget\">\n\t<div id=\"wrapper\" class=\"container\">\n<div class=\"wrap contentclass\">\n<div id=\"content\" class=\"container\">\n<div class=\"row\">\n<div class=\"main col-md-12\">\n<div class=\"entry-content\">\n<section>\n<h2 data-fontsize=\"40\"><strong>Site internet du r\u00e9seau PATRIM<br \/><\/strong><\/h2>\n<p data-fontsize=\"14\">Si\u00e8ge social : Communaut\u00e9 de Communes Couserans-Pyr\u00e9n\u00e9es, 1 rue de l\u2019H\u00f4tel Dieu 09190 SAINT-LIZIER \u2013 culture.patrimoine@couserans-pyrenees.fr \u2013 05.64.37.19.41 \u2013 Directeur de la publication : Jean-No\u00ebl VIGNEAU \u2013 R\u00e9dactrice : Pauline CHABOUSSOU \u2013 h\u00e9bergeur : OVH, SAS au capital de 10\u00a0069\u00a0020\u00a0\u20ac, RCS Lille M\u00e9tropole 424 761 419 00045 \u2013 Code APE 2620Z \u2013 N\u00b0 TVA : FR 22 424 761 419 \u2013 Si\u00e8ge social : 2 rue Kellermann \u2013 59100 Roubaix \u2013 France. T\u00e9l : 1007. Cr\u00e9ation : WordPress par la direction du patrimoine, P\u00f4le Culture.<\/p>\n<h2 data-fontsize=\"40\">Le contenu multim\u00e9dia du site Internet www.patrim.net<\/h2>\n<\/section>\n<p data-fontsize=\"14\">Le contenu multim\u00e9dia du site Internet Patrimoine du Couserans est la propri\u00e9t\u00e9 exclusive de la Communaut\u00e9 de Communes Couserans-Pyr\u00e9n\u00e9es et de ses partenaires du r\u00e9seau PATRIM. Ainsi, pour toute utilisation de ce contenu, une autorisation expresse doit \u00eatre formul\u00e9e via le formulaire de contact ou par courrier postal \u00e0 l\u2019adresse suivante :<br \/>Communaut\u00e9 de Communes Couserans-Pyr\u00e9n\u00e9es \u2013 H\u00f4tel-Dieu \u2013 1 rue de l\u2019H\u00f4tel-Dieu \u2013 09190 Saint-Lizier.<br \/>Les informations, pictogrammes, photographies, images, textes, s\u00e9quences vid\u00e9o, animations et autres documents pr\u00e9sents sur ce site Internet sont prot\u00e9g\u00e9s par le droit de la propri\u00e9t\u00e9 intellectuelle. En ces termes, l\u2019article L 122-4 du Code de la propri\u00e9t\u00e9 intellectuelle indique :<br \/>\u00ab Toute repr\u00e9sentation ou reproduction int\u00e9grale ou partielle faite sans le consentement de l\u2019auteur ou de ses ayants droit ou ayants cause est illicite. Il en est de m\u00eame pour la traduction, l\u2019adaptation ou la transformation, l\u2019arrangement ou la reproduction par un art ou un proc\u00e9d\u00e9 quelconque. \u00bb<br \/>Ainsi, toute copie illicite du site peut faire l\u2019objet de poursuites sur le terrain de la contrefa\u00e7on sanctionn\u00e9e par les articles L 335-2 et suivants du Code de la propri\u00e9t\u00e9 intellectuelle.<br \/>La Communaut\u00e9 de Communes Couserans-Pyr\u00e9n\u00e9es et ses partenaires du r\u00e9seau PATRIM s\u2019efforcent de contr\u00f4ler au mieux la pertinence et la v\u00e9racit\u00e9 des contenus de leur site Internet. Cependant, elle d\u00e9cline toute responsabilit\u00e9 en cas d\u2019erreur, d\u2019impr\u00e9cision, d\u2019inaccessibilit\u00e9 technique ou de falsification des contenus. Si toutefois, malgr\u00e9 nos efforts, vous constatiez un probl\u00e8me, nous vous serions reconnaissants de bien vouloir nous en informer, par le biais du formulaire de contact pr\u00e9vu \u00e0 cet effet.<\/p>\n<h2 data-fontsize=\"40\">Les logotypes pr\u00e9sents sur le site Internet<\/h2>\n<p data-fontsize=\"14\">Tous les logotypes, (plus couramment appel\u00e9s logos) pr\u00e9sents sur le site Internet www.patrim.net sont prot\u00e9g\u00e9s par le droit de la propri\u00e9t\u00e9 intellectuelle.<br \/>Les logos de PATRIM et de la Communaut\u00e9 de Communes Couserans-Pyr\u00e9n\u00e9es sont la propri\u00e9t\u00e9 de la Communaut\u00e9 de Communes Couserans-Pyr\u00e9n\u00e9es, les logos des partenaires du r\u00e9seau PATRIM sont la propri\u00e9t\u00e9 des partenaires du r\u00e9seau PATRIM. Ainsi, toute reproduction ou modification (totale ou partielle) de ces \u00e9l\u00e9ments graphiques sans autorisation pr\u00e9alable et \u00e9crite est interdite. Pour tous renseignements, vous pouvez nous contacter via le formulaire de contact ou par courrier postal \u00e0 l\u2019adresse suivante :<br \/>Communaut\u00e9 de Communes Couserans-Pyr\u00e9n\u00e9es \u2013 H\u00f4tel-Dieu \u2013 1 rue de l\u2019H\u00f4tel-Dieu \u2013 09190 Saint-Lizier.<\/p>\n<h2 data-fontsize=\"40\">Les liens vers le site www.patrim.net<\/h2>\n<p data-fontsize=\"14\">La Communaut\u00e9 de Communes Couserans-Pyr\u00e9n\u00e9es et ses partenaires du r\u00e9seau PATRIM autorisent tout site Internet ou tout support \u00e0 mettre en place un lien hypertexte en direction de son contenu \u00e0 l\u2019exception de ceux diffusant des contenus \u00e0 caract\u00e8re pol\u00e9mique, pornographique, x\u00e9nophobe, contraire \u00e0 la d\u00e9cence ou aux bonnes m\u0153urs.<br \/>Pour autant, l\u2019int\u00e9gralit\u00e9 de la page li\u00e9e doit \u00eatre respect\u00e9e, et aucune imbrication dans un autre site ne doit \u00eatre r\u00e9alis\u00e9e. De m\u00eame, le lien doit indiquer clairement la nature des contenus, ainsi que l\u2019adresse exacte de la page.<br \/>Toute utilisation de liens vers le site www.patrim.net \u00e0 des fins commerciales et publicitaires est interdite.<\/p>\n<h2 data-fontsize=\"40\">La d\u00e9claration CNIL (Commission Nationale Informatique et Libert\u00e9s)<\/h2>\n<p data-fontsize=\"14\">Les informations collect\u00e9es par le biais de ce site Internet sont exclusivement destin\u00e9es \u00e0 la Communaut\u00e9 de Communes Couserans-Pyr\u00e9n\u00e9es et \u00e0 ses partenaires du r\u00e9seau PATRIM. Conform\u00e9ment aux dispositions contenues dans la loi n\u00b0 78-17 du 6 Janvier 1978 modifi\u00e9e relative \u00e0 l\u2019informatique, aux fichiers et aux libert\u00e9s, vous disposez d\u2019un droit d\u2019acc\u00e8s, de rectification, de modification et de suppression concernant les donn\u00e9es qui vous concernent.<br \/>Vous pouvez exercer ce droit en envoyant un courriel via notre formulaire de contact ou un courrier postal \u00e0 l\u2019adresse suivante, en indiquant si possible le contexte dans lequel cette collecte de donn\u00e9es personnelles a \u00e9t\u00e9 effectu\u00e9e afin que nous puissions retrouver plus facilement les informations vous concernant :<br \/>Communaut\u00e9 de Communes Couserans-Pyr\u00e9n\u00e9es \u2013 H\u00f4tel-Dieu \u2013 1 rue de l\u2019H\u00f4tel-Dieu \u2013 09190 Saint-Lizier.<\/p>\n<\/div>\n<\/div>\n<\/div>\n<\/div>\n<\/div>\n<footer id=\"containerfooter\" class=\"footerclass\">\n<div class=\"container\">\u00a0<\/div>\n<\/footer>\n<\/div>\n<div id=\"ascrail2000\" class=\"nicescroll-rails\">\u00a0<\/div>\n<\/div>\n<\/div><\/div><\/div><\/div><\/div>","protected":false},"excerpt":{"rendered":"<p>Site internet du r\u00e9seau PATRIMSi\u00e8ge social : Communaut\u00e9 de Communes Couserans-Pyr\u00e9n\u00e9es, 1 rue de l\u2019H\u00f4tel Dieu 09190 SAINT-LIZIER \u2013 culture.patrimoine@couserans-pyrenees.fr \u2013 05.64.37.19.41 \u2013 Directeur de la publication : Jean-No\u00ebl VIGNEAU \u2013 R\u00e9dactrice : Pauline CHABOUSSOU \u2013 h\u00e9bergeur : OVH, SAS au capital de 10\u00a0069\u00a0020\u00a0\u20ac, RCS Lille M\u00e9tropole 424 761 419 00045 \u2013 Code APE 2620Z \u2013 N\u00b0 TVA : FR 22 424 761 419 \u2013 Si\u00e8ge social : 2 rue Kellermann \u2013 59100 Roubaix \u2013 France. T\u00e9l : 1007. Cr\u00e9ation : WordPress par la direction du patrimoine, P\u00f4le Culture.Le contenu multim\u00e9dia du site Internet www.patrim.netLe contenu multim\u00e9dia du site Internet Patrimoine du Couserans est la propri\u00e9t\u00e9 exclusive de la Communaut\u00e9 de Communes Couserans-Pyr\u00e9n\u00e9es et de ses partenaires du r\u00e9seau PATRIM. Ainsi, pour toute utilisation de ce contenu, une autorisation expresse doit \u00eatre formul\u00e9e via le formulaire de contact ou par courrier postal \u00e0 l\u2019adresse suivante :Communaut\u00e9 de Communes Couserans-Pyr\u00e9n\u00e9es \u2013 H\u00f4tel-Dieu \u2013 1 rue de l\u2019H\u00f4tel-Dieu \u2013 09190 Saint-Lizier.Les informations, pictogrammes, photographies, images, textes, s\u00e9quences vid\u00e9o, animations et autres documents pr\u00e9sents sur ce site Internet sont prot\u00e9g\u00e9s par le droit de la propri\u00e9t\u00e9 intellectuelle. En ces termes, l\u2019article L 122-4 du Code de la propri\u00e9t\u00e9 intellectuelle indique :\u00ab Toute repr\u00e9sentation ou reproduction int\u00e9grale ou partielle faite sans le consentement de l\u2019auteur ou de ses ayants droit ou ayants cause est illicite. Il en est de m\u00eame pour la traduction, l\u2019adaptation ou la transformation, l\u2019arrangement ou la reproduction par un art ou un proc\u00e9d\u00e9 quelconque. \u00bbAinsi, toute copie illicite du site peut faire l\u2019objet de poursuites sur le terrain de la contrefa\u00e7on sanctionn\u00e9e par les articles L 335-2 et suivants du Code de la propri\u00e9t\u00e9 intellectuelle.La Communaut\u00e9 de Communes Couserans-Pyr\u00e9n\u00e9es et ses partenaires du r\u00e9seau PATRIM s\u2019efforcent de contr\u00f4ler au mieux la pertinence et la v\u00e9racit\u00e9 des contenus de leur site Internet. Cependant, elle d\u00e9cline toute responsabilit\u00e9 en cas d\u2019erreur, d\u2019impr\u00e9cision, d\u2019inaccessibilit\u00e9 technique ou de falsification des contenus. Si toutefois, malgr\u00e9 nos efforts, vous constatiez un probl\u00e8me, nous vous serions reconnaissants de bien vouloir nous en informer, par le biais du formulaire de contact pr\u00e9vu \u00e0 cet effet.Les logotypes pr\u00e9sents sur le site InternetTous les logotypes, (plus couramment appel\u00e9s logos) pr\u00e9sents sur le site Internet www.patrim.net sont prot\u00e9g\u00e9s par le droit de la propri\u00e9t\u00e9 intellectuelle.Les logos de PATRIM et de la Communaut\u00e9 de Communes Couserans-Pyr\u00e9n\u00e9es sont la propri\u00e9t\u00e9 de la Communaut\u00e9 de Communes Couserans-Pyr\u00e9n\u00e9es, les logos des partenaires du r\u00e9seau PATRIM sont la propri\u00e9t\u00e9 des partenaires du r\u00e9seau PATRIM. Ainsi, toute reproduction ou modification (totale ou partielle) de ces \u00e9l\u00e9ments graphiques sans autorisation pr\u00e9alable et \u00e9crite est interdite. Pour tous renseignements, vous pouvez nous contacter via le formulaire de contact ou par courrier postal \u00e0 l\u2019adresse suivante :Communaut\u00e9 de Communes Couserans-Pyr\u00e9n\u00e9es \u2013 H\u00f4tel-Dieu \u2013 1 rue de l\u2019H\u00f4tel-Dieu \u2013 09190 Saint-Lizier.Les liens vers le site www.patrim.netLa Communaut\u00e9 de Communes Couserans-Pyr\u00e9n\u00e9es et ses partenaires du r\u00e9seau PATRIM autorisent tout site Internet ou tout support \u00e0 mettre en place un lien hypertexte en direction de son contenu \u00e0 l\u2019exception de ceux diffusant des contenus \u00e0 caract\u00e8re pol\u00e9mique, pornographique, x\u00e9nophobe, contraire \u00e0 la d\u00e9cence ou aux bonnes m\u0153urs.Pour autant, l\u2019int\u00e9gralit\u00e9 de la page li\u00e9e doit \u00eatre respect\u00e9e, et aucune imbrication dans un autre site ne doit \u00eatre r\u00e9alis\u00e9e. De m\u00eame, le lien doit indiquer clairement la nature des contenus, ainsi que l\u2019adresse exacte de la page.Toute utilisation de liens vers le site www.patrim.net \u00e0 des fins commerciales et publicitaires est interdite.La d\u00e9claration CNIL (Commission Nationale Informatique et Libert\u00e9s)Les informations collect\u00e9es par le biais de ce site Internet sont exclusivement destin\u00e9es \u00e0 la Communaut\u00e9 de Communes Couserans-Pyr\u00e9n\u00e9es et \u00e0 ses partenaires du r\u00e9seau PATRIM. Conform\u00e9ment aux dispositions contenues dans la loi n\u00b0 78-17 du 6 Janvier 1978 modifi\u00e9e relative \u00e0 l\u2019informatique, aux fichiers et aux libert\u00e9s, vous disposez d\u2019un droit d\u2019acc\u00e8s, de rectification, de modification et de suppression concernant les donn\u00e9es qui vous concernent.Vous pouvez exercer ce droit en envoyant un courriel via notre formulaire de contact ou un courrier postal \u00e0 l\u2019adresse suivante, en indiquant si possible le contexte dans lequel cette collecte de donn\u00e9es personnelles a \u00e9t\u00e9 effectu\u00e9e afin que nous puissions retrouver plus facilement les informations vous concernant :Communaut\u00e9 de Communes Couserans-Pyr\u00e9n\u00e9es \u2013 H\u00f4tel-Dieu \u2013 1 rue de l\u2019H\u00f4tel-Dieu \u2013 09190 Saint-Lizier.\u00a0\u00a0<\/p>\n","protected":false},"author":1,"featured_media":0,"parent":0,"menu_order":0,"comment_status":"closed","ping_status":"closed","template":"page-templates\/page_front-page.php","meta":{"site-sidebar-layout":"default","site-content-layout":"","ast-site-content-layout":"default","site-content-style":"default","site-sidebar-style":"default","ast-global-header-display":"","ast-banner-title-visibility":"","ast-main-header-display":"","ast-hfb-above-header-display":"","ast-hfb-below-header-display":"","ast-hfb-mobile-header-display":"","site-post-title":"","ast-breadcrumbs-content":"","ast-featured-img":"","footer-sml-layout":"","theme-transparent-header-meta":"","adv-header-id-meta":"","stick-header-meta":"","header-above-stick-meta":"","header-main-stick-meta":"","header-below-stick-meta":"","astra-migrate-meta-layouts":"default","ast-page-background-enabled":"default","ast-page-background-meta":{"desktop":{"background-color":"var(--ast-global-color-5)","background-image":"","background-repeat":"repeat","background-position":"center center","background-size":"auto","background-attachment":"scroll","background-type":"","background-media":"","overlay-type":"","overlay-color":"","overlay-opacity":"","overlay-gradient":""},"tablet":{"background-color":"","background-image":"","background-repeat":"repeat","background-position":"center center","background-size":"auto","background-attachment":"scroll","background-type":"","background-media":"","overlay-type":"","overlay-color":"","overlay-opacity":"","overlay-gradient":""},"mobile":{"background-color":"","background-image":"","background-repeat":"repeat","background-position":"center center","background-size":"auto","background-attachment":"scroll","background-type":"","background-media":"","overlay-type":"","overlay-color":"","overlay-opacity":"","overlay-gradient":""}},"ast-content-background-meta":{"desktop":{"background-color":"var(--ast-global-color-4)","background-image":"","background-repeat":"repeat","background-position":"center center","background-size":"auto","background-attachment":"scroll","background-type":"","background-media":"","overlay-type":"","overlay-color":"","overlay-opacity":"","overlay-gradient":""},"tablet":{"background-color":"var(--ast-global-color-4)","background-image":"","background-repeat":"repeat","background-position":"center center","background-size":"auto","background-attachment":"scroll","background-type":"","background-media":"","overlay-type":"","overlay-color":"","overlay-opacity":"","overlay-gradient":""},"mobile":{"background-color":"var(--ast-global-color-4)","background-image":"","background-repeat":"repeat","background-position":"center center","background-size":"auto","background-attachment":"scroll","background-type":"","background-media":"","overlay-type":"","overlay-color":"","overlay-opacity":"","overlay-gradient":""}},"footnotes":""},"class_list":["post-593","page","type-page","status-publish","hentry"],"_links":{"self":[{"href":"https:\/\/www.patrim.net\/fr\/wp-json\/wp\/v2\/pages\/593","targetHints":{"allow":["GET"]}}],"collection":[{"href":"https:\/\/www.patrim.net\/fr\/wp-json\/wp\/v2\/pages"}],"about":[{"href":"https:\/\/www.patrim.net\/fr\/wp-json\/wp\/v2\/types\/page"}],"author":[{"embeddable":true,"href":"https:\/\/www.patrim.net\/fr\/wp-json\/wp\/v2\/users\/1"}],"replies":[{"embeddable":true,"href":"https:\/\/www.patrim.net\/fr\/wp-json\/wp\/v2\/comments?post=593"}],"version-history":[{"count":3,"href":"https:\/\/www.patrim.net\/fr\/wp-json\/wp\/v2\/pages\/593\/revisions"}],"predecessor-version":[{"id":2795,"href":"https:\/\/www.patrim.net\/fr\/wp-json\/wp\/v2\/pages\/593\/revisions\/2795"}],"wp:attachment":[{"href":"https:\/\/www.patrim.net\/fr\/wp-json\/wp\/v2\/media?parent=593"}],"curies":[{"name":"wp","href":"https:\/\/api.w.org\/{rel}","templated":true}]}}