{"id":366,"date":"2015-08-17T21:03:43","date_gmt":"2015-08-17T20:03:43","guid":{"rendered":"http:\/\/www.patrim.net\/?page_id=366"},"modified":"2022-02-25T11:18:47","modified_gmt":"2022-02-25T10:18:47","slug":"le-reseau","status":"publish","type":"page","link":"https:\/\/www.patrim.net\/fr\/patrim\/le-reseau\/","title":{"rendered":"Le r\u00e9seau"},"content":{"rendered":"<div id=\"pl-366\"  class=\"panel-layout\" ><div id=\"pg-366-0\"  class=\"panel-grid panel-has-style\" ><div class=\"panel-row-style panel-row-style-for-366-0\" ><div id=\"pgc-366-0-0\"  class=\"panel-grid-cell\" ><div id=\"panel-366-0-0-0\" class=\"so-panel widget widget_sow-editor panel-first-child\" data-index=\"0\" ><div\n\t\t\t\n\t\t\tclass=\"so-widget-sow-editor so-widget-sow-editor-base\"\n\t\t\t\n\t\t>\n<div class=\"siteorigin-widget-tinymce textwidget\">\n\t<p>Les Pyr\u00e9n\u00e9es n\u2019ont jamais repr\u00e9sent\u00e9 une fronti\u00e8re herm\u00e9tiquement close, mais ont longtemps constitu\u00e9 un vaste territoire\u00a0d\u2019\u00e9changes culturels, sociaux, \u00e9conomiques.<\/p>\n<p>La <a href=\"http:\/\/www.ctp.org\/\" target=\"_blank\" rel=\"noopener\">Communaut\u00e9 de Travail des Pyr\u00e9n\u00e9es<\/a> s\u2019efforce de renouer ou de consolider ces liens s\u00e9culaires. Dans le m\u00eame esprit, de part et d\u2019autres de la fronti\u00e8re existent plusieurs sites qui travaillent sur des th\u00e9matiques similaires\u00a0: leurs recherches et leur exp\u00e9rience demandent \u00e0 \u00eatre partag\u00e9es.<\/p>\n<p>En 2008 a vu le jour le premier r\u00e9seau pyr\u00e9n\u00e9en transfrontalier de mus\u00e9es, \u00e9comus\u00e9es et centres d'interpr\u00e9tation du patrimoine, fond\u00e9 par huit partenaires situ\u00e9s en Midi-Pyr\u00e9n\u00e9es, en Aragon et en Catalogne. Peu \u00e0 peu se sont agr\u00e9g\u00e9s de nouveaux sites et tous coop\u00e8rent d\u00e9sormais pour organiser ensemble des expositions, des animations culturelles et festives, des publications, des \u00e9changes\u2026<\/p>\n<p><a href=\"http:\/\/www.patrim.net\/les-centres\/\" target=\"_blank\" rel=\"noopener\">D\u00e9couvrez les centres du r\u00e9seau PATRIM: clic<\/a><\/p>\n<p>Aujourd\u2019hui, nous sommes conscients et satisfaits de ce que nous avons appris, et gagn\u00e9, \u00e0 travailler en r\u00e9seau par-del\u00e0 la fronti\u00e8re. Fiers du chemin d\u00e9j\u00e0 parcouru, nous sommes \u00e9galement persuad\u00e9s qu\u2019il nous faut poursuivre notre effort de valorisation du patrimoine pyr\u00e9n\u00e9en et de coop\u00e9ration transfrontali\u00e8re.<\/p>\n<p>A travers nos actions, nous souhaitons faire d\u00e9couvrir nos Pyr\u00e9n\u00e9es, une cha\u00eene de montagnes, deux versants, un patrimoine partag\u00e9. Les centres du r\u00e9seau PATRIM vous proposent un mode d\u2019approche intime pour vivre les Pyr\u00e9n\u00e9es de l\u2019int\u00e9rieur, et vous offre les cl\u00e9s \u2013 culturelles, historiques, g\u00e9ographiques \u2013 de nos territoires. Laissez-vous conter les petites histoires qui ont fa\u00e7onn\u00e9 les Pyr\u00e9n\u00e9es, rassembl\u00e9es par les femmes et les hommes qui y vivent. Bonne promenade dans nos vall\u00e9es\u2026<\/p>\n<p>&nbsp;<\/p>\n<p>&nbsp;<\/p>\n<\/div>\n<\/div><\/div><div id=\"panel-366-0-0-1\" class=\"so-panel widget panel-last-child\" data-index=\"1\" ><\/div><\/div><\/div><\/div><\/div>","protected":false},"excerpt":{"rendered":"<p>Les Pyr\u00e9n\u00e9es n\u2019ont jamais repr\u00e9sent\u00e9 une fronti\u00e8re herm\u00e9tiquement close, mais ont longtemps constitu\u00e9 un vaste territoire\u00a0d\u2019\u00e9changes culturels, sociaux, \u00e9conomiques. La Communaut\u00e9 de Travail des Pyr\u00e9n\u00e9es s\u2019efforce de renouer ou de consolider ces liens s\u00e9culaires. Dans le m\u00eame esprit, de part et d\u2019autres de la fronti\u00e8re existent plusieurs sites qui travaillent sur des th\u00e9matiques similaires\u00a0: leurs recherches et leur exp\u00e9rience demandent \u00e0 \u00eatre partag\u00e9es. En 2008 a vu le jour le premier r\u00e9seau pyr\u00e9n\u00e9en transfrontalier de mus\u00e9es, \u00e9comus\u00e9es et centres d&#8217;interpr\u00e9tation du patrimoine, fond\u00e9 par huit partenaires situ\u00e9s en Midi-Pyr\u00e9n\u00e9es, en Aragon et en Catalogne. Peu \u00e0 peu se sont agr\u00e9g\u00e9s de nouveaux sites et tous coop\u00e8rent d\u00e9sormais pour organiser ensemble des expositions, des animations culturelles et festives, des publications, des \u00e9changes\u2026 D\u00e9couvrez les centres du r\u00e9seau PATRIM: clic Aujourd\u2019hui, nous sommes conscients et satisfaits de ce que nous avons appris, et gagn\u00e9, \u00e0 travailler en r\u00e9seau par-del\u00e0 la fronti\u00e8re. Fiers du chemin d\u00e9j\u00e0 parcouru, nous sommes \u00e9galement persuad\u00e9s qu\u2019il nous faut poursuivre notre effort de valorisation du patrimoine pyr\u00e9n\u00e9en et de coop\u00e9ration transfrontali\u00e8re. A travers nos actions, nous souhaitons faire d\u00e9couvrir nos Pyr\u00e9n\u00e9es, une cha\u00eene de montagnes, deux versants, un patrimoine partag\u00e9. Les centres du r\u00e9seau PATRIM vous proposent un mode d\u2019approche intime pour vivre les Pyr\u00e9n\u00e9es de l\u2019int\u00e9rieur, et vous offre les cl\u00e9s \u2013 culturelles, historiques, g\u00e9ographiques \u2013 de nos territoires. Laissez-vous conter les petites histoires qui ont fa\u00e7onn\u00e9 les Pyr\u00e9n\u00e9es, rassembl\u00e9es par les femmes et les hommes qui y vivent. Bonne promenade dans nos vall\u00e9es\u2026 &nbsp; &nbsp;<\/p>\n","protected":false},"author":1,"featured_media":0,"parent":1762,"menu_order":0,"comment_status":"closed","ping_status":"closed","template":"page-templates\/page_fullwidth.php","meta":{"site-sidebar-layout":"default","site-content-layout":"","ast-site-content-layout":"default","site-content-style":"default","site-sidebar-style":"default","ast-global-header-display":"","ast-banner-title-visibility":"","ast-main-header-display":"","ast-hfb-above-header-display":"","ast-hfb-below-header-display":"","ast-hfb-mobile-header-display":"","site-post-title":"","ast-breadcrumbs-content":"","ast-featured-img":"","footer-sml-layout":"","theme-transparent-header-meta":"","adv-header-id-meta":"","stick-header-meta":"","header-above-stick-meta":"","header-main-stick-meta":"","header-below-stick-meta":"","astra-migrate-meta-layouts":"default","ast-page-background-enabled":"default","ast-page-background-meta":{"desktop":{"background-color":"var(--ast-global-color-5)","background-image":"","background-repeat":"repeat","background-position":"center center","background-size":"auto","background-attachment":"scroll","background-type":"","background-media":"","overlay-type":"","overlay-color":"","overlay-opacity":"","overlay-gradient":""},"tablet":{"background-color":"","background-image":"","background-repeat":"repeat","background-position":"center center","background-size":"auto","background-attachment":"scroll","background-type":"","background-media":"","overlay-type":"","overlay-color":"","overlay-opacity":"","overlay-gradient":""},"mobile":{"background-color":"","background-image":"","background-repeat":"repeat","background-position":"center center","background-size":"auto","background-attachment":"scroll","background-type":"","background-media":"","overlay-type":"","overlay-color":"","overlay-opacity":"","overlay-gradient":""}},"ast-content-background-meta":{"desktop":{"background-color":"var(--ast-global-color-4)","background-image":"","background-repeat":"repeat","background-position":"center center","background-size":"auto","background-attachment":"scroll","background-type":"","background-media":"","overlay-type":"","overlay-color":"","overlay-opacity":"","overlay-gradient":""},"tablet":{"background-color":"var(--ast-global-color-4)","background-image":"","background-repeat":"repeat","background-position":"center center","background-size":"auto","background-attachment":"scroll","background-type":"","background-media":"","overlay-type":"","overlay-color":"","overlay-opacity":"","overlay-gradient":""},"mobile":{"background-color":"var(--ast-global-color-4)","background-image":"","background-repeat":"repeat","background-position":"center center","background-size":"auto","background-attachment":"scroll","background-type":"","background-media":"","overlay-type":"","overlay-color":"","overlay-opacity":"","overlay-gradient":""}},"footnotes":""},"class_list":["post-366","page","type-page","status-publish","hentry"],"_links":{"self":[{"href":"https:\/\/www.patrim.net\/fr\/wp-json\/wp\/v2\/pages\/366","targetHints":{"allow":["GET"]}}],"collection":[{"href":"https:\/\/www.patrim.net\/fr\/wp-json\/wp\/v2\/pages"}],"about":[{"href":"https:\/\/www.patrim.net\/fr\/wp-json\/wp\/v2\/types\/page"}],"author":[{"embeddable":true,"href":"https:\/\/www.patrim.net\/fr\/wp-json\/wp\/v2\/users\/1"}],"replies":[{"embeddable":true,"href":"https:\/\/www.patrim.net\/fr\/wp-json\/wp\/v2\/comments?post=366"}],"version-history":[{"count":111,"href":"https:\/\/www.patrim.net\/fr\/wp-json\/wp\/v2\/pages\/366\/revisions"}],"predecessor-version":[{"id":5476,"href":"https:\/\/www.patrim.net\/fr\/wp-json\/wp\/v2\/pages\/366\/revisions\/5476"}],"up":[{"embeddable":true,"href":"https:\/\/www.patrim.net\/fr\/wp-json\/wp\/v2\/pages\/1762"}],"wp:attachment":[{"href":"https:\/\/www.patrim.net\/fr\/wp-json\/wp\/v2\/media?parent=366"}],"curies":[{"name":"wp","href":"https:\/\/api.w.org\/{rel}","templated":true}]}}