{"id":1884,"date":"2019-08-26T11:39:12","date_gmt":"2019-08-26T10:39:12","guid":{"rendered":"http:\/\/www.patrim.net\/?page_id=1884"},"modified":"2022-02-15T16:43:48","modified_gmt":"2022-02-15T15:43:48","slug":"accueil","status":"publish","type":"page","link":"https:\/\/www.patrim.net\/fr\/accueil\/","title":{"rendered":"Accueil"},"content":{"rendered":"<div id=\"pl-1884\"  class=\"panel-layout\" ><div id=\"pg-1884-0\"  class=\"panel-grid panel-no-style\" ><div id=\"pgc-1884-0-0\"  class=\"panel-grid-cell\" ><div id=\"panel-1884-0-0-0\" class=\"so-panel widget widget_sow-editor panel-first-child panel-last-child\" data-index=\"0\" ><div\n\t\t\t\n\t\t\tclass=\"so-widget-sow-editor so-widget-sow-editor-base\"\n\t\t\t\n\t\t>\n<div class=\"siteorigin-widget-tinymce textwidget\">\n\t<h3>Bienvenue dans les sites du r\u00e9seau PATRIM!<\/h3>\n<h5><strong>R\u00e9seau transfrontalier de mus\u00e9es, \u00e9comus\u00e9es et centre d\u2019interpr\u00e9tation du patrimoine des Pyr\u00e9n\u00e9es<\/strong><\/h5>\n<blockquote>\n<p>Des entr\u00e9es secr\u00e8tes sur les vall\u00e9es pyr\u00e9n\u00e9ennes<\/p>\n<p>Les petites histoires qui ont fa\u00e7onn\u00e9 les Pyr\u00e9n\u00e9es, racont\u00e9es par les femmes et les hommes qui y vivent<\/p>\n<p>Un mode d\u2019approche intime, pour vivre les Pyr\u00e9n\u00e9es de l\u2019int\u00e9rieur<\/p>\n<p>Un regard particulier sur les Pyr\u00e9n\u00e9es<\/p>\n<p>Un accueil personnalis\u00e9, une approche facile, chaleureuse, une d\u00e9couverte douce, accompagn\u00e9e, ludique<\/p>\n<p>Le r\u00e9seau PATRIM vous offre les cl\u00e9s du meilleur des Pyr\u00e9n\u00e9es\u2026<\/p>\n<\/blockquote>\n<\/div>\n<\/div><\/div><\/div><\/div><div id=\"pg-1884-1\"  class=\"panel-grid panel-has-style\" ><div class=\"panel-row-style panel-row-style-for-1884-1\" ><div id=\"pgc-1884-1-0\"  class=\"panel-grid-cell\" ><div id=\"panel-1884-1-0-0\" class=\"so-panel widget panel-first-child panel-last-child\" data-index=\"1\" ><\/div><\/div><\/div><\/div><\/div>","protected":false},"excerpt":{"rendered":"<p>Bienvenue dans les sites du r\u00e9seau PATRIM! R\u00e9seau transfrontalier de mus\u00e9es, \u00e9comus\u00e9es et centre d\u2019interpr\u00e9tation du patrimoine des Pyr\u00e9n\u00e9es Des entr\u00e9es secr\u00e8tes sur les vall\u00e9es pyr\u00e9n\u00e9ennes Les petites histoires qui ont fa\u00e7onn\u00e9 les Pyr\u00e9n\u00e9es, racont\u00e9es par les femmes et les hommes qui y vivent Un mode d\u2019approche intime, pour vivre les Pyr\u00e9n\u00e9es de l\u2019int\u00e9rieur Un regard particulier sur les Pyr\u00e9n\u00e9es Un accueil personnalis\u00e9, une approche facile, chaleureuse, une d\u00e9couverte douce, accompagn\u00e9e, ludique Le r\u00e9seau PATRIM vous offre les cl\u00e9s du meilleur des Pyr\u00e9n\u00e9es\u2026<\/p>\n","protected":false},"author":1,"featured_media":0,"parent":0,"menu_order":0,"comment_status":"closed","ping_status":"closed","template":"page-templates\/page_front-page.php","meta":{"site-sidebar-layout":"default","site-content-layout":"","ast-site-content-layout":"default","site-content-style":"default","site-sidebar-style":"default","ast-global-header-display":"","ast-banner-title-visibility":"","ast-main-header-display":"","ast-hfb-above-header-display":"","ast-hfb-below-header-display":"","ast-hfb-mobile-header-display":"","site-post-title":"","ast-breadcrumbs-content":"","ast-featured-img":"","footer-sml-layout":"","theme-transparent-header-meta":"","adv-header-id-meta":"","stick-header-meta":"","header-above-stick-meta":"","header-main-stick-meta":"","header-below-stick-meta":"","astra-migrate-meta-layouts":"default","ast-page-background-enabled":"default","ast-page-background-meta":{"desktop":{"background-color":"var(--ast-global-color-5)","background-image":"","background-repeat":"repeat","background-position":"center center","background-size":"auto","background-attachment":"scroll","background-type":"","background-media":"","overlay-type":"","overlay-color":"","overlay-opacity":"","overlay-gradient":""},"tablet":{"background-color":"","background-image":"","background-repeat":"repeat","background-position":"center center","background-size":"auto","background-attachment":"scroll","background-type":"","background-media":"","overlay-type":"","overlay-color":"","overlay-opacity":"","overlay-gradient":""},"mobile":{"background-color":"","background-image":"","background-repeat":"repeat","background-position":"center center","background-size":"auto","background-attachment":"scroll","background-type":"","background-media":"","overlay-type":"","overlay-color":"","overlay-opacity":"","overlay-gradient":""}},"ast-content-background-meta":{"desktop":{"background-color":"var(--ast-global-color-4)","background-image":"","background-repeat":"repeat","background-position":"center center","background-size":"auto","background-attachment":"scroll","background-type":"","background-media":"","overlay-type":"","overlay-color":"","overlay-opacity":"","overlay-gradient":""},"tablet":{"background-color":"var(--ast-global-color-4)","background-image":"","background-repeat":"repeat","background-position":"center center","background-size":"auto","background-attachment":"scroll","background-type":"","background-media":"","overlay-type":"","overlay-color":"","overlay-opacity":"","overlay-gradient":""},"mobile":{"background-color":"var(--ast-global-color-4)","background-image":"","background-repeat":"repeat","background-position":"center center","background-size":"auto","background-attachment":"scroll","background-type":"","background-media":"","overlay-type":"","overlay-color":"","overlay-opacity":"","overlay-gradient":""}},"footnotes":""},"class_list":["post-1884","page","type-page","status-publish","hentry"],"_links":{"self":[{"href":"https:\/\/www.patrim.net\/fr\/wp-json\/wp\/v2\/pages\/1884","targetHints":{"allow":["GET"]}}],"collection":[{"href":"https:\/\/www.patrim.net\/fr\/wp-json\/wp\/v2\/pages"}],"about":[{"href":"https:\/\/www.patrim.net\/fr\/wp-json\/wp\/v2\/types\/page"}],"author":[{"embeddable":true,"href":"https:\/\/www.patrim.net\/fr\/wp-json\/wp\/v2\/users\/1"}],"replies":[{"embeddable":true,"href":"https:\/\/www.patrim.net\/fr\/wp-json\/wp\/v2\/comments?post=1884"}],"version-history":[{"count":31,"href":"https:\/\/www.patrim.net\/fr\/wp-json\/wp\/v2\/pages\/1884\/revisions"}],"predecessor-version":[{"id":4939,"href":"https:\/\/www.patrim.net\/fr\/wp-json\/wp\/v2\/pages\/1884\/revisions\/4939"}],"wp:attachment":[{"href":"https:\/\/www.patrim.net\/fr\/wp-json\/wp\/v2\/media?parent=1884"}],"curies":[{"name":"wp","href":"https:\/\/api.w.org\/{rel}","templated":true}]}}