{"id":1302,"date":"2017-09-14T18:49:59","date_gmt":"2017-09-14T17:49:59","guid":{"rendered":"http:\/\/www.patrim.net\/?page_id=1302"},"modified":"2022-02-10T20:22:06","modified_gmt":"2022-02-10T19:22:06","slug":"arcaz-centre-dinterpretation-des-oiseaux","status":"publish","type":"page","link":"https:\/\/www.patrim.net\/fr\/les-centres\/espaces-naturels\/arcaz-centre-dinterpretation-des-oiseaux\/","title":{"rendered":"Arcaz &#8211; centre d&#8217;interpr\u00e9tation des oiseaux"},"content":{"rendered":"<div id='gallery-1' class='gallery galleryid-1302 gallery-columns-3 gallery-size-large'><figure class='gallery-item'>\n\t\t\t<div class='gallery-icon landscape'>\n\t\t\t\t<a href='https:\/\/www.patrim.net\/fr\/els-equipaments\/espais-naturals\/arcaz-centre-dinterpretation-des-oiseaux-2\/vautour-fauve_prats-de-mollo-66_12-sept-2007-3\/'><img fetchpriority=\"high\" decoding=\"async\" width=\"1024\" height=\"713\" src=\"https:\/\/www.patrim.net\/wp-content\/uploads\/2017\/09\/Vautour-fauve_Prats-de-Mollo-66_12-sept-2007-3-1024x713.jpg\" class=\"attachment-large size-large\" alt=\"\" srcset=\"https:\/\/www.patrim.net\/wp-content\/uploads\/2017\/09\/Vautour-fauve_Prats-de-Mollo-66_12-sept-2007-3-1024x713.jpg 1024w, https:\/\/www.patrim.net\/wp-content\/uploads\/2017\/09\/Vautour-fauve_Prats-de-Mollo-66_12-sept-2007-3-600x418.jpg 600w, https:\/\/www.patrim.net\/wp-content\/uploads\/2017\/09\/Vautour-fauve_Prats-de-Mollo-66_12-sept-2007-3-300x209.jpg 300w, https:\/\/www.patrim.net\/wp-content\/uploads\/2017\/09\/Vautour-fauve_Prats-de-Mollo-66_12-sept-2007-3-768x535.jpg 768w, https:\/\/www.patrim.net\/wp-content\/uploads\/2017\/09\/Vautour-fauve_Prats-de-Mollo-66_12-sept-2007-3-830x578.jpg 830w, https:\/\/www.patrim.net\/wp-content\/uploads\/2017\/09\/Vautour-fauve_Prats-de-Mollo-66_12-sept-2007-3-230x160.jpg 230w, https:\/\/www.patrim.net\/wp-content\/uploads\/2017\/09\/Vautour-fauve_Prats-de-Mollo-66_12-sept-2007-3-350x244.jpg 350w, https:\/\/www.patrim.net\/wp-content\/uploads\/2017\/09\/Vautour-fauve_Prats-de-Mollo-66_12-sept-2007-3-480x334.jpg 480w\" sizes=\"(max-width: 1024px) 100vw, 1024px\" \/><\/a>\n\t\t\t<\/div><\/figure><figure class='gallery-item'>\n\t\t\t<div class='gallery-icon landscape'>\n\t\t\t\t<a href='https:\/\/www.patrim.net\/fr\/els-equipaments\/espais-naturals\/arcaz-centre-dinterpretation-des-oiseaux-2\/otra-vista-mallos-3\/'><img decoding=\"async\" width=\"1024\" height=\"768\" src=\"https:\/\/www.patrim.net\/wp-content\/uploads\/2017\/09\/Otra-vista-Mallos-1-1024x768.jpg\" class=\"attachment-large size-large\" alt=\"\" srcset=\"https:\/\/www.patrim.net\/wp-content\/uploads\/2017\/09\/Otra-vista-Mallos-1-1024x768.jpg 1024w, https:\/\/www.patrim.net\/wp-content\/uploads\/2017\/09\/Otra-vista-Mallos-1-600x450.jpg 600w, https:\/\/www.patrim.net\/wp-content\/uploads\/2017\/09\/Otra-vista-Mallos-1-300x225.jpg 300w, https:\/\/www.patrim.net\/wp-content\/uploads\/2017\/09\/Otra-vista-Mallos-1-768x576.jpg 768w, https:\/\/www.patrim.net\/wp-content\/uploads\/2017\/09\/Otra-vista-Mallos-1-830x623.jpg 830w, https:\/\/www.patrim.net\/wp-content\/uploads\/2017\/09\/Otra-vista-Mallos-1-230x173.jpg 230w, https:\/\/www.patrim.net\/wp-content\/uploads\/2017\/09\/Otra-vista-Mallos-1-350x263.jpg 350w, https:\/\/www.patrim.net\/wp-content\/uploads\/2017\/09\/Otra-vista-Mallos-1-480x360.jpg 480w, https:\/\/www.patrim.net\/wp-content\/uploads\/2017\/09\/Otra-vista-Mallos-1.jpg 1600w\" sizes=\"(max-width: 1024px) 100vw, 1024px\" \/><\/a>\n\t\t\t<\/div><\/figure><figure class='gallery-item'>\n\t\t\t<div class='gallery-icon landscape'>\n\t\t\t\t<a href='https:\/\/www.patrim.net\/fr\/els-equipaments\/espais-naturals\/arcaz-centre-dinterpretation-des-oiseaux-2\/vautour-fauve_prats-de-mollo-66_12-sept-2007\/'><img decoding=\"async\" width=\"1024\" height=\"711\" src=\"https:\/\/www.patrim.net\/wp-content\/uploads\/2017\/09\/Vautour-fauve_Prats-de-Mollo-66_12-sept-2007-1024x711.jpg\" class=\"attachment-large size-large\" alt=\"\" srcset=\"https:\/\/www.patrim.net\/wp-content\/uploads\/2017\/09\/Vautour-fauve_Prats-de-Mollo-66_12-sept-2007-1024x711.jpg 1024w, https:\/\/www.patrim.net\/wp-content\/uploads\/2017\/09\/Vautour-fauve_Prats-de-Mollo-66_12-sept-2007-600x417.jpg 600w, https:\/\/www.patrim.net\/wp-content\/uploads\/2017\/09\/Vautour-fauve_Prats-de-Mollo-66_12-sept-2007-300x208.jpg 300w, https:\/\/www.patrim.net\/wp-content\/uploads\/2017\/09\/Vautour-fauve_Prats-de-Mollo-66_12-sept-2007-768x533.jpg 768w, https:\/\/www.patrim.net\/wp-content\/uploads\/2017\/09\/Vautour-fauve_Prats-de-Mollo-66_12-sept-2007-830x576.jpg 830w, https:\/\/www.patrim.net\/wp-content\/uploads\/2017\/09\/Vautour-fauve_Prats-de-Mollo-66_12-sept-2007-230x160.jpg 230w, https:\/\/www.patrim.net\/wp-content\/uploads\/2017\/09\/Vautour-fauve_Prats-de-Mollo-66_12-sept-2007-350x243.jpg 350w, https:\/\/www.patrim.net\/wp-content\/uploads\/2017\/09\/Vautour-fauve_Prats-de-Mollo-66_12-sept-2007-480x333.jpg 480w, https:\/\/www.patrim.net\/wp-content\/uploads\/2017\/09\/Vautour-fauve_Prats-de-Mollo-66_12-sept-2007.jpg 2016w\" sizes=\"(max-width: 1024px) 100vw, 1024px\" \/><\/a>\n\t\t\t<\/div><\/figure><figure class='gallery-item'>\n\t\t\t<div class='gallery-icon landscape'>\n\t\t\t\t<a href='https:\/\/www.patrim.net\/fr\/els-equipaments\/espais-naturals\/arcaz-centre-dinterpretation-des-oiseaux-2\/alberca\/'><img loading=\"lazy\" decoding=\"async\" width=\"1024\" height=\"683\" src=\"https:\/\/www.patrim.net\/wp-content\/uploads\/2017\/09\/Alberca-1024x683.jpg\" class=\"attachment-large size-large\" alt=\"\" srcset=\"https:\/\/www.patrim.net\/wp-content\/uploads\/2017\/09\/Alberca-1024x683.jpg 1024w, https:\/\/www.patrim.net\/wp-content\/uploads\/2017\/09\/Alberca-600x400.jpg 600w, https:\/\/www.patrim.net\/wp-content\/uploads\/2017\/09\/Alberca-300x200.jpg 300w, https:\/\/www.patrim.net\/wp-content\/uploads\/2017\/09\/Alberca-768x512.jpg 768w, https:\/\/www.patrim.net\/wp-content\/uploads\/2017\/09\/Alberca-830x554.jpg 830w, https:\/\/www.patrim.net\/wp-content\/uploads\/2017\/09\/Alberca-230x153.jpg 230w, https:\/\/www.patrim.net\/wp-content\/uploads\/2017\/09\/Alberca-350x233.jpg 350w, https:\/\/www.patrim.net\/wp-content\/uploads\/2017\/09\/Alberca-480x320.jpg 480w, https:\/\/www.patrim.net\/wp-content\/uploads\/2017\/09\/Alberca.jpg 1600w\" sizes=\"(max-width: 1024px) 100vw, 1024px\" \/><\/a>\n\t\t\t<\/div><\/figure><figure class='gallery-item'>\n\t\t\t<div class='gallery-icon landscape'>\n\t\t\t\t<a href='https:\/\/www.patrim.net\/fr\/els-equipaments\/espais-naturals\/arcaz-centre-dinterpretation-des-oiseaux-2\/mirador-buitres-09-high-2\/'><img loading=\"lazy\" decoding=\"async\" width=\"1024\" height=\"576\" src=\"https:\/\/www.patrim.net\/wp-content\/uploads\/2017\/09\/mirador-buitres-09-high-1-1024x576.jpg\" class=\"attachment-large size-large\" alt=\"\" srcset=\"https:\/\/www.patrim.net\/wp-content\/uploads\/2017\/09\/mirador-buitres-09-high-1-1024x576.jpg 1024w, https:\/\/www.patrim.net\/wp-content\/uploads\/2017\/09\/mirador-buitres-09-high-1-600x338.jpg 600w, https:\/\/www.patrim.net\/wp-content\/uploads\/2017\/09\/mirador-buitres-09-high-1-300x169.jpg 300w, https:\/\/www.patrim.net\/wp-content\/uploads\/2017\/09\/mirador-buitres-09-high-1-768x432.jpg 768w, https:\/\/www.patrim.net\/wp-content\/uploads\/2017\/09\/mirador-buitres-09-high-1-830x467.jpg 830w, https:\/\/www.patrim.net\/wp-content\/uploads\/2017\/09\/mirador-buitres-09-high-1-230x129.jpg 230w, https:\/\/www.patrim.net\/wp-content\/uploads\/2017\/09\/mirador-buitres-09-high-1-350x197.jpg 350w, https:\/\/www.patrim.net\/wp-content\/uploads\/2017\/09\/mirador-buitres-09-high-1-480x270.jpg 480w, https:\/\/www.patrim.net\/wp-content\/uploads\/2017\/09\/mirador-buitres-09-high-1.jpg 1600w\" sizes=\"(max-width: 1024px) 100vw, 1024px\" \/><\/a>\n\t\t\t<\/div><\/figure><figure class='gallery-item'>\n\t\t\t<div class='gallery-icon landscape'>\n\t\t\t\t<a href='https:\/\/www.patrim.net\/fr\/els-equipaments\/espais-naturals\/arcaz-centre-dinterpretation-des-oiseaux-2\/mallos-de-aguero_531084-2\/'><img loading=\"lazy\" decoding=\"async\" width=\"980\" height=\"690\" src=\"https:\/\/www.patrim.net\/wp-content\/uploads\/2017\/09\/mallos-de-aguero_531084.jpg\" class=\"attachment-large size-large\" alt=\"\" srcset=\"https:\/\/www.patrim.net\/wp-content\/uploads\/2017\/09\/mallos-de-aguero_531084.jpg 980w, https:\/\/www.patrim.net\/wp-content\/uploads\/2017\/09\/mallos-de-aguero_531084-600x422.jpg 600w, https:\/\/www.patrim.net\/wp-content\/uploads\/2017\/09\/mallos-de-aguero_531084-300x211.jpg 300w, https:\/\/www.patrim.net\/wp-content\/uploads\/2017\/09\/mallos-de-aguero_531084-768x541.jpg 768w, https:\/\/www.patrim.net\/wp-content\/uploads\/2017\/09\/mallos-de-aguero_531084-830x584.jpg 830w, https:\/\/www.patrim.net\/wp-content\/uploads\/2017\/09\/mallos-de-aguero_531084-230x162.jpg 230w, https:\/\/www.patrim.net\/wp-content\/uploads\/2017\/09\/mallos-de-aguero_531084-350x246.jpg 350w, https:\/\/www.patrim.net\/wp-content\/uploads\/2017\/09\/mallos-de-aguero_531084-480x338.jpg 480w\" sizes=\"(max-width: 980px) 100vw, 980px\" \/><\/a>\n\t\t\t<\/div><\/figure>\n\t\t<\/div>\n\n<p>Situ\u00e9 dans le village de Riglos, le centre d&#8217;interpr\u00e9tation est destin\u00e9 \u00e0 la valorisation et \u00e0 la connaissance des oiseaux de la r\u00e9gion des Reinos de Mallos. Il offre un mirador vitr\u00e9 pour observer les oiseaux et des cam\u00e9ras vid\u00e9o plac\u00e9es au coeur d&#8217;une aire de vautours. Il propose des activit\u00e9s d&#8217;observation pour adultes et enfants, visites en groupe ou individuelles. A Riglos, le centre d&#8217;interpr\u00e9tation est int\u00e9gr\u00e9 dans son environnement et accessible aux personnes \u00e0 mobilit\u00e9 r\u00e9duite. Face au panorama \u00e9blouissant qu&#8217;offrent les Mallos de Riglos, le centre Arcaz, de plus de 700 m2, donne les cl\u00e9s d&#8217;acc\u00e8s \u00e0 l&#8217;une des plus importantes colonies de vautours fauves d&#8217;Europe.<\/p>\n<p>Trois \u00e9tages, diverses salles, un hall avec une maquette des Riglos et un mirador vitr\u00e9 pour observer les oiseaux de mani\u00e8re privil\u00e9gi\u00e9e, un auditorium et une salle d&#8217;observation des vautours avec trois \u00e9crans qui permettent de voir en direct les images prises par deux cam\u00e9ras situ\u00e9es dans les nids, dans une aire de vautours appel\u00e9e Arcaz, constituent les atouts de ce centre.<\/p>\n","protected":false},"excerpt":{"rendered":"<p>Situ\u00e9 dans le village de Riglos, le centre d&#8217;interpr\u00e9tation est destin\u00e9 \u00e0 la valorisation et \u00e0 la connaissance des oiseaux de la r\u00e9gion des Reinos de Mallos. Il offre un mirador vitr\u00e9 pour observer les oiseaux et des cam\u00e9ras vid\u00e9o plac\u00e9es au coeur d&#8217;une aire de vautours. Il propose des activit\u00e9s d&#8217;observation pour adultes et enfants, visites en groupe ou individuelles. A Riglos, le centre d&#8217;interpr\u00e9tation est int\u00e9gr\u00e9 dans son environnement et accessible aux personnes \u00e0 mobilit\u00e9 r\u00e9duite. Face au panorama \u00e9blouissant qu&#8217;offrent les Mallos de Riglos, le centre Arcaz, de plus de 700 m2, donne les cl\u00e9s d&#8217;acc\u00e8s \u00e0 l&#8217;une des plus importantes colonies de vautours fauves d&#8217;Europe. Trois \u00e9tages, diverses salles, un hall avec une maquette des Riglos et un mirador vitr\u00e9 pour observer les oiseaux de mani\u00e8re privil\u00e9gi\u00e9e, un auditorium et une salle d&#8217;observation des vautours avec trois \u00e9crans qui permettent de voir en direct les images prises par deux cam\u00e9ras situ\u00e9es dans les nids, dans une aire de vautours appel\u00e9e Arcaz, constituent les atouts de ce centre.<\/p>\n","protected":false},"author":1,"featured_media":0,"parent":1036,"menu_order":0,"comment_status":"closed","ping_status":"closed","template":"","meta":{"site-sidebar-layout":"default","site-content-layout":"","ast-site-content-layout":"default","site-content-style":"default","site-sidebar-style":"default","ast-global-header-display":"","ast-banner-title-visibility":"","ast-main-header-display":"","ast-hfb-above-header-display":"","ast-hfb-below-header-display":"","ast-hfb-mobile-header-display":"","site-post-title":"","ast-breadcrumbs-content":"","ast-featured-img":"","footer-sml-layout":"","theme-transparent-header-meta":"","adv-header-id-meta":"","stick-header-meta":"","header-above-stick-meta":"","header-main-stick-meta":"","header-below-stick-meta":"","astra-migrate-meta-layouts":"default","ast-page-background-enabled":"default","ast-page-background-meta":{"desktop":{"background-color":"var(--ast-global-color-5)","background-image":"","background-repeat":"repeat","background-position":"center center","background-size":"auto","background-attachment":"scroll","background-type":"","background-media":"","overlay-type":"","overlay-color":"","overlay-opacity":"","overlay-gradient":""},"tablet":{"background-color":"","background-image":"","background-repeat":"repeat","background-position":"center center","background-size":"auto","background-attachment":"scroll","background-type":"","background-media":"","overlay-type":"","overlay-color":"","overlay-opacity":"","overlay-gradient":""},"mobile":{"background-color":"","background-image":"","background-repeat":"repeat","background-position":"center center","background-size":"auto","background-attachment":"scroll","background-type":"","background-media":"","overlay-type":"","overlay-color":"","overlay-opacity":"","overlay-gradient":""}},"ast-content-background-meta":{"desktop":{"background-color":"var(--ast-global-color-4)","background-image":"","background-repeat":"repeat","background-position":"center center","background-size":"auto","background-attachment":"scroll","background-type":"","background-media":"","overlay-type":"","overlay-color":"","overlay-opacity":"","overlay-gradient":""},"tablet":{"background-color":"var(--ast-global-color-4)","background-image":"","background-repeat":"repeat","background-position":"center center","background-size":"auto","background-attachment":"scroll","background-type":"","background-media":"","overlay-type":"","overlay-color":"","overlay-opacity":"","overlay-gradient":""},"mobile":{"background-color":"var(--ast-global-color-4)","background-image":"","background-repeat":"repeat","background-position":"center center","background-size":"auto","background-attachment":"scroll","background-type":"","background-media":"","overlay-type":"","overlay-color":"","overlay-opacity":"","overlay-gradient":""}},"footnotes":""},"class_list":["post-1302","page","type-page","status-publish","hentry"],"_links":{"self":[{"href":"https:\/\/www.patrim.net\/fr\/wp-json\/wp\/v2\/pages\/1302","targetHints":{"allow":["GET"]}}],"collection":[{"href":"https:\/\/www.patrim.net\/fr\/wp-json\/wp\/v2\/pages"}],"about":[{"href":"https:\/\/www.patrim.net\/fr\/wp-json\/wp\/v2\/types\/page"}],"author":[{"embeddable":true,"href":"https:\/\/www.patrim.net\/fr\/wp-json\/wp\/v2\/users\/1"}],"replies":[{"embeddable":true,"href":"https:\/\/www.patrim.net\/fr\/wp-json\/wp\/v2\/comments?post=1302"}],"version-history":[{"count":4,"href":"https:\/\/www.patrim.net\/fr\/wp-json\/wp\/v2\/pages\/1302\/revisions"}],"predecessor-version":[{"id":4252,"href":"https:\/\/www.patrim.net\/fr\/wp-json\/wp\/v2\/pages\/1302\/revisions\/4252"}],"up":[{"embeddable":true,"href":"https:\/\/www.patrim.net\/fr\/wp-json\/wp\/v2\/pages\/1036"}],"wp:attachment":[{"href":"https:\/\/www.patrim.net\/fr\/wp-json\/wp\/v2\/media?parent=1302"}],"curies":[{"name":"wp","href":"https:\/\/api.w.org\/{rel}","templated":true}]}}