{"id":1246,"date":"2017-09-14T17:51:11","date_gmt":"2017-09-14T16:51:11","guid":{"rendered":"http:\/\/www.patrim.net\/?page_id=1246"},"modified":"2022-02-15T20:47:15","modified_gmt":"2022-02-15T19:47:15","slug":"musee-forum-de-laurignacien","status":"publish","type":"page","link":"https:\/\/www.patrim.net\/fr\/les-centres\/prehistoire\/musee-forum-de-laurignacien\/","title":{"rendered":"Mus\u00e9e de l\u2019Aurignacien &#8211; La Pr\u00e9histoire en Haute-Garonne"},"content":{"rendered":"<div id='gallery-1' class='gallery galleryid-1246 gallery-columns-2 gallery-size-large'><figure class='gallery-item'>\n\t\t\t<div class='gallery-icon landscape'>\n\t\t\t\t<a href='https:\/\/www.patrim.net\/fr\/les-centres\/prehistoire\/musee-forum-de-laurignacien\/musee_aurignac-2-c-daniel-moulinet-basalt-architecture\/'><img fetchpriority=\"high\" decoding=\"async\" width=\"1024\" height=\"683\" src=\"https:\/\/www.patrim.net\/wp-content\/uploads\/2017\/09\/Mus\u00e9e_Aurignac-2-C-Daniel-Moulinet-Basalt-Architecture-1024x683.jpg\" class=\"attachment-large size-large\" alt=\"\" srcset=\"https:\/\/www.patrim.net\/wp-content\/uploads\/2017\/09\/Mus\u00e9e_Aurignac-2-C-Daniel-Moulinet-Basalt-Architecture-1024x683.jpg 1024w, https:\/\/www.patrim.net\/wp-content\/uploads\/2017\/09\/Mus\u00e9e_Aurignac-2-C-Daniel-Moulinet-Basalt-Architecture-e1505468848903-600x400.jpg 600w, https:\/\/www.patrim.net\/wp-content\/uploads\/2017\/09\/Mus\u00e9e_Aurignac-2-C-Daniel-Moulinet-Basalt-Architecture-300x200.jpg 300w, https:\/\/www.patrim.net\/wp-content\/uploads\/2017\/09\/Mus\u00e9e_Aurignac-2-C-Daniel-Moulinet-Basalt-Architecture-768x512.jpg 768w, https:\/\/www.patrim.net\/wp-content\/uploads\/2017\/09\/Mus\u00e9e_Aurignac-2-C-Daniel-Moulinet-Basalt-Architecture-830x553.jpg 830w, https:\/\/www.patrim.net\/wp-content\/uploads\/2017\/09\/Mus\u00e9e_Aurignac-2-C-Daniel-Moulinet-Basalt-Architecture-230x153.jpg 230w, https:\/\/www.patrim.net\/wp-content\/uploads\/2017\/09\/Mus\u00e9e_Aurignac-2-C-Daniel-Moulinet-Basalt-Architecture-350x233.jpg 350w, https:\/\/www.patrim.net\/wp-content\/uploads\/2017\/09\/Mus\u00e9e_Aurignac-2-C-Daniel-Moulinet-Basalt-Architecture-480x320.jpg 480w, https:\/\/www.patrim.net\/wp-content\/uploads\/2017\/09\/Mus\u00e9e_Aurignac-2-C-Daniel-Moulinet-Basalt-Architecture-e1505468848903.jpg 1200w\" sizes=\"(max-width: 1024px) 100vw, 1024px\" \/><\/a>\n\t\t\t<\/div><\/figure><figure class='gallery-item'>\n\t\t\t<div class='gallery-icon landscape'>\n\t\t\t\t<a href='https:\/\/www.patrim.net\/fr\/les-centres\/prehistoire\/musee-forum-de-laurignacien\/musee_aurignac-6-c-daniel-moulinet-basalt-architecture\/'><img decoding=\"async\" width=\"1024\" height=\"683\" src=\"https:\/\/www.patrim.net\/wp-content\/uploads\/2017\/09\/Mus\u00e9e_Aurignac-6-C-Daniel-Moulinet-Basalt-Architecture-1024x683.jpg\" class=\"attachment-large size-large\" alt=\"\" srcset=\"https:\/\/www.patrim.net\/wp-content\/uploads\/2017\/09\/Mus\u00e9e_Aurignac-6-C-Daniel-Moulinet-Basalt-Architecture-1024x683.jpg 1024w, https:\/\/www.patrim.net\/wp-content\/uploads\/2017\/09\/Mus\u00e9e_Aurignac-6-C-Daniel-Moulinet-Basalt-Architecture-e1505469754885-600x400.jpg 600w, https:\/\/www.patrim.net\/wp-content\/uploads\/2017\/09\/Mus\u00e9e_Aurignac-6-C-Daniel-Moulinet-Basalt-Architecture-300x200.jpg 300w, https:\/\/www.patrim.net\/wp-content\/uploads\/2017\/09\/Mus\u00e9e_Aurignac-6-C-Daniel-Moulinet-Basalt-Architecture-768x512.jpg 768w, https:\/\/www.patrim.net\/wp-content\/uploads\/2017\/09\/Mus\u00e9e_Aurignac-6-C-Daniel-Moulinet-Basalt-Architecture-830x553.jpg 830w, https:\/\/www.patrim.net\/wp-content\/uploads\/2017\/09\/Mus\u00e9e_Aurignac-6-C-Daniel-Moulinet-Basalt-Architecture-230x153.jpg 230w, https:\/\/www.patrim.net\/wp-content\/uploads\/2017\/09\/Mus\u00e9e_Aurignac-6-C-Daniel-Moulinet-Basalt-Architecture-350x233.jpg 350w, https:\/\/www.patrim.net\/wp-content\/uploads\/2017\/09\/Mus\u00e9e_Aurignac-6-C-Daniel-Moulinet-Basalt-Architecture-480x320.jpg 480w, https:\/\/www.patrim.net\/wp-content\/uploads\/2017\/09\/Mus\u00e9e_Aurignac-6-C-Daniel-Moulinet-Basalt-Architecture-e1505469754885.jpg 1200w\" sizes=\"(max-width: 1024px) 100vw, 1024px\" \/><\/a>\n\t\t\t<\/div><\/figure><figure class='gallery-item'>\n\t\t\t<div class='gallery-icon landscape'>\n\t\t\t\t<a href='https:\/\/www.patrim.net\/fr\/les-centres\/prehistoire\/musee-forum-de-laurignacien\/aurignac-musee-forum-de-laurignacien\/'><img decoding=\"async\" width=\"1024\" height=\"685\" src=\"https:\/\/www.patrim.net\/wp-content\/uploads\/2017\/09\/Vue-du-mus\u00e9e-C-J.F.-Peir\u00e9-DRAC-Midi-Pyr\u00e9n\u00e9es-1024x685.jpg\" class=\"attachment-large size-large\" alt=\"\" srcset=\"https:\/\/www.patrim.net\/wp-content\/uploads\/2017\/09\/Vue-du-mus\u00e9e-C-J.F.-Peir\u00e9-DRAC-Midi-Pyr\u00e9n\u00e9es-1024x685.jpg 1024w, https:\/\/www.patrim.net\/wp-content\/uploads\/2017\/09\/Vue-du-mus\u00e9e-C-J.F.-Peir\u00e9-DRAC-Midi-Pyr\u00e9n\u00e9es-e1505470043734-600x402.jpg 600w, https:\/\/www.patrim.net\/wp-content\/uploads\/2017\/09\/Vue-du-mus\u00e9e-C-J.F.-Peir\u00e9-DRAC-Midi-Pyr\u00e9n\u00e9es-300x201.jpg 300w, https:\/\/www.patrim.net\/wp-content\/uploads\/2017\/09\/Vue-du-mus\u00e9e-C-J.F.-Peir\u00e9-DRAC-Midi-Pyr\u00e9n\u00e9es-768x514.jpg 768w, https:\/\/www.patrim.net\/wp-content\/uploads\/2017\/09\/Vue-du-mus\u00e9e-C-J.F.-Peir\u00e9-DRAC-Midi-Pyr\u00e9n\u00e9es-830x555.jpg 830w, https:\/\/www.patrim.net\/wp-content\/uploads\/2017\/09\/Vue-du-mus\u00e9e-C-J.F.-Peir\u00e9-DRAC-Midi-Pyr\u00e9n\u00e9es-230x154.jpg 230w, https:\/\/www.patrim.net\/wp-content\/uploads\/2017\/09\/Vue-du-mus\u00e9e-C-J.F.-Peir\u00e9-DRAC-Midi-Pyr\u00e9n\u00e9es-350x234.jpg 350w, https:\/\/www.patrim.net\/wp-content\/uploads\/2017\/09\/Vue-du-mus\u00e9e-C-J.F.-Peir\u00e9-DRAC-Midi-Pyr\u00e9n\u00e9es-480x321.jpg 480w, https:\/\/www.patrim.net\/wp-content\/uploads\/2017\/09\/Vue-du-mus\u00e9e-C-J.F.-Peir\u00e9-DRAC-Midi-Pyr\u00e9n\u00e9es-e1505470043734.jpg 1200w\" sizes=\"(max-width: 1024px) 100vw, 1024px\" \/><\/a>\n\t\t\t<\/div><\/figure><figure class='gallery-item'>\n\t\t\t<div class='gallery-icon landscape'>\n\t\t\t\t<a href='https:\/\/www.patrim.net\/fr\/les-centres\/prehistoire\/musee-forum-de-laurignacien\/musee_aurignac-3-c-daniel-moulinet-basalt-architecture\/'><img loading=\"lazy\" decoding=\"async\" width=\"1024\" height=\"683\" src=\"https:\/\/www.patrim.net\/wp-content\/uploads\/2017\/09\/Mus\u00e9e_Aurignac-3-C-Daniel-Moulinet-Basalt-Architecture-1024x683.jpg\" class=\"attachment-large size-large\" alt=\"\" srcset=\"https:\/\/www.patrim.net\/wp-content\/uploads\/2017\/09\/Mus\u00e9e_Aurignac-3-C-Daniel-Moulinet-Basalt-Architecture-1024x683.jpg 1024w, https:\/\/www.patrim.net\/wp-content\/uploads\/2017\/09\/Mus\u00e9e_Aurignac-3-C-Daniel-Moulinet-Basalt-Architecture-e1505469183116-600x400.jpg 600w, https:\/\/www.patrim.net\/wp-content\/uploads\/2017\/09\/Mus\u00e9e_Aurignac-3-C-Daniel-Moulinet-Basalt-Architecture-300x200.jpg 300w, https:\/\/www.patrim.net\/wp-content\/uploads\/2017\/09\/Mus\u00e9e_Aurignac-3-C-Daniel-Moulinet-Basalt-Architecture-768x512.jpg 768w, https:\/\/www.patrim.net\/wp-content\/uploads\/2017\/09\/Mus\u00e9e_Aurignac-3-C-Daniel-Moulinet-Basalt-Architecture-830x553.jpg 830w, https:\/\/www.patrim.net\/wp-content\/uploads\/2017\/09\/Mus\u00e9e_Aurignac-3-C-Daniel-Moulinet-Basalt-Architecture-230x153.jpg 230w, https:\/\/www.patrim.net\/wp-content\/uploads\/2017\/09\/Mus\u00e9e_Aurignac-3-C-Daniel-Moulinet-Basalt-Architecture-350x233.jpg 350w, https:\/\/www.patrim.net\/wp-content\/uploads\/2017\/09\/Mus\u00e9e_Aurignac-3-C-Daniel-Moulinet-Basalt-Architecture-480x320.jpg 480w, https:\/\/www.patrim.net\/wp-content\/uploads\/2017\/09\/Mus\u00e9e_Aurignac-3-C-Daniel-Moulinet-Basalt-Architecture-e1505469183116.jpg 1200w\" sizes=\"(max-width: 1024px) 100vw, 1024px\" \/><\/a>\n\t\t\t<\/div><\/figure>\n\t\t<\/div>\n\n<p class=\"premier\">Log\u00e9 dans un b\u00e2timent inaugur\u00e9 en avril 2015, \u00e0 l\u2019architecture tr\u00e8s moderne, ce mus\u00e9e invite tous les passionn\u00e9s de <strong>Pr\u00e9histoire<\/strong>, amateurs de d\u00e9couvertes culturelles et curieux de tous horizons, \u00e0 aller \u00e0 la rencontre des <em><strong>Aurignaciens<\/strong><\/em><strong>, premiers hommes anatomiquement modernes qui v\u00e9curent en Europe il y a environ 35\u00a0000\u00a0ans<\/strong>.<\/p>\n<p>Des t\u00e9moignages de la vie de ces peuples du pass\u00e9 &#8211; <em><strong>armes de chasse, objets de la vie quotidienne, \u00e9l\u00e9ments de parure, statuettes&#8230;\u00a0<\/strong>&#8211;<\/em> provenant des fouilles du site d\u2019Aurignac et \u00e9galement d\u2019autres sites embl\u00e9matiques de la Pr\u00e9histoire sont le fil conducteur d\u2019une pr\u00e9sentation mus\u00e9ographique enti\u00e8rement r\u00e9nov\u00e9e.<\/p>\n<p>Des supports multim\u00e9dias, expositions temporaires, animations pour tous les publics, ainsi que des temps de rencontres et de d\u00e9bats, permettent de multiplier les approches de la Pr\u00e9histoire et d&#8217;interroger nos connaissances actuelles sur les origines de l&#8217;homme.<\/p>\n","protected":false},"excerpt":{"rendered":"<p>Log\u00e9 dans un b\u00e2timent inaugur\u00e9 en avril 2015, \u00e0 l\u2019architecture tr\u00e8s moderne, ce mus\u00e9e invite tous les passionn\u00e9s de Pr\u00e9histoire, amateurs de d\u00e9couvertes culturelles et curieux de tous horizons, \u00e0 aller \u00e0 la rencontre des Aurignaciens, premiers hommes anatomiquement modernes qui v\u00e9curent en Europe il y a environ 35\u00a0000\u00a0ans. Des t\u00e9moignages de la vie de ces peuples du pass\u00e9 &#8211; armes de chasse, objets de la vie quotidienne, \u00e9l\u00e9ments de parure, statuettes&#8230;\u00a0&#8211; provenant des fouilles du site d\u2019Aurignac et \u00e9galement d\u2019autres sites embl\u00e9matiques de la Pr\u00e9histoire sont le fil conducteur d\u2019une pr\u00e9sentation mus\u00e9ographique enti\u00e8rement r\u00e9nov\u00e9e. Des supports multim\u00e9dias, expositions temporaires, animations pour tous les publics, ainsi que des temps de rencontres et de d\u00e9bats, permettent de multiplier les approches de la Pr\u00e9histoire et d&#8217;interroger nos connaissances actuelles sur les origines de l&#8217;homme.<\/p>\n","protected":false},"author":1,"featured_media":0,"parent":1034,"menu_order":0,"comment_status":"closed","ping_status":"closed","template":"","meta":{"site-sidebar-layout":"default","site-content-layout":"","ast-site-content-layout":"default","site-content-style":"default","site-sidebar-style":"default","ast-global-header-display":"","ast-banner-title-visibility":"","ast-main-header-display":"","ast-hfb-above-header-display":"","ast-hfb-below-header-display":"","ast-hfb-mobile-header-display":"","site-post-title":"","ast-breadcrumbs-content":"","ast-featured-img":"","footer-sml-layout":"","theme-transparent-header-meta":"","adv-header-id-meta":"","stick-header-meta":"","header-above-stick-meta":"","header-main-stick-meta":"","header-below-stick-meta":"","astra-migrate-meta-layouts":"default","ast-page-background-enabled":"default","ast-page-background-meta":{"desktop":{"background-color":"var(--ast-global-color-5)","background-image":"","background-repeat":"repeat","background-position":"center center","background-size":"auto","background-attachment":"scroll","background-type":"","background-media":"","overlay-type":"","overlay-color":"","overlay-opacity":"","overlay-gradient":""},"tablet":{"background-color":"","background-image":"","background-repeat":"repeat","background-position":"center center","background-size":"auto","background-attachment":"scroll","background-type":"","background-media":"","overlay-type":"","overlay-color":"","overlay-opacity":"","overlay-gradient":""},"mobile":{"background-color":"","background-image":"","background-repeat":"repeat","background-position":"center center","background-size":"auto","background-attachment":"scroll","background-type":"","background-media":"","overlay-type":"","overlay-color":"","overlay-opacity":"","overlay-gradient":""}},"ast-content-background-meta":{"desktop":{"background-color":"var(--ast-global-color-4)","background-image":"","background-repeat":"repeat","background-position":"center center","background-size":"auto","background-attachment":"scroll","background-type":"","background-media":"","overlay-type":"","overlay-color":"","overlay-opacity":"","overlay-gradient":""},"tablet":{"background-color":"var(--ast-global-color-4)","background-image":"","background-repeat":"repeat","background-position":"center center","background-size":"auto","background-attachment":"scroll","background-type":"","background-media":"","overlay-type":"","overlay-color":"","overlay-opacity":"","overlay-gradient":""},"mobile":{"background-color":"var(--ast-global-color-4)","background-image":"","background-repeat":"repeat","background-position":"center center","background-size":"auto","background-attachment":"scroll","background-type":"","background-media":"","overlay-type":"","overlay-color":"","overlay-opacity":"","overlay-gradient":""}},"footnotes":""},"class_list":["post-1246","page","type-page","status-publish","hentry"],"_links":{"self":[{"href":"https:\/\/www.patrim.net\/fr\/wp-json\/wp\/v2\/pages\/1246","targetHints":{"allow":["GET"]}}],"collection":[{"href":"https:\/\/www.patrim.net\/fr\/wp-json\/wp\/v2\/pages"}],"about":[{"href":"https:\/\/www.patrim.net\/fr\/wp-json\/wp\/v2\/types\/page"}],"author":[{"embeddable":true,"href":"https:\/\/www.patrim.net\/fr\/wp-json\/wp\/v2\/users\/1"}],"replies":[{"embeddable":true,"href":"https:\/\/www.patrim.net\/fr\/wp-json\/wp\/v2\/comments?post=1246"}],"version-history":[{"count":6,"href":"https:\/\/www.patrim.net\/fr\/wp-json\/wp\/v2\/pages\/1246\/revisions"}],"predecessor-version":[{"id":5095,"href":"https:\/\/www.patrim.net\/fr\/wp-json\/wp\/v2\/pages\/1246\/revisions\/5095"}],"up":[{"embeddable":true,"href":"https:\/\/www.patrim.net\/fr\/wp-json\/wp\/v2\/pages\/1034"}],"wp:attachment":[{"href":"https:\/\/www.patrim.net\/fr\/wp-json\/wp\/v2\/media?parent=1246"}],"curies":[{"name":"wp","href":"https:\/\/api.w.org\/{rel}","templated":true}]}}