{"id":2609,"date":"2015-08-17T21:14:13","date_gmt":"2015-08-17T20:14:13","guid":{"rendered":"http:\/\/www.patrim.net\/nos-actions\/?lang=eu"},"modified":"2022-02-25T11:43:56","modified_gmt":"2022-02-25T10:43:56","slug":"gure-ekintzak","status":"publish","type":"page","link":"https:\/\/www.patrim.net\/eu\/patrim\/gure-ekintzak\/","title":{"rendered":"Gure ekintzak"},"content":{"rendered":"<div id=\"pl-2609\"  class=\"panel-layout\" ><div id=\"pg-2609-0\"  class=\"panel-grid panel-no-style\" ><div id=\"pgc-2609-0-0\"  class=\"panel-grid-cell\" ><div id=\"panel-2609-0-0-0\" class=\"so-panel widget widget_sow-editor panel-first-child\" data-index=\"0\" ><div\n\t\t\t\n\t\t\tclass=\"so-widget-sow-editor so-widget-sow-editor-base\"\n\t\t\t\n\t\t><h3 class=\"widget-title\">Gure ekintzak<\/h3>\n<div class=\"siteorigin-widget-tinymce textwidget\">\n\t<\/div>\n<\/div><\/div><div id=\"panel-2609-0-0-1\" class=\"so-panel widget widget_media_image\" data-index=\"1\" ><img fetchpriority=\"high\" decoding=\"async\" width=\"1024\" height=\"435\" src=\"https:\/\/www.patrim.net\/wp-content\/uploads\/2022\/02\/Ayerbe-30v-09-15-2-1024x699-2.jpg\" class=\"image wp-image-4375  attachment-full size-full\" alt=\"\" style=\"max-width: 100%; height: auto;\" srcset=\"https:\/\/www.patrim.net\/wp-content\/uploads\/2022\/02\/Ayerbe-30v-09-15-2-1024x699-2.jpg 1024w, https:\/\/www.patrim.net\/wp-content\/uploads\/2022\/02\/Ayerbe-30v-09-15-2-1024x699-2-600x255.jpg 600w, https:\/\/www.patrim.net\/wp-content\/uploads\/2022\/02\/Ayerbe-30v-09-15-2-1024x699-2-300x127.jpg 300w, https:\/\/www.patrim.net\/wp-content\/uploads\/2022\/02\/Ayerbe-30v-09-15-2-1024x699-2-768x326.jpg 768w, https:\/\/www.patrim.net\/wp-content\/uploads\/2022\/02\/Ayerbe-30v-09-15-2-1024x699-2-920x391.jpg 920w, https:\/\/www.patrim.net\/wp-content\/uploads\/2022\/02\/Ayerbe-30v-09-15-2-1024x699-2-230x98.jpg 230w, https:\/\/www.patrim.net\/wp-content\/uploads\/2022\/02\/Ayerbe-30v-09-15-2-1024x699-2-350x149.jpg 350w, https:\/\/www.patrim.net\/wp-content\/uploads\/2022\/02\/Ayerbe-30v-09-15-2-1024x699-2-480x204.jpg 480w\" sizes=\"(max-width: 1024px) 100vw, 1024px\" \/><\/div><div id=\"panel-2609-0-0-2\" class=\"so-panel widget widget_sow-editor panel-last-child\" data-index=\"2\" ><div\n\t\t\t\n\t\t\tclass=\"so-widget-sow-editor so-widget-sow-editor-base\"\n\t\t\t\n\t\t>\n<div class=\"siteorigin-widget-tinymce textwidget\">\n\t<p>&nbsp;<\/p>\n<p>PATRIM sareak Pirinioetako haranetako gakoak eskaintzen dizkizu. PATRIM, Pirinioetako ondarea ezagutuz: hurbilketa intimo bat, Pirinioetarako begirada berezi bat, hemen bizi diren emakume eta gizonek jasotako kontakizunak...<\/p>\n<p>2008tik, sarearen barruan, hainbat ekintza jarri ditugu abian, Pirinioetako kulturara hurbiltze justua eskaintzeko, bereziki:<\/p>\n<ul>\n<li>Truke zientifikoak, Pirinioetako ondareari buruzko ikerketa-programak<\/li>\n<li>Ezagutzak eta praktika hobeak partekatzea, prestakuntza-mintegien bidez<\/li>\n<li>Erakusketak, argitalpenak, ikasketa-jardunaldiak eta kultura-ekitaldi komunak antolatzea.<\/li>\n<li>Maleta pedagogikoak eta ezagutza zabaltzeko tresna bateratuen diseinua<\/li>\n<\/ul>\n<p style=\"text-align: justify;\">PATRIM sareak hainbat proiektu diseinatu ditu, eskualde-garapenerako europar programen eta Europako funtsaren kredituen laguntzaz baliatu direnak:<\/p>\n<p>&nbsp;<\/p>\n<blockquote>\n<p>PATRIM 1 2009-2012<\/p>\n<\/blockquote>\n<p><em>8 ondare-zentrok osatutako Pirinioetako lehen sarea sortzea eta ikusaraztea, sektore arteko sinergiak dituen kultura-eskaintza eta kalitatezko turismo-eskaintza iraunkorra elkarrekin garatzeko eta sortzeko gaitasuna duena. 3 lan-maila: alde biko lankidetza tematikoa, lurralde-lotura eta ekipamenduen hobekuntza. Ekintzak: jardunbide egokien trukeak, prestakuntza, marketin-plan komuna, jardunaldi zientifikoak, zentroen hobekuntza eta lurralde-dinamizazioa, teknika eszenografikoak eta kudeaketa jasangarria.<\/em><\/p>\n<p><a href=\"https:\/\/www.poctefa.eu\/\" target=\"_blank\" rel=\"noopener\">Proiektu honek POCTEFA 2007-2013 (FEDER)<\/a>, du <a href=\"http:\/\/www.cdm-pyrenees.fr\/aller-plus-loin\/la-datar.html\" target=\"_blank\" rel=\"noopener\">Pirinioak garatzeko Massif komisariotza<\/a>, <a href=\"http:\/\/www.ariege.fr\/\" target=\"_blank\" rel=\"noopener\">Ari\u00e8ge<\/a> eta <a href=\"http:\/\/www.hautespyrenees.fr\/fr\/index.html\" target=\"_blank\" rel=\"noopener\">Hautes-Pyr\u00e9n\u00e9es departamentuak<\/a>, de la <a href=\"https:\/\/www.laregion.fr\/\" target=\"_blank\" rel=\"noopener\">Midi-Pyr\u00e9n\u00e9es eskualdea<\/a> eta <a href=\"http:\/\/web.gencat.cat\/ca\/inici\/\" target=\"_blank\" rel=\"noopener\">Kataluniako Generalitatea<\/a>\u00a0izan ditu babesle.<\/p>\n<p>&nbsp;<\/p>\n<blockquote>\n<p>PATRIM Kultura Euroeskualdea - 2013<\/p>\n<\/blockquote>\n<p><em>Museoen eta ondarearen Pirinioetako lehen topaketak egin ziren Esterri d 'Aneun (120 parte-hartzaile). Lankidetza-sarea handitzea.<\/em><\/p>\n<p>Proiektu honek <a href=\"http:\/\/www.euroregio.eu\/\" target=\"_blank\" rel=\"noopener\">Pyr\u00e9n\u00e9es-M\u00e9diterran\u00e9e Euroeskualdearen<\/a> babesa jaso du Kultura proiektuen deialdiaren esparruan, <a href=\"http:\/\/www.cdm-pyrenees.fr\/aller-plus-loin\/la-datar.html\" target=\"_blank\" rel=\"noopener\">Pirinioak garatzeko Massif komisarioaren<\/a>, <a href=\"http:\/\/www.ariege.fr\/\" target=\"_blank\" rel=\"noopener\">Ari\u00e8ge<\/a> eta <a href=\"http:\/\/www.hautespyrenees.fr\/fr\/index.html\" target=\"_blank\" rel=\"noopener\">Hautes-Pyr\u00e9n\u00e9es<\/a> departamentuen, <a href=\"https:\/\/www.laregion.fr\/\" target=\"_blank\" rel=\"noopener\">Midi-Pyr\u00e9n\u00e9es departamentuaren<\/a> eta <a href=\"http:\/\/web.gencat.cat\/ca\/inici\/\" target=\"_blank\" rel=\"noopener\">Kataluniako Generalitatearen<\/a>\u00a0deialdien esparruan<\/p>\n<p>&nbsp;<\/p>\n<blockquote>\n<p>PATRIM Gazteria \u2013 2014tik orain arte<\/p>\n<\/blockquote>\n<p><em>Aragoiko eta Ari\u00e8geko gazteen elkartrukeak eta topaketak, Pirinioetako ondarearen kontzientzia dutenak.<\/em><\/p>\n<p>Proiektu honek <a href=\"http:\/\/www.erasmusplus.gob.es\/\" target=\"_blank\" rel=\"noopener\">Erasmus+<\/a>\u00a0programaren laguntza jasotzen du.<\/p>\n<p>&nbsp;<\/p>\n<blockquote>\n<p>PATRIM II 2014-2015<\/p>\n<\/blockquote>\n<p><em>Hiru ekintza proposatzen dira: prestakuntza zehatza eta berehala aplikatzekoa zentroak hobetzeko (komunikazioa, sare sozialak, museoko denden kudeaketa, etab.); ekitaldi kultural ibiltariak; sarearen kudeaketa eta sustapena hobetzea (LLETaren aurrerapena, webgunea, ostatu-hornitzaileentzako eskaintza turistikoa).<\/em><\/p>\n<p>Proiektu honek <a href=\"https:\/\/www.poctefa.eu\/\" target=\"_blank\" rel=\"noopener\">POCTEFA 2007-2013 (FEDER)<\/a>, <a href=\"http:\/\/www.cdm-pyrenees.fr\/aller-plus-loin\/la-datar.html\" target=\"_blank\" rel=\"noopener\">Pirinioak garatzeko Mendigunearen Batzordea<\/a>, <a href=\"http:\/\/www.ariege.fr\/\" target=\"_blank\" rel=\"noopener\">Ari\u00e8ge<\/a> eta <a href=\"http:\/\/www.hautespyrenees.fr\/fr\/index.html\" target=\"_blank\" rel=\"noopener\">Hautes-Pyr\u00e9n\u00e9es<\/a>\u00a0departamentuen babesa jaso du.<\/p>\n<p>&nbsp;<\/p>\n<blockquote>\n<p>PATRIM + 2016tik<\/p>\n<\/blockquote>\n<h4>Helburuak:<\/h4>\n<p><strong>ONDAREAREN INSTITUTU BIRTUALA sortzea:<\/strong><\/p>\n<ul>\n<li>Patrim Behatokia (datu bilketa eta ikerketa sustatzea unibertsitateetatik zentroetara\/zentroekin, gai interesgarriak: emakumea, diaspora, kontrabandoa, arkeologia, landatartasuna, modernitatea eta garaikidetasuna...)<\/li>\n<li>Online baliabideen zentroa (Pirinioetako ondareari buruzko ezagutzak partekatzeko Tics aplikazioa)<\/li>\n<li>Hedapen eta trebakuntza-tailerrak<\/li>\n<li>Zentroko kalitate-zerbitzua hobetzea<\/li>\n<\/ul>\n<p><strong>BERRIKUNTZA ETA BALORAZIO JASANGARRIA:<\/strong><\/p>\n<ul>\n<li>Partaidetza-estrategia komunak:<\/li>\n<li>Bisitariak zentroetara iristea,<\/li>\n<li>Gizarteratze kognitiboa eta soziala,<\/li>\n<li>Ekipoen ekoeraginkortasuna,<\/li>\n<li>Sareko marketin turistikoa<\/li>\n<\/ul>\n<p><strong>SAREAREN KUDEAKETA ETA KOMUNIKAZIOA<\/strong><\/p>\n<\/div>\n<\/div><\/div><\/div><\/div><div id=\"pg-2609-1\"  class=\"panel-grid panel-has-style\" ><div class=\"panel-row-style panel-row-style-for-2609-1\" ><div id=\"pgc-2609-1-0\"  class=\"panel-grid-cell\" ><div id=\"panel-2609-1-0-0\" class=\"so-panel widget panel-first-child panel-last-child\" data-index=\"3\" ><\/div><\/div><\/div><\/div><\/div>","protected":false},"excerpt":{"rendered":"<p>&nbsp; PATRIM sareak Pirinioetako haranetako gakoak eskaintzen dizkizu. PATRIM, Pirinioetako ondarea ezagutuz: hurbilketa intimo bat, Pirinioetarako begirada berezi bat, hemen bizi diren emakume eta gizonek jasotako kontakizunak&#8230; 2008tik, sarearen barruan, hainbat ekintza jarri ditugu abian, Pirinioetako kulturara hurbiltze justua eskaintzeko, bereziki: Truke zientifikoak, Pirinioetako ondareari buruzko ikerketa-programak Ezagutzak eta praktika hobeak partekatzea, prestakuntza-mintegien bidez Erakusketak, argitalpenak, ikasketa-jardunaldiak eta kultura-ekitaldi komunak antolatzea. Maleta pedagogikoak eta ezagutza zabaltzeko tresna bateratuen diseinua PATRIM sareak hainbat proiektu diseinatu ditu, eskualde-garapenerako europar programen eta Europako funtsaren kredituen laguntzaz baliatu direnak: &nbsp; PATRIM 1 2009-2012 8 ondare-zentrok osatutako Pirinioetako lehen sarea sortzea eta ikusaraztea, sektore arteko sinergiak dituen kultura-eskaintza eta kalitatezko turismo-eskaintza iraunkorra elkarrekin garatzeko eta sortzeko gaitasuna duena. 3 lan-maila: alde biko lankidetza tematikoa, lurralde-lotura eta ekipamenduen hobekuntza. Ekintzak: jardunbide egokien trukeak, prestakuntza, marketin-plan komuna, jardunaldi zientifikoak, zentroen hobekuntza eta lurralde-dinamizazioa, teknika eszenografikoak eta kudeaketa jasangarria. Proiektu honek POCTEFA 2007-2013 (FEDER), du Pirinioak garatzeko Massif komisariotza, Ari\u00e8ge eta Hautes-Pyr\u00e9n\u00e9es departamentuak, de la Midi-Pyr\u00e9n\u00e9es eskualdea eta Kataluniako Generalitatea\u00a0izan ditu babesle. &nbsp; PATRIM Kultura Euroeskualdea &#8211; 2013 Museoen eta ondarearen Pirinioetako lehen topaketak egin ziren Esterri d &#8216;Aneun (120 parte-hartzaile). Lankidetza-sarea handitzea. Proiektu honek Pyr\u00e9n\u00e9es-M\u00e9diterran\u00e9e Euroeskualdearen babesa jaso du Kultura proiektuen deialdiaren esparruan, Pirinioak garatzeko Massif komisarioaren, Ari\u00e8ge eta Hautes-Pyr\u00e9n\u00e9es departamentuen, Midi-Pyr\u00e9n\u00e9es departamentuaren eta Kataluniako Generalitatearen\u00a0deialdien esparruan &nbsp; PATRIM Gazteria \u2013 2014tik orain arte Aragoiko eta Ari\u00e8geko gazteen elkartrukeak eta topaketak, Pirinioetako ondarearen kontzientzia dutenak. Proiektu honek Erasmus+\u00a0programaren laguntza jasotzen du. &nbsp; PATRIM II 2014-2015 Hiru ekintza proposatzen dira: prestakuntza zehatza eta berehala aplikatzekoa zentroak hobetzeko (komunikazioa, sare sozialak, museoko denden kudeaketa, etab.); ekitaldi kultural ibiltariak; sarearen kudeaketa eta sustapena hobetzea (LLETaren aurrerapena, webgunea, ostatu-hornitzaileentzako eskaintza turistikoa). Proiektu honek POCTEFA 2007-2013 (FEDER), Pirinioak garatzeko Mendigunearen Batzordea, Ari\u00e8ge eta Hautes-Pyr\u00e9n\u00e9es\u00a0departamentuen babesa jaso du. &nbsp; PATRIM + 2016tik Helburuak: ONDAREAREN INSTITUTU BIRTUALA sortzea: Patrim Behatokia (datu bilketa eta ikerketa sustatzea unibertsitateetatik zentroetara\/zentroekin, gai interesgarriak: emakumea, diaspora, kontrabandoa, arkeologia, landatartasuna, modernitatea eta garaikidetasuna&#8230;) Online baliabideen zentroa (Pirinioetako ondareari buruzko ezagutzak partekatzeko Tics aplikazioa) Hedapen eta trebakuntza-tailerrak Zentroko kalitate-zerbitzua hobetzea BERRIKUNTZA ETA BALORAZIO JASANGARRIA: Partaidetza-estrategia komunak: Bisitariak zentroetara iristea, Gizarteratze kognitiboa eta soziala, Ekipoen ekoeraginkortasuna, Sareko marketin turistikoa SAREAREN KUDEAKETA ETA KOMUNIKAZIOA<\/p>\n","protected":false},"author":1,"featured_media":0,"parent":1786,"menu_order":0,"comment_status":"closed","ping_status":"closed","template":"page-templates\/page_front-page.php","meta":{"site-sidebar-layout":"default","site-content-layout":"","ast-site-content-layout":"default","site-content-style":"default","site-sidebar-style":"default","ast-global-header-display":"","ast-banner-title-visibility":"","ast-main-header-display":"","ast-hfb-above-header-display":"","ast-hfb-below-header-display":"","ast-hfb-mobile-header-display":"","site-post-title":"","ast-breadcrumbs-content":"","ast-featured-img":"","footer-sml-layout":"","theme-transparent-header-meta":"","adv-header-id-meta":"","stick-header-meta":"","header-above-stick-meta":"","header-main-stick-meta":"","header-below-stick-meta":"","astra-migrate-meta-layouts":"default","ast-page-background-enabled":"default","ast-page-background-meta":{"desktop":{"background-color":"var(--ast-global-color-5)","background-image":"","background-repeat":"repeat","background-position":"center center","background-size":"auto","background-attachment":"scroll","background-type":"","background-media":"","overlay-type":"","overlay-color":"","overlay-opacity":"","overlay-gradient":""},"tablet":{"background-color":"","background-image":"","background-repeat":"repeat","background-position":"center center","background-size":"auto","background-attachment":"scroll","background-type":"","background-media":"","overlay-type":"","overlay-color":"","overlay-opacity":"","overlay-gradient":""},"mobile":{"background-color":"","background-image":"","background-repeat":"repeat","background-position":"center center","background-size":"auto","background-attachment":"scroll","background-type":"","background-media":"","overlay-type":"","overlay-color":"","overlay-opacity":"","overlay-gradient":""}},"ast-content-background-meta":{"desktop":{"background-color":"var(--ast-global-color-4)","background-image":"","background-repeat":"repeat","background-position":"center center","background-size":"auto","background-attachment":"scroll","background-type":"","background-media":"","overlay-type":"","overlay-color":"","overlay-opacity":"","overlay-gradient":""},"tablet":{"background-color":"var(--ast-global-color-4)","background-image":"","background-repeat":"repeat","background-position":"center center","background-size":"auto","background-attachment":"scroll","background-type":"","background-media":"","overlay-type":"","overlay-color":"","overlay-opacity":"","overlay-gradient":""},"mobile":{"background-color":"var(--ast-global-color-4)","background-image":"","background-repeat":"repeat","background-position":"center center","background-size":"auto","background-attachment":"scroll","background-type":"","background-media":"","overlay-type":"","overlay-color":"","overlay-opacity":"","overlay-gradient":""}},"footnotes":""},"class_list":["post-2609","page","type-page","status-publish","hentry"],"_links":{"self":[{"href":"https:\/\/www.patrim.net\/eu\/wp-json\/wp\/v2\/pages\/2609","targetHints":{"allow":["GET"]}}],"collection":[{"href":"https:\/\/www.patrim.net\/eu\/wp-json\/wp\/v2\/pages"}],"about":[{"href":"https:\/\/www.patrim.net\/eu\/wp-json\/wp\/v2\/types\/page"}],"author":[{"embeddable":true,"href":"https:\/\/www.patrim.net\/eu\/wp-json\/wp\/v2\/users\/1"}],"replies":[{"embeddable":true,"href":"https:\/\/www.patrim.net\/eu\/wp-json\/wp\/v2\/comments?post=2609"}],"version-history":[{"count":15,"href":"https:\/\/www.patrim.net\/eu\/wp-json\/wp\/v2\/pages\/2609\/revisions"}],"predecessor-version":[{"id":5482,"href":"https:\/\/www.patrim.net\/eu\/wp-json\/wp\/v2\/pages\/2609\/revisions\/5482"}],"up":[{"embeddable":true,"href":"https:\/\/www.patrim.net\/eu\/wp-json\/wp\/v2\/pages\/1786"}],"wp:attachment":[{"href":"https:\/\/www.patrim.net\/eu\/wp-json\/wp\/v2\/media?parent=2609"}],"curies":[{"name":"wp","href":"https:\/\/api.w.org\/{rel}","templated":true}]}}