{"id":1550,"date":"2015-08-25T10:23:45","date_gmt":"2015-08-25T09:23:45","guid":{"rendered":"http:\/\/www.patrim.net\/eu\/mentions-legales\/"},"modified":"2022-02-25T11:49:50","modified_gmt":"2022-02-25T10:49:50","slug":"mentions-legales","status":"publish","type":"page","link":"https:\/\/www.patrim.net\/eu\/mentions-legales\/","title":{"rendered":"Aipamen legalak"},"content":{"rendered":"<div id=\"pl-1550\"  class=\"panel-layout\" ><div id=\"pg-1550-0\"  class=\"panel-grid panel-no-style\" ><div id=\"pgc-1550-0-0\"  class=\"panel-grid-cell\" ><div id=\"panel-1550-0-0-0\" class=\"so-panel widget widget_sow-editor panel-first-child panel-last-child\" data-index=\"0\" ><div\n\t\t\t\n\t\t\tclass=\"so-widget-sow-editor so-widget-sow-editor-base\"\n\t\t\t\n\t\t>\n<div class=\"siteorigin-widget-tinymce textwidget\">\n\t<div id=\"wrapper\" class=\"container\">\n<div class=\"wrap contentclass\">\n<div id=\"content\" class=\"container\">\n<div class=\"row\">\n<div class=\"main col-md-12\">\n<div class=\"entry-content\">\n<section>\n<h2 data-fontsize=\"40\"><strong>PATRIM sarearen webgunea<\/strong><\/h2>\n<p data-fontsize=\"14\">Egoitza: Cous\u0627-Pyr\u00e9n\u00e9es Udalerrien Erkidegoa, 1 rue de l 'H\u00f4tel Dieu 09190 SAINT-LIZIER \u2013 Culture. patrimoine@cous\u0627-pyrenees.fr \u2013 05.64.37.19.41 \u2013 Argitalpenaren zuzendaria: Jean-No\u00ebl VIGNEAU \u2013 Argitaratzailea: Pauline CHABOUSSOU \u2013 Alojamendua, OVH, SAS 10\u00a0069\u00a0020\u00a0\u20acko ondasunekin, RCS Lille M\u00e9tropole 424 761 419 00045 \u2013 APE 2620Z Kodea \u2013FR 22 424 761 419 TAV zenbakiarekin. Egoitza soziala: 2 rue Kellermann \u2013 59100 Roubaix \u2013 France. Telefonoa: 1007.Sorrera: WordPress par la direction du patrimoine, P\u00f4le Culture.<\/p>\n<h2 data-fontsize=\"40\">www.patrim.net webgunearen multimedia edukia<\/h2>\n<\/section>\n<p>Patrimoine du Couserans webgunearen multimedia-edukia PATRIM sareko bazkideena eta Communaut\u00e9 de Communes Couserans-Pyr\u00e9n\u00e9es erkidegoarena baino ez da. Horrela, eduki hori erabiltzeko, berariazko baimena eman beharko zaio helbide honi, harremanetarako formularioaren bidez edo posta arruntez:<\/p>\n<p>Communaut\u00e9 de Communes Couserans-Pyr\u00e9n\u00e9es \u2013 H\u00f4tel-Dieu \u2013 1 rue de l\u2019H\u00f4tel-Dieu \u2013 09190 Saint-Lizier.<\/p>\n<p>Jabetza intelektualaren legeak babesten ditu webgune honetako informazioa, piktogramak, argazkiak, irudiak, testuak, bideo-sekuentziak, animazioak eta gainerako dokumentuak. Honela dio Jabetza Intelektualaren Kodearen L 122-4 artikuluak:<\/p>\n<p>- Egilearen edo haren eskubidedunen edo kausadunen baimenik gabe egindako errepresentazio edo erreprodukzio osoa edo partziala legez kontrakoa da. Gauza bera aplikatzen zaio itzulpenari, egokitzeari edo eraldatzeari, konpontzeari edo erreproduzitzeari, edozein arteren edo prozeduraren bidez.\u00bb<\/p>\n<p>Beraz, webgunearen legez kontrako edozein kopia jazar daiteke Jabetza Intelektualaren Kodearen L 335-2 eta hurrengo artikuluek zehaztutako faltsifikazioaren eremuan.<\/p>\n<p>La Communaut\u00e9 de Communes Couserans-Pyr\u00e9n\u00e9es-ek eta PATRIM sareko bere bazkideek beren webgunearen edukiaren egokitasuna eta egiazkotasuna ahalik eta ondoen kontrolatzeko ahalegina egiten dute. Hala ere, edukien errore, zehaztasun falta, eskuraezintasun tekniko edo faltsukeriaren kasuan, ez du inolako erantzukizunik izango. Hala ere, ahaleginak egin arren arazoren bat ikusten baduzu, eskertuko genizuke horretarako prestatutako harremanetarako formularioaren bidez jakinaraziko bazenigu.<\/p>\n<h2 data-fontsize=\"40\">Webgunean dauden logotipoak<\/h2>\n<p>www.patrim.net webgunean dauden logotipo guztiak (logotipo izenekoak) jabetza intelektualaren legeak babesten ditu.<\/p>\n<p>PATRIMen logotipoak eta La Communaut\u00e9 de Communes Couserans-Pyr\u00e9n\u00e9es erkidegoarenak dira, eta PATRIM sareko bazkideen logotipoak PATRIM sareko bazkideenak dira. Beraz, debekatuta dago elementu grafiko horiek kopiatu edo aldatzea (osorik edo zati batean) aldez aurreko eta idatzizko baimenik gabe. Edozein informazio behar izanez gero, gurekin harremanetan jar zaitezke harremanetarako formularioaren bidez edo posta arruntez, helbide honetan: Communaut\u00e9 de Communes Couserans-Pyr\u00e9n\u00e9es \u2013 H\u00f4tel-Dieu \u2013 1 rue de l\u2019H\u00f4tel-Dieu \u2013 09190 Saint-Lizier.<\/p>\n<h2 data-fontsize=\"40\">www.patrim.net webgunerako estekak<\/h2>\n<p>Communaut\u00e9 de Communes Couserans-Pyr\u00e9n\u00e9es-eketa PATRIM sareko bazkideek baimena ematen diote edozein webguneri edo edozein hedabideri bere edukiarekiko hipertestu-esteka bat ezartzeko, izaera eztabaidagarria, pornografikoa, xenofoboa edo zintzotasunaren edo moral onaren aurkakoa duten edukiak zabaltzen dituztenak izan ezik.<\/p>\n<p>Hala ere, estekatutako orri osoa errespetatu behar da, eta ez da beste inon habiarik egin behar. Era berean, estekak argi eta garbi adierazi beharko du edukiaren izaera eta orriaren helbide zehatza.<\/p>\n<p>Debekatuta dago www.patrim.net gunerako estekak helburu komertzial eta publizitarioekin erabiltzea.<\/p>\n<h2 data-fontsize=\"40\">CNILen adierazpena (Commission Nationale Informatique et Libert\u00e9s)<\/h2>\n<p>Webgune honen bidez bildutako informazioa \u201cCommunaut\u00e9 de Communes Couserans-Pyr\u00e9n\u00e9es\u201d delakoarentzat eta PATRIM sareko bazkideentzat baino ez da. Datuak, artxiboak eta askatasunak prozesatzeari buruzko 1978ko urtarrilaren 6ko 78-17 Lege aldatuan jasotako xedapenekin bat etorriz, zure datuak eskuratzeko, zuzentzeko, aldatzeko eta ezabatzeko eskubidea duzu.<\/p>\n<p>Eskubide hori gauzatzeko, posta elektroniko bat bidal dezakezu gure harremanetarako formularioaren bidez edo posta arruntez helbide honetara, eta adierazi ea posible den datu pertsonalen bilketa hori egin zen testuingurua, errazago aurki dezagun behar duzun informazioa honako hauei dagokienez:<\/p>\n<p>Communaut\u00e9 de Communes Couserans-Pyr\u00e9n\u00e9es \u2013 H\u00f4tel-Dieu \u2013 1 rue de l\u2019H\u00f4tel-Dieu \u2013 09190 Saint-Lizier.<\/p>\n<\/div>\n<\/div>\n<\/div>\n<\/div>\n<\/div>\n<\/div>\n<\/div>\n<\/div><\/div><\/div><\/div><\/div>","protected":false},"excerpt":{"rendered":"<p>PATRIM sarearen webgunea Egoitza: Cous\u0627-Pyr\u00e9n\u00e9es Udalerrien Erkidegoa, 1 rue de l &#8216;H\u00f4tel Dieu 09190 SAINT-LIZIER \u2013 Culture. patrimoine@cous\u0627-pyrenees.fr \u2013 05.64.37.19.41 \u2013 Argitalpenaren zuzendaria: Jean-No\u00ebl VIGNEAU \u2013 Argitaratzailea: Pauline CHABOUSSOU \u2013 Alojamendua, OVH, SAS 10\u00a0069\u00a0020\u00a0\u20acko ondasunekin, RCS Lille M\u00e9tropole 424 761 419 00045 \u2013 APE 2620Z Kodea \u2013FR 22 424 761 419 TAV zenbakiarekin. Egoitza soziala: 2 rue Kellermann \u2013 59100 Roubaix \u2013 France. Telefonoa: 1007.Sorrera: WordPress par la direction du patrimoine, P\u00f4le Culture. www.patrim.net webgunearen multimedia edukia Patrimoine du Couserans webgunearen multimedia-edukia PATRIM sareko bazkideena eta Communaut\u00e9 de Communes Couserans-Pyr\u00e9n\u00e9es erkidegoarena baino ez da. Horrela, eduki hori erabiltzeko, berariazko baimena eman beharko zaio helbide honi, harremanetarako formularioaren bidez edo posta arruntez: Communaut\u00e9 de Communes Couserans-Pyr\u00e9n\u00e9es \u2013 H\u00f4tel-Dieu \u2013 1 rue de l\u2019H\u00f4tel-Dieu \u2013 09190 Saint-Lizier. Jabetza intelektualaren legeak babesten ditu webgune honetako informazioa, piktogramak, argazkiak, irudiak, testuak, bideo-sekuentziak, animazioak eta gainerako dokumentuak. Honela dio Jabetza Intelektualaren Kodearen L 122-4 artikuluak: &#8211; Egilearen edo haren eskubidedunen edo kausadunen baimenik gabe egindako errepresentazio edo erreprodukzio osoa edo partziala legez kontrakoa da. Gauza bera aplikatzen zaio itzulpenari, egokitzeari edo eraldatzeari, konpontzeari edo erreproduzitzeari, edozein arteren edo prozeduraren bidez.\u00bb Beraz, webgunearen legez kontrako edozein kopia jazar daiteke Jabetza Intelektualaren Kodearen L 335-2 eta hurrengo artikuluek zehaztutako faltsifikazioaren eremuan. La Communaut\u00e9 de Communes Couserans-Pyr\u00e9n\u00e9es-ek eta PATRIM sareko bere bazkideek beren webgunearen edukiaren egokitasuna eta egiazkotasuna ahalik eta ondoen kontrolatzeko ahalegina egiten dute. Hala ere, edukien errore, zehaztasun falta, eskuraezintasun tekniko edo faltsukeriaren kasuan, ez du inolako erantzukizunik izango. Hala ere, ahaleginak egin arren arazoren bat ikusten baduzu, eskertuko genizuke horretarako prestatutako harremanetarako formularioaren bidez jakinaraziko bazenigu. Webgunean dauden logotipoak www.patrim.net webgunean dauden logotipo guztiak (logotipo izenekoak) jabetza intelektualaren legeak babesten ditu. PATRIMen logotipoak eta La Communaut\u00e9 de Communes Couserans-Pyr\u00e9n\u00e9es erkidegoarenak dira, eta PATRIM sareko bazkideen logotipoak PATRIM sareko bazkideenak dira. Beraz, debekatuta dago elementu grafiko horiek kopiatu edo aldatzea (osorik edo zati batean) aldez aurreko eta idatzizko baimenik gabe. Edozein informazio behar izanez gero, gurekin harremanetan jar zaitezke harremanetarako formularioaren bidez edo posta arruntez, helbide honetan: Communaut\u00e9 de Communes Couserans-Pyr\u00e9n\u00e9es \u2013 H\u00f4tel-Dieu \u2013 1 rue de l\u2019H\u00f4tel-Dieu \u2013 09190 Saint-Lizier. www.patrim.net webgunerako estekak Communaut\u00e9 de Communes Couserans-Pyr\u00e9n\u00e9es-eketa PATRIM sareko bazkideek baimena ematen diote edozein webguneri edo edozein hedabideri bere edukiarekiko hipertestu-esteka bat ezartzeko, izaera eztabaidagarria, pornografikoa, xenofoboa edo zintzotasunaren edo moral onaren aurkakoa duten edukiak zabaltzen dituztenak izan ezik. Hala ere, estekatutako orri osoa errespetatu behar da, eta ez da beste inon habiarik egin behar. Era berean, estekak argi eta garbi adierazi beharko du edukiaren izaera eta orriaren helbide zehatza. Debekatuta dago www.patrim.net gunerako estekak helburu komertzial eta publizitarioekin erabiltzea. CNILen adierazpena (Commission Nationale Informatique et Libert\u00e9s) Webgune honen bidez bildutako informazioa \u201cCommunaut\u00e9 de Communes Couserans-Pyr\u00e9n\u00e9es\u201d delakoarentzat eta PATRIM sareko bazkideentzat baino ez da. Datuak, artxiboak eta askatasunak prozesatzeari buruzko 1978ko urtarrilaren 6ko 78-17 Lege aldatuan jasotako xedapenekin bat etorriz, zure datuak eskuratzeko, zuzentzeko, aldatzeko eta ezabatzeko eskubidea duzu. Eskubide hori gauzatzeko, posta elektroniko bat bidal dezakezu gure harremanetarako formularioaren bidez edo posta arruntez helbide honetara, eta adierazi ea posible den datu pertsonalen bilketa hori egin zen testuingurua, errazago aurki dezagun behar duzun informazioa honako hauei dagokienez: Communaut\u00e9 de Communes Couserans-Pyr\u00e9n\u00e9es \u2013 H\u00f4tel-Dieu \u2013 1 rue de l\u2019H\u00f4tel-Dieu \u2013 09190 Saint-Lizier.<\/p>\n","protected":false},"author":1,"featured_media":0,"parent":0,"menu_order":0,"comment_status":"closed","ping_status":"closed","template":"page-templates\/page_front-page.php","meta":{"site-sidebar-layout":"default","site-content-layout":"","ast-site-content-layout":"default","site-content-style":"default","site-sidebar-style":"default","ast-global-header-display":"","ast-banner-title-visibility":"","ast-main-header-display":"","ast-hfb-above-header-display":"","ast-hfb-below-header-display":"","ast-hfb-mobile-header-display":"","site-post-title":"","ast-breadcrumbs-content":"","ast-featured-img":"","footer-sml-layout":"","theme-transparent-header-meta":"","adv-header-id-meta":"","stick-header-meta":"","header-above-stick-meta":"","header-main-stick-meta":"","header-below-stick-meta":"","astra-migrate-meta-layouts":"default","ast-page-background-enabled":"default","ast-page-background-meta":{"desktop":{"background-color":"var(--ast-global-color-5)","background-image":"","background-repeat":"repeat","background-position":"center center","background-size":"auto","background-attachment":"scroll","background-type":"","background-media":"","overlay-type":"","overlay-color":"","overlay-opacity":"","overlay-gradient":""},"tablet":{"background-color":"","background-image":"","background-repeat":"repeat","background-position":"center center","background-size":"auto","background-attachment":"scroll","background-type":"","background-media":"","overlay-type":"","overlay-color":"","overlay-opacity":"","overlay-gradient":""},"mobile":{"background-color":"","background-image":"","background-repeat":"repeat","background-position":"center center","background-size":"auto","background-attachment":"scroll","background-type":"","background-media":"","overlay-type":"","overlay-color":"","overlay-opacity":"","overlay-gradient":""}},"ast-content-background-meta":{"desktop":{"background-color":"var(--ast-global-color-4)","background-image":"","background-repeat":"repeat","background-position":"center center","background-size":"auto","background-attachment":"scroll","background-type":"","background-media":"","overlay-type":"","overlay-color":"","overlay-opacity":"","overlay-gradient":""},"tablet":{"background-color":"var(--ast-global-color-4)","background-image":"","background-repeat":"repeat","background-position":"center center","background-size":"auto","background-attachment":"scroll","background-type":"","background-media":"","overlay-type":"","overlay-color":"","overlay-opacity":"","overlay-gradient":""},"mobile":{"background-color":"var(--ast-global-color-4)","background-image":"","background-repeat":"repeat","background-position":"center center","background-size":"auto","background-attachment":"scroll","background-type":"","background-media":"","overlay-type":"","overlay-color":"","overlay-opacity":"","overlay-gradient":""}},"footnotes":""},"class_list":["post-1550","page","type-page","status-publish","hentry"],"_links":{"self":[{"href":"https:\/\/www.patrim.net\/eu\/wp-json\/wp\/v2\/pages\/1550","targetHints":{"allow":["GET"]}}],"collection":[{"href":"https:\/\/www.patrim.net\/eu\/wp-json\/wp\/v2\/pages"}],"about":[{"href":"https:\/\/www.patrim.net\/eu\/wp-json\/wp\/v2\/types\/page"}],"author":[{"embeddable":true,"href":"https:\/\/www.patrim.net\/eu\/wp-json\/wp\/v2\/users\/1"}],"replies":[{"embeddable":true,"href":"https:\/\/www.patrim.net\/eu\/wp-json\/wp\/v2\/comments?post=1550"}],"version-history":[{"count":4,"href":"https:\/\/www.patrim.net\/eu\/wp-json\/wp\/v2\/pages\/1550\/revisions"}],"predecessor-version":[{"id":5485,"href":"https:\/\/www.patrim.net\/eu\/wp-json\/wp\/v2\/pages\/1550\/revisions\/5485"}],"wp:attachment":[{"href":"https:\/\/www.patrim.net\/eu\/wp-json\/wp\/v2\/media?parent=1550"}],"curies":[{"name":"wp","href":"https:\/\/api.w.org\/{rel}","templated":true}]}}