{"id":1250,"date":"2017-09-14T17:54:04","date_gmt":"2017-09-14T16:54:04","guid":{"rendered":"http:\/\/www.patrim.net\/eu\/?page_id=1250"},"modified":"2018-11-15T16:50:16","modified_gmt":"2018-11-15T15:50:16","slug":"aurignacian-forum-museoa","status":"publish","type":"page","link":"https:\/\/www.patrim.net\/eu\/ekipamenduak\/historiaurrea\/aurignacian-forum-museoa\/","title":{"rendered":"Aurignac garaiko Foro Museoa"},"content":{"rendered":"<div id='gallery-1' class='gallery galleryid-1250 gallery-columns-2 gallery-size-large'><figure class='gallery-item'>\n\t\t\t<div class='gallery-icon landscape'>\n\t\t\t\t<a href='https:\/\/www.patrim.net\/eu\/ekipamenduak\/historiaurrea\/aurignacian-forum-museoa\/musee_aurignac-6-c-daniel-moulinet-basalt-architecture-2\/'><img fetchpriority=\"high\" decoding=\"async\" width=\"1024\" height=\"683\" src=\"https:\/\/www.patrim.net\/wp-content\/uploads\/2017\/09\/Mus\u00e9e_Aurignac-6-C-Daniel-Moulinet-Basalt-Architecture-1024x683.jpg\" class=\"attachment-large size-large\" alt=\"\" srcset=\"https:\/\/www.patrim.net\/wp-content\/uploads\/2017\/09\/Mus\u00e9e_Aurignac-6-C-Daniel-Moulinet-Basalt-Architecture-1024x683.jpg 1024w, https:\/\/www.patrim.net\/wp-content\/uploads\/2017\/09\/Mus\u00e9e_Aurignac-6-C-Daniel-Moulinet-Basalt-Architecture-e1505469754885-600x400.jpg 600w, https:\/\/www.patrim.net\/wp-content\/uploads\/2017\/09\/Mus\u00e9e_Aurignac-6-C-Daniel-Moulinet-Basalt-Architecture-300x200.jpg 300w, https:\/\/www.patrim.net\/wp-content\/uploads\/2017\/09\/Mus\u00e9e_Aurignac-6-C-Daniel-Moulinet-Basalt-Architecture-768x512.jpg 768w, https:\/\/www.patrim.net\/wp-content\/uploads\/2017\/09\/Mus\u00e9e_Aurignac-6-C-Daniel-Moulinet-Basalt-Architecture-830x553.jpg 830w, https:\/\/www.patrim.net\/wp-content\/uploads\/2017\/09\/Mus\u00e9e_Aurignac-6-C-Daniel-Moulinet-Basalt-Architecture-230x153.jpg 230w, https:\/\/www.patrim.net\/wp-content\/uploads\/2017\/09\/Mus\u00e9e_Aurignac-6-C-Daniel-Moulinet-Basalt-Architecture-350x233.jpg 350w, https:\/\/www.patrim.net\/wp-content\/uploads\/2017\/09\/Mus\u00e9e_Aurignac-6-C-Daniel-Moulinet-Basalt-Architecture-480x320.jpg 480w, https:\/\/www.patrim.net\/wp-content\/uploads\/2017\/09\/Mus\u00e9e_Aurignac-6-C-Daniel-Moulinet-Basalt-Architecture-e1505469754885.jpg 1200w\" sizes=\"(max-width: 1024px) 100vw, 1024px\" \/><\/a>\n\t\t\t<\/div><\/figure><figure class='gallery-item'>\n\t\t\t<div class='gallery-icon landscape'>\n\t\t\t\t<a href='https:\/\/www.patrim.net\/eu\/ekipamenduak\/historiaurrea\/aurignacian-forum-museoa\/musee_aurignac-2-c-daniel-moulinet-basalt-architecture-2\/'><img decoding=\"async\" width=\"1024\" height=\"683\" src=\"https:\/\/www.patrim.net\/wp-content\/uploads\/2017\/09\/Mus\u00e9e_Aurignac-2-C-Daniel-Moulinet-Basalt-Architecture-1024x683.jpg\" class=\"attachment-large size-large\" alt=\"\" srcset=\"https:\/\/www.patrim.net\/wp-content\/uploads\/2017\/09\/Mus\u00e9e_Aurignac-2-C-Daniel-Moulinet-Basalt-Architecture-1024x683.jpg 1024w, https:\/\/www.patrim.net\/wp-content\/uploads\/2017\/09\/Mus\u00e9e_Aurignac-2-C-Daniel-Moulinet-Basalt-Architecture-e1505468848903-600x400.jpg 600w, https:\/\/www.patrim.net\/wp-content\/uploads\/2017\/09\/Mus\u00e9e_Aurignac-2-C-Daniel-Moulinet-Basalt-Architecture-300x200.jpg 300w, https:\/\/www.patrim.net\/wp-content\/uploads\/2017\/09\/Mus\u00e9e_Aurignac-2-C-Daniel-Moulinet-Basalt-Architecture-768x512.jpg 768w, https:\/\/www.patrim.net\/wp-content\/uploads\/2017\/09\/Mus\u00e9e_Aurignac-2-C-Daniel-Moulinet-Basalt-Architecture-830x553.jpg 830w, https:\/\/www.patrim.net\/wp-content\/uploads\/2017\/09\/Mus\u00e9e_Aurignac-2-C-Daniel-Moulinet-Basalt-Architecture-230x153.jpg 230w, https:\/\/www.patrim.net\/wp-content\/uploads\/2017\/09\/Mus\u00e9e_Aurignac-2-C-Daniel-Moulinet-Basalt-Architecture-350x233.jpg 350w, https:\/\/www.patrim.net\/wp-content\/uploads\/2017\/09\/Mus\u00e9e_Aurignac-2-C-Daniel-Moulinet-Basalt-Architecture-480x320.jpg 480w, https:\/\/www.patrim.net\/wp-content\/uploads\/2017\/09\/Mus\u00e9e_Aurignac-2-C-Daniel-Moulinet-Basalt-Architecture-e1505468848903.jpg 1200w\" sizes=\"(max-width: 1024px) 100vw, 1024px\" \/><\/a>\n\t\t\t<\/div><\/figure><figure class='gallery-item'>\n\t\t\t<div class='gallery-icon landscape'>\n\t\t\t\t<a href='https:\/\/www.patrim.net\/eu\/ekipamenduak\/historiaurrea\/aurignacian-forum-museoa\/aurignac-musee-forum-de-laurignacien-2\/'><img decoding=\"async\" width=\"1024\" height=\"685\" src=\"https:\/\/www.patrim.net\/wp-content\/uploads\/2017\/09\/Vue-du-mus\u00e9e-C-J.F.-Peir\u00e9-DRAC-Midi-Pyr\u00e9n\u00e9es-1024x685.jpg\" class=\"attachment-large size-large\" alt=\"\" srcset=\"https:\/\/www.patrim.net\/wp-content\/uploads\/2017\/09\/Vue-du-mus\u00e9e-C-J.F.-Peir\u00e9-DRAC-Midi-Pyr\u00e9n\u00e9es-1024x685.jpg 1024w, https:\/\/www.patrim.net\/wp-content\/uploads\/2017\/09\/Vue-du-mus\u00e9e-C-J.F.-Peir\u00e9-DRAC-Midi-Pyr\u00e9n\u00e9es-e1505470043734-600x402.jpg 600w, https:\/\/www.patrim.net\/wp-content\/uploads\/2017\/09\/Vue-du-mus\u00e9e-C-J.F.-Peir\u00e9-DRAC-Midi-Pyr\u00e9n\u00e9es-300x201.jpg 300w, https:\/\/www.patrim.net\/wp-content\/uploads\/2017\/09\/Vue-du-mus\u00e9e-C-J.F.-Peir\u00e9-DRAC-Midi-Pyr\u00e9n\u00e9es-768x514.jpg 768w, https:\/\/www.patrim.net\/wp-content\/uploads\/2017\/09\/Vue-du-mus\u00e9e-C-J.F.-Peir\u00e9-DRAC-Midi-Pyr\u00e9n\u00e9es-830x555.jpg 830w, https:\/\/www.patrim.net\/wp-content\/uploads\/2017\/09\/Vue-du-mus\u00e9e-C-J.F.-Peir\u00e9-DRAC-Midi-Pyr\u00e9n\u00e9es-230x154.jpg 230w, https:\/\/www.patrim.net\/wp-content\/uploads\/2017\/09\/Vue-du-mus\u00e9e-C-J.F.-Peir\u00e9-DRAC-Midi-Pyr\u00e9n\u00e9es-350x234.jpg 350w, https:\/\/www.patrim.net\/wp-content\/uploads\/2017\/09\/Vue-du-mus\u00e9e-C-J.F.-Peir\u00e9-DRAC-Midi-Pyr\u00e9n\u00e9es-480x321.jpg 480w, https:\/\/www.patrim.net\/wp-content\/uploads\/2017\/09\/Vue-du-mus\u00e9e-C-J.F.-Peir\u00e9-DRAC-Midi-Pyr\u00e9n\u00e9es-e1505470043734.jpg 1200w\" sizes=\"(max-width: 1024px) 100vw, 1024px\" \/><\/a>\n\t\t\t<\/div><\/figure><figure class='gallery-item'>\n\t\t\t<div class='gallery-icon landscape'>\n\t\t\t\t<a href='https:\/\/www.patrim.net\/eu\/ekipamenduak\/historiaurrea\/aurignacian-forum-museoa\/musee_aurignac-3-c-daniel-moulinet-basalt-architecture-2\/'><img loading=\"lazy\" decoding=\"async\" width=\"1024\" height=\"683\" src=\"https:\/\/www.patrim.net\/wp-content\/uploads\/2017\/09\/Mus\u00e9e_Aurignac-3-C-Daniel-Moulinet-Basalt-Architecture-1024x683.jpg\" class=\"attachment-large size-large\" alt=\"\" srcset=\"https:\/\/www.patrim.net\/wp-content\/uploads\/2017\/09\/Mus\u00e9e_Aurignac-3-C-Daniel-Moulinet-Basalt-Architecture-1024x683.jpg 1024w, https:\/\/www.patrim.net\/wp-content\/uploads\/2017\/09\/Mus\u00e9e_Aurignac-3-C-Daniel-Moulinet-Basalt-Architecture-e1505469183116-600x400.jpg 600w, https:\/\/www.patrim.net\/wp-content\/uploads\/2017\/09\/Mus\u00e9e_Aurignac-3-C-Daniel-Moulinet-Basalt-Architecture-300x200.jpg 300w, https:\/\/www.patrim.net\/wp-content\/uploads\/2017\/09\/Mus\u00e9e_Aurignac-3-C-Daniel-Moulinet-Basalt-Architecture-768x512.jpg 768w, https:\/\/www.patrim.net\/wp-content\/uploads\/2017\/09\/Mus\u00e9e_Aurignac-3-C-Daniel-Moulinet-Basalt-Architecture-830x553.jpg 830w, https:\/\/www.patrim.net\/wp-content\/uploads\/2017\/09\/Mus\u00e9e_Aurignac-3-C-Daniel-Moulinet-Basalt-Architecture-230x153.jpg 230w, https:\/\/www.patrim.net\/wp-content\/uploads\/2017\/09\/Mus\u00e9e_Aurignac-3-C-Daniel-Moulinet-Basalt-Architecture-350x233.jpg 350w, https:\/\/www.patrim.net\/wp-content\/uploads\/2017\/09\/Mus\u00e9e_Aurignac-3-C-Daniel-Moulinet-Basalt-Architecture-480x320.jpg 480w, https:\/\/www.patrim.net\/wp-content\/uploads\/2017\/09\/Mus\u00e9e_Aurignac-3-C-Daniel-Moulinet-Basalt-Architecture-e1505469183116.jpg 1200w\" sizes=\"(max-width: 1024px) 100vw, 1024px\" \/><\/a>\n\t\t\t<\/div><\/figure>\n\t\t<\/div>\n\n<p><span id=\"result_box\" class=\"\" lang=\"eu\"><br \/>\n2015eko apirilean inauguratu zuten eraikin batean kokatua, bere arkitektura modernoarekin, Museoak historiaurreko zaleak, kultur-aurkikuntzen zaleak eta jakinmina duten pertsonak gonbidatzen ditu Aurignac garaiko gizakiak, hau da, duela 35.000 urte Europan bizi ziren lehen gizon anatomikoki modernoak, ezagutzera.<br \/>\nGuztiz eraberritutako museoko aurkezpenaren ardatza iraganeko herri hauen bizimoduen testigantzak, Aurignac-eko aztarnategiko indusketetatik eta historiaurreko beste leku batzuetatik datozen ehiza armak, eguneroko objektuak, apaindura elementuak, estatuak \u2026 dira.<br \/>\nMultimedia-materialak, aldi baterako erakusketak, ikusle guztientzako animazioak eta topaguneak, aurrehistoriaren ikuspegiak biderkatzea eta gizakien jatorriari buruzko gaur egungo ezagutza zalantzan jartzen ahalbideratzen digute.<\/p>\n<p><\/span><\/p>\n","protected":false},"excerpt":{"rendered":"<p>2015eko apirilean inauguratu zuten eraikin batean kokatua, bere arkitektura modernoarekin, Museoak historiaurreko zaleak, kultur-aurkikuntzen zaleak eta jakinmina duten pertsonak gonbidatzen ditu Aurignac garaiko gizakiak, hau da, duela 35.000 urte Europan bizi ziren lehen gizon anatomikoki modernoak, ezagutzera. Guztiz eraberritutako museoko aurkezpenaren ardatza iraganeko herri hauen bizimoduen testigantzak, Aurignac-eko aztarnategiko indusketetatik eta historiaurreko beste leku batzuetatik datozen ehiza armak, eguneroko objektuak, apaindura elementuak, estatuak \u2026 dira. Multimedia-materialak, aldi baterako erakusketak, ikusle guztientzako animazioak eta topaguneak, aurrehistoriaren ikuspegiak biderkatzea eta gizakien jatorriari buruzko gaur egungo ezagutza zalantzan jartzen ahalbideratzen digute.<\/p>\n","protected":false},"author":1,"featured_media":0,"parent":1172,"menu_order":0,"comment_status":"closed","ping_status":"closed","template":"","meta":{"site-sidebar-layout":"default","site-content-layout":"","ast-site-content-layout":"default","site-content-style":"default","site-sidebar-style":"default","ast-global-header-display":"","ast-banner-title-visibility":"","ast-main-header-display":"","ast-hfb-above-header-display":"","ast-hfb-below-header-display":"","ast-hfb-mobile-header-display":"","site-post-title":"","ast-breadcrumbs-content":"","ast-featured-img":"","footer-sml-layout":"","theme-transparent-header-meta":"","adv-header-id-meta":"","stick-header-meta":"","header-above-stick-meta":"","header-main-stick-meta":"","header-below-stick-meta":"","astra-migrate-meta-layouts":"default","ast-page-background-enabled":"default","ast-page-background-meta":{"desktop":{"background-color":"var(--ast-global-color-5)","background-image":"","background-repeat":"repeat","background-position":"center center","background-size":"auto","background-attachment":"scroll","background-type":"","background-media":"","overlay-type":"","overlay-color":"","overlay-opacity":"","overlay-gradient":""},"tablet":{"background-color":"","background-image":"","background-repeat":"repeat","background-position":"center center","background-size":"auto","background-attachment":"scroll","background-type":"","background-media":"","overlay-type":"","overlay-color":"","overlay-opacity":"","overlay-gradient":""},"mobile":{"background-color":"","background-image":"","background-repeat":"repeat","background-position":"center center","background-size":"auto","background-attachment":"scroll","background-type":"","background-media":"","overlay-type":"","overlay-color":"","overlay-opacity":"","overlay-gradient":""}},"ast-content-background-meta":{"desktop":{"background-color":"var(--ast-global-color-4)","background-image":"","background-repeat":"repeat","background-position":"center center","background-size":"auto","background-attachment":"scroll","background-type":"","background-media":"","overlay-type":"","overlay-color":"","overlay-opacity":"","overlay-gradient":""},"tablet":{"background-color":"var(--ast-global-color-4)","background-image":"","background-repeat":"repeat","background-position":"center center","background-size":"auto","background-attachment":"scroll","background-type":"","background-media":"","overlay-type":"","overlay-color":"","overlay-opacity":"","overlay-gradient":""},"mobile":{"background-color":"var(--ast-global-color-4)","background-image":"","background-repeat":"repeat","background-position":"center center","background-size":"auto","background-attachment":"scroll","background-type":"","background-media":"","overlay-type":"","overlay-color":"","overlay-opacity":"","overlay-gradient":""}},"footnotes":""},"class_list":["post-1250","page","type-page","status-publish","hentry"],"_links":{"self":[{"href":"https:\/\/www.patrim.net\/eu\/wp-json\/wp\/v2\/pages\/1250","targetHints":{"allow":["GET"]}}],"collection":[{"href":"https:\/\/www.patrim.net\/eu\/wp-json\/wp\/v2\/pages"}],"about":[{"href":"https:\/\/www.patrim.net\/eu\/wp-json\/wp\/v2\/types\/page"}],"author":[{"embeddable":true,"href":"https:\/\/www.patrim.net\/eu\/wp-json\/wp\/v2\/users\/1"}],"replies":[{"embeddable":true,"href":"https:\/\/www.patrim.net\/eu\/wp-json\/wp\/v2\/comments?post=1250"}],"version-history":[{"count":3,"href":"https:\/\/www.patrim.net\/eu\/wp-json\/wp\/v2\/pages\/1250\/revisions"}],"predecessor-version":[{"id":1744,"href":"https:\/\/www.patrim.net\/eu\/wp-json\/wp\/v2\/pages\/1250\/revisions\/1744"}],"up":[{"embeddable":true,"href":"https:\/\/www.patrim.net\/eu\/wp-json\/wp\/v2\/pages\/1172"}],"wp:attachment":[{"href":"https:\/\/www.patrim.net\/eu\/wp-json\/wp\/v2\/media?parent=1250"}],"curies":[{"name":"wp","href":"https:\/\/api.w.org\/{rel}","templated":true}]}}