{"id":1178,"date":"2017-09-14T12:23:57","date_gmt":"2017-09-14T11:23:57","guid":{"rendered":"http:\/\/www.patrim.net\/eu\/?page_id=1178"},"modified":"2022-02-15T18:57:31","modified_gmt":"2022-02-15T17:57:31","slug":"chateau-de-seix","status":"publish","type":"page","link":"https:\/\/www.patrim.net\/eu\/ekipamenduak\/historia-eta-gizartea\/chateau-de-seix\/","title":{"rendered":"Ch\u00e2teau de Seix &#8211; Couserans ondarearen interpretazio zentroa"},"content":{"rendered":"<div id='gallery-1' class='gallery galleryid-1178 gallery-columns-3 gallery-size-large'><figure class='gallery-item'>\n\t\t\t<div class='gallery-icon landscape'>\n\t\t\t\t<a href='https:\/\/www.patrim.net\/eu\/ekipamenduak\/historia-eta-gizartea\/chateau-de-seix\/olympus-digital-camera-8-2\/'><img fetchpriority=\"high\" decoding=\"async\" width=\"1024\" height=\"768\" src=\"https:\/\/www.patrim.net\/wp-content\/uploads\/2015\/08\/maquette-du-Ch\u00e2teau-de-Seix-photo-Herv\u00e9-Rieu-1024x768.jpg\" class=\"attachment-large size-large\" alt=\"\" srcset=\"https:\/\/www.patrim.net\/wp-content\/uploads\/2015\/08\/maquette-du-Ch\u00e2teau-de-Seix-photo-Herv\u00e9-Rieu-1024x768.jpg 1024w, https:\/\/www.patrim.net\/wp-content\/uploads\/2015\/08\/maquette-du-Ch\u00e2teau-de-Seix-photo-Herv\u00e9-Rieu-scaled-600x450.jpg 600w, https:\/\/www.patrim.net\/wp-content\/uploads\/2015\/08\/maquette-du-Ch\u00e2teau-de-Seix-photo-Herv\u00e9-Rieu-300x225.jpg 300w, https:\/\/www.patrim.net\/wp-content\/uploads\/2015\/08\/maquette-du-Ch\u00e2teau-de-Seix-photo-Herv\u00e9-Rieu-768x576.jpg 768w, https:\/\/www.patrim.net\/wp-content\/uploads\/2015\/08\/maquette-du-Ch\u00e2teau-de-Seix-photo-Herv\u00e9-Rieu-830x623.jpg 830w, https:\/\/www.patrim.net\/wp-content\/uploads\/2015\/08\/maquette-du-Ch\u00e2teau-de-Seix-photo-Herv\u00e9-Rieu-230x173.jpg 230w, https:\/\/www.patrim.net\/wp-content\/uploads\/2015\/08\/maquette-du-Ch\u00e2teau-de-Seix-photo-Herv\u00e9-Rieu-350x263.jpg 350w, https:\/\/www.patrim.net\/wp-content\/uploads\/2015\/08\/maquette-du-Ch\u00e2teau-de-Seix-photo-Herv\u00e9-Rieu-480x360.jpg 480w\" sizes=\"(max-width: 1024px) 100vw, 1024px\" \/><\/a>\n\t\t\t<\/div><\/figure><figure class='gallery-item'>\n\t\t\t<div class='gallery-icon landscape'>\n\t\t\t\t<a href='https:\/\/www.patrim.net\/eu\/ekipamenduak\/historia-eta-gizartea\/chateau-de-seix\/entree-jardin-2\/'><img decoding=\"async\" width=\"1024\" height=\"768\" src=\"https:\/\/www.patrim.net\/wp-content\/uploads\/2015\/08\/entr\u00e9e-jardin-1024x768.jpg\" class=\"attachment-large size-large\" alt=\"\" srcset=\"https:\/\/www.patrim.net\/wp-content\/uploads\/2015\/08\/entr\u00e9e-jardin-1024x768.jpg 1024w, https:\/\/www.patrim.net\/wp-content\/uploads\/2015\/08\/entr\u00e9e-jardin-scaled-600x450.jpg 600w, https:\/\/www.patrim.net\/wp-content\/uploads\/2015\/08\/entr\u00e9e-jardin-300x225.jpg 300w, https:\/\/www.patrim.net\/wp-content\/uploads\/2015\/08\/entr\u00e9e-jardin-768x576.jpg 768w, https:\/\/www.patrim.net\/wp-content\/uploads\/2015\/08\/entr\u00e9e-jardin-830x623.jpg 830w, https:\/\/www.patrim.net\/wp-content\/uploads\/2015\/08\/entr\u00e9e-jardin-230x173.jpg 230w, https:\/\/www.patrim.net\/wp-content\/uploads\/2015\/08\/entr\u00e9e-jardin-350x263.jpg 350w, https:\/\/www.patrim.net\/wp-content\/uploads\/2015\/08\/entr\u00e9e-jardin-480x360.jpg 480w\" sizes=\"(max-width: 1024px) 100vw, 1024px\" \/><\/a>\n\t\t\t<\/div><\/figure><figure class='gallery-item'>\n\t\t\t<div class='gallery-icon landscape'>\n\t\t\t\t<a href='https:\/\/www.patrim.net\/eu\/ekipamenduak\/historia-eta-gizartea\/chateau-de-seix\/blason-chateau-de-seix-3-2\/'><img decoding=\"async\" width=\"1024\" height=\"768\" src=\"https:\/\/www.patrim.net\/wp-content\/uploads\/2015\/08\/Blason-Ch\u00e2teau-de-Seix-1-1024x768.jpg\" class=\"attachment-large size-large\" alt=\"\" srcset=\"https:\/\/www.patrim.net\/wp-content\/uploads\/2015\/08\/Blason-Ch\u00e2teau-de-Seix-1-1024x768.jpg 1024w, https:\/\/www.patrim.net\/wp-content\/uploads\/2015\/08\/Blason-Ch\u00e2teau-de-Seix-1-scaled-600x450.jpg 600w, https:\/\/www.patrim.net\/wp-content\/uploads\/2015\/08\/Blason-Ch\u00e2teau-de-Seix-1-300x225.jpg 300w, https:\/\/www.patrim.net\/wp-content\/uploads\/2015\/08\/Blason-Ch\u00e2teau-de-Seix-1-768x576.jpg 768w, https:\/\/www.patrim.net\/wp-content\/uploads\/2015\/08\/Blason-Ch\u00e2teau-de-Seix-1-830x623.jpg 830w, https:\/\/www.patrim.net\/wp-content\/uploads\/2015\/08\/Blason-Ch\u00e2teau-de-Seix-1-230x173.jpg 230w, https:\/\/www.patrim.net\/wp-content\/uploads\/2015\/08\/Blason-Ch\u00e2teau-de-Seix-1-350x263.jpg 350w, https:\/\/www.patrim.net\/wp-content\/uploads\/2015\/08\/Blason-Ch\u00e2teau-de-Seix-1-480x360.jpg 480w\" sizes=\"(max-width: 1024px) 100vw, 1024px\" \/><\/a>\n\t\t\t<\/div><\/figure><figure class='gallery-item'>\n\t\t\t<div class='gallery-icon landscape'>\n\t\t\t\t<a href='https:\/\/www.patrim.net\/eu\/ekipamenduak\/historia-eta-gizartea\/chateau-de-seix\/le-chateau-de-seix-centre-dinterpretation-du-patrimoine-des-vallees-du-haut-salat-photo-cccoust-2-2\/'><img loading=\"lazy\" decoding=\"async\" width=\"1024\" height=\"826\" src=\"https:\/\/www.patrim.net\/wp-content\/uploads\/2015\/08\/Le-Ch\u00e2teau-de-Seix-centre-dinterpr\u00e9tation-du-patrimoine-des-vall\u00e9es-du-Haut-Salat.-Photo-CCCOust-1-1024x826.jpg\" class=\"attachment-large size-large\" alt=\"\" srcset=\"https:\/\/www.patrim.net\/wp-content\/uploads\/2015\/08\/Le-Ch\u00e2teau-de-Seix-centre-dinterpr\u00e9tation-du-patrimoine-des-vall\u00e9es-du-Haut-Salat.-Photo-CCCOust-1-1024x826.jpg 1024w, https:\/\/www.patrim.net\/wp-content\/uploads\/2015\/08\/Le-Ch\u00e2teau-de-Seix-centre-dinterpr\u00e9tation-du-patrimoine-des-vall\u00e9es-du-Haut-Salat.-Photo-CCCOust-1-scaled-600x484.jpg 600w, https:\/\/www.patrim.net\/wp-content\/uploads\/2015\/08\/Le-Ch\u00e2teau-de-Seix-centre-dinterpr\u00e9tation-du-patrimoine-des-vall\u00e9es-du-Haut-Salat.-Photo-CCCOust-1-300x242.jpg 300w, https:\/\/www.patrim.net\/wp-content\/uploads\/2015\/08\/Le-Ch\u00e2teau-de-Seix-centre-dinterpr\u00e9tation-du-patrimoine-des-vall\u00e9es-du-Haut-Salat.-Photo-CCCOust-1-768x619.jpg 768w, https:\/\/www.patrim.net\/wp-content\/uploads\/2015\/08\/Le-Ch\u00e2teau-de-Seix-centre-dinterpr\u00e9tation-du-patrimoine-des-vall\u00e9es-du-Haut-Salat.-Photo-CCCOust-1-830x669.jpg 830w, https:\/\/www.patrim.net\/wp-content\/uploads\/2015\/08\/Le-Ch\u00e2teau-de-Seix-centre-dinterpr\u00e9tation-du-patrimoine-des-vall\u00e9es-du-Haut-Salat.-Photo-CCCOust-1-230x186.jpg 230w, https:\/\/www.patrim.net\/wp-content\/uploads\/2015\/08\/Le-Ch\u00e2teau-de-Seix-centre-dinterpr\u00e9tation-du-patrimoine-des-vall\u00e9es-du-Haut-Salat.-Photo-CCCOust-1-350x282.jpg 350w, https:\/\/www.patrim.net\/wp-content\/uploads\/2015\/08\/Le-Ch\u00e2teau-de-Seix-centre-dinterpr\u00e9tation-du-patrimoine-des-vall\u00e9es-du-Haut-Salat.-Photo-CCCOust-1-480x387.jpg 480w\" sizes=\"(max-width: 1024px) 100vw, 1024px\" \/><\/a>\n\t\t\t<\/div><\/figure><figure class='gallery-item'>\n\t\t\t<div class='gallery-icon landscape'>\n\t\t\t\t<a href='https:\/\/www.patrim.net\/eu\/ekipamenduak\/historia-eta-gizartea\/chateau-de-seix\/concert-chateau-de-seix-11-09-2010-25-3-2\/'><img loading=\"lazy\" decoding=\"async\" width=\"1024\" height=\"683\" src=\"https:\/\/www.patrim.net\/wp-content\/uploads\/2015\/08\/Concert-Ch\u00e2teau-de-Seix-11-09-2010.-25-1-1024x683.jpg\" class=\"attachment-large size-large\" alt=\"\" srcset=\"https:\/\/www.patrim.net\/wp-content\/uploads\/2015\/08\/Concert-Ch\u00e2teau-de-Seix-11-09-2010.-25-1-1024x683.jpg 1024w, https:\/\/www.patrim.net\/wp-content\/uploads\/2015\/08\/Concert-Ch\u00e2teau-de-Seix-11-09-2010.-25-1-scaled-600x400.jpg 600w, https:\/\/www.patrim.net\/wp-content\/uploads\/2015\/08\/Concert-Ch\u00e2teau-de-Seix-11-09-2010.-25-1-300x200.jpg 300w, https:\/\/www.patrim.net\/wp-content\/uploads\/2015\/08\/Concert-Ch\u00e2teau-de-Seix-11-09-2010.-25-1-768x512.jpg 768w, https:\/\/www.patrim.net\/wp-content\/uploads\/2015\/08\/Concert-Ch\u00e2teau-de-Seix-11-09-2010.-25-1-830x553.jpg 830w, https:\/\/www.patrim.net\/wp-content\/uploads\/2015\/08\/Concert-Ch\u00e2teau-de-Seix-11-09-2010.-25-1-230x153.jpg 230w, https:\/\/www.patrim.net\/wp-content\/uploads\/2015\/08\/Concert-Ch\u00e2teau-de-Seix-11-09-2010.-25-1-350x233.jpg 350w, https:\/\/www.patrim.net\/wp-content\/uploads\/2015\/08\/Concert-Ch\u00e2teau-de-Seix-11-09-2010.-25-1-480x320.jpg 480w\" sizes=\"(max-width: 1024px) 100vw, 1024px\" \/><\/a>\n\t\t\t<\/div><\/figure><figure class='gallery-item'>\n\t\t\t<div class='gallery-icon landscape'>\n\t\t\t\t<a href='https:\/\/www.patrim.net\/eu\/ekipamenduak\/historia-eta-gizartea\/chateau-de-seix\/olympus-digital-camera-7-2\/'><img loading=\"lazy\" decoding=\"async\" width=\"1024\" height=\"768\" src=\"https:\/\/www.patrim.net\/wp-content\/uploads\/2015\/08\/CCCO-salle-ethno-Ch\u00e2teau-de-Seix-Photo-Herv\u00e9-Rieu-1-1024x768.jpg\" class=\"attachment-large size-large\" alt=\"\" srcset=\"https:\/\/www.patrim.net\/wp-content\/uploads\/2015\/08\/CCCO-salle-ethno-Ch\u00e2teau-de-Seix-Photo-Herv\u00e9-Rieu-1-1024x768.jpg 1024w, https:\/\/www.patrim.net\/wp-content\/uploads\/2015\/08\/CCCO-salle-ethno-Ch\u00e2teau-de-Seix-Photo-Herv\u00e9-Rieu-1-scaled-600x450.jpg 600w, https:\/\/www.patrim.net\/wp-content\/uploads\/2015\/08\/CCCO-salle-ethno-Ch\u00e2teau-de-Seix-Photo-Herv\u00e9-Rieu-1-300x225.jpg 300w, https:\/\/www.patrim.net\/wp-content\/uploads\/2015\/08\/CCCO-salle-ethno-Ch\u00e2teau-de-Seix-Photo-Herv\u00e9-Rieu-1-768x576.jpg 768w, https:\/\/www.patrim.net\/wp-content\/uploads\/2015\/08\/CCCO-salle-ethno-Ch\u00e2teau-de-Seix-Photo-Herv\u00e9-Rieu-1-830x623.jpg 830w, https:\/\/www.patrim.net\/wp-content\/uploads\/2015\/08\/CCCO-salle-ethno-Ch\u00e2teau-de-Seix-Photo-Herv\u00e9-Rieu-1-230x173.jpg 230w, https:\/\/www.patrim.net\/wp-content\/uploads\/2015\/08\/CCCO-salle-ethno-Ch\u00e2teau-de-Seix-Photo-Herv\u00e9-Rieu-1-350x263.jpg 350w, https:\/\/www.patrim.net\/wp-content\/uploads\/2015\/08\/CCCO-salle-ethno-Ch\u00e2teau-de-Seix-Photo-Herv\u00e9-Rieu-1-480x360.jpg 480w\" sizes=\"(max-width: 1024px) 100vw, 1024px\" \/><\/a>\n\t\t\t<\/div><\/figure>\n\t\t<\/div>\n\n<p><span id=\"result_box\" class=\"\" lang=\"eu\">Ezagutu Pirinio Zentralen ondarea!<\/span><\/p>\n<p><span class=\"\">Seixeko gazteluaren atea XVI. Mendeko monumentu historikoa bultzatu eta Couserans haraneko ondarearen interpretazio zentroa aurkitu:<\/span><br \/>\n<span class=\"\">pilotu bat helikoptero birtuala Pirinioetan zehar multimedia ereduan,<\/span><br \/>\n<span class=\"\">mendiko eraketa eta lurzoruaren mosaiko honen lekuko dira,<\/span><br \/>\n<span class=\"\">ezagutu itzazu haran glaziar baten bizitza indarguneak eta eskakizunak,<\/span><br \/>\n<span class=\"\">murgildu historia zailean, gaur egungo Gallo-erromatarretik,<\/span><br \/>\n<span class=\"\">eliza erromaniko txikiak miresten dituzte,<\/span><br \/>\n<span class=\"\">oinezkoen zaindariak, kontrabandisten eta artzainen mugimenduak oinez joan &#8230;<\/span><br \/>\n<span class=\"\">Bidean, mendiko gizon eta emakume horien bizitza partekatu!<\/span><\/p>\n","protected":false},"excerpt":{"rendered":"<p>Ezagutu Pirinio Zentralen ondarea! Seixeko gazteluaren atea XVI. Mendeko monumentu historikoa bultzatu eta Couserans haraneko ondarearen interpretazio zentroa aurkitu: pilotu bat helikoptero birtuala Pirinioetan zehar multimedia ereduan, mendiko eraketa eta lurzoruaren mosaiko honen lekuko dira, ezagutu itzazu haran glaziar baten bizitza indarguneak eta eskakizunak, murgildu historia zailean, gaur egungo Gallo-erromatarretik, eliza erromaniko txikiak miresten dituzte, oinezkoen zaindariak, kontrabandisten eta artzainen mugimenduak oinez joan &#8230; Bidean, mendiko gizon eta emakume horien bizitza partekatu!<\/p>\n","protected":false},"author":1,"featured_media":0,"parent":1154,"menu_order":0,"comment_status":"closed","ping_status":"closed","template":"","meta":{"site-sidebar-layout":"default","site-content-layout":"","ast-site-content-layout":"default","site-content-style":"default","site-sidebar-style":"default","ast-global-header-display":"","ast-banner-title-visibility":"","ast-main-header-display":"","ast-hfb-above-header-display":"","ast-hfb-below-header-display":"","ast-hfb-mobile-header-display":"","site-post-title":"","ast-breadcrumbs-content":"","ast-featured-img":"","footer-sml-layout":"","theme-transparent-header-meta":"","adv-header-id-meta":"","stick-header-meta":"","header-above-stick-meta":"","header-main-stick-meta":"","header-below-stick-meta":"","astra-migrate-meta-layouts":"default","ast-page-background-enabled":"default","ast-page-background-meta":{"desktop":{"background-color":"var(--ast-global-color-5)","background-image":"","background-repeat":"repeat","background-position":"center center","background-size":"auto","background-attachment":"scroll","background-type":"","background-media":"","overlay-type":"","overlay-color":"","overlay-opacity":"","overlay-gradient":""},"tablet":{"background-color":"","background-image":"","background-repeat":"repeat","background-position":"center center","background-size":"auto","background-attachment":"scroll","background-type":"","background-media":"","overlay-type":"","overlay-color":"","overlay-opacity":"","overlay-gradient":""},"mobile":{"background-color":"","background-image":"","background-repeat":"repeat","background-position":"center center","background-size":"auto","background-attachment":"scroll","background-type":"","background-media":"","overlay-type":"","overlay-color":"","overlay-opacity":"","overlay-gradient":""}},"ast-content-background-meta":{"desktop":{"background-color":"var(--ast-global-color-4)","background-image":"","background-repeat":"repeat","background-position":"center center","background-size":"auto","background-attachment":"scroll","background-type":"","background-media":"","overlay-type":"","overlay-color":"","overlay-opacity":"","overlay-gradient":""},"tablet":{"background-color":"var(--ast-global-color-4)","background-image":"","background-repeat":"repeat","background-position":"center center","background-size":"auto","background-attachment":"scroll","background-type":"","background-media":"","overlay-type":"","overlay-color":"","overlay-opacity":"","overlay-gradient":""},"mobile":{"background-color":"var(--ast-global-color-4)","background-image":"","background-repeat":"repeat","background-position":"center center","background-size":"auto","background-attachment":"scroll","background-type":"","background-media":"","overlay-type":"","overlay-color":"","overlay-opacity":"","overlay-gradient":""}},"footnotes":""},"class_list":["post-1178","page","type-page","status-publish","hentry"],"_links":{"self":[{"href":"https:\/\/www.patrim.net\/eu\/wp-json\/wp\/v2\/pages\/1178","targetHints":{"allow":["GET"]}}],"collection":[{"href":"https:\/\/www.patrim.net\/eu\/wp-json\/wp\/v2\/pages"}],"about":[{"href":"https:\/\/www.patrim.net\/eu\/wp-json\/wp\/v2\/types\/page"}],"author":[{"embeddable":true,"href":"https:\/\/www.patrim.net\/eu\/wp-json\/wp\/v2\/users\/1"}],"replies":[{"embeddable":true,"href":"https:\/\/www.patrim.net\/eu\/wp-json\/wp\/v2\/comments?post=1178"}],"version-history":[{"count":2,"href":"https:\/\/www.patrim.net\/eu\/wp-json\/wp\/v2\/pages\/1178\/revisions"}],"predecessor-version":[{"id":1349,"href":"https:\/\/www.patrim.net\/eu\/wp-json\/wp\/v2\/pages\/1178\/revisions\/1349"}],"up":[{"embeddable":true,"href":"https:\/\/www.patrim.net\/eu\/wp-json\/wp\/v2\/pages\/1154"}],"wp:attachment":[{"href":"https:\/\/www.patrim.net\/eu\/wp-json\/wp\/v2\/media?parent=1178"}],"curies":[{"name":"wp","href":"https:\/\/api.w.org\/{rel}","templated":true}]}}