{"id":830,"date":"2015-09-05T12:04:20","date_gmt":"2015-09-05T11:04:20","guid":{"rendered":"http:\/\/www.patrim.net\/823-2\/?lang=ca"},"modified":"2022-02-15T18:50:55","modified_gmt":"2022-02-15T17:50:55","slug":"centro-de-interpretacion-ramon-y-cajal","status":"publish","type":"page","link":"https:\/\/www.patrim.net\/ca\/els-equipaments\/historia-i-societat\/centro-de-interpretacion-ramon-y-cajal\/","title":{"rendered":"Centre d&#8217;Interpretaci\u00f3 Ram\u00f3n y Cajal"},"content":{"rendered":"<div id='gallery-1' class='gallery galleryid-830 gallery-columns-3 gallery-size-large'><figure class='gallery-item'>\n\t\t\t<div class='gallery-icon landscape'>\n\t\t\t\t<a href='https:\/\/www.patrim.net\/ca\/els-equipaments\/historia-i-societat\/centro-de-interpretacion-ramon-y-cajal\/mision-neurolab-a-copia-2\/'><img fetchpriority=\"high\" decoding=\"async\" width=\"1024\" height=\"768\" src=\"https:\/\/www.patrim.net\/wp-content\/uploads\/2015\/08\/Misi\u00f3n-Neurolab-a-copia-1024x768.jpg\" class=\"attachment-large size-large\" alt=\"\" srcset=\"https:\/\/www.patrim.net\/wp-content\/uploads\/2015\/08\/Misi\u00f3n-Neurolab-a-copia-1024x768.jpg 1024w, https:\/\/www.patrim.net\/wp-content\/uploads\/2015\/08\/Misi\u00f3n-Neurolab-a-copia-600x450.jpg 600w, https:\/\/www.patrim.net\/wp-content\/uploads\/2015\/08\/Misi\u00f3n-Neurolab-a-copia-300x225.jpg 300w, https:\/\/www.patrim.net\/wp-content\/uploads\/2015\/08\/Misi\u00f3n-Neurolab-a-copia-768x576.jpg 768w, https:\/\/www.patrim.net\/wp-content\/uploads\/2015\/08\/Misi\u00f3n-Neurolab-a-copia-830x623.jpg 830w, https:\/\/www.patrim.net\/wp-content\/uploads\/2015\/08\/Misi\u00f3n-Neurolab-a-copia-230x173.jpg 230w, https:\/\/www.patrim.net\/wp-content\/uploads\/2015\/08\/Misi\u00f3n-Neurolab-a-copia-350x263.jpg 350w, https:\/\/www.patrim.net\/wp-content\/uploads\/2015\/08\/Misi\u00f3n-Neurolab-a-copia-480x360.jpg 480w, https:\/\/www.patrim.net\/wp-content\/uploads\/2015\/08\/Misi\u00f3n-Neurolab-a-copia.jpg 1600w\" sizes=\"(max-width: 1024px) 100vw, 1024px\" \/><\/a>\n\t\t\t<\/div><\/figure><figure class='gallery-item'>\n\t\t\t<div class='gallery-icon landscape'>\n\t\t\t\t<a href='https:\/\/www.patrim.net\/ca\/els-equipaments\/historia-i-societat\/centro-de-interpretacion-ramon-y-cajal\/ayerbe-centro-santiago-ramon-y-cajal-2\/'><img decoding=\"async\" width=\"1024\" height=\"768\" src=\"https:\/\/www.patrim.net\/wp-content\/uploads\/2015\/08\/Ayerbe-Centro-Santiago-Ramon-y-Cajal-1024x768.jpg\" class=\"attachment-large size-large\" alt=\"\" srcset=\"https:\/\/www.patrim.net\/wp-content\/uploads\/2015\/08\/Ayerbe-Centro-Santiago-Ramon-y-Cajal-1024x768.jpg 1024w, https:\/\/www.patrim.net\/wp-content\/uploads\/2015\/08\/Ayerbe-Centro-Santiago-Ramon-y-Cajal-600x450.jpg 600w, https:\/\/www.patrim.net\/wp-content\/uploads\/2015\/08\/Ayerbe-Centro-Santiago-Ramon-y-Cajal-300x225.jpg 300w, https:\/\/www.patrim.net\/wp-content\/uploads\/2015\/08\/Ayerbe-Centro-Santiago-Ramon-y-Cajal-768x576.jpg 768w, https:\/\/www.patrim.net\/wp-content\/uploads\/2015\/08\/Ayerbe-Centro-Santiago-Ramon-y-Cajal-830x623.jpg 830w, https:\/\/www.patrim.net\/wp-content\/uploads\/2015\/08\/Ayerbe-Centro-Santiago-Ramon-y-Cajal-230x173.jpg 230w, https:\/\/www.patrim.net\/wp-content\/uploads\/2015\/08\/Ayerbe-Centro-Santiago-Ramon-y-Cajal-350x263.jpg 350w, https:\/\/www.patrim.net\/wp-content\/uploads\/2015\/08\/Ayerbe-Centro-Santiago-Ramon-y-Cajal-480x360.jpg 480w\" sizes=\"(max-width: 1024px) 100vw, 1024px\" \/><\/a>\n\t\t\t<\/div><\/figure><figure class='gallery-item'>\n\t\t\t<div class='gallery-icon landscape'>\n\t\t\t\t<a href='https:\/\/www.patrim.net\/ca\/els-equipaments\/historia-i-societat\/centro-de-interpretacion-ramon-y-cajal\/ayerbe-4-2\/'><img decoding=\"async\" width=\"1024\" height=\"768\" src=\"https:\/\/www.patrim.net\/wp-content\/uploads\/2015\/08\/Ayerbe-1-1024x768.jpg\" class=\"attachment-large size-large\" alt=\"\" srcset=\"https:\/\/www.patrim.net\/wp-content\/uploads\/2015\/08\/Ayerbe-1-1024x768.jpg 1024w, https:\/\/www.patrim.net\/wp-content\/uploads\/2015\/08\/Ayerbe-1-600x450.jpg 600w, https:\/\/www.patrim.net\/wp-content\/uploads\/2015\/08\/Ayerbe-1-300x225.jpg 300w, https:\/\/www.patrim.net\/wp-content\/uploads\/2015\/08\/Ayerbe-1-768x576.jpg 768w, https:\/\/www.patrim.net\/wp-content\/uploads\/2015\/08\/Ayerbe-1-830x623.jpg 830w, https:\/\/www.patrim.net\/wp-content\/uploads\/2015\/08\/Ayerbe-1-230x173.jpg 230w, https:\/\/www.patrim.net\/wp-content\/uploads\/2015\/08\/Ayerbe-1-350x263.jpg 350w, https:\/\/www.patrim.net\/wp-content\/uploads\/2015\/08\/Ayerbe-1-480x360.jpg 480w\" sizes=\"(max-width: 1024px) 100vw, 1024px\" \/><\/a>\n\t\t\t<\/div><\/figure><figure class='gallery-item'>\n\t\t\t<div class='gallery-icon landscape'>\n\t\t\t\t<a href='https:\/\/www.patrim.net\/ca\/els-equipaments\/historia-i-societat\/centro-de-interpretacion-ramon-y-cajal\/p1050472-2\/'><img loading=\"lazy\" decoding=\"async\" width=\"1024\" height=\"768\" src=\"https:\/\/www.patrim.net\/wp-content\/uploads\/2015\/08\/P1050472-1024x768.jpg\" class=\"attachment-large size-large\" alt=\"\" srcset=\"https:\/\/www.patrim.net\/wp-content\/uploads\/2015\/08\/P1050472-1024x768.jpg 1024w, https:\/\/www.patrim.net\/wp-content\/uploads\/2015\/08\/P1050472-600x450.jpg 600w, https:\/\/www.patrim.net\/wp-content\/uploads\/2015\/08\/P1050472-300x225.jpg 300w, https:\/\/www.patrim.net\/wp-content\/uploads\/2015\/08\/P1050472-768x576.jpg 768w, https:\/\/www.patrim.net\/wp-content\/uploads\/2015\/08\/P1050472-830x623.jpg 830w, https:\/\/www.patrim.net\/wp-content\/uploads\/2015\/08\/P1050472-230x173.jpg 230w, https:\/\/www.patrim.net\/wp-content\/uploads\/2015\/08\/P1050472-350x263.jpg 350w, https:\/\/www.patrim.net\/wp-content\/uploads\/2015\/08\/P1050472-480x360.jpg 480w\" sizes=\"(max-width: 1024px) 100vw, 1024px\" \/><\/a>\n\t\t\t<\/div><\/figure><figure class='gallery-item'>\n\t\t\t<div class='gallery-icon landscape'>\n\t\t\t\t<a href='https:\/\/www.patrim.net\/ca\/els-equipaments\/historia-i-societat\/centro-de-interpretacion-ramon-y-cajal\/p1050474-2\/'><img loading=\"lazy\" decoding=\"async\" width=\"1024\" height=\"768\" src=\"https:\/\/www.patrim.net\/wp-content\/uploads\/2015\/08\/P1050474-1024x768.jpg\" class=\"attachment-large size-large\" alt=\"\" srcset=\"https:\/\/www.patrim.net\/wp-content\/uploads\/2015\/08\/P1050474-1024x768.jpg 1024w, https:\/\/www.patrim.net\/wp-content\/uploads\/2015\/08\/P1050474-600x450.jpg 600w, https:\/\/www.patrim.net\/wp-content\/uploads\/2015\/08\/P1050474-300x225.jpg 300w, https:\/\/www.patrim.net\/wp-content\/uploads\/2015\/08\/P1050474-768x576.jpg 768w, https:\/\/www.patrim.net\/wp-content\/uploads\/2015\/08\/P1050474-830x623.jpg 830w, https:\/\/www.patrim.net\/wp-content\/uploads\/2015\/08\/P1050474-230x173.jpg 230w, https:\/\/www.patrim.net\/wp-content\/uploads\/2015\/08\/P1050474-350x263.jpg 350w, https:\/\/www.patrim.net\/wp-content\/uploads\/2015\/08\/P1050474-480x360.jpg 480w\" sizes=\"(max-width: 1024px) 100vw, 1024px\" \/><\/a>\n\t\t\t<\/div><\/figure><figure class='gallery-item'>\n\t\t\t<div class='gallery-icon landscape'>\n\t\t\t\t<a href='https:\/\/www.patrim.net\/ca\/els-equipaments\/historia-i-societat\/centro-de-interpretacion-ramon-y-cajal\/imgp7496-2\/'><img loading=\"lazy\" decoding=\"async\" width=\"1024\" height=\"768\" src=\"https:\/\/www.patrim.net\/wp-content\/uploads\/2015\/08\/IMGP7496-1024x768.jpg\" class=\"attachment-large size-large\" alt=\"\" srcset=\"https:\/\/www.patrim.net\/wp-content\/uploads\/2015\/08\/IMGP7496.jpg 1024w, https:\/\/www.patrim.net\/wp-content\/uploads\/2015\/08\/IMGP7496-600x450.jpg 600w, https:\/\/www.patrim.net\/wp-content\/uploads\/2015\/08\/IMGP7496-300x225.jpg 300w, https:\/\/www.patrim.net\/wp-content\/uploads\/2015\/08\/IMGP7496-768x576.jpg 768w, https:\/\/www.patrim.net\/wp-content\/uploads\/2015\/08\/IMGP7496-830x623.jpg 830w, https:\/\/www.patrim.net\/wp-content\/uploads\/2015\/08\/IMGP7496-230x173.jpg 230w, https:\/\/www.patrim.net\/wp-content\/uploads\/2015\/08\/IMGP7496-350x263.jpg 350w, https:\/\/www.patrim.net\/wp-content\/uploads\/2015\/08\/IMGP7496-480x360.jpg 480w\" sizes=\"(max-width: 1024px) 100vw, 1024px\" \/><\/a>\n\t\t\t<\/div><\/figure>\n\t\t<\/div>\n\n<p>El centre d&#8217;interpretaci\u00f3 d\u00b4Ayerbe permet descubrir numbroses facetes d\u00b4aquest cient\u00edfic, premi Nobel de medicina, que va ser tamb\u00e9 escriptor, fot\u00f2graf, dissenyador, amant de l\u00b4astronomia, pol\u00edtic ocasional.<\/p>\n<p>Al arribar a Ayerbe la familia Ram\u00f3n Cajal ocupa l\u00b4\u00faltim pis de la casa on avui s\u00b4ubica el centre. Aqu\u00ed viur\u00e0 la familia durant els nou anys d\u00b4estada a Ayerbe.<\/p>\n<p>Actualment el centre ocupa les tres plantes de la casa combinant les t\u00e8cniques museogr\u00e0fiques modernes amb una presentaci\u00f3n tradicional d\u00b4objectes directament relacionats amb el premi Nobel : un resum de la seva biografia i mostres del seu treball com a fot\u00f2graf, poc conegut\u00a0 tot i ser pioner en el domini de la fotograf\u00eda en color i en el relleu, juntament a objectes aut\u00e8ntics, els seus dissenys i gravats d\u00b4anatomia, principalment al oli, que sorprent per la seva calitat pict\u00f3rica.<\/p>\n<p>Un dispositiu audiovisual tracta d\u00b4explicar, de forma did\u00e1ctica, els principals descubriments fets per Cajal en l\u00b4 \u00e0mbit de l\u00b4investigaci\u00f3 cient\u00edfica.<\/p>\n<p>Igualment, s\u00b4exposen diversos microscopis adquirits als Estats Units id\u00e8ntics als que ell va utilizar.<\/p>\n","protected":false},"excerpt":{"rendered":"<p>El centre d&#8217;interpretaci\u00f3 d\u00b4Ayerbe permet descubrir numbroses facetes d\u00b4aquest cient\u00edfic, premi Nobel de medicina, que va ser tamb\u00e9 escriptor, fot\u00f2graf, dissenyador, amant de l\u00b4astronomia, pol\u00edtic ocasional. Al arribar a Ayerbe la familia Ram\u00f3n Cajal ocupa l\u00b4\u00faltim pis de la casa on avui s\u00b4ubica el centre. Aqu\u00ed viur\u00e0 la familia durant els nou anys d\u00b4estada a Ayerbe. Actualment el centre ocupa les tres plantes de la casa combinant les t\u00e8cniques museogr\u00e0fiques modernes amb una presentaci\u00f3n tradicional d\u00b4objectes directament relacionats amb el premi Nobel : un resum de la seva biografia i mostres del seu treball com a fot\u00f2graf, poc conegut\u00a0 tot i ser pioner en el domini de la fotograf\u00eda en color i en el relleu, juntament a objectes aut\u00e8ntics, els seus dissenys i gravats d\u00b4anatomia, principalment al oli, que sorprent per la seva calitat pict\u00f3rica. Un dispositiu audiovisual tracta d\u00b4explicar, de forma did\u00e1ctica, els principals descubriments fets per Cajal en l\u00b4 \u00e0mbit de l\u00b4investigaci\u00f3 cient\u00edfica. Igualment, s\u00b4exposen diversos microscopis adquirits als Estats Units id\u00e8ntics als que ell va utilizar.<\/p>\n","protected":false},"author":1,"featured_media":0,"parent":1152,"menu_order":0,"comment_status":"closed","ping_status":"closed","template":"","meta":{"site-sidebar-layout":"default","site-content-layout":"","ast-site-content-layout":"default","site-content-style":"default","site-sidebar-style":"default","ast-global-header-display":"","ast-banner-title-visibility":"","ast-main-header-display":"","ast-hfb-above-header-display":"","ast-hfb-below-header-display":"","ast-hfb-mobile-header-display":"","site-post-title":"","ast-breadcrumbs-content":"","ast-featured-img":"","footer-sml-layout":"","theme-transparent-header-meta":"","adv-header-id-meta":"","stick-header-meta":"","header-above-stick-meta":"","header-main-stick-meta":"","header-below-stick-meta":"","astra-migrate-meta-layouts":"default","ast-page-background-enabled":"default","ast-page-background-meta":{"desktop":{"background-color":"var(--ast-global-color-5)","background-image":"","background-repeat":"repeat","background-position":"center center","background-size":"auto","background-attachment":"scroll","background-type":"","background-media":"","overlay-type":"","overlay-color":"","overlay-opacity":"","overlay-gradient":""},"tablet":{"background-color":"","background-image":"","background-repeat":"repeat","background-position":"center center","background-size":"auto","background-attachment":"scroll","background-type":"","background-media":"","overlay-type":"","overlay-color":"","overlay-opacity":"","overlay-gradient":""},"mobile":{"background-color":"","background-image":"","background-repeat":"repeat","background-position":"center center","background-size":"auto","background-attachment":"scroll","background-type":"","background-media":"","overlay-type":"","overlay-color":"","overlay-opacity":"","overlay-gradient":""}},"ast-content-background-meta":{"desktop":{"background-color":"var(--ast-global-color-4)","background-image":"","background-repeat":"repeat","background-position":"center center","background-size":"auto","background-attachment":"scroll","background-type":"","background-media":"","overlay-type":"","overlay-color":"","overlay-opacity":"","overlay-gradient":""},"tablet":{"background-color":"var(--ast-global-color-4)","background-image":"","background-repeat":"repeat","background-position":"center center","background-size":"auto","background-attachment":"scroll","background-type":"","background-media":"","overlay-type":"","overlay-color":"","overlay-opacity":"","overlay-gradient":""},"mobile":{"background-color":"var(--ast-global-color-4)","background-image":"","background-repeat":"repeat","background-position":"center center","background-size":"auto","background-attachment":"scroll","background-type":"","background-media":"","overlay-type":"","overlay-color":"","overlay-opacity":"","overlay-gradient":""}},"footnotes":""},"class_list":["post-830","page","type-page","status-publish","hentry"],"_links":{"self":[{"href":"https:\/\/www.patrim.net\/ca\/wp-json\/wp\/v2\/pages\/830","targetHints":{"allow":["GET"]}}],"collection":[{"href":"https:\/\/www.patrim.net\/ca\/wp-json\/wp\/v2\/pages"}],"about":[{"href":"https:\/\/www.patrim.net\/ca\/wp-json\/wp\/v2\/types\/page"}],"author":[{"embeddable":true,"href":"https:\/\/www.patrim.net\/ca\/wp-json\/wp\/v2\/users\/1"}],"replies":[{"embeddable":true,"href":"https:\/\/www.patrim.net\/ca\/wp-json\/wp\/v2\/comments?post=830"}],"version-history":[{"count":5,"href":"https:\/\/www.patrim.net\/ca\/wp-json\/wp\/v2\/pages\/830\/revisions"}],"predecessor-version":[{"id":4218,"href":"https:\/\/www.patrim.net\/ca\/wp-json\/wp\/v2\/pages\/830\/revisions\/4218"}],"up":[{"embeddable":true,"href":"https:\/\/www.patrim.net\/ca\/wp-json\/wp\/v2\/pages\/1152"}],"wp:attachment":[{"href":"https:\/\/www.patrim.net\/ca\/wp-json\/wp\/v2\/media?parent=830"}],"curies":[{"name":"wp","href":"https:\/\/api.w.org\/{rel}","templated":true}]}}