{"id":4683,"date":"2022-02-15T09:51:16","date_gmt":"2022-02-15T08:51:16","guid":{"rendered":"http:\/\/www.patrim.net\/produits\/charte-dengagement\/"},"modified":"2022-02-15T12:43:30","modified_gmt":"2022-02-15T11:43:30","slug":"carta-de-compromis","status":"publish","type":"page","link":"https:\/\/www.patrim.net\/ca\/producte-local\/carta-de-compromis\/","title":{"rendered":"Carta de comprom\u00eds"},"content":{"rendered":"<div id=\"pl-4683\"  class=\"panel-layout\" ><div id=\"pg-4683-0\"  class=\"panel-grid panel-no-style\" ><div id=\"pgc-4683-0-0\"  class=\"panel-grid-cell\" ><div id=\"panel-4683-0-0-0\" class=\"so-panel widget widget_text panel-first-child\" data-index=\"0\" ><h3 class=\"widget-title\">Carta de comprom\u00eds \u00abPRODUCTE, PATRIMONI I TERRITORI\u00bb<\/h3>\t\t\t<div class=\"textwidget\"><\/div>\n\t\t<\/div><div id=\"panel-4683-0-0-1\" class=\"so-panel widget widget_text panel-last-child\" data-index=\"1\" ><div class=\"panel-widget-style panel-widget-style-for-4683-0-0-1\" >\t\t\t<div class=\"textwidget\"><div style=\"padding: 20px;\">\n<p class=\"p1\">En el marc del projecte de cooperaci\u00f3 transfronterera Patrim+, la Xarxa Pirinenca de Museus, Ecomuseus i Centres d\u2019Interpretaci\u00f3 vol premiar una selecci\u00f3 de <strong>productes locals<\/strong> de comarques i departaments de l\u2019\u00e0mbit d\u2019actuaci\u00f3 que es distingeixin per la seva qualitat, autenticitat i responsabilitat amb la sostenibilitat cultural i ambiental, com a aparadors d\u2019un llegat i oportunitat de desenvolupament local.<\/p>\n<p class=\"p1\">En col\u00b7laboraci\u00f3 amb agents i entitats territorials responsables en la mat\u00e8ria, s\u2019iniciaran <strong>activitats que n\u2019afavoreixin la comercialitzaci\u00f3 i la promoci\u00f3 considerant diverses possibilitats, les quals detallem tot seguit<\/strong>.<\/p>\n<\/div>\n<\/div>\n\t\t<\/div><\/div><\/div><\/div><div id=\"pg-4683-1\"  class=\"panel-grid panel-has-style\" ><div class=\"panel-row-style panel-row-style-for-4683-1\" ><div id=\"pgc-4683-1-0\"  class=\"panel-grid-cell\" ><div id=\"panel-4683-1-0-0\" class=\"so-panel widget widget_text panel-first-child panel-last-child\" data-index=\"2\" >\t\t\t<div class=\"textwidget\"><p class=\"p1\"><strong><span class=\"s1\">Productes agroalimentaris<\/span><\/strong> _ Preferentment amb el reconeixement vigent d\u2019una denominaci\u00f3 oficial de qualitat (DOP, IGP, marques regionals, etc.), que garanteixi una producci\u00f3 i una comercialitzaci\u00f3 estables durant el per\u00edode.<\/p>\n<p class=\"p1\"><span class=\"s1\"><b>Artesanies locals<\/b><\/span><b> _ <\/b>Preferentment amb la utilitzaci\u00f3 de mat\u00e8ries primeres i processos d\u2019elaboraci\u00f3 del territori del projecte Patrim+ i, si escau, inscrits a registres oficials d\u2019artesans.<\/p>\n<p class=\"p1\"><span class=\"s1\"><b>Creaci\u00f3 art\u00edstica<\/b><\/span><b> _ <\/b>Diferents disciplines (escultura, pintura, gravat, arquitectura, etc.) que desenvolupin la seva producci\u00f3 i activitat dins l\u2019\u00e0mbit territorial del projecte.<\/p>\n<p class=\"p1\"><span class=\"s1\"><b>Activitats tur\u00edstiques<\/b><\/span><b> _ <\/b>Serveis i activitats tur\u00edstiques que puguin proposar-se per ra\u00f3 de la seva excepcionalitat, originalitat i relaci\u00f3 amb el patrimoni, la innovaci\u00f3 i la valoritzaci\u00f3 sostenible dels recursos locals (Acci\u00f3 4 Patrim+: accessibilitat, ecoefici\u00e8ncia, promoci\u00f3 i animaci\u00f3), i preferentment inscrits als registres oficials corresponents al desenvolupament de la seva activitat dins de l\u2019\u00e0mbit territorial del projecte.<\/p>\n<p class=\"p1\"><span class=\"s1\"><b>Altres prestataris<\/b><\/span><b> _ <\/b>Segons el parer del grup promotor i a proposta de qualsevol soci, hi ha la possibilitat de donar suport a la figura d\u2019establiments associats.<\/p>\n<\/div>\n\t\t<\/div><\/div><\/div><\/div><div id=\"pg-4683-2\"  class=\"panel-grid panel-no-style\" ><div id=\"pgc-4683-2-0\"  class=\"panel-grid-cell\" ><div id=\"panel-4683-2-0-0\" class=\"so-panel widget widget_text panel-first-child panel-last-child\" data-index=\"3\" ><div class=\"panel-widget-style panel-widget-style-for-4683-2-0-0\" ><h3 class=\"widget-title\">COMPROMISOS DELS SIGNANTS<\/h3>\t\t\t<div class=\"textwidget\"><p><strong>Pel que fa al producte local<\/strong><\/p>\n<ul>\n<li>Identificar el producte seleccionat.<\/li>\n<li>Incloure una identificaci\u00f3 gr\u00e0fica adequada del producte per a un nombre d&#8217;unitats que les dues parts acordin.<\/li>\n<li>Participar en esdeveniments i activitats.<\/li>\n<li>Realitzaci\u00f3 d\u2019esdeveniments i activitats en el territori del producte i, si arriba el cas, de forma conjunta als territoris de la xarxa Patrim+.<\/li>\n<li>Comprom\u00eds amb la sostenibilitat i responsabilitat amb el patrimoni.<\/li>\n<li>\u00das sostenible de recursos locals en l&#8217;elaboraci\u00f3 i la comercialitzaci\u00f3 del producte.<\/li>\n<\/ul>\n<p><strong>Pel que fa als socis de la xarxa Patrim+ i les entitats col\u00b7laboradores<\/strong><\/p>\n<ul>\n<li>Seleccionar i donar suport a una millor posada en valor territorial del producte local.<\/li>\n<li>Facilitar el coneixement i el respecte del patrimoni cultural i natural en relaci\u00f3 amb el producte.<\/li>\n<li>Promocionar el producte local.<\/li>\n<li>Refor\u00e7ar la pres\u00e8ncia de botigues de la xarxa Patrim+ i entitats col\u00b7laboradores, <em>e-comer\u00e7<\/em> de productes seleccionats i altres accions de m\u00e0rqueting (descomptes, sorteigs, etc.), amb \u00e0mplia difusi\u00f3 i comunicaci\u00f3.<\/li>\n<li>Establir sinergies entre sectors vinculats al producte local.<\/li>\n<li>Impulsar la cooperaci\u00f3 entre centres de la xarxa Patrim+, entitats col\u00b7laboradores i producte local; acords entre agents i sectors participants, etc.<\/li>\n<li>Afavorir un desenvolupament territorial sostenible i responsable.<\/li>\n<li class=\"p2\">Refor\u00e7ar que el producte local contribueixi a un desenvolupament sostenible i respectu\u00f3s amb el patrimoni cultural i el medi ambient<\/li>\n<\/ul>\n<\/div>\n\t\t<\/div><\/div><\/div><\/div><div id=\"pg-4683-3\"  class=\"panel-grid panel-has-style\" ><div class=\"panel-row-style panel-row-style-for-4683-3\" ><div id=\"pgc-4683-3-0\"  class=\"panel-grid-cell\" ><div id=\"panel-4683-3-0-0\" class=\"so-panel widget widget_media_image panel-first-child panel-last-child\" data-index=\"4\" ><img decoding=\"async\" width=\"700\" height=\"60\" src=\"https:\/\/www.patrim.net\/wp-content\/uploads\/2022\/02\/FEDER-Patrim-768x66.png\" class=\"image wp-image-4693  attachment-700x60 size-700x60\" alt=\"\" style=\"max-width: 100%; height: auto;\" srcset=\"https:\/\/www.patrim.net\/wp-content\/uploads\/2022\/02\/FEDER-Patrim-768x66.png 768w, https:\/\/www.patrim.net\/wp-content\/uploads\/2022\/02\/FEDER-Patrim-600x51.png 600w, https:\/\/www.patrim.net\/wp-content\/uploads\/2022\/02\/FEDER-Patrim-300x26.png 300w, https:\/\/www.patrim.net\/wp-content\/uploads\/2022\/02\/FEDER-Patrim-1024x88.png 1024w, https:\/\/www.patrim.net\/wp-content\/uploads\/2022\/02\/FEDER-Patrim-1536x132.png 1536w, https:\/\/www.patrim.net\/wp-content\/uploads\/2022\/02\/FEDER-Patrim-920x79.png 920w, https:\/\/www.patrim.net\/wp-content\/uploads\/2022\/02\/FEDER-Patrim-230x20.png 230w, https:\/\/www.patrim.net\/wp-content\/uploads\/2022\/02\/FEDER-Patrim-350x30.png 350w, https:\/\/www.patrim.net\/wp-content\/uploads\/2022\/02\/FEDER-Patrim-480x41.png 480w, https:\/\/www.patrim.net\/wp-content\/uploads\/2022\/02\/FEDER-Patrim.png 1550w\" sizes=\"(max-width: 700px) 100vw, 700px\" \/><\/div><\/div><\/div><\/div><\/div>","protected":false},"excerpt":{"rendered":"<p>En el marc del projecte de cooperaci\u00f3 transfronterera Patrim+, la Xarxa Pirinenca de Museus, Ecomuseus i Centres d\u2019Interpretaci\u00f3 vol premiar una selecci\u00f3 de productes locals de comarques i departaments de l\u2019\u00e0mbit d\u2019actuaci\u00f3 que es distingeixin per la seva qualitat, autenticitat i responsabilitat amb la sostenibilitat cultural i ambiental, com a aparadors d\u2019un llegat i oportunitat de desenvolupament local. En col\u00b7laboraci\u00f3 amb agents i entitats territorials responsables en la mat\u00e8ria, s\u2019iniciaran activitats que n\u2019afavoreixin la comercialitzaci\u00f3 i la promoci\u00f3 considerant diverses possibilitats, les quals detallem tot seguit. Productes agroalimentaris _ Preferentment amb el reconeixement vigent d\u2019una denominaci\u00f3 oficial de qualitat (DOP, IGP, marques regionals, etc.), que garanteixi una producci\u00f3 i una comercialitzaci\u00f3 estables durant el per\u00edode. Artesanies locals _ Preferentment amb la utilitzaci\u00f3 de mat\u00e8ries primeres i processos d\u2019elaboraci\u00f3 del territori del projecte Patrim+ i, si escau, inscrits a registres oficials d\u2019artesans. Creaci\u00f3 art\u00edstica _ Diferents disciplines (escultura, pintura, gravat, arquitectura, etc.) que desenvolupin la seva producci\u00f3 i activitat dins l\u2019\u00e0mbit territorial del projecte. Activitats tur\u00edstiques _ Serveis i activitats tur\u00edstiques que puguin proposar-se per ra\u00f3 de la seva excepcionalitat, originalitat i relaci\u00f3 amb el patrimoni, la innovaci\u00f3 i la valoritzaci\u00f3 sostenible dels recursos locals (Acci\u00f3 4 Patrim+: accessibilitat, ecoefici\u00e8ncia, promoci\u00f3 i animaci\u00f3), i preferentment inscrits als registres oficials corresponents al desenvolupament de la seva activitat dins de l\u2019\u00e0mbit territorial del projecte. Altres prestataris _ Segons el parer del grup promotor i a proposta de qualsevol soci, hi ha la possibilitat de donar suport a la figura d\u2019establiments associats.<\/p>\n","protected":false},"author":1,"featured_media":0,"parent":4636,"menu_order":0,"comment_status":"closed","ping_status":"closed","template":"page-templates\/page_front-page.php","meta":{"site-sidebar-layout":"default","site-content-layout":"","ast-site-content-layout":"default","site-content-style":"default","site-sidebar-style":"default","ast-global-header-display":"","ast-banner-title-visibility":"","ast-main-header-display":"","ast-hfb-above-header-display":"","ast-hfb-below-header-display":"","ast-hfb-mobile-header-display":"","site-post-title":"","ast-breadcrumbs-content":"","ast-featured-img":"","footer-sml-layout":"","theme-transparent-header-meta":"","adv-header-id-meta":"","stick-header-meta":"","header-above-stick-meta":"","header-main-stick-meta":"","header-below-stick-meta":"","astra-migrate-meta-layouts":"default","ast-page-background-enabled":"default","ast-page-background-meta":{"desktop":{"background-color":"var(--ast-global-color-5)","background-image":"","background-repeat":"repeat","background-position":"center center","background-size":"auto","background-attachment":"scroll","background-type":"","background-media":"","overlay-type":"","overlay-color":"","overlay-opacity":"","overlay-gradient":""},"tablet":{"background-color":"","background-image":"","background-repeat":"repeat","background-position":"center center","background-size":"auto","background-attachment":"scroll","background-type":"","background-media":"","overlay-type":"","overlay-color":"","overlay-opacity":"","overlay-gradient":""},"mobile":{"background-color":"","background-image":"","background-repeat":"repeat","background-position":"center center","background-size":"auto","background-attachment":"scroll","background-type":"","background-media":"","overlay-type":"","overlay-color":"","overlay-opacity":"","overlay-gradient":""}},"ast-content-background-meta":{"desktop":{"background-color":"var(--ast-global-color-4)","background-image":"","background-repeat":"repeat","background-position":"center center","background-size":"auto","background-attachment":"scroll","background-type":"","background-media":"","overlay-type":"","overlay-color":"","overlay-opacity":"","overlay-gradient":""},"tablet":{"background-color":"var(--ast-global-color-4)","background-image":"","background-repeat":"repeat","background-position":"center center","background-size":"auto","background-attachment":"scroll","background-type":"","background-media":"","overlay-type":"","overlay-color":"","overlay-opacity":"","overlay-gradient":""},"mobile":{"background-color":"var(--ast-global-color-4)","background-image":"","background-repeat":"repeat","background-position":"center center","background-size":"auto","background-attachment":"scroll","background-type":"","background-media":"","overlay-type":"","overlay-color":"","overlay-opacity":"","overlay-gradient":""}},"footnotes":""},"class_list":["post-4683","page","type-page","status-publish","hentry"],"_links":{"self":[{"href":"https:\/\/www.patrim.net\/ca\/wp-json\/wp\/v2\/pages\/4683","targetHints":{"allow":["GET"]}}],"collection":[{"href":"https:\/\/www.patrim.net\/ca\/wp-json\/wp\/v2\/pages"}],"about":[{"href":"https:\/\/www.patrim.net\/ca\/wp-json\/wp\/v2\/types\/page"}],"author":[{"embeddable":true,"href":"https:\/\/www.patrim.net\/ca\/wp-json\/wp\/v2\/users\/1"}],"replies":[{"embeddable":true,"href":"https:\/\/www.patrim.net\/ca\/wp-json\/wp\/v2\/comments?post=4683"}],"version-history":[{"count":22,"href":"https:\/\/www.patrim.net\/ca\/wp-json\/wp\/v2\/pages\/4683\/revisions"}],"predecessor-version":[{"id":4794,"href":"https:\/\/www.patrim.net\/ca\/wp-json\/wp\/v2\/pages\/4683\/revisions\/4794"}],"up":[{"embeddable":true,"href":"https:\/\/www.patrim.net\/ca\/wp-json\/wp\/v2\/pages\/4636"}],"wp:attachment":[{"href":"https:\/\/www.patrim.net\/ca\/wp-json\/wp\/v2\/media?parent=4683"}],"curies":[{"name":"wp","href":"https:\/\/api.w.org\/{rel}","templated":true}]}}