{"id":2597,"date":"2015-08-17T21:03:43","date_gmt":"2015-08-17T20:03:43","guid":{"rendered":"http:\/\/www.patrim.net\/le-reseau\/?lang=ca"},"modified":"2022-03-13T11:56:12","modified_gmt":"2022-03-13T10:56:12","slug":"la-xarxa","status":"publish","type":"page","link":"https:\/\/www.patrim.net\/ca\/patrim\/la-xarxa\/","title":{"rendered":"La xarxa"},"content":{"rendered":"<div id=\"pl-2597\"  class=\"panel-layout\" ><div id=\"pg-2597-0\"  class=\"panel-grid panel-has-style\" ><div class=\"panel-row-style panel-row-style-for-2597-0\" ><div id=\"pgc-2597-0-0\"  class=\"panel-grid-cell\" ><div id=\"panel-2597-0-0-0\" class=\"so-panel widget widget_sow-editor panel-first-child\" data-index=\"0\" ><div\n\t\t\t\n\t\t\tclass=\"so-widget-sow-editor so-widget-sow-editor-base\"\n\t\t\t\n\t\t>\n<div class=\"siteorigin-widget-tinymce textwidget\">\n\t<p><span style=\"vertical-align: inherit;\"><span style=\"vertical-align: inherit;\">Els Pirineus mai no han representat una frontera tancada herm\u00e8ticament, sin\u00f3 que han constitu\u00eft des de fa temps un ampli territori d'intercanvis culturals, socials i econ\u00f2mics. <\/span><\/span><span style=\"vertical-align: inherit;\"><span style=\"vertical-align: inherit;\">La <\/span><\/span><a href=\"http:\/\/www.ctp.org\/\"><span style=\"vertical-align: inherit;\"><span style=\"vertical-align: inherit;\">Comunitat de Treball dels Pirineus<\/span><\/span><\/a><span style=\"vertical-align: inherit;\"><span style=\"vertical-align: inherit;\"> s'esfor\u00e7a per renovar i consolidar aquests vincles centenaris, i amb el mateix esperit, a banda i banda de la frontera, hi ha diversos llocs que treballen sobre temes semblants: cal compartir la recerca i l\u2019experi\u00e8ncia.<\/span><\/span><\/p>\n<p>L'any 2008 es va crear la primera xarxa transfronterera de museus, ecomuseus i centres d'interpretaci\u00f3 del patrimoni, fundada per vuit socis ubicats a Midi-Pyr\u00e9n\u00e9es, Arag\u00f3 i Catalunya. A poc a poc s' hi han anat incorporant nous espais i ara tothom col\u00b7labora per organitzar exposicions, actes culturals i festius, publicacions, intercanvis, etc.<\/p>\n<p><a href=\"http:\/\/www.patrim.net\/les-centres\/\"><span style=\"vertical-align: inherit;\"><span style=\"vertical-align: inherit;\">Descobriu els centres de la xarxa PATRIM: cliqueu aqu\u00ed<\/span><\/span><\/a><\/p>\n<p>Avui som conscients i estem satisfets del que hem apr\u00e8s i obtingut treballant en xarxa a trav\u00e9s de fronteres. Orgullosos dels aven\u00e7os ja realitzats, tamb\u00e9 estem conven\u00e7uts que hem de continuar els nostres esfor\u00e7os per promoure el patrimoni pirinenc i la cooperaci\u00f3 transfronterera.<\/p>\n<p>A trav\u00e9s de les nostres accions volem fer descobrir els nostres Pirineus, una serra, dos vessants, un patrimoni compartit. Els centres de la xarxa PATRIM us propicien una aproximaci\u00f3 \u00edntima per viure el Pirineu des de dins i us ofereixen les claus \u2013culturals, hist\u00f2riques, geogr\u00e0fiques\u2013 dels nostres territoris. Deixeu-vos explicar les petites hist\u00f2ries que han donat forma als Pirineus, reunides per les dones i els homes que hi viuen. Gaudiu del passeig per les nostres valls...<\/p>\n<p>&nbsp;<\/p>\n<p>&nbsp;<\/p>\n<\/div>\n<\/div><\/div><div id=\"panel-2597-0-0-1\" class=\"so-panel widget panel-last-child\" data-index=\"1\" ><\/div><\/div><\/div><\/div><\/div>","protected":false},"excerpt":{"rendered":"<p>Els Pirineus mai no han representat una frontera tancada herm\u00e8ticament, sin\u00f3 que han constitu\u00eft des de fa temps un ampli territori d&#8217;intercanvis culturals, socials i econ\u00f2mics. La Comunitat de Treball dels Pirineus s&#8217;esfor\u00e7a per renovar i consolidar aquests vincles centenaris, i amb el mateix esperit, a banda i banda de la frontera, hi ha diversos llocs que treballen sobre temes semblants: cal compartir la recerca i l\u2019experi\u00e8ncia. L&#8217;any 2008 es va crear la primera xarxa transfronterera de museus, ecomuseus i centres d&#8217;interpretaci\u00f3 del patrimoni, fundada per vuit socis ubicats a Midi-Pyr\u00e9n\u00e9es, Arag\u00f3 i Catalunya. A poc a poc s&#8217; hi han anat incorporant nous espais i ara tothom col\u00b7labora per organitzar exposicions, actes culturals i festius, publicacions, intercanvis, etc. Descobriu els centres de la xarxa PATRIM: cliqueu aqu\u00ed Avui som conscients i estem satisfets del que hem apr\u00e8s i obtingut treballant en xarxa a trav\u00e9s de fronteres. Orgullosos dels aven\u00e7os ja realitzats, tamb\u00e9 estem conven\u00e7uts que hem de continuar els nostres esfor\u00e7os per promoure el patrimoni pirinenc i la cooperaci\u00f3 transfronterera. A trav\u00e9s de les nostres accions volem fer descobrir els nostres Pirineus, una serra, dos vessants, un patrimoni compartit. Els centres de la xarxa PATRIM us propicien una aproximaci\u00f3 \u00edntima per viure el Pirineu des de dins i us ofereixen les claus \u2013culturals, hist\u00f2riques, geogr\u00e0fiques\u2013 dels nostres territoris. Deixeu-vos explicar les petites hist\u00f2ries que han donat forma als Pirineus, reunides per les dones i els homes que hi viuen. Gaudiu del passeig per les nostres valls&#8230; &nbsp; &nbsp;<\/p>\n","protected":false},"author":1,"featured_media":0,"parent":1789,"menu_order":0,"comment_status":"closed","ping_status":"closed","template":"page-templates\/page_fullwidth.php","meta":{"site-sidebar-layout":"default","site-content-layout":"","ast-site-content-layout":"default","site-content-style":"default","site-sidebar-style":"default","ast-global-header-display":"","ast-banner-title-visibility":"","ast-main-header-display":"","ast-hfb-above-header-display":"","ast-hfb-below-header-display":"","ast-hfb-mobile-header-display":"","site-post-title":"","ast-breadcrumbs-content":"","ast-featured-img":"","footer-sml-layout":"","theme-transparent-header-meta":"","adv-header-id-meta":"","stick-header-meta":"","header-above-stick-meta":"","header-main-stick-meta":"","header-below-stick-meta":"","astra-migrate-meta-layouts":"default","ast-page-background-enabled":"default","ast-page-background-meta":{"desktop":{"background-color":"var(--ast-global-color-5)","background-image":"","background-repeat":"repeat","background-position":"center center","background-size":"auto","background-attachment":"scroll","background-type":"","background-media":"","overlay-type":"","overlay-color":"","overlay-opacity":"","overlay-gradient":""},"tablet":{"background-color":"","background-image":"","background-repeat":"repeat","background-position":"center center","background-size":"auto","background-attachment":"scroll","background-type":"","background-media":"","overlay-type":"","overlay-color":"","overlay-opacity":"","overlay-gradient":""},"mobile":{"background-color":"","background-image":"","background-repeat":"repeat","background-position":"center center","background-size":"auto","background-attachment":"scroll","background-type":"","background-media":"","overlay-type":"","overlay-color":"","overlay-opacity":"","overlay-gradient":""}},"ast-content-background-meta":{"desktop":{"background-color":"var(--ast-global-color-4)","background-image":"","background-repeat":"repeat","background-position":"center center","background-size":"auto","background-attachment":"scroll","background-type":"","background-media":"","overlay-type":"","overlay-color":"","overlay-opacity":"","overlay-gradient":""},"tablet":{"background-color":"var(--ast-global-color-4)","background-image":"","background-repeat":"repeat","background-position":"center center","background-size":"auto","background-attachment":"scroll","background-type":"","background-media":"","overlay-type":"","overlay-color":"","overlay-opacity":"","overlay-gradient":""},"mobile":{"background-color":"var(--ast-global-color-4)","background-image":"","background-repeat":"repeat","background-position":"center center","background-size":"auto","background-attachment":"scroll","background-type":"","background-media":"","overlay-type":"","overlay-color":"","overlay-opacity":"","overlay-gradient":""}},"footnotes":""},"class_list":["post-2597","page","type-page","status-publish","hentry"],"_links":{"self":[{"href":"https:\/\/www.patrim.net\/ca\/wp-json\/wp\/v2\/pages\/2597","targetHints":{"allow":["GET"]}}],"collection":[{"href":"https:\/\/www.patrim.net\/ca\/wp-json\/wp\/v2\/pages"}],"about":[{"href":"https:\/\/www.patrim.net\/ca\/wp-json\/wp\/v2\/types\/page"}],"author":[{"embeddable":true,"href":"https:\/\/www.patrim.net\/ca\/wp-json\/wp\/v2\/users\/1"}],"replies":[{"embeddable":true,"href":"https:\/\/www.patrim.net\/ca\/wp-json\/wp\/v2\/comments?post=2597"}],"version-history":[{"count":22,"href":"https:\/\/www.patrim.net\/ca\/wp-json\/wp\/v2\/pages\/2597\/revisions"}],"predecessor-version":[{"id":5489,"href":"https:\/\/www.patrim.net\/ca\/wp-json\/wp\/v2\/pages\/2597\/revisions\/5489"}],"up":[{"embeddable":true,"href":"https:\/\/www.patrim.net\/ca\/wp-json\/wp\/v2\/pages\/1789"}],"wp:attachment":[{"href":"https:\/\/www.patrim.net\/ca\/wp-json\/wp\/v2\/media?parent=2597"}],"curies":[{"name":"wp","href":"https:\/\/api.w.org\/{rel}","templated":true}]}}