{"id":2490,"date":"2019-08-26T11:39:12","date_gmt":"2019-08-26T10:39:12","guid":{"rendered":"http:\/\/www.patrim.net\/accueil-2\/?lang=ca"},"modified":"2022-02-15T16:35:11","modified_gmt":"2022-02-15T15:35:11","slug":"inici","status":"publish","type":"page","link":"https:\/\/www.patrim.net\/ca\/inici\/","title":{"rendered":"Inici"},"content":{"rendered":"<div id=\"pl-2490\"  class=\"panel-layout\" ><div id=\"pg-2490-0\"  class=\"panel-grid panel-no-style\" ><div id=\"pgc-2490-0-0\"  class=\"panel-grid-cell\" ><div id=\"panel-2490-0-0-0\" class=\"so-panel widget widget_sow-editor panel-first-child panel-last-child\" data-index=\"0\" ><div\n\t\t\t\n\t\t\tclass=\"so-widget-sow-editor so-widget-sow-editor-base\"\n\t\t\t\n\t\t>\n<div class=\"siteorigin-widget-tinymce textwidget\">\n\t<h3>Benvinguts als llocs de la xarxa PATRIM!<\/h3>\n<p class=\"p1\"><span class=\"s1\"><b>Xarxa transfronterera de museus, ecomuseus i centre d'interpretaci\u00f3 del patrimoni dels Pirineus<\/b><\/span><\/p>\n<blockquote>\n<p class=\"p1\"><span class=\"s1\">Entrades secretes a les valls pirinenques<\/span><\/p>\n<p class=\"p2\"><span class=\"s1\">Les petites hist\u00f2ries que han donat forma als Pirineus, explicades per les dones i els homes que hi viuen<\/span><\/p>\n<p class=\"p2\"><span class=\"s1\">Una manera \u00edntima d'acostar-se, per viure els Pirineus des de dins<\/span><\/p>\n<p class=\"p2\"><span class=\"s1\">Una mirada particular als Pirineus<\/span><\/p>\n<p class=\"p2\"><span class=\"s1\">Una benvinguda personalitzada, una aproximaci\u00f3 f\u00e0cil , c\u00e0lid, una descoberta suau, acompanyat, divertit<\/span><\/p>\n<p class=\"p2\"><span class=\"s1\">La xarxa PATRIM us ofereix les claus del millor dels Pirineus...<\/span><\/p>\n<\/blockquote>\n<\/div>\n<\/div><\/div><\/div><\/div><div id=\"pg-2490-1\"  class=\"panel-grid panel-has-style\" ><div class=\"panel-row-style panel-row-style-for-2490-1\" ><div id=\"pgc-2490-1-0\"  class=\"panel-grid-cell\" ><div id=\"panel-2490-1-0-0\" class=\"so-panel widget panel-first-child panel-last-child\" data-index=\"1\" ><\/div><\/div><\/div><\/div><\/div>","protected":false},"excerpt":{"rendered":"<p>Benvinguts als llocs de la xarxa PATRIM! Xarxa transfronterera de museus, ecomuseus i centre d&#8217;interpretaci\u00f3 del patrimoni dels Pirineus Entrades secretes a les valls pirinenques Les petites hist\u00f2ries que han donat forma als Pirineus, explicades per les dones i els homes que hi viuen Una manera \u00edntima d&#8217;acostar-se, per viure els Pirineus des de dins Una mirada particular als Pirineus Una benvinguda personalitzada, una aproximaci\u00f3 f\u00e0cil , c\u00e0lid, una descoberta suau, acompanyat, divertit La xarxa PATRIM us ofereix les claus del millor dels Pirineus&#8230;<\/p>\n","protected":false},"author":1,"featured_media":0,"parent":0,"menu_order":0,"comment_status":"closed","ping_status":"closed","template":"page-templates\/page_front-page.php","meta":{"site-sidebar-layout":"default","site-content-layout":"","ast-site-content-layout":"default","site-content-style":"default","site-sidebar-style":"default","ast-global-header-display":"","ast-banner-title-visibility":"","ast-main-header-display":"","ast-hfb-above-header-display":"","ast-hfb-below-header-display":"","ast-hfb-mobile-header-display":"","site-post-title":"","ast-breadcrumbs-content":"","ast-featured-img":"","footer-sml-layout":"","theme-transparent-header-meta":"","adv-header-id-meta":"","stick-header-meta":"","header-above-stick-meta":"","header-main-stick-meta":"","header-below-stick-meta":"","astra-migrate-meta-layouts":"default","ast-page-background-enabled":"default","ast-page-background-meta":{"desktop":{"background-color":"var(--ast-global-color-5)","background-image":"","background-repeat":"repeat","background-position":"center center","background-size":"auto","background-attachment":"scroll","background-type":"","background-media":"","overlay-type":"","overlay-color":"","overlay-opacity":"","overlay-gradient":""},"tablet":{"background-color":"","background-image":"","background-repeat":"repeat","background-position":"center center","background-size":"auto","background-attachment":"scroll","background-type":"","background-media":"","overlay-type":"","overlay-color":"","overlay-opacity":"","overlay-gradient":""},"mobile":{"background-color":"","background-image":"","background-repeat":"repeat","background-position":"center center","background-size":"auto","background-attachment":"scroll","background-type":"","background-media":"","overlay-type":"","overlay-color":"","overlay-opacity":"","overlay-gradient":""}},"ast-content-background-meta":{"desktop":{"background-color":"var(--ast-global-color-4)","background-image":"","background-repeat":"repeat","background-position":"center center","background-size":"auto","background-attachment":"scroll","background-type":"","background-media":"","overlay-type":"","overlay-color":"","overlay-opacity":"","overlay-gradient":""},"tablet":{"background-color":"var(--ast-global-color-4)","background-image":"","background-repeat":"repeat","background-position":"center center","background-size":"auto","background-attachment":"scroll","background-type":"","background-media":"","overlay-type":"","overlay-color":"","overlay-opacity":"","overlay-gradient":""},"mobile":{"background-color":"var(--ast-global-color-4)","background-image":"","background-repeat":"repeat","background-position":"center center","background-size":"auto","background-attachment":"scroll","background-type":"","background-media":"","overlay-type":"","overlay-color":"","overlay-opacity":"","overlay-gradient":""}},"footnotes":""},"class_list":["post-2490","page","type-page","status-publish","hentry"],"_links":{"self":[{"href":"https:\/\/www.patrim.net\/ca\/wp-json\/wp\/v2\/pages\/2490","targetHints":{"allow":["GET"]}}],"collection":[{"href":"https:\/\/www.patrim.net\/ca\/wp-json\/wp\/v2\/pages"}],"about":[{"href":"https:\/\/www.patrim.net\/ca\/wp-json\/wp\/v2\/types\/page"}],"author":[{"embeddable":true,"href":"https:\/\/www.patrim.net\/ca\/wp-json\/wp\/v2\/users\/1"}],"replies":[{"embeddable":true,"href":"https:\/\/www.patrim.net\/ca\/wp-json\/wp\/v2\/comments?post=2490"}],"version-history":[{"count":32,"href":"https:\/\/www.patrim.net\/ca\/wp-json\/wp\/v2\/pages\/2490\/revisions"}],"predecessor-version":[{"id":4936,"href":"https:\/\/www.patrim.net\/ca\/wp-json\/wp\/v2\/pages\/2490\/revisions\/4936"}],"wp:attachment":[{"href":"https:\/\/www.patrim.net\/ca\/wp-json\/wp\/v2\/media?parent=2490"}],"curies":[{"name":"wp","href":"https:\/\/api.w.org\/{rel}","templated":true}]}}