{"id":1789,"date":"2019-02-22T17:06:07","date_gmt":"2019-02-22T16:06:07","guid":{"rendered":"http:\/\/www.patrim.net\/ca\/?page_id=1789"},"modified":"2022-02-15T17:32:23","modified_gmt":"2022-02-15T16:32:23","slug":"patrim","status":"publish","type":"page","link":"https:\/\/www.patrim.net\/ca\/patrim\/","title":{"rendered":"PATRIM+"},"content":{"rendered":"<figure class=\"wp-block-image\">PATRIM \u00e9s una xarxa transfronterera de museus, ecomuseus i centres d\u2019interpretaci\u00f3 del patrimoni dels Pirineus.\u00a0<strong>L\u2019objectiu de la xarxa \u00e9s potenciar el patrimoni cultural i natural dels Pirineus<\/strong> a banda i banda de la frontera mitjan\u00e7ant visions compartides de desenvolupament sostenible.\u00a0La xarxa inclou socis ubicats en zones rurals i de muntanya de l\u2019Arieja, l\u2019Alt Garona, els Alts Pirineus, el Pa\u00eds Basc espanyol, l\u2019Arag\u00f3 i Catalunya.<\/figure>\r\n<p>&nbsp;<\/p>\r\n<p><!-- \/wp:post-content -->\r\n\r\n<!-- wp:paragraph \/-->\r\n\r\n<!-- wp:image {\"id\":1188} --><\/p>\r\n<figure class=\"wp-block-image\"><img fetchpriority=\"high\" decoding=\"async\" width=\"1024\" height=\"188\" class=\"wp-image-1188\" src=\"http:\/\/www.patrim.net\/wp-content\/uploads\/2017\/09\/Mirabat-38-1024x188.jpg\" alt=\"\" srcset=\"https:\/\/www.patrim.net\/wp-content\/uploads\/2017\/09\/Mirabat-38-1024x188.jpg 1024w, https:\/\/www.patrim.net\/wp-content\/uploads\/2017\/09\/Mirabat-38-600x110.jpg 600w, https:\/\/www.patrim.net\/wp-content\/uploads\/2017\/09\/Mirabat-38-300x55.jpg 300w, https:\/\/www.patrim.net\/wp-content\/uploads\/2017\/09\/Mirabat-38-768x141.jpg 768w, https:\/\/www.patrim.net\/wp-content\/uploads\/2017\/09\/Mirabat-38-830x152.jpg 830w, https:\/\/www.patrim.net\/wp-content\/uploads\/2017\/09\/Mirabat-38-230x42.jpg 230w, https:\/\/www.patrim.net\/wp-content\/uploads\/2017\/09\/Mirabat-38-350x64.jpg 350w, https:\/\/www.patrim.net\/wp-content\/uploads\/2017\/09\/Mirabat-38-480x88.jpg 480w, https:\/\/www.patrim.net\/wp-content\/uploads\/2017\/09\/Mirabat-38.jpg 1211w\" sizes=\"(max-width: 1024px) 100vw, 1024px\" \/><\/figure>\r\n<p><!-- \/wp:image -->\r\n\r\n<!-- wp:paragraph --><\/p>\r\n<p>&nbsp;<\/p>\r\n<p>Els Pirineus mai han representat una frontera tancada herm\u00e8ticament, sin\u00f3 que han constitu\u00eft des de fa temps un ampli territori d\u2019intercanvis culturals, socials i econ\u00f2mics. Els habitants compartien fins fa poc h\u00e0bits de trobada, de di\u00e0leg, de compartici\u00f3 de l\u2019espai de muntanya, de comer\u00e7, de celebracions comunes (romeries, festes, etc.) Des del segle passat, l\u2019evoluci\u00f3 dels mitjans de circulaci\u00f3, entre altres coses, va modificar aquest estat d&#8217;assumptes. Tanmateix, a banda i banda de la frontera hi ha diversos espais culturals que treballen sobre temes similars: cal compartir la seva recerca i la seva experi\u00e8ncia. La xarxa PATRIM pret\u00e9n estudiar i potenciar els Pirineus com a entitat cultural: una serra, dos vessants, un patrimoni com\u00fa. Des de l&#8217;any 2008 s&#8217;han posat en marxa diverses accions per oferir als seus habitants i visitants una aproximaci\u00f3 precisa al patrimoni i la vitalitat creativa dels Pirineus.<\/p>\r\n<p><!-- \/wp:paragraph -->\r\n\r\n<!-- wp:paragraph --><\/p>\r\n<p class=\"p1\"><span class=\"s1\"><b>El febrer de 2018, la xarxa va rebre l\u2019aprovaci\u00f3 del\u00a0<\/b><a href=\"https:\/\/www.poctefa.eu\/\"><span class=\"s2\"><b>Programa Operatiu de Cooperaci\u00f3 Territorial Espanya-Fran\u00e7a-Andorra (Interreg \u2013 FEDER)<\/b><\/span><\/a><b>\u00a0per al projecte PATRIM+.<\/b><\/span><\/p>\r\n<p><!-- \/wp:paragraph -->\r\n\r\n<!-- wp:paragraph \/-->\r\n\r\n<!-- wp:heading {\"level\":4} --><\/p>\r\n<h4 class=\"p1\"><span class=\"s1\">Objectius de PATRIM+:<\/span><\/h4>\r\n<p><!-- \/wp:heading -->\r\n\r\n<!-- wp:list --><\/p>\r\n<ul>\r\n<li class=\"li1\"><span class=\"s1\">La creaci\u00f3 de l\u2019Institut Virtual del Patrimoni Pirinenc, que inclour\u00e0 l\u2019Observatori PATRIM (recollida de dades i promoci\u00f3 de la recerca de les Universitats cap\/amb els Centres; primers temes de recerca: mites i univers simb\u00f2lic dels Pirineus, el lloc de la dona en la hist\u00f2ria pirinenca). , arqueologia prehist\u00f2rica, ruralitat, modernitat i contemporane\u00eftat, etc.), un centre de recursos en l\u00ednia (aplicaci\u00f3 per compartir coneixements sobre el patrimoni pirinenc), i l\u2019organitzaci\u00f3 de la difusi\u00f3 del coneixement a trav\u00e9s d\u2019exposicions, publicacions, tallers i formaci\u00f3.<\/span><\/li>\r\n<li class=\"li2\"><span class=\"s2\">La definici\u00f3 i implantaci\u00f3 d\u2019estrat\u00e8gies participatives comunes per a la innovaci\u00f3 i el desenvolupament sostenible, dedicades a la millora de l\u2019accessibilitat dels visitants als centres, a la inclusi\u00f3 cognitiva i social (treballar la discapacitat, al p\u00fablic allunyat de la cultura), per\u00f2 tamb\u00e9 a l\u2019ecoefici\u00e8ncia dels equipaments. , i finalment al m\u00e0rqueting per tal d\u2019augmentar la visibilitat dels llocs a escala pirinenca i la seva assist\u00e8ncia.<\/span><\/li>\r\n<\/ul>\r\n<p><!-- \/wp:list --><\/p>","protected":false},"excerpt":{"rendered":"<p>PATRIM \u00e9s una xarxa transfronterera de museus, ecomuseus i centres d\u2019interpretaci\u00f3 del patrimoni dels Pirineus.\u00a0L\u2019objectiu de la xarxa \u00e9s potenciar el patrimoni cultural i natural dels Pirineus a banda i banda de la frontera mitjan\u00e7ant visions compartides de desenvolupament sostenible.\u00a0La xarxa inclou socis ubicats en zones rurals i de muntanya de l\u2019Arieja, l\u2019Alt Garona, els Alts Pirineus, el Pa\u00eds Basc espanyol, l\u2019Arag\u00f3 i Catalunya. &nbsp; &nbsp; Els Pirineus mai han representat una frontera tancada herm\u00e8ticament, sin\u00f3 que han constitu\u00eft des de fa temps un ampli territori d\u2019intercanvis culturals, socials i econ\u00f2mics. Els habitants compartien fins fa poc h\u00e0bits de trobada, de di\u00e0leg, de compartici\u00f3 de l\u2019espai de muntanya, de comer\u00e7, de celebracions comunes (romeries, festes, etc.) Des del segle passat, l\u2019evoluci\u00f3 dels mitjans de circulaci\u00f3, entre altres coses, va modificar aquest estat d&#8217;assumptes. Tanmateix, a banda i banda de la frontera hi ha diversos espais culturals que treballen sobre temes similars: cal compartir la seva recerca i la seva experi\u00e8ncia. La xarxa PATRIM pret\u00e9n estudiar i potenciar els Pirineus com a entitat cultural: una serra, dos vessants, un patrimoni com\u00fa. Des de l&#8217;any 2008 s&#8217;han posat en marxa diverses accions per oferir als seus habitants i visitants una aproximaci\u00f3 precisa al patrimoni i la vitalitat creativa dels Pirineus. El febrer de 2018, la xarxa va rebre l\u2019aprovaci\u00f3 del\u00a0Programa Operatiu de Cooperaci\u00f3 Territorial Espanya-Fran\u00e7a-Andorra (Interreg \u2013 FEDER)\u00a0per al projecte PATRIM+. Objectius de PATRIM+: La creaci\u00f3 de l\u2019Institut Virtual del Patrimoni Pirinenc, que inclour\u00e0 l\u2019Observatori PATRIM (recollida de dades i promoci\u00f3 de la recerca de les Universitats cap\/amb els Centres; primers temes de recerca: mites i univers simb\u00f2lic dels Pirineus, el lloc de la dona en la hist\u00f2ria pirinenca). , arqueologia prehist\u00f2rica, ruralitat, modernitat i contemporane\u00eftat, etc.), un centre de recursos en l\u00ednia (aplicaci\u00f3 per compartir coneixements sobre el patrimoni pirinenc), i l\u2019organitzaci\u00f3 de la difusi\u00f3 del coneixement a trav\u00e9s d\u2019exposicions, publicacions, tallers i formaci\u00f3. La definici\u00f3 i implantaci\u00f3 d\u2019estrat\u00e8gies participatives comunes per a la innovaci\u00f3 i el desenvolupament sostenible, dedicades a la millora de l\u2019accessibilitat dels visitants als centres, a la inclusi\u00f3 cognitiva i social (treballar la discapacitat, al p\u00fablic allunyat de la cultura), per\u00f2 tamb\u00e9 a l\u2019ecoefici\u00e8ncia dels equipaments. , i finalment al m\u00e0rqueting per tal d\u2019augmentar la visibilitat dels llocs a escala pirinenca i la seva assist\u00e8ncia.<\/p>\n","protected":false},"author":1,"featured_media":0,"parent":0,"menu_order":0,"comment_status":"closed","ping_status":"closed","template":"","meta":{"site-sidebar-layout":"default","site-content-layout":"","ast-site-content-layout":"default","site-content-style":"default","site-sidebar-style":"default","ast-global-header-display":"","ast-banner-title-visibility":"","ast-main-header-display":"","ast-hfb-above-header-display":"","ast-hfb-below-header-display":"","ast-hfb-mobile-header-display":"","site-post-title":"","ast-breadcrumbs-content":"","ast-featured-img":"","footer-sml-layout":"","theme-transparent-header-meta":"","adv-header-id-meta":"","stick-header-meta":"","header-above-stick-meta":"","header-main-stick-meta":"","header-below-stick-meta":"","astra-migrate-meta-layouts":"default","ast-page-background-enabled":"default","ast-page-background-meta":{"desktop":{"background-color":"var(--ast-global-color-5)","background-image":"","background-repeat":"repeat","background-position":"center center","background-size":"auto","background-attachment":"scroll","background-type":"","background-media":"","overlay-type":"","overlay-color":"","overlay-opacity":"","overlay-gradient":""},"tablet":{"background-color":"","background-image":"","background-repeat":"repeat","background-position":"center center","background-size":"auto","background-attachment":"scroll","background-type":"","background-media":"","overlay-type":"","overlay-color":"","overlay-opacity":"","overlay-gradient":""},"mobile":{"background-color":"","background-image":"","background-repeat":"repeat","background-position":"center center","background-size":"auto","background-attachment":"scroll","background-type":"","background-media":"","overlay-type":"","overlay-color":"","overlay-opacity":"","overlay-gradient":""}},"ast-content-background-meta":{"desktop":{"background-color":"var(--ast-global-color-4)","background-image":"","background-repeat":"repeat","background-position":"center center","background-size":"auto","background-attachment":"scroll","background-type":"","background-media":"","overlay-type":"","overlay-color":"","overlay-opacity":"","overlay-gradient":""},"tablet":{"background-color":"var(--ast-global-color-4)","background-image":"","background-repeat":"repeat","background-position":"center center","background-size":"auto","background-attachment":"scroll","background-type":"","background-media":"","overlay-type":"","overlay-color":"","overlay-opacity":"","overlay-gradient":""},"mobile":{"background-color":"var(--ast-global-color-4)","background-image":"","background-repeat":"repeat","background-position":"center center","background-size":"auto","background-attachment":"scroll","background-type":"","background-media":"","overlay-type":"","overlay-color":"","overlay-opacity":"","overlay-gradient":""}},"footnotes":""},"class_list":["post-1789","page","type-page","status-publish","hentry"],"_links":{"self":[{"href":"https:\/\/www.patrim.net\/ca\/wp-json\/wp\/v2\/pages\/1789","targetHints":{"allow":["GET"]}}],"collection":[{"href":"https:\/\/www.patrim.net\/ca\/wp-json\/wp\/v2\/pages"}],"about":[{"href":"https:\/\/www.patrim.net\/ca\/wp-json\/wp\/v2\/types\/page"}],"author":[{"embeddable":true,"href":"https:\/\/www.patrim.net\/ca\/wp-json\/wp\/v2\/users\/1"}],"replies":[{"embeddable":true,"href":"https:\/\/www.patrim.net\/ca\/wp-json\/wp\/v2\/comments?post=1789"}],"version-history":[{"count":12,"href":"https:\/\/www.patrim.net\/ca\/wp-json\/wp\/v2\/pages\/1789\/revisions"}],"predecessor-version":[{"id":4964,"href":"https:\/\/www.patrim.net\/ca\/wp-json\/wp\/v2\/pages\/1789\/revisions\/4964"}],"wp:attachment":[{"href":"https:\/\/www.patrim.net\/ca\/wp-json\/wp\/v2\/media?parent=1789"}],"curies":[{"name":"wp","href":"https:\/\/api.w.org\/{rel}","templated":true}]}}