{"id":1551,"date":"2015-08-25T10:23:45","date_gmt":"2015-08-25T09:23:45","guid":{"rendered":"http:\/\/www.patrim.net\/ca\/mentions-legales\/"},"modified":"2022-03-13T12:17:15","modified_gmt":"2022-03-13T11:17:15","slug":"mentions-legales","status":"publish","type":"page","link":"https:\/\/www.patrim.net\/ca\/mentions-legales\/","title":{"rendered":"Av\u00eds Legal"},"content":{"rendered":"<div id=\"pl-1551\"  class=\"panel-layout\" ><div id=\"pg-1551-0\"  class=\"panel-grid panel-no-style\" ><div id=\"pgc-1551-0-0\"  class=\"panel-grid-cell\" ><div id=\"panel-1551-0-0-0\" class=\"so-panel widget widget_sow-editor panel-first-child panel-last-child\" data-index=\"0\" ><div\n\t\t\t\n\t\t\tclass=\"so-widget-sow-editor so-widget-sow-editor-base\"\n\t\t\t\n\t\t>\n<div class=\"siteorigin-widget-tinymce textwidget\">\n\t<div id=\"wrapper\" class=\"container\">\n<div class=\"wrap contentclass\">\n<div id=\"content\" class=\"container\">\n<div class=\"row\">\n<div class=\"main col-md-12\">\n<div class=\"entry-content\">\n<section>\n<h2 data-fontsize=\"40\">Web de la Xarxa PATRIM<\/h2>\n<p data-fontsize=\"14\">Seu central: Comunitat de Communes Couserans-Pyr\u00e9n\u00e9es, 1 rue de l'H\u00f4tel Dieu 09190 SAINT-LIZIER \u2013 culture.patrimoine@couserans-pyrenees.fr \u2013 05.64.37.19.41 \u2013 Director de publicaci\u00f3: Jean-No\u00ebl VIGNEAU \u2013 Editor: Pauline CHABOUSSOU \u2013 allotjament web: OVH, SAS amb un capital de 10.069.020 \u20ac, RCS Lille M\u00e9tropole 424 761 419 00045 \u2013 Codi APE 2620Z \u2013 NIF: FR 22 424 761 419 \u2013 Seu central: 2 rue Kellermann \u2013 Fran\u00e7a \u2013 2 rue Kellermann \u2013 2. Tel: 1007. Creaci\u00f3: WordPress pel Departament de Patrimoni, P\u00f4le Culture.<\/p>\n<h2 data-fontsize=\"40\">El contingut multim\u00e8dia del lloc web <a href=\"https:\/\/www.patrim.net\/\" target=\"_blank\" rel=\"noopener\">www.patrim.net<\/a><\/h2>\n<\/section>\n<p>El contingut multim\u00e8dia del lloc web Patrimoine du Couserans \u00e9s propietat exclusiva de la Comunitat de Communs de Couserans-Pyr\u00e9n\u00e9es i dels seus socis a la xarxa PATRIM. Aix\u00ed, per a qualsevol \u00fas d'aquests continguts, s'ha de donar una autoritzaci\u00f3 expressa a trav\u00e9s del formulari de contacte o per correu postal a l'adre\u00e7a seg\u00fcent:<\/p>\n<p>Comunitat de Communes Couserans-Pyr\u00e9n\u00e9es \u2013 H\u00f4tel-Dieu \u2013 1 rue de l\u2019H\u00f4tel-Dieu \u2013 09190 Saint-Lizier.<\/p>\n<p>La informaci\u00f3, pictogrames, fotografies, imatges, textos, seq\u00fc\u00e8ncies de v\u00eddeos, animacions i altres documents presents en aquest lloc web estan protegits per la Llei de propietat intel\u00b7lectual. En aquests termes, l'article L 122-4 del Codi de la propietat intel\u00b7lectual indica:<\/p>\n<p>\u201cQualsevol representaci\u00f3 o reproducci\u00f3 total o parcial feta sense el consentiment de l'autor o dels seus successors o cessionaris \u00e9s il\u00b7l\u00edcita. El mateix s'aplica a la traducci\u00f3, adaptaci\u00f3 o transformaci\u00f3, ordenaci\u00f3 o reproducci\u00f3 per qualsevol art o proc\u00e9s. \u00bb<\/p>\n<p>Aix\u00ed, qualsevol c\u00f2pia il\u00b7l\u00edcita del lloc pot ser objecte de persecuci\u00f3 en mat\u00e8ria de falsificaci\u00f3 sancionada pels articles L 335-2 i seg\u00fcents del Codi de la propietat intel\u00b7lectual.<\/p>\n<p>La Comunitat de Communes Couserans-Pyr\u00e9n\u00e9es i els seus socis de la xarxa PATRIM s'esforcen per controlar al m\u00e0xim la rellev\u00e0ncia i veracitat del contingut del seu lloc web. No obstant aix\u00f2, declina tota responsabilitat en cas d'error, inexactitud, inaccessibilitat t\u00e8cnica o falsificaci\u00f3 dels continguts. Si, per\u00f2, malgrat els nostres esfor\u00e7os, observeu algun problema, us agrairem que ens ho feu saber mitjan\u00e7ant el formulari de contacte previst a tal efecte.<\/p>\n<h2 data-fontsize=\"40\">Els logotips presents a la web<\/h2>\n<p>Tots els logotips (m\u00e9s comunament anomenats logos) presents al lloc web www.patrim.net estan protegits per la Llei de propietat intel\u00b7lectual.<\/p>\n<p>Els logotips de PATRIM i de la Comunitat de Communes Couserans-Pyr\u00e9n\u00e9es s\u00f3n propietat de la Comunitat de Comunes Couserans-Pyr\u00e9n\u00e9es, els logotips dels socis de la xarxa PATRIM s\u00f3n propietat dels socis de la xarxa PATRIM. Aix\u00ed, queda prohibida qualsevol reproducci\u00f3 o modificaci\u00f3 (total o parcial) d'aquests elements gr\u00e0fics sense autoritzaci\u00f3 pr\u00e8via per escrit. Per a qualsevol informaci\u00f3, podeu contactar amb nosaltres a trav\u00e9s del formulari de contacte o per correu postal a la seg\u00fcent adre\u00e7a:<\/p>\n<p>Comunitat de Communes Couserans-Pyr\u00e9n\u00e9es \u2013 H\u00f4tel-Dieu \u2013 1 rue de l\u2019H\u00f4tel-Dieu \u2013 09190 Saint-Lizier.<\/p>\n<h2 data-fontsize=\"40\">Enlla\u00e7os al web www.patrim.net<\/h2>\n<p>La Comunitat de Communes Couserans-Pyr\u00e9n\u00e9es i els seus socis a la xarxa PATRIM autoritzen qualsevol lloc web o qualsevol mitj\u00e0 a establir un enlla\u00e7 d'hipertext al seu contingut, a excepci\u00f3 dels que difonguin continguts de car\u00e0cter pol\u00e8mic, pornogr\u00e0fic, xen\u00f2fob o contrari a la dec\u00e8ncia o a la bona moral.<\/p>\n<p>Tanmateix, s'ha de respectar tota la p\u00e0gina enlla\u00e7ada i no s'ha de realitzar cap imbricaci\u00f3 en un altre lloc. De la mateixa manera, l'enlla\u00e7 ha d'indicar clarament la naturalesa del contingut, aix\u00ed com l'adre\u00e7a exacta de la p\u00e0gina.<\/p>\n<p>Queda prohibit qualsevol \u00fas d'enlla\u00e7os al lloc www.patrim.net amb finalitats comercials i publicit\u00e0ries.<\/p>\n<h2 data-fontsize=\"40\">Declaraci\u00f3 de la CNIL (Commission Nationale Informatique et Libert\u00e9s)<\/h2>\n<p>La informaci\u00f3 recollida a trav\u00e9s d'aquest lloc web est\u00e0 destinada exclusivament a la Comunitat de Communes Couserans-Pyr\u00e9n\u00e9es i als seus socis de la xarxa PATRIM. D'acord amb el que disposa la Llei n\u00fam. 78-17 de 6 de gener de 1978 modificada relativa al tractament de dades, fitxers i llibertats, disposa d'un dret d'acc\u00e9s, rectificaci\u00f3, modificaci\u00f3 i supressi\u00f3 de les dades que li concerneixen.<\/p>\n<p>Es pot exercir aquest dret enviant un correu electr\u00f2nic a trav\u00e9s del formulari de contacte o per correu postal a l'adre\u00e7a seg\u00fcent, indicant si \u00e9s possible el context en qu\u00e8 s'ha dut a terme aquesta recollida de dades personals per tal que puguem trobar m\u00e9s f\u00e0cilment la informaci\u00f3 necess\u00e0ria.<\/p>\n<p>Comunitat de Communes Couserans-Pyr\u00e9n\u00e9es \u2013 H\u00f4tel-Dieu \u2013 1 rue de l\u2019H\u00f4tel-Dieu \u2013 09190 Saint-Lizier.<\/p>\n<\/div>\n<\/div>\n<\/div>\n<\/div>\n<\/div>\n<\/div>\n<\/div>\n<\/div><\/div><\/div><\/div><\/div>","protected":false},"excerpt":{"rendered":"<p>Web de la Xarxa PATRIM Seu central: Comunitat de Communes Couserans-Pyr\u00e9n\u00e9es, 1 rue de l&#8217;H\u00f4tel Dieu 09190 SAINT-LIZIER \u2013 culture.patrimoine@couserans-pyrenees.fr \u2013 05.64.37.19.41 \u2013 Director de publicaci\u00f3: Jean-No\u00ebl VIGNEAU \u2013 Editor: Pauline CHABOUSSOU \u2013 allotjament web: OVH, SAS amb un capital de 10.069.020 \u20ac, RCS Lille M\u00e9tropole 424 761 419 00045 \u2013 Codi APE 2620Z \u2013 NIF: FR 22 424 761 419 \u2013 Seu central: 2 rue Kellermann \u2013 Fran\u00e7a \u2013 2 rue Kellermann \u2013 2. Tel: 1007. Creaci\u00f3: WordPress pel Departament de Patrimoni, P\u00f4le Culture. El contingut multim\u00e8dia del lloc web www.patrim.net El contingut multim\u00e8dia del lloc web Patrimoine du Couserans \u00e9s propietat exclusiva de la Comunitat de Communs de Couserans-Pyr\u00e9n\u00e9es i dels seus socis a la xarxa PATRIM. Aix\u00ed, per a qualsevol \u00fas d&#8217;aquests continguts, s&#8217;ha de donar una autoritzaci\u00f3 expressa a trav\u00e9s del formulari de contacte o per correu postal a l&#8217;adre\u00e7a seg\u00fcent: Comunitat de Communes Couserans-Pyr\u00e9n\u00e9es \u2013 H\u00f4tel-Dieu \u2013 1 rue de l\u2019H\u00f4tel-Dieu \u2013 09190 Saint-Lizier. La informaci\u00f3, pictogrames, fotografies, imatges, textos, seq\u00fc\u00e8ncies de v\u00eddeos, animacions i altres documents presents en aquest lloc web estan protegits per la Llei de propietat intel\u00b7lectual. En aquests termes, l&#8217;article L 122-4 del Codi de la propietat intel\u00b7lectual indica: \u201cQualsevol representaci\u00f3 o reproducci\u00f3 total o parcial feta sense el consentiment de l&#8217;autor o dels seus successors o cessionaris \u00e9s il\u00b7l\u00edcita. El mateix s&#8217;aplica a la traducci\u00f3, adaptaci\u00f3 o transformaci\u00f3, ordenaci\u00f3 o reproducci\u00f3 per qualsevol art o proc\u00e9s. \u00bb Aix\u00ed, qualsevol c\u00f2pia il\u00b7l\u00edcita del lloc pot ser objecte de persecuci\u00f3 en mat\u00e8ria de falsificaci\u00f3 sancionada pels articles L 335-2 i seg\u00fcents del Codi de la propietat intel\u00b7lectual. La Comunitat de Communes Couserans-Pyr\u00e9n\u00e9es i els seus socis de la xarxa PATRIM s&#8217;esforcen per controlar al m\u00e0xim la rellev\u00e0ncia i veracitat del contingut del seu lloc web. No obstant aix\u00f2, declina tota responsabilitat en cas d&#8217;error, inexactitud, inaccessibilitat t\u00e8cnica o falsificaci\u00f3 dels continguts. Si, per\u00f2, malgrat els nostres esfor\u00e7os, observeu algun problema, us agrairem que ens ho feu saber mitjan\u00e7ant el formulari de contacte previst a tal efecte. Els logotips presents a la web Tots els logotips (m\u00e9s comunament anomenats logos) presents al lloc web www.patrim.net estan protegits per la Llei de propietat intel\u00b7lectual. Els logotips de PATRIM i de la Comunitat de Communes Couserans-Pyr\u00e9n\u00e9es s\u00f3n propietat de la Comunitat de Comunes Couserans-Pyr\u00e9n\u00e9es, els logotips dels socis de la xarxa PATRIM s\u00f3n propietat dels socis de la xarxa PATRIM. Aix\u00ed, queda prohibida qualsevol reproducci\u00f3 o modificaci\u00f3 (total o parcial) d&#8217;aquests elements gr\u00e0fics sense autoritzaci\u00f3 pr\u00e8via per escrit. Per a qualsevol informaci\u00f3, podeu contactar amb nosaltres a trav\u00e9s del formulari de contacte o per correu postal a la seg\u00fcent adre\u00e7a: Comunitat de Communes Couserans-Pyr\u00e9n\u00e9es \u2013 H\u00f4tel-Dieu \u2013 1 rue de l\u2019H\u00f4tel-Dieu \u2013 09190 Saint-Lizier. Enlla\u00e7os al web www.patrim.net La Comunitat de Communes Couserans-Pyr\u00e9n\u00e9es i els seus socis a la xarxa PATRIM autoritzen qualsevol lloc web o qualsevol mitj\u00e0 a establir un enlla\u00e7 d&#8217;hipertext al seu contingut, a excepci\u00f3 dels que difonguin continguts de car\u00e0cter pol\u00e8mic, pornogr\u00e0fic, xen\u00f2fob o contrari a la dec\u00e8ncia o a la bona moral. Tanmateix, s&#8217;ha de respectar tota la p\u00e0gina enlla\u00e7ada i no s&#8217;ha de realitzar cap imbricaci\u00f3 en un altre lloc. De la mateixa manera, l&#8217;enlla\u00e7 ha d&#8217;indicar clarament la naturalesa del contingut, aix\u00ed com l&#8217;adre\u00e7a exacta de la p\u00e0gina. Queda prohibit qualsevol \u00fas d&#8217;enlla\u00e7os al lloc www.patrim.net amb finalitats comercials i publicit\u00e0ries. Declaraci\u00f3 de la CNIL (Commission Nationale Informatique et Libert\u00e9s) La informaci\u00f3 recollida a trav\u00e9s d&#8217;aquest lloc web est\u00e0 destinada exclusivament a la Comunitat de Communes Couserans-Pyr\u00e9n\u00e9es i als seus socis de la xarxa PATRIM. D&#8217;acord amb el que disposa la Llei n\u00fam. 78-17 de 6 de gener de 1978 modificada relativa al tractament de dades, fitxers i llibertats, disposa d&#8217;un dret d&#8217;acc\u00e9s, rectificaci\u00f3, modificaci\u00f3 i supressi\u00f3 de les dades que li concerneixen. Es pot exercir aquest dret enviant un correu electr\u00f2nic a trav\u00e9s del formulari de contacte o per correu postal a l&#8217;adre\u00e7a seg\u00fcent, indicant si \u00e9s possible el context en qu\u00e8 s&#8217;ha dut a terme aquesta recollida de dades personals per tal que puguem trobar m\u00e9s f\u00e0cilment la informaci\u00f3 necess\u00e0ria. Comunitat de Communes Couserans-Pyr\u00e9n\u00e9es \u2013 H\u00f4tel-Dieu \u2013 1 rue de l\u2019H\u00f4tel-Dieu \u2013 09190 Saint-Lizier.<\/p>\n","protected":false},"author":1,"featured_media":0,"parent":0,"menu_order":0,"comment_status":"closed","ping_status":"closed","template":"page-templates\/page_front-page.php","meta":{"site-sidebar-layout":"default","site-content-layout":"","ast-site-content-layout":"default","site-content-style":"default","site-sidebar-style":"default","ast-global-header-display":"","ast-banner-title-visibility":"","ast-main-header-display":"","ast-hfb-above-header-display":"","ast-hfb-below-header-display":"","ast-hfb-mobile-header-display":"","site-post-title":"","ast-breadcrumbs-content":"","ast-featured-img":"","footer-sml-layout":"","theme-transparent-header-meta":"","adv-header-id-meta":"","stick-header-meta":"","header-above-stick-meta":"","header-main-stick-meta":"","header-below-stick-meta":"","astra-migrate-meta-layouts":"default","ast-page-background-enabled":"default","ast-page-background-meta":{"desktop":{"background-color":"var(--ast-global-color-5)","background-image":"","background-repeat":"repeat","background-position":"center center","background-size":"auto","background-attachment":"scroll","background-type":"","background-media":"","overlay-type":"","overlay-color":"","overlay-opacity":"","overlay-gradient":""},"tablet":{"background-color":"","background-image":"","background-repeat":"repeat","background-position":"center center","background-size":"auto","background-attachment":"scroll","background-type":"","background-media":"","overlay-type":"","overlay-color":"","overlay-opacity":"","overlay-gradient":""},"mobile":{"background-color":"","background-image":"","background-repeat":"repeat","background-position":"center center","background-size":"auto","background-attachment":"scroll","background-type":"","background-media":"","overlay-type":"","overlay-color":"","overlay-opacity":"","overlay-gradient":""}},"ast-content-background-meta":{"desktop":{"background-color":"var(--ast-global-color-4)","background-image":"","background-repeat":"repeat","background-position":"center center","background-size":"auto","background-attachment":"scroll","background-type":"","background-media":"","overlay-type":"","overlay-color":"","overlay-opacity":"","overlay-gradient":""},"tablet":{"background-color":"var(--ast-global-color-4)","background-image":"","background-repeat":"repeat","background-position":"center center","background-size":"auto","background-attachment":"scroll","background-type":"","background-media":"","overlay-type":"","overlay-color":"","overlay-opacity":"","overlay-gradient":""},"mobile":{"background-color":"var(--ast-global-color-4)","background-image":"","background-repeat":"repeat","background-position":"center center","background-size":"auto","background-attachment":"scroll","background-type":"","background-media":"","overlay-type":"","overlay-color":"","overlay-opacity":"","overlay-gradient":""}},"footnotes":""},"class_list":["post-1551","page","type-page","status-publish","hentry"],"_links":{"self":[{"href":"https:\/\/www.patrim.net\/ca\/wp-json\/wp\/v2\/pages\/1551","targetHints":{"allow":["GET"]}}],"collection":[{"href":"https:\/\/www.patrim.net\/ca\/wp-json\/wp\/v2\/pages"}],"about":[{"href":"https:\/\/www.patrim.net\/ca\/wp-json\/wp\/v2\/types\/page"}],"author":[{"embeddable":true,"href":"https:\/\/www.patrim.net\/ca\/wp-json\/wp\/v2\/users\/1"}],"replies":[{"embeddable":true,"href":"https:\/\/www.patrim.net\/ca\/wp-json\/wp\/v2\/comments?post=1551"}],"version-history":[{"count":3,"href":"https:\/\/www.patrim.net\/ca\/wp-json\/wp\/v2\/pages\/1551\/revisions"}],"predecessor-version":[{"id":5492,"href":"https:\/\/www.patrim.net\/ca\/wp-json\/wp\/v2\/pages\/1551\/revisions\/5492"}],"wp:attachment":[{"href":"https:\/\/www.patrim.net\/ca\/wp-json\/wp\/v2\/media?parent=1551"}],"curies":[{"name":"wp","href":"https:\/\/api.w.org\/{rel}","templated":true}]}}