{"id":1300,"date":"2017-09-14T18:49:37","date_gmt":"2017-09-14T17:49:37","guid":{"rendered":"http:\/\/www.patrim.net\/ca\/?page_id=1300"},"modified":"2021-06-07T11:37:55","modified_gmt":"2021-06-07T10:37:55","slug":"arcaz-centre-dinterpretation-des-oiseaux-2","status":"publish","type":"page","link":"https:\/\/www.patrim.net\/ca\/els-equipaments\/espais-naturals\/arcaz-centre-dinterpretation-des-oiseaux-2\/","title":{"rendered":"Arcaz &#8211; Centre d&#8217;interpretaci\u00f3 de les aus"},"content":{"rendered":"<div>\n<div id='gallery-1' class='gallery galleryid-1300 gallery-columns-3 gallery-size-large'><figure class='gallery-item'>\n\t\t\t<div class='gallery-icon landscape'>\n\t\t\t\t<a href='https:\/\/www.patrim.net\/ca\/els-equipaments\/espais-naturals\/arcaz-centre-dinterpretation-des-oiseaux-2\/mallos-de-aguero_531084-2-2\/'><img fetchpriority=\"high\" decoding=\"async\" width=\"980\" height=\"690\" src=\"https:\/\/www.patrim.net\/wp-content\/uploads\/2017\/09\/mallos-de-aguero_531084.jpg\" class=\"attachment-large size-large\" alt=\"\" srcset=\"https:\/\/www.patrim.net\/wp-content\/uploads\/2017\/09\/mallos-de-aguero_531084.jpg 980w, https:\/\/www.patrim.net\/wp-content\/uploads\/2017\/09\/mallos-de-aguero_531084-600x422.jpg 600w, https:\/\/www.patrim.net\/wp-content\/uploads\/2017\/09\/mallos-de-aguero_531084-300x211.jpg 300w, https:\/\/www.patrim.net\/wp-content\/uploads\/2017\/09\/mallos-de-aguero_531084-768x541.jpg 768w, https:\/\/www.patrim.net\/wp-content\/uploads\/2017\/09\/mallos-de-aguero_531084-830x584.jpg 830w, https:\/\/www.patrim.net\/wp-content\/uploads\/2017\/09\/mallos-de-aguero_531084-230x162.jpg 230w, https:\/\/www.patrim.net\/wp-content\/uploads\/2017\/09\/mallos-de-aguero_531084-350x246.jpg 350w, https:\/\/www.patrim.net\/wp-content\/uploads\/2017\/09\/mallos-de-aguero_531084-480x338.jpg 480w\" sizes=\"(max-width: 980px) 100vw, 980px\" \/><\/a>\n\t\t\t<\/div><\/figure><figure class='gallery-item'>\n\t\t\t<div class='gallery-icon landscape'>\n\t\t\t\t<a href='https:\/\/www.patrim.net\/ca\/els-equipaments\/espais-naturals\/arcaz-centre-dinterpretation-des-oiseaux-2\/alberca-2\/'><img decoding=\"async\" width=\"1024\" height=\"683\" src=\"https:\/\/www.patrim.net\/wp-content\/uploads\/2017\/09\/Alberca-1024x683.jpg\" class=\"attachment-large size-large\" alt=\"\" srcset=\"https:\/\/www.patrim.net\/wp-content\/uploads\/2017\/09\/Alberca-1024x683.jpg 1024w, https:\/\/www.patrim.net\/wp-content\/uploads\/2017\/09\/Alberca-600x400.jpg 600w, https:\/\/www.patrim.net\/wp-content\/uploads\/2017\/09\/Alberca-300x200.jpg 300w, https:\/\/www.patrim.net\/wp-content\/uploads\/2017\/09\/Alberca-768x512.jpg 768w, https:\/\/www.patrim.net\/wp-content\/uploads\/2017\/09\/Alberca-830x554.jpg 830w, https:\/\/www.patrim.net\/wp-content\/uploads\/2017\/09\/Alberca-230x153.jpg 230w, https:\/\/www.patrim.net\/wp-content\/uploads\/2017\/09\/Alberca-350x233.jpg 350w, https:\/\/www.patrim.net\/wp-content\/uploads\/2017\/09\/Alberca-480x320.jpg 480w, https:\/\/www.patrim.net\/wp-content\/uploads\/2017\/09\/Alberca.jpg 1600w\" sizes=\"(max-width: 1024px) 100vw, 1024px\" \/><\/a>\n\t\t\t<\/div><\/figure><figure class='gallery-item'>\n\t\t\t<div class='gallery-icon landscape'>\n\t\t\t\t<a href='https:\/\/www.patrim.net\/ca\/els-equipaments\/espais-naturals\/arcaz-centre-dinterpretation-des-oiseaux-2\/vautour-fauve_prats-de-mollo-66_12-sept-2007-3-2\/'><img decoding=\"async\" width=\"1024\" height=\"713\" src=\"https:\/\/www.patrim.net\/wp-content\/uploads\/2017\/09\/Vautour-fauve_Prats-de-Mollo-66_12-sept-2007-3-1024x713.jpg\" class=\"attachment-large size-large\" alt=\"\" srcset=\"https:\/\/www.patrim.net\/wp-content\/uploads\/2017\/09\/Vautour-fauve_Prats-de-Mollo-66_12-sept-2007-3-1024x713.jpg 1024w, https:\/\/www.patrim.net\/wp-content\/uploads\/2017\/09\/Vautour-fauve_Prats-de-Mollo-66_12-sept-2007-3-600x418.jpg 600w, https:\/\/www.patrim.net\/wp-content\/uploads\/2017\/09\/Vautour-fauve_Prats-de-Mollo-66_12-sept-2007-3-300x209.jpg 300w, https:\/\/www.patrim.net\/wp-content\/uploads\/2017\/09\/Vautour-fauve_Prats-de-Mollo-66_12-sept-2007-3-768x535.jpg 768w, https:\/\/www.patrim.net\/wp-content\/uploads\/2017\/09\/Vautour-fauve_Prats-de-Mollo-66_12-sept-2007-3-830x578.jpg 830w, https:\/\/www.patrim.net\/wp-content\/uploads\/2017\/09\/Vautour-fauve_Prats-de-Mollo-66_12-sept-2007-3-230x160.jpg 230w, https:\/\/www.patrim.net\/wp-content\/uploads\/2017\/09\/Vautour-fauve_Prats-de-Mollo-66_12-sept-2007-3-350x244.jpg 350w, https:\/\/www.patrim.net\/wp-content\/uploads\/2017\/09\/Vautour-fauve_Prats-de-Mollo-66_12-sept-2007-3-480x334.jpg 480w\" sizes=\"(max-width: 1024px) 100vw, 1024px\" \/><\/a>\n\t\t\t<\/div><\/figure><figure class='gallery-item'>\n\t\t\t<div class='gallery-icon landscape'>\n\t\t\t\t<a href='https:\/\/www.patrim.net\/ca\/els-equipaments\/espais-naturals\/arcaz-centre-dinterpretation-des-oiseaux-2\/mirador-buitres-09-high-2-2\/'><img loading=\"lazy\" decoding=\"async\" width=\"1024\" height=\"576\" src=\"https:\/\/www.patrim.net\/wp-content\/uploads\/2017\/09\/mirador-buitres-09-high-1-1024x576.jpg\" class=\"attachment-large size-large\" alt=\"\" srcset=\"https:\/\/www.patrim.net\/wp-content\/uploads\/2017\/09\/mirador-buitres-09-high-1-1024x576.jpg 1024w, https:\/\/www.patrim.net\/wp-content\/uploads\/2017\/09\/mirador-buitres-09-high-1-600x338.jpg 600w, https:\/\/www.patrim.net\/wp-content\/uploads\/2017\/09\/mirador-buitres-09-high-1-300x169.jpg 300w, https:\/\/www.patrim.net\/wp-content\/uploads\/2017\/09\/mirador-buitres-09-high-1-768x432.jpg 768w, https:\/\/www.patrim.net\/wp-content\/uploads\/2017\/09\/mirador-buitres-09-high-1-830x467.jpg 830w, https:\/\/www.patrim.net\/wp-content\/uploads\/2017\/09\/mirador-buitres-09-high-1-230x129.jpg 230w, https:\/\/www.patrim.net\/wp-content\/uploads\/2017\/09\/mirador-buitres-09-high-1-350x197.jpg 350w, https:\/\/www.patrim.net\/wp-content\/uploads\/2017\/09\/mirador-buitres-09-high-1-480x270.jpg 480w, https:\/\/www.patrim.net\/wp-content\/uploads\/2017\/09\/mirador-buitres-09-high-1.jpg 1600w\" sizes=\"(max-width: 1024px) 100vw, 1024px\" \/><\/a>\n\t\t\t<\/div><\/figure><figure class='gallery-item'>\n\t\t\t<div class='gallery-icon landscape'>\n\t\t\t\t<a href='https:\/\/www.patrim.net\/ca\/els-equipaments\/espais-naturals\/arcaz-centre-dinterpretation-des-oiseaux-2\/otra-vista-mallos-3-2\/'><img loading=\"lazy\" decoding=\"async\" width=\"1024\" height=\"768\" src=\"https:\/\/www.patrim.net\/wp-content\/uploads\/2017\/09\/Otra-vista-Mallos-1-1024x768.jpg\" class=\"attachment-large size-large\" alt=\"\" srcset=\"https:\/\/www.patrim.net\/wp-content\/uploads\/2017\/09\/Otra-vista-Mallos-1-1024x768.jpg 1024w, https:\/\/www.patrim.net\/wp-content\/uploads\/2017\/09\/Otra-vista-Mallos-1-600x450.jpg 600w, https:\/\/www.patrim.net\/wp-content\/uploads\/2017\/09\/Otra-vista-Mallos-1-300x225.jpg 300w, https:\/\/www.patrim.net\/wp-content\/uploads\/2017\/09\/Otra-vista-Mallos-1-768x576.jpg 768w, https:\/\/www.patrim.net\/wp-content\/uploads\/2017\/09\/Otra-vista-Mallos-1-830x623.jpg 830w, https:\/\/www.patrim.net\/wp-content\/uploads\/2017\/09\/Otra-vista-Mallos-1-230x173.jpg 230w, https:\/\/www.patrim.net\/wp-content\/uploads\/2017\/09\/Otra-vista-Mallos-1-350x263.jpg 350w, https:\/\/www.patrim.net\/wp-content\/uploads\/2017\/09\/Otra-vista-Mallos-1-480x360.jpg 480w, https:\/\/www.patrim.net\/wp-content\/uploads\/2017\/09\/Otra-vista-Mallos-1.jpg 1600w\" sizes=\"(max-width: 1024px) 100vw, 1024px\" \/><\/a>\n\t\t\t<\/div><\/figure><figure class='gallery-item'>\n\t\t\t<div class='gallery-icon landscape'>\n\t\t\t\t<a href='https:\/\/www.patrim.net\/ca\/els-equipaments\/espais-naturals\/arcaz-centre-dinterpretation-des-oiseaux-2\/vautour-fauve_prats-de-mollo-66_12-sept-2007-2\/'><img loading=\"lazy\" decoding=\"async\" width=\"1024\" height=\"711\" src=\"https:\/\/www.patrim.net\/wp-content\/uploads\/2017\/09\/Vautour-fauve_Prats-de-Mollo-66_12-sept-2007-1024x711.jpg\" class=\"attachment-large size-large\" alt=\"\" srcset=\"https:\/\/www.patrim.net\/wp-content\/uploads\/2017\/09\/Vautour-fauve_Prats-de-Mollo-66_12-sept-2007-1024x711.jpg 1024w, https:\/\/www.patrim.net\/wp-content\/uploads\/2017\/09\/Vautour-fauve_Prats-de-Mollo-66_12-sept-2007-600x417.jpg 600w, https:\/\/www.patrim.net\/wp-content\/uploads\/2017\/09\/Vautour-fauve_Prats-de-Mollo-66_12-sept-2007-300x208.jpg 300w, https:\/\/www.patrim.net\/wp-content\/uploads\/2017\/09\/Vautour-fauve_Prats-de-Mollo-66_12-sept-2007-768x533.jpg 768w, https:\/\/www.patrim.net\/wp-content\/uploads\/2017\/09\/Vautour-fauve_Prats-de-Mollo-66_12-sept-2007-830x576.jpg 830w, https:\/\/www.patrim.net\/wp-content\/uploads\/2017\/09\/Vautour-fauve_Prats-de-Mollo-66_12-sept-2007-230x160.jpg 230w, https:\/\/www.patrim.net\/wp-content\/uploads\/2017\/09\/Vautour-fauve_Prats-de-Mollo-66_12-sept-2007-350x243.jpg 350w, https:\/\/www.patrim.net\/wp-content\/uploads\/2017\/09\/Vautour-fauve_Prats-de-Mollo-66_12-sept-2007-480x333.jpg 480w, https:\/\/www.patrim.net\/wp-content\/uploads\/2017\/09\/Vautour-fauve_Prats-de-Mollo-66_12-sept-2007.jpg 2016w\" sizes=\"(max-width: 1024px) 100vw, 1024px\" \/><\/a>\n\t\t\t<\/div><\/figure>\n\t\t<\/div>\n\n<p><span id=\"noHighlight_0.9479286415424809\">El centre d&#8217;interpretaci\u00f3 situat a la localitat de Riglos, est\u00e0 destinat a la dinamitzaci\u00f3 i el coneixement de les aus de la zona de la reinos de Mallos. Ofereix un mirador de vidre per veure ocells i c\u00e0meres de v\u00eddeo situat en el cor d&#8217;una zona de voltors. Ofereix activitats d&#8217;observaci\u00f3 per a adults i nens, grup o visites individuals. A Riglos, el Centre d&#8217;interpretaci\u00f3 est\u00e0 integrada en el seu entorn i accessible per a persones amb mobilitat redu\u00efda. Davant el panorama enlluernadora ofert per la Mallos de Riglos, el centre Arcat, amb m\u00e9s de 700 m2, d\u00f3na les claus d&#8217;acc\u00e9s a una de les m\u00e9s importants col\u00f2nies de voltors lleonats Europa.<\/span><\/p>\n<\/div>\n<p>&nbsp;<\/p>\n<div><span id=\"noHighlight_0.9692068117409423\">Tres plantes, diversos salons, una sala amb un model de la Riglos i un vidre mirador per observar els ocells en una manera privilegiada, un auditori i una sala d&#8217;observaci\u00f3 dels voltors amb tres pantalles que permeten veure les imatges preses per viure Dues c\u00e0meres situades en els nius, en una zona de voltors anomenat l&#8217;Arcat, s\u00f3n els actius d&#8217;aquest centre.<\/span><\/div>\n","protected":false},"excerpt":{"rendered":"<p>El centre d&#8217;interpretaci\u00f3 situat a la localitat de Riglos, est\u00e0 destinat a la dinamitzaci\u00f3 i el coneixement de les aus de la zona de la reinos de Mallos. Ofereix un mirador de vidre per veure ocells i c\u00e0meres de v\u00eddeo situat en el cor d&#8217;una zona de voltors. Ofereix activitats d&#8217;observaci\u00f3 per a adults i nens, grup o visites individuals. A Riglos, el Centre d&#8217;interpretaci\u00f3 est\u00e0 integrada en el seu entorn i accessible per a persones amb mobilitat redu\u00efda. Davant el panorama enlluernadora ofert per la Mallos de Riglos, el centre Arcat, amb m\u00e9s de 700 m2, d\u00f3na les claus d&#8217;acc\u00e9s a una de les m\u00e9s importants col\u00f2nies de voltors lleonats Europa. &nbsp; Tres plantes, diversos salons, una sala amb un model de la Riglos i un vidre mirador per observar els ocells en una manera privilegiada, un auditori i una sala d&#8217;observaci\u00f3 dels voltors amb tres pantalles que permeten veure les imatges preses per viure Dues c\u00e0meres situades en els nius, en una zona de voltors anomenat l&#8217;Arcat, s\u00f3n els actius d&#8217;aquest centre.<\/p>\n","protected":false},"author":1,"featured_media":0,"parent":1160,"menu_order":0,"comment_status":"closed","ping_status":"closed","template":"","meta":{"site-sidebar-layout":"default","site-content-layout":"","ast-site-content-layout":"default","site-content-style":"default","site-sidebar-style":"default","ast-global-header-display":"","ast-banner-title-visibility":"","ast-main-header-display":"","ast-hfb-above-header-display":"","ast-hfb-below-header-display":"","ast-hfb-mobile-header-display":"","site-post-title":"","ast-breadcrumbs-content":"","ast-featured-img":"","footer-sml-layout":"","theme-transparent-header-meta":"","adv-header-id-meta":"","stick-header-meta":"","header-above-stick-meta":"","header-main-stick-meta":"","header-below-stick-meta":"","astra-migrate-meta-layouts":"default","ast-page-background-enabled":"default","ast-page-background-meta":{"desktop":{"background-color":"var(--ast-global-color-5)","background-image":"","background-repeat":"repeat","background-position":"center center","background-size":"auto","background-attachment":"scroll","background-type":"","background-media":"","overlay-type":"","overlay-color":"","overlay-opacity":"","overlay-gradient":""},"tablet":{"background-color":"","background-image":"","background-repeat":"repeat","background-position":"center center","background-size":"auto","background-attachment":"scroll","background-type":"","background-media":"","overlay-type":"","overlay-color":"","overlay-opacity":"","overlay-gradient":""},"mobile":{"background-color":"","background-image":"","background-repeat":"repeat","background-position":"center center","background-size":"auto","background-attachment":"scroll","background-type":"","background-media":"","overlay-type":"","overlay-color":"","overlay-opacity":"","overlay-gradient":""}},"ast-content-background-meta":{"desktop":{"background-color":"var(--ast-global-color-4)","background-image":"","background-repeat":"repeat","background-position":"center center","background-size":"auto","background-attachment":"scroll","background-type":"","background-media":"","overlay-type":"","overlay-color":"","overlay-opacity":"","overlay-gradient":""},"tablet":{"background-color":"var(--ast-global-color-4)","background-image":"","background-repeat":"repeat","background-position":"center center","background-size":"auto","background-attachment":"scroll","background-type":"","background-media":"","overlay-type":"","overlay-color":"","overlay-opacity":"","overlay-gradient":""},"mobile":{"background-color":"var(--ast-global-color-4)","background-image":"","background-repeat":"repeat","background-position":"center center","background-size":"auto","background-attachment":"scroll","background-type":"","background-media":"","overlay-type":"","overlay-color":"","overlay-opacity":"","overlay-gradient":""}},"footnotes":""},"class_list":["post-1300","page","type-page","status-publish","hentry"],"_links":{"self":[{"href":"https:\/\/www.patrim.net\/ca\/wp-json\/wp\/v2\/pages\/1300","targetHints":{"allow":["GET"]}}],"collection":[{"href":"https:\/\/www.patrim.net\/ca\/wp-json\/wp\/v2\/pages"}],"about":[{"href":"https:\/\/www.patrim.net\/ca\/wp-json\/wp\/v2\/types\/page"}],"author":[{"embeddable":true,"href":"https:\/\/www.patrim.net\/ca\/wp-json\/wp\/v2\/users\/1"}],"replies":[{"embeddable":true,"href":"https:\/\/www.patrim.net\/ca\/wp-json\/wp\/v2\/comments?post=1300"}],"version-history":[{"count":4,"href":"https:\/\/www.patrim.net\/ca\/wp-json\/wp\/v2\/pages\/1300\/revisions"}],"predecessor-version":[{"id":1503,"href":"https:\/\/www.patrim.net\/ca\/wp-json\/wp\/v2\/pages\/1300\/revisions\/1503"}],"up":[{"embeddable":true,"href":"https:\/\/www.patrim.net\/ca\/wp-json\/wp\/v2\/pages\/1160"}],"wp:attachment":[{"href":"https:\/\/www.patrim.net\/ca\/wp-json\/wp\/v2\/media?parent=1300"}],"curies":[{"name":"wp","href":"https:\/\/api.w.org\/{rel}","templated":true}]}}