{"id":1238,"date":"2017-09-14T17:43:16","date_gmt":"2017-09-14T16:43:16","guid":{"rendered":"http:\/\/www.patrim.net\/ca\/?page_id=1238"},"modified":"2022-02-10T20:41:44","modified_gmt":"2022-02-10T19:41:44","slug":"parc-cultural-riu-vero-centre-dart-de-roca","status":"publish","type":"page","link":"https:\/\/www.patrim.net\/ca\/els-equipaments\/prehistoria\/parc-cultural-riu-vero-centre-dart-de-roca\/","title":{"rendered":"Parc Cultural Riu Vero &#8211; Centre d&#8217;Art de roca"},"content":{"rendered":"<div>\n<div id='gallery-1' class='gallery galleryid-1238 gallery-columns-2 gallery-size-large'><figure class='gallery-item'>\n\t\t\t<div class='gallery-icon landscape'>\n\t\t\t\t<a href='https:\/\/www.patrim.net\/ca\/els-equipaments\/prehistoria\/parc-cultural-riu-vero-centre-dart-de-roca\/rupestre-00474-2-2\/'><img fetchpriority=\"high\" decoding=\"async\" width=\"1024\" height=\"683\" src=\"https:\/\/www.patrim.net\/wp-content\/uploads\/2015\/08\/Rupestre-00474-1024x683.jpg\" class=\"attachment-large size-large\" alt=\"\" srcset=\"https:\/\/www.patrim.net\/wp-content\/uploads\/2015\/08\/Rupestre-00474-1024x683.jpg 1024w, https:\/\/www.patrim.net\/wp-content\/uploads\/2015\/08\/Rupestre-00474-e1505468003409-600x400.jpg 600w, https:\/\/www.patrim.net\/wp-content\/uploads\/2015\/08\/Rupestre-00474-300x200.jpg 300w, https:\/\/www.patrim.net\/wp-content\/uploads\/2015\/08\/Rupestre-00474-768x512.jpg 768w, https:\/\/www.patrim.net\/wp-content\/uploads\/2015\/08\/Rupestre-00474-830x553.jpg 830w, https:\/\/www.patrim.net\/wp-content\/uploads\/2015\/08\/Rupestre-00474-230x153.jpg 230w, https:\/\/www.patrim.net\/wp-content\/uploads\/2015\/08\/Rupestre-00474-350x233.jpg 350w, https:\/\/www.patrim.net\/wp-content\/uploads\/2015\/08\/Rupestre-00474-480x320.jpg 480w, https:\/\/www.patrim.net\/wp-content\/uploads\/2015\/08\/Rupestre-00474-e1505468003409.jpg 1200w\" sizes=\"(max-width: 1024px) 100vw, 1024px\" \/><\/a>\n\t\t\t<\/div><\/figure><figure class='gallery-item'>\n\t\t\t<div class='gallery-icon landscape'>\n\t\t\t\t<a href='https:\/\/www.patrim.net\/ca\/els-equipaments\/prehistoria\/parc-cultural-riu-vero-centre-dart-de-roca\/_dsc0700-2\/'><img decoding=\"async\" width=\"1024\" height=\"680\" src=\"https:\/\/www.patrim.net\/wp-content\/uploads\/2015\/08\/DSC0700-1024x680.jpg\" class=\"attachment-large size-large\" alt=\"\" srcset=\"https:\/\/www.patrim.net\/wp-content\/uploads\/2015\/08\/DSC0700-1024x680.jpg 1024w, https:\/\/www.patrim.net\/wp-content\/uploads\/2015\/08\/DSC0700-e1505467984446-600x399.jpg 600w, https:\/\/www.patrim.net\/wp-content\/uploads\/2015\/08\/DSC0700-300x199.jpg 300w, https:\/\/www.patrim.net\/wp-content\/uploads\/2015\/08\/DSC0700-768x510.jpg 768w, https:\/\/www.patrim.net\/wp-content\/uploads\/2015\/08\/DSC0700-830x551.jpg 830w, https:\/\/www.patrim.net\/wp-content\/uploads\/2015\/08\/DSC0700-230x153.jpg 230w, https:\/\/www.patrim.net\/wp-content\/uploads\/2015\/08\/DSC0700-350x232.jpg 350w, https:\/\/www.patrim.net\/wp-content\/uploads\/2015\/08\/DSC0700-480x319.jpg 480w, https:\/\/www.patrim.net\/wp-content\/uploads\/2015\/08\/DSC0700-e1505467984446.jpg 1200w\" sizes=\"(max-width: 1024px) 100vw, 1024px\" \/><\/a>\n\t\t\t<\/div><\/figure><figure class='gallery-item'>\n\t\t\t<div class='gallery-icon landscape'>\n\t\t\t\t<a href='https:\/\/www.patrim.net\/ca\/rupestre-00574-3-2\/'><img decoding=\"async\" width=\"1024\" height=\"682\" src=\"https:\/\/www.patrim.net\/wp-content\/uploads\/2017\/09\/Rupestre-00574-1-1024x682.jpg\" class=\"attachment-large size-large\" alt=\"\" srcset=\"https:\/\/www.patrim.net\/wp-content\/uploads\/2017\/09\/Rupestre-00574-1-1024x682.jpg 1024w, https:\/\/www.patrim.net\/wp-content\/uploads\/2017\/09\/Rupestre-00574-1-600x400.jpg 600w, https:\/\/www.patrim.net\/wp-content\/uploads\/2017\/09\/Rupestre-00574-1-300x200.jpg 300w, https:\/\/www.patrim.net\/wp-content\/uploads\/2017\/09\/Rupestre-00574-1-768x512.jpg 768w, https:\/\/www.patrim.net\/wp-content\/uploads\/2017\/09\/Rupestre-00574-1-830x553.jpg 830w, https:\/\/www.patrim.net\/wp-content\/uploads\/2017\/09\/Rupestre-00574-1-230x153.jpg 230w, https:\/\/www.patrim.net\/wp-content\/uploads\/2017\/09\/Rupestre-00574-1-350x233.jpg 350w, https:\/\/www.patrim.net\/wp-content\/uploads\/2017\/09\/Rupestre-00574-1-480x320.jpg 480w, https:\/\/www.patrim.net\/wp-content\/uploads\/2017\/09\/Rupestre-00574-1.jpg 1600w\" sizes=\"(max-width: 1024px) 100vw, 1024px\" \/><\/a>\n\t\t\t<\/div><\/figure><figure class='gallery-item'>\n\t\t\t<div class='gallery-icon landscape'>\n\t\t\t\t<a href='https:\/\/www.patrim.net\/ca\/ci-colungo-light-2\/'><img loading=\"lazy\" decoding=\"async\" width=\"1024\" height=\"682\" src=\"https:\/\/www.patrim.net\/wp-content\/uploads\/2015\/08\/CI-Colungo-light-1024x682.jpg\" class=\"attachment-large size-large\" alt=\"\" srcset=\"https:\/\/www.patrim.net\/wp-content\/uploads\/2015\/08\/CI-Colungo-light-1024x682.jpg 1024w, https:\/\/www.patrim.net\/wp-content\/uploads\/2015\/08\/CI-Colungo-light-600x399.jpg 600w, https:\/\/www.patrim.net\/wp-content\/uploads\/2015\/08\/CI-Colungo-light-300x200.jpg 300w, https:\/\/www.patrim.net\/wp-content\/uploads\/2015\/08\/CI-Colungo-light-768x511.jpg 768w, https:\/\/www.patrim.net\/wp-content\/uploads\/2015\/08\/CI-Colungo-light-1080x719.jpg 1080w, https:\/\/www.patrim.net\/wp-content\/uploads\/2015\/08\/CI-Colungo-light.jpg 1107w\" sizes=\"(max-width: 1024px) 100vw, 1024px\" \/><\/a>\n\t\t\t<\/div><\/figure>\n\t\t<\/div>\n\n<p><span id=\"noHighlight_0.9300615210250662\">En el poble de Colungo, el Centre ofereix informaci\u00f3 experimental i activitats sobre art rupestre i les societats que el va crear.<\/span><\/p>\n<\/div>\n<div><span id=\"noHighlight_0.19336136264090487\">Reproduccions, diorames, audivisuels i viatges virtuals en tot el territori acostar-nos al m\u00f3n de la prehist\u00f2ria. El centre ofereix diversos espais: el Museu casa, recepci\u00f3 del p\u00fablic, presenta l&#8217;art rupestre en el context universal i evoluci\u00f3 de l&#8217;\u00e9sser hum\u00e0, com en el parc cultural de la R\u00edo Vero. L&#8217;espai de cova, font de la Trucho, ens transporta al lloc paleol\u00edtica. I el parc arqueol\u00f2gic que acull tallers, Mostra recreacions de d\u00f2lmens i barraques neol\u00edtic.<\/span><\/div>\n<div><span id=\"noHighlight_0.009834636761076654\">El centre \u00e9s el punt de partida per a visites guiades amb art rupestre catalogat per la UNESCO Patrimoni de la humanitat.<\/span><\/div>\n","protected":false},"excerpt":{"rendered":"<p>En el poble de Colungo, el Centre ofereix informaci\u00f3 experimental i activitats sobre art rupestre i les societats que el va crear. Reproduccions, diorames, audivisuels i viatges virtuals en tot el territori acostar-nos al m\u00f3n de la prehist\u00f2ria. El centre ofereix diversos espais: el Museu casa, recepci\u00f3 del p\u00fablic, presenta l&#8217;art rupestre en el context universal i evoluci\u00f3 de l&#8217;\u00e9sser hum\u00e0, com en el parc cultural de la R\u00edo Vero. L&#8217;espai de cova, font de la Trucho, ens transporta al lloc paleol\u00edtica. I el parc arqueol\u00f2gic que acull tallers, Mostra recreacions de d\u00f2lmens i barraques neol\u00edtic. El centre \u00e9s el punt de partida per a visites guiades amb art rupestre catalogat per la UNESCO Patrimoni de la humanitat.<\/p>\n","protected":false},"author":1,"featured_media":0,"parent":1169,"menu_order":0,"comment_status":"closed","ping_status":"closed","template":"","meta":{"site-sidebar-layout":"default","site-content-layout":"","ast-site-content-layout":"default","site-content-style":"default","site-sidebar-style":"default","ast-global-header-display":"","ast-banner-title-visibility":"","ast-main-header-display":"","ast-hfb-above-header-display":"","ast-hfb-below-header-display":"","ast-hfb-mobile-header-display":"","site-post-title":"","ast-breadcrumbs-content":"","ast-featured-img":"","footer-sml-layout":"","theme-transparent-header-meta":"","adv-header-id-meta":"","stick-header-meta":"","header-above-stick-meta":"","header-main-stick-meta":"","header-below-stick-meta":"","astra-migrate-meta-layouts":"default","ast-page-background-enabled":"default","ast-page-background-meta":{"desktop":{"background-color":"var(--ast-global-color-5)","background-image":"","background-repeat":"repeat","background-position":"center center","background-size":"auto","background-attachment":"scroll","background-type":"","background-media":"","overlay-type":"","overlay-color":"","overlay-opacity":"","overlay-gradient":""},"tablet":{"background-color":"","background-image":"","background-repeat":"repeat","background-position":"center center","background-size":"auto","background-attachment":"scroll","background-type":"","background-media":"","overlay-type":"","overlay-color":"","overlay-opacity":"","overlay-gradient":""},"mobile":{"background-color":"","background-image":"","background-repeat":"repeat","background-position":"center center","background-size":"auto","background-attachment":"scroll","background-type":"","background-media":"","overlay-type":"","overlay-color":"","overlay-opacity":"","overlay-gradient":""}},"ast-content-background-meta":{"desktop":{"background-color":"var(--ast-global-color-4)","background-image":"","background-repeat":"repeat","background-position":"center center","background-size":"auto","background-attachment":"scroll","background-type":"","background-media":"","overlay-type":"","overlay-color":"","overlay-opacity":"","overlay-gradient":""},"tablet":{"background-color":"var(--ast-global-color-4)","background-image":"","background-repeat":"repeat","background-position":"center center","background-size":"auto","background-attachment":"scroll","background-type":"","background-media":"","overlay-type":"","overlay-color":"","overlay-opacity":"","overlay-gradient":""},"mobile":{"background-color":"var(--ast-global-color-4)","background-image":"","background-repeat":"repeat","background-position":"center center","background-size":"auto","background-attachment":"scroll","background-type":"","background-media":"","overlay-type":"","overlay-color":"","overlay-opacity":"","overlay-gradient":""}},"footnotes":""},"class_list":["post-1238","page","type-page","status-publish","hentry"],"_links":{"self":[{"href":"https:\/\/www.patrim.net\/ca\/wp-json\/wp\/v2\/pages\/1238","targetHints":{"allow":["GET"]}}],"collection":[{"href":"https:\/\/www.patrim.net\/ca\/wp-json\/wp\/v2\/pages"}],"about":[{"href":"https:\/\/www.patrim.net\/ca\/wp-json\/wp\/v2\/types\/page"}],"author":[{"embeddable":true,"href":"https:\/\/www.patrim.net\/ca\/wp-json\/wp\/v2\/users\/1"}],"replies":[{"embeddable":true,"href":"https:\/\/www.patrim.net\/ca\/wp-json\/wp\/v2\/comments?post=1238"}],"version-history":[{"count":3,"href":"https:\/\/www.patrim.net\/ca\/wp-json\/wp\/v2\/pages\/1238\/revisions"}],"predecessor-version":[{"id":1558,"href":"https:\/\/www.patrim.net\/ca\/wp-json\/wp\/v2\/pages\/1238\/revisions\/1558"}],"up":[{"embeddable":true,"href":"https:\/\/www.patrim.net\/ca\/wp-json\/wp\/v2\/pages\/1169"}],"wp:attachment":[{"href":"https:\/\/www.patrim.net\/ca\/wp-json\/wp\/v2\/media?parent=1238"}],"curies":[{"name":"wp","href":"https:\/\/api.w.org\/{rel}","templated":true}]}}