{"id":1228,"date":"2017-09-14T17:31:36","date_gmt":"2017-09-14T16:31:36","guid":{"rendered":"http:\/\/www.patrim.net\/ca\/?page_id=1228"},"modified":"2022-02-15T19:36:24","modified_gmt":"2022-02-15T18:36:24","slug":"museu-larrey","status":"publish","type":"page","link":"https:\/\/www.patrim.net\/ca\/els-equipaments\/historia-i-societat\/museu-larrey\/","title":{"rendered":"Mus\u00e9e Larrey"},"content":{"rendered":"<div id='gallery-1' class='gallery galleryid-1228 gallery-columns-3 gallery-size-large'><figure class='gallery-item'>\n\t\t\t<div class='gallery-icon landscape'>\n\t\t\t\t<a href='https:\/\/www.patrim.net\/ca\/els-equipaments\/historia-i-societat\/museu-larrey\/00022-2\/'><img fetchpriority=\"high\" decoding=\"async\" width=\"1024\" height=\"768\" src=\"https:\/\/www.patrim.net\/wp-content\/uploads\/2015\/08\/00022-1024x768.jpg\" class=\"attachment-large size-large\" alt=\"\" srcset=\"https:\/\/www.patrim.net\/wp-content\/uploads\/2015\/08\/00022-1024x768.jpg 1024w, https:\/\/www.patrim.net\/wp-content\/uploads\/2015\/08\/00022-600x450.jpg 600w, https:\/\/www.patrim.net\/wp-content\/uploads\/2015\/08\/00022-300x225.jpg 300w, https:\/\/www.patrim.net\/wp-content\/uploads\/2015\/08\/00022-768x576.jpg 768w, https:\/\/www.patrim.net\/wp-content\/uploads\/2015\/08\/00022-830x623.jpg 830w, https:\/\/www.patrim.net\/wp-content\/uploads\/2015\/08\/00022-230x173.jpg 230w, https:\/\/www.patrim.net\/wp-content\/uploads\/2015\/08\/00022-350x263.jpg 350w, https:\/\/www.patrim.net\/wp-content\/uploads\/2015\/08\/00022-480x360.jpg 480w, https:\/\/www.patrim.net\/wp-content\/uploads\/2015\/08\/00022.jpg 1600w\" sizes=\"(max-width: 1024px) 100vw, 1024px\" \/><\/a>\n\t\t\t<\/div><\/figure><figure class='gallery-item'>\n\t\t\t<div class='gallery-icon landscape'>\n\t\t\t\t<a href='https:\/\/www.patrim.net\/ca\/els-equipaments\/historia-i-societat\/museu-larrey\/2014-292-2\/'><img decoding=\"async\" width=\"1024\" height=\"768\" src=\"https:\/\/www.patrim.net\/wp-content\/uploads\/2015\/08\/2014-292-1024x768.jpg\" class=\"attachment-large size-large\" alt=\"\" srcset=\"https:\/\/www.patrim.net\/wp-content\/uploads\/2015\/08\/2014-292-1024x768.jpg 1024w, https:\/\/www.patrim.net\/wp-content\/uploads\/2015\/08\/2014-292-scaled-600x450.jpg 600w, https:\/\/www.patrim.net\/wp-content\/uploads\/2015\/08\/2014-292-300x225.jpg 300w, https:\/\/www.patrim.net\/wp-content\/uploads\/2015\/08\/2014-292-768x576.jpg 768w, https:\/\/www.patrim.net\/wp-content\/uploads\/2015\/08\/2014-292-830x623.jpg 830w, https:\/\/www.patrim.net\/wp-content\/uploads\/2015\/08\/2014-292-230x173.jpg 230w, https:\/\/www.patrim.net\/wp-content\/uploads\/2015\/08\/2014-292-350x263.jpg 350w, https:\/\/www.patrim.net\/wp-content\/uploads\/2015\/08\/2014-292-480x360.jpg 480w\" sizes=\"(max-width: 1024px) 100vw, 1024px\" \/><\/a>\n\t\t\t<\/div><\/figure><figure class='gallery-item'>\n\t\t\t<div class='gallery-icon landscape'>\n\t\t\t\t<a href='https:\/\/www.patrim.net\/ca\/els-equipaments\/historia-i-societat\/museu-larrey\/img_6653beaudean-vue-generale3-2-2\/'><img decoding=\"async\" width=\"1024\" height=\"768\" src=\"https:\/\/www.patrim.net\/wp-content\/uploads\/2015\/08\/IMG_6653BEAUDEAN-VUE-GENERALE3-1024x768.jpg\" class=\"attachment-large size-large\" alt=\"\" srcset=\"https:\/\/www.patrim.net\/wp-content\/uploads\/2015\/08\/IMG_6653BEAUDEAN-VUE-GENERALE3-1024x768.jpg 1024w, https:\/\/www.patrim.net\/wp-content\/uploads\/2015\/08\/IMG_6653BEAUDEAN-VUE-GENERALE3-scaled-600x450.jpg 600w, https:\/\/www.patrim.net\/wp-content\/uploads\/2015\/08\/IMG_6653BEAUDEAN-VUE-GENERALE3-300x225.jpg 300w, https:\/\/www.patrim.net\/wp-content\/uploads\/2015\/08\/IMG_6653BEAUDEAN-VUE-GENERALE3-768x576.jpg 768w, https:\/\/www.patrim.net\/wp-content\/uploads\/2015\/08\/IMG_6653BEAUDEAN-VUE-GENERALE3-830x623.jpg 830w, https:\/\/www.patrim.net\/wp-content\/uploads\/2015\/08\/IMG_6653BEAUDEAN-VUE-GENERALE3-230x173.jpg 230w, https:\/\/www.patrim.net\/wp-content\/uploads\/2015\/08\/IMG_6653BEAUDEAN-VUE-GENERALE3-350x263.jpg 350w, https:\/\/www.patrim.net\/wp-content\/uploads\/2015\/08\/IMG_6653BEAUDEAN-VUE-GENERALE3-480x360.jpg 480w\" sizes=\"(max-width: 1024px) 100vw, 1024px\" \/><\/a>\n\t\t\t<\/div><\/figure><figure class='gallery-item'>\n\t\t\t<div class='gallery-icon landscape'>\n\t\t\t\t<a href='https:\/\/www.patrim.net\/ca\/els-equipaments\/historia-i-societat\/museu-larrey\/rimg0126-2\/'><img loading=\"lazy\" decoding=\"async\" width=\"1024\" height=\"768\" src=\"https:\/\/www.patrim.net\/wp-content\/uploads\/2015\/08\/RIMG0126-1024x768.jpg\" class=\"attachment-large size-large\" alt=\"\" srcset=\"https:\/\/www.patrim.net\/wp-content\/uploads\/2015\/08\/RIMG0126-1024x768.jpg 1024w, https:\/\/www.patrim.net\/wp-content\/uploads\/2015\/08\/RIMG0126-scaled-600x450.jpg 600w, https:\/\/www.patrim.net\/wp-content\/uploads\/2015\/08\/RIMG0126-300x225.jpg 300w, https:\/\/www.patrim.net\/wp-content\/uploads\/2015\/08\/RIMG0126-768x576.jpg 768w, https:\/\/www.patrim.net\/wp-content\/uploads\/2015\/08\/RIMG0126-830x623.jpg 830w, https:\/\/www.patrim.net\/wp-content\/uploads\/2015\/08\/RIMG0126-230x173.jpg 230w, https:\/\/www.patrim.net\/wp-content\/uploads\/2015\/08\/RIMG0126-350x263.jpg 350w, https:\/\/www.patrim.net\/wp-content\/uploads\/2015\/08\/RIMG0126-480x360.jpg 480w\" sizes=\"(max-width: 1024px) 100vw, 1024px\" \/><\/a>\n\t\t\t<\/div><\/figure><figure class='gallery-item'>\n\t\t\t<div class='gallery-icon landscape'>\n\t\t\t\t<a href='https:\/\/www.patrim.net\/ca\/els-equipaments\/historia-i-societat\/museu-larrey\/ambulance-de-la-garde-par-j-blade-2\/'><img loading=\"lazy\" decoding=\"async\" width=\"1024\" height=\"681\" src=\"https:\/\/www.patrim.net\/wp-content\/uploads\/2015\/08\/Ambulance-de-la-Garde-par-J.-Blad\u00e9-1024x681.jpg\" class=\"attachment-large size-large\" alt=\"\" srcset=\"https:\/\/www.patrim.net\/wp-content\/uploads\/2015\/08\/Ambulance-de-la-Garde-par-J.-Blad\u00e9-1024x681.jpg 1024w, https:\/\/www.patrim.net\/wp-content\/uploads\/2015\/08\/Ambulance-de-la-Garde-par-J.-Blad\u00e9-600x399.jpg 600w, https:\/\/www.patrim.net\/wp-content\/uploads\/2015\/08\/Ambulance-de-la-Garde-par-J.-Blad\u00e9-300x199.jpg 300w, https:\/\/www.patrim.net\/wp-content\/uploads\/2015\/08\/Ambulance-de-la-Garde-par-J.-Blad\u00e9-768x511.jpg 768w, https:\/\/www.patrim.net\/wp-content\/uploads\/2015\/08\/Ambulance-de-la-Garde-par-J.-Blad\u00e9-830x552.jpg 830w, https:\/\/www.patrim.net\/wp-content\/uploads\/2015\/08\/Ambulance-de-la-Garde-par-J.-Blad\u00e9-230x153.jpg 230w, https:\/\/www.patrim.net\/wp-content\/uploads\/2015\/08\/Ambulance-de-la-Garde-par-J.-Blad\u00e9-350x233.jpg 350w, https:\/\/www.patrim.net\/wp-content\/uploads\/2015\/08\/Ambulance-de-la-Garde-par-J.-Blad\u00e9-480x319.jpg 480w, https:\/\/www.patrim.net\/wp-content\/uploads\/2015\/08\/Ambulance-de-la-Garde-par-J.-Blad\u00e9.jpg 1438w\" sizes=\"(max-width: 1024px) 100vw, 1024px\" \/><\/a>\n\t\t\t<\/div><\/figure><figure class='gallery-item'>\n\t\t\t<div class='gallery-icon landscape'>\n\t\t\t\t<a href='https:\/\/www.patrim.net\/ca\/els-equipaments\/historia-i-societat\/museu-larrey\/img_6598enfants-ecran-2\/'><img loading=\"lazy\" decoding=\"async\" width=\"1024\" height=\"768\" src=\"https:\/\/www.patrim.net\/wp-content\/uploads\/2015\/08\/IMG_6598ENFANTS-ECRAN-1024x768.jpg\" class=\"attachment-large size-large\" alt=\"\" srcset=\"https:\/\/www.patrim.net\/wp-content\/uploads\/2015\/08\/IMG_6598ENFANTS-ECRAN-1024x768.jpg 1024w, https:\/\/www.patrim.net\/wp-content\/uploads\/2015\/08\/IMG_6598ENFANTS-ECRAN-scaled-600x450.jpg 600w, https:\/\/www.patrim.net\/wp-content\/uploads\/2015\/08\/IMG_6598ENFANTS-ECRAN-300x225.jpg 300w, https:\/\/www.patrim.net\/wp-content\/uploads\/2015\/08\/IMG_6598ENFANTS-ECRAN-768x576.jpg 768w, https:\/\/www.patrim.net\/wp-content\/uploads\/2015\/08\/IMG_6598ENFANTS-ECRAN-830x623.jpg 830w, https:\/\/www.patrim.net\/wp-content\/uploads\/2015\/08\/IMG_6598ENFANTS-ECRAN-230x173.jpg 230w, https:\/\/www.patrim.net\/wp-content\/uploads\/2015\/08\/IMG_6598ENFANTS-ECRAN-350x263.jpg 350w, https:\/\/www.patrim.net\/wp-content\/uploads\/2015\/08\/IMG_6598ENFANTS-ECRAN-480x360.jpg 480w\" sizes=\"(max-width: 1024px) 100vw, 1024px\" \/><\/a>\n\t\t\t<\/div><\/figure>\n\t\t<\/div>\n\n<p>De tots els fills del poble, el bar\u00f3 Larrey \u00e9s probablement el que t\u00e9 la mem\u00f2ria m\u00e9s venerada i, fa uns dei anys, l\u2019ajuntament de Beaud\u00e9an va transformar la seva casa natal en un museu. La epopeia fabulosa de cirurgi\u00e0 en cap de la Gu\u00e0rdia Imperial de Napole\u00f3 es recrea a trav\u00e9s d&#8217;una animaci\u00f3 audiovisual que implica les m\u00e9s modernes tecnologies de so i il\u00b7luminaci\u00f3. La part posterior de visitants en el temps al llarg d&#8217;una traject\u00f2ria cronol\u00f2gica. Despr\u00e9s d&#8217;una evocaci\u00f3 de la inf\u00e0ncia i els anys d&#8217;aprenentatge de la cirurgi\u00e0 de Tolosa de Llenguadoc amb l&#8217;oncle Alexis i despr\u00e9s a Par\u00eds, s\u2019esmenta l&#8217;experi\u00e8ncia del cirurgi\u00e0 a la marina, el retorn a la capital, en ple per\u00edode revolucionari i el seu nomenament a l&#8217;ex\u00e8rcit del Rin, que fou el punt de partida de la seva mete\u00f2rica carrera. Aqu\u00ed \u00e9s on va a dissenyar la seva &#8220;obra mestra&#8221;, la creaci\u00f3 de l&#8217;ambul\u00e0ncia itinerant, i aix\u00ed convertir-se en el precursor dels serveis d&#8217;urg\u00e8ncies i i les ambul\u00e0ncies medicalitzades. Despr\u00e9s segueix l\u2019evocaci\u00f3 d&#8217;aquesta traject\u00f2ria extraordin\u00e0ria que el va portar davant de Bonaparte, amb qui es va reunir per primera vegada a Toulon i que seguir\u00e0 en les seves campanyes militars, on es mostrar\u00e0 com un cirurgi\u00e0 exemplar, posant en marxa el triatge en funci\u00f3 de la gravetat dels casos, ocupant-se de tots els soldats, tamb\u00e9 dels enemics, i aconseguint per primer cop una mena principi de neutralitat dels serveis de salut i la medicina humanit\u00e0ria. Cirurugi\u00e0 d\u2019una destresa excepcional, es tracta com la &#8220;Provid\u00e8ncia&#8221; dels soldats que el van anomenar i considerar, com tamb\u00e9 Napole\u00f3 ho havia fet, com &#8220;l&#8217;home m\u00e9s virtu\u00f3s&#8221; que havia conegut. Reconegut per l\u2019Emperador amb el t\u00edtol de Bar\u00f3 i, com fou la seva darrera voluntat Dominique Larrey avui descansa als Inv\u00e0lids a prop de qui li va dedicar una admiraci\u00f3 sense l\u00edmits.<\/p>\n<p>Al voltant Larrey, s\u2019evoca la vida quotidiana de la vall, els seus costums, la seva indument\u00e0ria&#8230; i sortint del museu, es pot anar a donar un tomb per Beaud\u00e9an, familiaritzar-se amb l&#8217;arquitectura pirinenca, seguir un recorregut marcat per les antigues fonts, visitar l&#8217;esgl\u00e9sia i pujar fins al castell des d\u2019on tenim una vista panor\u00e0mica de tota la localitat.<\/p>\n","protected":false},"excerpt":{"rendered":"<p>De tots els fills del poble, el bar\u00f3 Larrey \u00e9s probablement el que t\u00e9 la mem\u00f2ria m\u00e9s venerada i, fa uns dei anys, l\u2019ajuntament de Beaud\u00e9an va transformar la seva casa natal en un museu. La epopeia fabulosa de cirurgi\u00e0 en cap de la Gu\u00e0rdia Imperial de Napole\u00f3 es recrea a trav\u00e9s d&#8217;una animaci\u00f3 audiovisual que implica les m\u00e9s modernes tecnologies de so i il\u00b7luminaci\u00f3. La part posterior de visitants en el temps al llarg d&#8217;una traject\u00f2ria cronol\u00f2gica. Despr\u00e9s d&#8217;una evocaci\u00f3 de la inf\u00e0ncia i els anys d&#8217;aprenentatge de la cirurgi\u00e0 de Tolosa de Llenguadoc amb l&#8217;oncle Alexis i despr\u00e9s a Par\u00eds, s\u2019esmenta l&#8217;experi\u00e8ncia del cirurgi\u00e0 a la marina, el retorn a la capital, en ple per\u00edode revolucionari i el seu nomenament a l&#8217;ex\u00e8rcit del Rin, que fou el punt de partida de la seva mete\u00f2rica carrera. Aqu\u00ed \u00e9s on va a dissenyar la seva &#8220;obra mestra&#8221;, la creaci\u00f3 de l&#8217;ambul\u00e0ncia itinerant, i aix\u00ed convertir-se en el precursor dels serveis d&#8217;urg\u00e8ncies i i les ambul\u00e0ncies medicalitzades. Despr\u00e9s segueix l\u2019evocaci\u00f3 d&#8217;aquesta traject\u00f2ria extraordin\u00e0ria que el va portar davant de Bonaparte, amb qui es va reunir per primera vegada a Toulon i que seguir\u00e0 en les seves campanyes militars, on es mostrar\u00e0 com un cirurgi\u00e0 exemplar, posant en marxa el triatge en funci\u00f3 de la gravetat dels casos, ocupant-se de tots els soldats, tamb\u00e9 dels enemics, i aconseguint per primer cop una mena principi de neutralitat dels serveis de salut i la medicina humanit\u00e0ria. Cirurugi\u00e0 d\u2019una destresa excepcional, es tracta com la &#8220;Provid\u00e8ncia&#8221; dels soldats que el van anomenar i considerar, com tamb\u00e9 Napole\u00f3 ho havia fet, com &#8220;l&#8217;home m\u00e9s virtu\u00f3s&#8221; que havia conegut. Reconegut per l\u2019Emperador amb el t\u00edtol de Bar\u00f3 i, com fou la seva darrera voluntat Dominique Larrey avui descansa als Inv\u00e0lids a prop de qui li va dedicar una admiraci\u00f3 sense l\u00edmits. Al voltant Larrey, s\u2019evoca la vida quotidiana de la vall, els seus costums, la seva indument\u00e0ria&#8230; i sortint del museu, es pot anar a donar un tomb per Beaud\u00e9an, familiaritzar-se amb l&#8217;arquitectura pirinenca, seguir un recorregut marcat per les antigues fonts, visitar l&#8217;esgl\u00e9sia i pujar fins al castell des d\u2019on tenim una vista panor\u00e0mica de tota la localitat.<\/p>\n","protected":false},"author":1,"featured_media":0,"parent":1152,"menu_order":10,"comment_status":"closed","ping_status":"closed","template":"","meta":{"site-sidebar-layout":"default","site-content-layout":"","ast-site-content-layout":"default","site-content-style":"default","site-sidebar-style":"default","ast-global-header-display":"","ast-banner-title-visibility":"","ast-main-header-display":"","ast-hfb-above-header-display":"","ast-hfb-below-header-display":"","ast-hfb-mobile-header-display":"","site-post-title":"","ast-breadcrumbs-content":"","ast-featured-img":"","footer-sml-layout":"","theme-transparent-header-meta":"","adv-header-id-meta":"","stick-header-meta":"","header-above-stick-meta":"","header-main-stick-meta":"","header-below-stick-meta":"","astra-migrate-meta-layouts":"default","ast-page-background-enabled":"default","ast-page-background-meta":{"desktop":{"background-color":"var(--ast-global-color-5)","background-image":"","background-repeat":"repeat","background-position":"center center","background-size":"auto","background-attachment":"scroll","background-type":"","background-media":"","overlay-type":"","overlay-color":"","overlay-opacity":"","overlay-gradient":""},"tablet":{"background-color":"","background-image":"","background-repeat":"repeat","background-position":"center center","background-size":"auto","background-attachment":"scroll","background-type":"","background-media":"","overlay-type":"","overlay-color":"","overlay-opacity":"","overlay-gradient":""},"mobile":{"background-color":"","background-image":"","background-repeat":"repeat","background-position":"center center","background-size":"auto","background-attachment":"scroll","background-type":"","background-media":"","overlay-type":"","overlay-color":"","overlay-opacity":"","overlay-gradient":""}},"ast-content-background-meta":{"desktop":{"background-color":"var(--ast-global-color-4)","background-image":"","background-repeat":"repeat","background-position":"center center","background-size":"auto","background-attachment":"scroll","background-type":"","background-media":"","overlay-type":"","overlay-color":"","overlay-opacity":"","overlay-gradient":""},"tablet":{"background-color":"var(--ast-global-color-4)","background-image":"","background-repeat":"repeat","background-position":"center center","background-size":"auto","background-attachment":"scroll","background-type":"","background-media":"","overlay-type":"","overlay-color":"","overlay-opacity":"","overlay-gradient":""},"mobile":{"background-color":"var(--ast-global-color-4)","background-image":"","background-repeat":"repeat","background-position":"center center","background-size":"auto","background-attachment":"scroll","background-type":"","background-media":"","overlay-type":"","overlay-color":"","overlay-opacity":"","overlay-gradient":""}},"footnotes":""},"class_list":["post-1228","page","type-page","status-publish","hentry"],"_links":{"self":[{"href":"https:\/\/www.patrim.net\/ca\/wp-json\/wp\/v2\/pages\/1228","targetHints":{"allow":["GET"]}}],"collection":[{"href":"https:\/\/www.patrim.net\/ca\/wp-json\/wp\/v2\/pages"}],"about":[{"href":"https:\/\/www.patrim.net\/ca\/wp-json\/wp\/v2\/types\/page"}],"author":[{"embeddable":true,"href":"https:\/\/www.patrim.net\/ca\/wp-json\/wp\/v2\/users\/1"}],"replies":[{"embeddable":true,"href":"https:\/\/www.patrim.net\/ca\/wp-json\/wp\/v2\/comments?post=1228"}],"version-history":[{"count":3,"href":"https:\/\/www.patrim.net\/ca\/wp-json\/wp\/v2\/pages\/1228\/revisions"}],"predecessor-version":[{"id":5088,"href":"https:\/\/www.patrim.net\/ca\/wp-json\/wp\/v2\/pages\/1228\/revisions\/5088"}],"up":[{"embeddable":true,"href":"https:\/\/www.patrim.net\/ca\/wp-json\/wp\/v2\/pages\/1152"}],"wp:attachment":[{"href":"https:\/\/www.patrim.net\/ca\/wp-json\/wp\/v2\/media?parent=1228"}],"curies":[{"name":"wp","href":"https:\/\/api.w.org\/{rel}","templated":true}]}}