{"id":1184,"date":"2017-09-14T16:43:31","date_gmt":"2017-09-14T15:43:31","guid":{"rendered":"http:\/\/www.patrim.net\/ca\/?page_id=1184"},"modified":"2017-09-15T19:08:39","modified_gmt":"2017-09-15T18:08:39","slug":"ecomuseu-de-les-valls-daneu","status":"publish","type":"page","link":"https:\/\/www.patrim.net\/ca\/els-equipaments\/historia-i-societat\/ecomuseu-de-les-valls-daneu\/","title":{"rendered":"Ecomuseu de les Valls d\u2019\u00c0neu"},"content":{"rendered":"<div id='gallery-1' class='gallery galleryid-1184 gallery-columns-3 gallery-size-large'><figure class='gallery-item'>\n\t\t\t<div class='gallery-icon landscape'>\n\t\t\t\t<a href='https:\/\/www.patrim.net\/ca\/els-equipaments\/historia-i-societat\/ecomuseu-de-les-valls-daneu\/ecomuseu-de-les-valls-daneu-la-salle-a-manger-2\/'><img fetchpriority=\"high\" decoding=\"async\" width=\"1024\" height=\"768\" src=\"https:\/\/www.patrim.net\/wp-content\/uploads\/2017\/09\/Ecomuseu-de-les-valls-dAneu-La-salle-\u00e0-manger-1024x768.jpg\" class=\"attachment-large size-large\" alt=\"\" srcset=\"https:\/\/www.patrim.net\/wp-content\/uploads\/2017\/09\/Ecomuseu-de-les-valls-dAneu-La-salle-\u00e0-manger-1024x768.jpg 1024w, https:\/\/www.patrim.net\/wp-content\/uploads\/2017\/09\/Ecomuseu-de-les-valls-dAneu-La-salle-\u00e0-manger-600x450.jpg 600w, https:\/\/www.patrim.net\/wp-content\/uploads\/2017\/09\/Ecomuseu-de-les-valls-dAneu-La-salle-\u00e0-manger-300x225.jpg 300w, https:\/\/www.patrim.net\/wp-content\/uploads\/2017\/09\/Ecomuseu-de-les-valls-dAneu-La-salle-\u00e0-manger-768x576.jpg 768w, https:\/\/www.patrim.net\/wp-content\/uploads\/2017\/09\/Ecomuseu-de-les-valls-dAneu-La-salle-\u00e0-manger-830x623.jpg 830w, https:\/\/www.patrim.net\/wp-content\/uploads\/2017\/09\/Ecomuseu-de-les-valls-dAneu-La-salle-\u00e0-manger-230x173.jpg 230w, https:\/\/www.patrim.net\/wp-content\/uploads\/2017\/09\/Ecomuseu-de-les-valls-dAneu-La-salle-\u00e0-manger-350x263.jpg 350w, https:\/\/www.patrim.net\/wp-content\/uploads\/2017\/09\/Ecomuseu-de-les-valls-dAneu-La-salle-\u00e0-manger-480x360.jpg 480w\" sizes=\"(max-width: 1024px) 100vw, 1024px\" \/><\/a>\n\t\t\t<\/div><\/figure><figure class='gallery-item'>\n\t\t\t<div class='gallery-icon landscape'>\n\t\t\t\t<a href='https:\/\/www.patrim.net\/ca\/els-equipaments\/historia-i-societat\/ecomuseu-de-les-valls-daneu\/_1010196-2-2\/'><img decoding=\"async\" width=\"1024\" height=\"768\" src=\"https:\/\/www.patrim.net\/wp-content\/uploads\/2017\/09\/1010196-1024x768.jpg\" class=\"attachment-large size-large\" alt=\"\" srcset=\"https:\/\/www.patrim.net\/wp-content\/uploads\/2017\/09\/1010196-1024x768.jpg 1024w, https:\/\/www.patrim.net\/wp-content\/uploads\/2017\/09\/1010196-scaled-600x450.jpg 600w, https:\/\/www.patrim.net\/wp-content\/uploads\/2017\/09\/1010196-300x225.jpg 300w, https:\/\/www.patrim.net\/wp-content\/uploads\/2017\/09\/1010196-768x576.jpg 768w, https:\/\/www.patrim.net\/wp-content\/uploads\/2017\/09\/1010196-830x623.jpg 830w, https:\/\/www.patrim.net\/wp-content\/uploads\/2017\/09\/1010196-230x173.jpg 230w, https:\/\/www.patrim.net\/wp-content\/uploads\/2017\/09\/1010196-350x263.jpg 350w, https:\/\/www.patrim.net\/wp-content\/uploads\/2017\/09\/1010196-480x360.jpg 480w\" sizes=\"(max-width: 1024px) 100vw, 1024px\" \/><\/a>\n\t\t\t<\/div><\/figure><figure class='gallery-item'>\n\t\t\t<div class='gallery-icon landscape'>\n\t\t\t\t<a href='https:\/\/www.patrim.net\/ca\/els-equipaments\/historia-i-societat\/ecomuseu-de-les-valls-daneu\/ecomuseu-la-chambre-2\/'><img decoding=\"async\" width=\"1024\" height=\"768\" src=\"https:\/\/www.patrim.net\/wp-content\/uploads\/2017\/09\/Ecomuseu-la-chambre-1024x768.jpg\" class=\"attachment-large size-large\" alt=\"\" srcset=\"https:\/\/www.patrim.net\/wp-content\/uploads\/2017\/09\/Ecomuseu-la-chambre-1024x768.jpg 1024w, https:\/\/www.patrim.net\/wp-content\/uploads\/2017\/09\/Ecomuseu-la-chambre-600x450.jpg 600w, https:\/\/www.patrim.net\/wp-content\/uploads\/2017\/09\/Ecomuseu-la-chambre-300x225.jpg 300w, https:\/\/www.patrim.net\/wp-content\/uploads\/2017\/09\/Ecomuseu-la-chambre-768x576.jpg 768w, https:\/\/www.patrim.net\/wp-content\/uploads\/2017\/09\/Ecomuseu-la-chambre-830x623.jpg 830w, https:\/\/www.patrim.net\/wp-content\/uploads\/2017\/09\/Ecomuseu-la-chambre-230x173.jpg 230w, https:\/\/www.patrim.net\/wp-content\/uploads\/2017\/09\/Ecomuseu-la-chambre-350x263.jpg 350w, https:\/\/www.patrim.net\/wp-content\/uploads\/2017\/09\/Ecomuseu-la-chambre-480x360.jpg 480w\" sizes=\"(max-width: 1024px) 100vw, 1024px\" \/><\/a>\n\t\t\t<\/div><\/figure><figure class='gallery-item'>\n\t\t\t<div class='gallery-icon landscape'>\n\t\t\t\t<a href='https:\/\/www.patrim.net\/ca\/els-equipaments\/historia-i-societat\/ecomuseu-de-les-valls-daneu\/esterri1-2\/'><img loading=\"lazy\" decoding=\"async\" width=\"1024\" height=\"676\" src=\"https:\/\/www.patrim.net\/wp-content\/uploads\/2017\/09\/esterri1-1024x676.jpg\" class=\"attachment-large size-large\" alt=\"\" srcset=\"https:\/\/www.patrim.net\/wp-content\/uploads\/2017\/09\/esterri1-1024x676.jpg 1024w, https:\/\/www.patrim.net\/wp-content\/uploads\/2017\/09\/esterri1-scaled-600x396.jpg 600w, https:\/\/www.patrim.net\/wp-content\/uploads\/2017\/09\/esterri1-300x198.jpg 300w, https:\/\/www.patrim.net\/wp-content\/uploads\/2017\/09\/esterri1-768x507.jpg 768w, https:\/\/www.patrim.net\/wp-content\/uploads\/2017\/09\/esterri1-830x548.jpg 830w, https:\/\/www.patrim.net\/wp-content\/uploads\/2017\/09\/esterri1-230x152.jpg 230w, https:\/\/www.patrim.net\/wp-content\/uploads\/2017\/09\/esterri1-350x231.jpg 350w, https:\/\/www.patrim.net\/wp-content\/uploads\/2017\/09\/esterri1-480x317.jpg 480w\" sizes=\"(max-width: 1024px) 100vw, 1024px\" \/><\/a>\n\t\t\t<\/div><\/figure><figure class='gallery-item'>\n\t\t\t<div class='gallery-icon landscape'>\n\t\t\t\t<a href='https:\/\/www.patrim.net\/ca\/els-equipaments\/historia-i-societat\/ecomuseu-de-les-valls-daneu\/fotoesterri-2\/'><img loading=\"lazy\" decoding=\"async\" width=\"1024\" height=\"873\" src=\"https:\/\/www.patrim.net\/wp-content\/uploads\/2017\/09\/fotoesterri-1024x873.jpg\" class=\"attachment-large size-large\" alt=\"\" srcset=\"https:\/\/www.patrim.net\/wp-content\/uploads\/2017\/09\/fotoesterri-1024x873.jpg 1024w, https:\/\/www.patrim.net\/wp-content\/uploads\/2017\/09\/fotoesterri-scaled-600x511.jpg 600w, https:\/\/www.patrim.net\/wp-content\/uploads\/2017\/09\/fotoesterri-300x256.jpg 300w, https:\/\/www.patrim.net\/wp-content\/uploads\/2017\/09\/fotoesterri-768x655.jpg 768w, https:\/\/www.patrim.net\/wp-content\/uploads\/2017\/09\/fotoesterri-830x708.jpg 830w, https:\/\/www.patrim.net\/wp-content\/uploads\/2017\/09\/fotoesterri-230x196.jpg 230w, https:\/\/www.patrim.net\/wp-content\/uploads\/2017\/09\/fotoesterri-350x298.jpg 350w, https:\/\/www.patrim.net\/wp-content\/uploads\/2017\/09\/fotoesterri-480x409.jpg 480w\" sizes=\"(max-width: 1024px) 100vw, 1024px\" \/><\/a>\n\t\t\t<\/div><\/figure><figure class='gallery-item'>\n\t\t\t<div class='gallery-icon landscape'>\n\t\t\t\t<a href='https:\/\/www.patrim.net\/ca\/els-equipaments\/historia-i-societat\/ecomuseu-de-les-valls-daneu\/dsc_0754-2-2\/'><img loading=\"lazy\" decoding=\"async\" width=\"1024\" height=\"681\" src=\"https:\/\/www.patrim.net\/wp-content\/uploads\/2017\/09\/DSC_0754-1024x681.jpg\" class=\"attachment-large size-large\" alt=\"\" srcset=\"https:\/\/www.patrim.net\/wp-content\/uploads\/2017\/09\/DSC_0754-1024x681.jpg 1024w, https:\/\/www.patrim.net\/wp-content\/uploads\/2017\/09\/DSC_0754-scaled-600x399.jpg 600w, https:\/\/www.patrim.net\/wp-content\/uploads\/2017\/09\/DSC_0754-300x199.jpg 300w, https:\/\/www.patrim.net\/wp-content\/uploads\/2017\/09\/DSC_0754-768x511.jpg 768w, https:\/\/www.patrim.net\/wp-content\/uploads\/2017\/09\/DSC_0754-830x552.jpg 830w, https:\/\/www.patrim.net\/wp-content\/uploads\/2017\/09\/DSC_0754-230x153.jpg 230w, https:\/\/www.patrim.net\/wp-content\/uploads\/2017\/09\/DSC_0754-350x233.jpg 350w, https:\/\/www.patrim.net\/wp-content\/uploads\/2017\/09\/DSC_0754-480x319.jpg 480w\" sizes=\"(max-width: 1024px) 100vw, 1024px\" \/><\/a>\n\t\t\t<\/div><\/figure>\n\t\t<\/div>\n\n<p>L&#8217;<strong>Ecomuseu<\/strong> permet de con\u00e8ixer millor la realitat natural i cultural del territori aneuenc i les transformacions que s&#8217;hi han anat succeint a les darreres d\u00e8cades. Donem al p\u00fablic visitant una completa informaci\u00f3 sobre el passat i el present de la zona i al mateix temps propiciem la reflexi\u00f3 sobre les possibilitats de futur. A difer\u00e8ncia dels museus tradicionals, l&#8217;<strong>Ecomuseu<\/strong> no es reclou en un edifici, sin\u00f3 que s\u2019escampa territori enll\u00e0 per tal d\u2019explicar la vida de les valls que el conformen. Es vertebra, doncs, a partir de centres patrimonials repartits pels pobles d&#8217;\u00c0neu.<\/p>\n","protected":false},"excerpt":{"rendered":"<p>L&#8217;Ecomuseu permet de con\u00e8ixer millor la realitat natural i cultural del territori aneuenc i les transformacions que s&#8217;hi han anat succeint a les darreres d\u00e8cades. Donem al p\u00fablic visitant una completa informaci\u00f3 sobre el passat i el present de la zona i al mateix temps propiciem la reflexi\u00f3 sobre les possibilitats de futur. A difer\u00e8ncia dels museus tradicionals, l&#8217;Ecomuseu no es reclou en un edifici, sin\u00f3 que s\u2019escampa territori enll\u00e0 per tal d\u2019explicar la vida de les valls que el conformen. Es vertebra, doncs, a partir de centres patrimonials repartits pels pobles d&#8217;\u00c0neu.<\/p>\n","protected":false},"author":1,"featured_media":0,"parent":1152,"menu_order":5,"comment_status":"closed","ping_status":"closed","template":"","meta":{"site-sidebar-layout":"default","site-content-layout":"","ast-site-content-layout":"default","site-content-style":"default","site-sidebar-style":"default","ast-global-header-display":"","ast-banner-title-visibility":"","ast-main-header-display":"","ast-hfb-above-header-display":"","ast-hfb-below-header-display":"","ast-hfb-mobile-header-display":"","site-post-title":"","ast-breadcrumbs-content":"","ast-featured-img":"","footer-sml-layout":"","theme-transparent-header-meta":"","adv-header-id-meta":"","stick-header-meta":"","header-above-stick-meta":"","header-main-stick-meta":"","header-below-stick-meta":"","astra-migrate-meta-layouts":"default","ast-page-background-enabled":"default","ast-page-background-meta":{"desktop":{"background-color":"var(--ast-global-color-5)","background-image":"","background-repeat":"repeat","background-position":"center center","background-size":"auto","background-attachment":"scroll","background-type":"","background-media":"","overlay-type":"","overlay-color":"","overlay-opacity":"","overlay-gradient":""},"tablet":{"background-color":"","background-image":"","background-repeat":"repeat","background-position":"center center","background-size":"auto","background-attachment":"scroll","background-type":"","background-media":"","overlay-type":"","overlay-color":"","overlay-opacity":"","overlay-gradient":""},"mobile":{"background-color":"","background-image":"","background-repeat":"repeat","background-position":"center center","background-size":"auto","background-attachment":"scroll","background-type":"","background-media":"","overlay-type":"","overlay-color":"","overlay-opacity":"","overlay-gradient":""}},"ast-content-background-meta":{"desktop":{"background-color":"var(--ast-global-color-4)","background-image":"","background-repeat":"repeat","background-position":"center center","background-size":"auto","background-attachment":"scroll","background-type":"","background-media":"","overlay-type":"","overlay-color":"","overlay-opacity":"","overlay-gradient":""},"tablet":{"background-color":"var(--ast-global-color-4)","background-image":"","background-repeat":"repeat","background-position":"center center","background-size":"auto","background-attachment":"scroll","background-type":"","background-media":"","overlay-type":"","overlay-color":"","overlay-opacity":"","overlay-gradient":""},"mobile":{"background-color":"var(--ast-global-color-4)","background-image":"","background-repeat":"repeat","background-position":"center center","background-size":"auto","background-attachment":"scroll","background-type":"","background-media":"","overlay-type":"","overlay-color":"","overlay-opacity":"","overlay-gradient":""}},"footnotes":""},"class_list":["post-1184","page","type-page","status-publish","hentry"],"_links":{"self":[{"href":"https:\/\/www.patrim.net\/ca\/wp-json\/wp\/v2\/pages\/1184","targetHints":{"allow":["GET"]}}],"collection":[{"href":"https:\/\/www.patrim.net\/ca\/wp-json\/wp\/v2\/pages"}],"about":[{"href":"https:\/\/www.patrim.net\/ca\/wp-json\/wp\/v2\/types\/page"}],"author":[{"embeddable":true,"href":"https:\/\/www.patrim.net\/ca\/wp-json\/wp\/v2\/users\/1"}],"replies":[{"embeddable":true,"href":"https:\/\/www.patrim.net\/ca\/wp-json\/wp\/v2\/comments?post=1184"}],"version-history":[{"count":2,"href":"https:\/\/www.patrim.net\/ca\/wp-json\/wp\/v2\/pages\/1184\/revisions"}],"predecessor-version":[{"id":1383,"href":"https:\/\/www.patrim.net\/ca\/wp-json\/wp\/v2\/pages\/1184\/revisions\/1383"}],"up":[{"embeddable":true,"href":"https:\/\/www.patrim.net\/ca\/wp-json\/wp\/v2\/pages\/1152"}],"wp:attachment":[{"href":"https:\/\/www.patrim.net\/ca\/wp-json\/wp\/v2\/media?parent=1184"}],"curies":[{"name":"wp","href":"https:\/\/api.w.org\/{rel}","templated":true}]}}