{"id":1114,"date":"2015-08-25T16:37:03","date_gmt":"2015-08-25T15:37:03","guid":{"rendered":"http:\/\/www.patrim.net\/chateau-de-seix\/?lang=ca"},"modified":"2017-09-15T18:11:43","modified_gmt":"2017-09-15T17:11:43","slug":"chateau-de-seix","status":"publish","type":"page","link":"https:\/\/www.patrim.net\/ca\/els-equipaments\/historia-i-societat\/chateau-de-seix\/","title":{"rendered":"Castell de Seix &#8211; Centre d\u2019Interpretaci\u00f3 del Patrimoni del Coserans"},"content":{"rendered":"<div id='gallery-1' class='gallery galleryid-1114 gallery-columns-3 gallery-size-large'><figure class='gallery-item'>\n\t\t\t<div class='gallery-icon landscape'>\n\t\t\t\t<a href='https:\/\/www.patrim.net\/ca\/els-equipaments\/historia-i-societat\/chateau-de-seix\/blason-chateau-de-seix-3-2\/'><img fetchpriority=\"high\" decoding=\"async\" width=\"1024\" height=\"768\" src=\"https:\/\/www.patrim.net\/wp-content\/uploads\/2015\/08\/Blason-Ch\u00e2teau-de-Seix-1-1024x768.jpg\" class=\"attachment-large size-large\" alt=\"\" srcset=\"https:\/\/www.patrim.net\/wp-content\/uploads\/2015\/08\/Blason-Ch\u00e2teau-de-Seix-1-1024x768.jpg 1024w, https:\/\/www.patrim.net\/wp-content\/uploads\/2015\/08\/Blason-Ch\u00e2teau-de-Seix-1-scaled-600x450.jpg 600w, https:\/\/www.patrim.net\/wp-content\/uploads\/2015\/08\/Blason-Ch\u00e2teau-de-Seix-1-300x225.jpg 300w, https:\/\/www.patrim.net\/wp-content\/uploads\/2015\/08\/Blason-Ch\u00e2teau-de-Seix-1-768x576.jpg 768w, https:\/\/www.patrim.net\/wp-content\/uploads\/2015\/08\/Blason-Ch\u00e2teau-de-Seix-1-830x623.jpg 830w, https:\/\/www.patrim.net\/wp-content\/uploads\/2015\/08\/Blason-Ch\u00e2teau-de-Seix-1-230x173.jpg 230w, https:\/\/www.patrim.net\/wp-content\/uploads\/2015\/08\/Blason-Ch\u00e2teau-de-Seix-1-350x263.jpg 350w, https:\/\/www.patrim.net\/wp-content\/uploads\/2015\/08\/Blason-Ch\u00e2teau-de-Seix-1-480x360.jpg 480w\" sizes=\"(max-width: 1024px) 100vw, 1024px\" \/><\/a>\n\t\t\t<\/div><\/figure><figure class='gallery-item'>\n\t\t\t<div class='gallery-icon landscape'>\n\t\t\t\t<a href='https:\/\/www.patrim.net\/ca\/els-equipaments\/historia-i-societat\/chateau-de-seix\/olympus-digital-camera-7-2\/'><img decoding=\"async\" width=\"1024\" height=\"768\" src=\"https:\/\/www.patrim.net\/wp-content\/uploads\/2015\/08\/CCCO-salle-ethno-Ch\u00e2teau-de-Seix-Photo-Herv\u00e9-Rieu-1-1024x768.jpg\" class=\"attachment-large size-large\" alt=\"\" srcset=\"https:\/\/www.patrim.net\/wp-content\/uploads\/2015\/08\/CCCO-salle-ethno-Ch\u00e2teau-de-Seix-Photo-Herv\u00e9-Rieu-1-1024x768.jpg 1024w, https:\/\/www.patrim.net\/wp-content\/uploads\/2015\/08\/CCCO-salle-ethno-Ch\u00e2teau-de-Seix-Photo-Herv\u00e9-Rieu-1-scaled-600x450.jpg 600w, https:\/\/www.patrim.net\/wp-content\/uploads\/2015\/08\/CCCO-salle-ethno-Ch\u00e2teau-de-Seix-Photo-Herv\u00e9-Rieu-1-300x225.jpg 300w, https:\/\/www.patrim.net\/wp-content\/uploads\/2015\/08\/CCCO-salle-ethno-Ch\u00e2teau-de-Seix-Photo-Herv\u00e9-Rieu-1-768x576.jpg 768w, https:\/\/www.patrim.net\/wp-content\/uploads\/2015\/08\/CCCO-salle-ethno-Ch\u00e2teau-de-Seix-Photo-Herv\u00e9-Rieu-1-830x623.jpg 830w, https:\/\/www.patrim.net\/wp-content\/uploads\/2015\/08\/CCCO-salle-ethno-Ch\u00e2teau-de-Seix-Photo-Herv\u00e9-Rieu-1-230x173.jpg 230w, https:\/\/www.patrim.net\/wp-content\/uploads\/2015\/08\/CCCO-salle-ethno-Ch\u00e2teau-de-Seix-Photo-Herv\u00e9-Rieu-1-350x263.jpg 350w, https:\/\/www.patrim.net\/wp-content\/uploads\/2015\/08\/CCCO-salle-ethno-Ch\u00e2teau-de-Seix-Photo-Herv\u00e9-Rieu-1-480x360.jpg 480w\" sizes=\"(max-width: 1024px) 100vw, 1024px\" \/><\/a>\n\t\t\t<\/div><\/figure><figure class='gallery-item'>\n\t\t\t<div class='gallery-icon landscape'>\n\t\t\t\t<a href='https:\/\/www.patrim.net\/ca\/els-equipaments\/historia-i-societat\/chateau-de-seix\/entree-jardin-2\/'><img decoding=\"async\" width=\"1024\" height=\"768\" src=\"https:\/\/www.patrim.net\/wp-content\/uploads\/2015\/08\/entr\u00e9e-jardin-1024x768.jpg\" class=\"attachment-large size-large\" alt=\"\" srcset=\"https:\/\/www.patrim.net\/wp-content\/uploads\/2015\/08\/entr\u00e9e-jardin-1024x768.jpg 1024w, https:\/\/www.patrim.net\/wp-content\/uploads\/2015\/08\/entr\u00e9e-jardin-scaled-600x450.jpg 600w, https:\/\/www.patrim.net\/wp-content\/uploads\/2015\/08\/entr\u00e9e-jardin-300x225.jpg 300w, https:\/\/www.patrim.net\/wp-content\/uploads\/2015\/08\/entr\u00e9e-jardin-768x576.jpg 768w, https:\/\/www.patrim.net\/wp-content\/uploads\/2015\/08\/entr\u00e9e-jardin-830x623.jpg 830w, https:\/\/www.patrim.net\/wp-content\/uploads\/2015\/08\/entr\u00e9e-jardin-230x173.jpg 230w, https:\/\/www.patrim.net\/wp-content\/uploads\/2015\/08\/entr\u00e9e-jardin-350x263.jpg 350w, https:\/\/www.patrim.net\/wp-content\/uploads\/2015\/08\/entr\u00e9e-jardin-480x360.jpg 480w\" sizes=\"(max-width: 1024px) 100vw, 1024px\" \/><\/a>\n\t\t\t<\/div><\/figure><figure class='gallery-item'>\n\t\t\t<div class='gallery-icon landscape'>\n\t\t\t\t<a href='https:\/\/www.patrim.net\/ca\/els-equipaments\/historia-i-societat\/chateau-de-seix\/concert-chateau-de-seix-11-09-2010-25-3-2\/'><img loading=\"lazy\" decoding=\"async\" width=\"1024\" height=\"683\" src=\"https:\/\/www.patrim.net\/wp-content\/uploads\/2015\/08\/Concert-Ch\u00e2teau-de-Seix-11-09-2010.-25-1-1024x683.jpg\" class=\"attachment-large size-large\" alt=\"\" srcset=\"https:\/\/www.patrim.net\/wp-content\/uploads\/2015\/08\/Concert-Ch\u00e2teau-de-Seix-11-09-2010.-25-1-1024x683.jpg 1024w, https:\/\/www.patrim.net\/wp-content\/uploads\/2015\/08\/Concert-Ch\u00e2teau-de-Seix-11-09-2010.-25-1-scaled-600x400.jpg 600w, https:\/\/www.patrim.net\/wp-content\/uploads\/2015\/08\/Concert-Ch\u00e2teau-de-Seix-11-09-2010.-25-1-300x200.jpg 300w, https:\/\/www.patrim.net\/wp-content\/uploads\/2015\/08\/Concert-Ch\u00e2teau-de-Seix-11-09-2010.-25-1-768x512.jpg 768w, https:\/\/www.patrim.net\/wp-content\/uploads\/2015\/08\/Concert-Ch\u00e2teau-de-Seix-11-09-2010.-25-1-830x553.jpg 830w, https:\/\/www.patrim.net\/wp-content\/uploads\/2015\/08\/Concert-Ch\u00e2teau-de-Seix-11-09-2010.-25-1-230x153.jpg 230w, https:\/\/www.patrim.net\/wp-content\/uploads\/2015\/08\/Concert-Ch\u00e2teau-de-Seix-11-09-2010.-25-1-350x233.jpg 350w, https:\/\/www.patrim.net\/wp-content\/uploads\/2015\/08\/Concert-Ch\u00e2teau-de-Seix-11-09-2010.-25-1-480x320.jpg 480w\" sizes=\"(max-width: 1024px) 100vw, 1024px\" \/><\/a>\n\t\t\t<\/div><\/figure><figure class='gallery-item'>\n\t\t\t<div class='gallery-icon landscape'>\n\t\t\t\t<a href='https:\/\/www.patrim.net\/ca\/els-equipaments\/historia-i-societat\/chateau-de-seix\/le-chateau-de-seix-centre-dinterpretation-du-patrimoine-des-vallees-du-haut-salat-photo-cccoust-2-2\/'><img loading=\"lazy\" decoding=\"async\" width=\"1024\" height=\"826\" src=\"https:\/\/www.patrim.net\/wp-content\/uploads\/2015\/08\/Le-Ch\u00e2teau-de-Seix-centre-dinterpr\u00e9tation-du-patrimoine-des-vall\u00e9es-du-Haut-Salat.-Photo-CCCOust-1-1024x826.jpg\" class=\"attachment-large size-large\" alt=\"\" srcset=\"https:\/\/www.patrim.net\/wp-content\/uploads\/2015\/08\/Le-Ch\u00e2teau-de-Seix-centre-dinterpr\u00e9tation-du-patrimoine-des-vall\u00e9es-du-Haut-Salat.-Photo-CCCOust-1-1024x826.jpg 1024w, https:\/\/www.patrim.net\/wp-content\/uploads\/2015\/08\/Le-Ch\u00e2teau-de-Seix-centre-dinterpr\u00e9tation-du-patrimoine-des-vall\u00e9es-du-Haut-Salat.-Photo-CCCOust-1-scaled-600x484.jpg 600w, https:\/\/www.patrim.net\/wp-content\/uploads\/2015\/08\/Le-Ch\u00e2teau-de-Seix-centre-dinterpr\u00e9tation-du-patrimoine-des-vall\u00e9es-du-Haut-Salat.-Photo-CCCOust-1-300x242.jpg 300w, https:\/\/www.patrim.net\/wp-content\/uploads\/2015\/08\/Le-Ch\u00e2teau-de-Seix-centre-dinterpr\u00e9tation-du-patrimoine-des-vall\u00e9es-du-Haut-Salat.-Photo-CCCOust-1-768x619.jpg 768w, https:\/\/www.patrim.net\/wp-content\/uploads\/2015\/08\/Le-Ch\u00e2teau-de-Seix-centre-dinterpr\u00e9tation-du-patrimoine-des-vall\u00e9es-du-Haut-Salat.-Photo-CCCOust-1-830x669.jpg 830w, https:\/\/www.patrim.net\/wp-content\/uploads\/2015\/08\/Le-Ch\u00e2teau-de-Seix-centre-dinterpr\u00e9tation-du-patrimoine-des-vall\u00e9es-du-Haut-Salat.-Photo-CCCOust-1-230x186.jpg 230w, https:\/\/www.patrim.net\/wp-content\/uploads\/2015\/08\/Le-Ch\u00e2teau-de-Seix-centre-dinterpr\u00e9tation-du-patrimoine-des-vall\u00e9es-du-Haut-Salat.-Photo-CCCOust-1-350x282.jpg 350w, https:\/\/www.patrim.net\/wp-content\/uploads\/2015\/08\/Le-Ch\u00e2teau-de-Seix-centre-dinterpr\u00e9tation-du-patrimoine-des-vall\u00e9es-du-Haut-Salat.-Photo-CCCOust-1-480x387.jpg 480w\" sizes=\"(max-width: 1024px) 100vw, 1024px\" \/><\/a>\n\t\t\t<\/div><\/figure><figure class='gallery-item'>\n\t\t\t<div class='gallery-icon landscape'>\n\t\t\t\t<a href='https:\/\/www.patrim.net\/ca\/els-equipaments\/historia-i-societat\/chateau-de-seix\/olympus-digital-camera-8-2\/'><img loading=\"lazy\" decoding=\"async\" width=\"1024\" height=\"768\" src=\"https:\/\/www.patrim.net\/wp-content\/uploads\/2015\/08\/maquette-du-Ch\u00e2teau-de-Seix-photo-Herv\u00e9-Rieu-1024x768.jpg\" class=\"attachment-large size-large\" alt=\"\" srcset=\"https:\/\/www.patrim.net\/wp-content\/uploads\/2015\/08\/maquette-du-Ch\u00e2teau-de-Seix-photo-Herv\u00e9-Rieu-1024x768.jpg 1024w, https:\/\/www.patrim.net\/wp-content\/uploads\/2015\/08\/maquette-du-Ch\u00e2teau-de-Seix-photo-Herv\u00e9-Rieu-scaled-600x450.jpg 600w, https:\/\/www.patrim.net\/wp-content\/uploads\/2015\/08\/maquette-du-Ch\u00e2teau-de-Seix-photo-Herv\u00e9-Rieu-300x225.jpg 300w, https:\/\/www.patrim.net\/wp-content\/uploads\/2015\/08\/maquette-du-Ch\u00e2teau-de-Seix-photo-Herv\u00e9-Rieu-768x576.jpg 768w, https:\/\/www.patrim.net\/wp-content\/uploads\/2015\/08\/maquette-du-Ch\u00e2teau-de-Seix-photo-Herv\u00e9-Rieu-830x623.jpg 830w, https:\/\/www.patrim.net\/wp-content\/uploads\/2015\/08\/maquette-du-Ch\u00e2teau-de-Seix-photo-Herv\u00e9-Rieu-230x173.jpg 230w, https:\/\/www.patrim.net\/wp-content\/uploads\/2015\/08\/maquette-du-Ch\u00e2teau-de-Seix-photo-Herv\u00e9-Rieu-350x263.jpg 350w, https:\/\/www.patrim.net\/wp-content\/uploads\/2015\/08\/maquette-du-Ch\u00e2teau-de-Seix-photo-Herv\u00e9-Rieu-480x360.jpg 480w\" sizes=\"(max-width: 1024px) 100vw, 1024px\" \/><\/a>\n\t\t\t<\/div><\/figure>\n\t\t<\/div>\n\n<p><strong>Descobreix el patrimoni dels Pirineus centrals\u00a0!<\/strong><\/p>\n<p>&nbsp;<\/p>\n<p>Entra al Castell de Seix, Monument Hist\u00f2ric del segle XVI, i descobreix el centre d\u2019interpretaci\u00f3 del patrimoni de les valls del Couserans\u00a0:<\/p>\n<p>pilota un helic\u00f2pter virtual per damunt dels Pirineus, sobre la maqueta multim\u00e8dia,<\/p>\n<p>assisteix a la formaci\u00f3 de la muntanya i situat en aquest trencaclosques de pedres.<\/p>\n<p>Identifica els punts forts i les necessitats de la vida en una vall glacial,<\/p>\n<p>submergeix-te en una hist\u00f2ria turbulenta, des de l\u2019\u00e8poca galo-romana fins als nostres dies.<\/p>\n<p>admira las petites esgl\u00e9sies rom\u00e0niques,<br \/>\nsegueix els passos dels <em>montreurs<\/em> d\u2019\u00f3ssos, dels passadors de la segona guerra mundial i dels pastors sense fronteres&#8230;<br \/>\nA trav\u00e9s de les diferents habitacions, comparteix una mica la vida dels homes i dones d\u2019aquestes muntanyes!<\/p>\n","protected":false},"excerpt":{"rendered":"<p>Descobreix el patrimoni dels Pirineus centrals\u00a0! &nbsp; Entra al Castell de Seix, Monument Hist\u00f2ric del segle XVI, i descobreix el centre d\u2019interpretaci\u00f3 del patrimoni de les valls del Couserans\u00a0: pilota un helic\u00f2pter virtual per damunt dels Pirineus, sobre la maqueta multim\u00e8dia, assisteix a la formaci\u00f3 de la muntanya i situat en aquest trencaclosques de pedres. Identifica els punts forts i les necessitats de la vida en una vall glacial, submergeix-te en una hist\u00f2ria turbulenta, des de l\u2019\u00e8poca galo-romana fins als nostres dies. admira las petites esgl\u00e9sies rom\u00e0niques, segueix els passos dels montreurs d\u2019\u00f3ssos, dels passadors de la segona guerra mundial i dels pastors sense fronteres&#8230; A trav\u00e9s de les diferents habitacions, comparteix una mica la vida dels homes i dones d\u2019aquestes muntanyes!<\/p>\n","protected":false},"author":1,"featured_media":0,"parent":1152,"menu_order":0,"comment_status":"closed","ping_status":"closed","template":"","meta":{"site-sidebar-layout":"default","site-content-layout":"","ast-site-content-layout":"default","site-content-style":"default","site-sidebar-style":"default","ast-global-header-display":"","ast-banner-title-visibility":"","ast-main-header-display":"","ast-hfb-above-header-display":"","ast-hfb-below-header-display":"","ast-hfb-mobile-header-display":"","site-post-title":"","ast-breadcrumbs-content":"","ast-featured-img":"","footer-sml-layout":"","theme-transparent-header-meta":"","adv-header-id-meta":"","stick-header-meta":"","header-above-stick-meta":"","header-main-stick-meta":"","header-below-stick-meta":"","astra-migrate-meta-layouts":"default","ast-page-background-enabled":"default","ast-page-background-meta":{"desktop":{"background-color":"var(--ast-global-color-5)","background-image":"","background-repeat":"repeat","background-position":"center center","background-size":"auto","background-attachment":"scroll","background-type":"","background-media":"","overlay-type":"","overlay-color":"","overlay-opacity":"","overlay-gradient":""},"tablet":{"background-color":"","background-image":"","background-repeat":"repeat","background-position":"center center","background-size":"auto","background-attachment":"scroll","background-type":"","background-media":"","overlay-type":"","overlay-color":"","overlay-opacity":"","overlay-gradient":""},"mobile":{"background-color":"","background-image":"","background-repeat":"repeat","background-position":"center center","background-size":"auto","background-attachment":"scroll","background-type":"","background-media":"","overlay-type":"","overlay-color":"","overlay-opacity":"","overlay-gradient":""}},"ast-content-background-meta":{"desktop":{"background-color":"var(--ast-global-color-4)","background-image":"","background-repeat":"repeat","background-position":"center center","background-size":"auto","background-attachment":"scroll","background-type":"","background-media":"","overlay-type":"","overlay-color":"","overlay-opacity":"","overlay-gradient":""},"tablet":{"background-color":"var(--ast-global-color-4)","background-image":"","background-repeat":"repeat","background-position":"center center","background-size":"auto","background-attachment":"scroll","background-type":"","background-media":"","overlay-type":"","overlay-color":"","overlay-opacity":"","overlay-gradient":""},"mobile":{"background-color":"var(--ast-global-color-4)","background-image":"","background-repeat":"repeat","background-position":"center center","background-size":"auto","background-attachment":"scroll","background-type":"","background-media":"","overlay-type":"","overlay-color":"","overlay-opacity":"","overlay-gradient":""}},"footnotes":""},"class_list":["post-1114","page","type-page","status-publish","hentry"],"_links":{"self":[{"href":"https:\/\/www.patrim.net\/ca\/wp-json\/wp\/v2\/pages\/1114","targetHints":{"allow":["GET"]}}],"collection":[{"href":"https:\/\/www.patrim.net\/ca\/wp-json\/wp\/v2\/pages"}],"about":[{"href":"https:\/\/www.patrim.net\/ca\/wp-json\/wp\/v2\/types\/page"}],"author":[{"embeddable":true,"href":"https:\/\/www.patrim.net\/ca\/wp-json\/wp\/v2\/users\/1"}],"replies":[{"embeddable":true,"href":"https:\/\/www.patrim.net\/ca\/wp-json\/wp\/v2\/comments?post=1114"}],"version-history":[{"count":4,"href":"https:\/\/www.patrim.net\/ca\/wp-json\/wp\/v2\/pages\/1114\/revisions"}],"predecessor-version":[{"id":1346,"href":"https:\/\/www.patrim.net\/ca\/wp-json\/wp\/v2\/pages\/1114\/revisions\/1346"}],"up":[{"embeddable":true,"href":"https:\/\/www.patrim.net\/ca\/wp-json\/wp\/v2\/pages\/1152"}],"wp:attachment":[{"href":"https:\/\/www.patrim.net\/ca\/wp-json\/wp\/v2\/media?parent=1114"}],"curies":[{"name":"wp","href":"https:\/\/api.w.org\/{rel}","templated":true}]}}